{"id":24736,"date":"2023-04-04T13:09:33","date_gmt":"2023-04-04T11:09:33","guid":{"rendered":"https:\/\/decanali.ch\/?page_id=24736"},"modified":"2026-03-26T22:41:42","modified_gmt":"2026-03-26T21:41:42","slug":"boutique-de-vin-de-canali-salquenen","status":"publish","type":"page","link":"https:\/\/decanali.ch\/fr\/boutique-de-vin-de-canali-salquenen\/","title":{"rendered":"Boutique de vin de Canali Salquenen"},"content":{"rendered":"\n<style type=\"text\/css\" data-created_by=\"avia_inline_auto\" id=\"style-css-av-lg26fsa4-128d3a7722e1a1bf55e0efccdead00b0\">\n#top .av-special-heading.av-lg26fsa4-128d3a7722e1a1bf55e0efccdead00b0{\npadding-bottom:10px;\n}\nbody .av-special-heading.av-lg26fsa4-128d3a7722e1a1bf55e0efccdead00b0 .av-special-heading-tag .heading-char{\nfont-size:25px;\n}\n.av-special-heading.av-lg26fsa4-128d3a7722e1a1bf55e0efccdead00b0 .av-subheading{\nfont-size:15px;\n}\n<\/style>\n<div  class='av-special-heading av-lg26fsa4-128d3a7722e1a1bf55e0efccdead00b0 av-special-heading-h1  avia-builder-el-0  el_before_av_productgrid  avia-builder-el-first '><h1 class='av-special-heading-tag '  itemprop=\"headline\"  >Boutique de vin<\/h1><div class=\"special-heading-border\"><div class=\"special-heading-inner-border\"><\/div><\/div><\/div>\n<div  class='avia-product-slider-container av-lg25pjxe-dcd9d08edcb6f6801cace7ee68c951b9 template-shop avia-content-slider avia-content-grid-active shop_columns_3  avia-builder-el-1  el_after_av_heading  avia-builder-el-last  avia-content-slider-odd  avia-builder-el-1  el_after_av_heading  avia-builder-el-last  av-slideshow-ui av-slider-hover-pause av-slideshow-manual av-loop-once av-loop-manual-endless avia-product-slider1' data-slideshow-options=\"{&quot;animation&quot;:&quot;fade&quot;,&quot;autoplay&quot;:false,&quot;loop_autoplay&quot;:&quot;once&quot;,&quot;interval&quot;:5,&quot;loop_manual&quot;:&quot;manual-endless&quot;,&quot;autoplay_stopper&quot;:false,&quot;noNavigation&quot;:false,&quot;bg_slider&quot;:false,&quot;keep_padding&quot;:false,&quot;hoverpause&quot;:true,&quot;show_slide_delay&quot;:0}\"><div class='avia-content-slider-inner'><ul class=\"products\"><li class=\"product type-product post-26394 status-publish first instock product_cat-erlebnisse product_cat-geschenk-und-degustationssets product_tag-bio product_tag-biodynamisch product_tag-biologisch product_tag-biologisch-dynamisch-2 product_tag-de-canali product_tag-decanali product_tag-demeter product_tag-natuerlich product_tag-salgesch product_tag-vegan has-post-thumbnail shipping-taxable purchasable product-type-variable\">\n\t<div class='inner_product main_color wrapped_style noLightbox  av-product-class-'><a href=\"https:\/\/decanali.ch\/fr\/produit\/keller-kino-six-inches-of-soil-30-mai-2026\/\" class=\"woocommerce-LoopProduct-link woocommerce-loop-product__link\"><div class=\"thumbnail_container\"><img decoding=\"async\" loading=\"lazy\" width=\"450\" height=\"450\" src=\"https:\/\/decanali.ch\/wp-content\/uploads\/2026\/03\/MV5BYzBiNjRkOTAtNTAxNS00YTcwLWEzMWItYzE5YTIxNGZlMzFmXkEyXkFqcGc@._V1_-1-450x450.jpg\" class=\"wp-image-26400 avia-img-lazy-loading-26400 attachment-shop_catalog size-shop_catalog wp-post-image\" alt=\"\" srcset=\"https:\/\/decanali.ch\/wp-content\/uploads\/2026\/03\/MV5BYzBiNjRkOTAtNTAxNS00YTcwLWEzMWItYzE5YTIxNGZlMzFmXkEyXkFqcGc@._V1_-1-450x450.jpg 450w, https:\/\/decanali.ch\/wp-content\/uploads\/2026\/03\/MV5BYzBiNjRkOTAtNTAxNS00YTcwLWEzMWItYzE5YTIxNGZlMzFmXkEyXkFqcGc@._V1_-1-80x80.jpg 80w, https:\/\/decanali.ch\/wp-content\/uploads\/2026\/03\/MV5BYzBiNjRkOTAtNTAxNS00YTcwLWEzMWItYzE5YTIxNGZlMzFmXkEyXkFqcGc@._V1_-1-36x36.jpg 36w, https:\/\/decanali.ch\/wp-content\/uploads\/2026\/03\/MV5BYzBiNjRkOTAtNTAxNS00YTcwLWEzMWItYzE5YTIxNGZlMzFmXkEyXkFqcGc@._V1_-1-180x180.jpg 180w, https:\/\/decanali.ch\/wp-content\/uploads\/2026\/03\/MV5BYzBiNjRkOTAtNTAxNS00YTcwLWEzMWItYzE5YTIxNGZlMzFmXkEyXkFqcGc@._V1_-1-120x120.jpg 120w, https:\/\/decanali.ch\/wp-content\/uploads\/2026\/03\/MV5BYzBiNjRkOTAtNTAxNS00YTcwLWEzMWItYzE5YTIxNGZlMzFmXkEyXkFqcGc@._V1_-1-100x100.jpg 100w\" sizes=\"auto, (max-width: 450px) 100vw, 450px\" \/><\/div><div class='inner_product_header'><div class='avia-arrow'><\/div><div class='inner_product_header_table'><div class='inner_product_header_cell'><h2 class=\"woocommerce-loop-product__title\">Kino im Keller \u2013 \u201eSix Inches of Soil\u201c (E \/ d) &#8211; 30. Mai 2026<\/h2>\n\t<span class=\"price\"><span class=\"woocommerce-Price-amount amount\" aria-hidden=\"true\"><bdi><span class=\"woocommerce-Price-currencySymbol\">&#67;&#72;&#70;<\/span>&nbsp;0.00<\/bdi><\/span> <span aria-hidden=\"true\">\u00a0\u2013\u00a0<\/span> <span class=\"woocommerce-Price-amount amount\" aria-hidden=\"true\"><bdi><span class=\"woocommerce-Price-currencySymbol\">&#67;&#72;&#70;<\/span>&nbsp;15.00<\/bdi><\/span><span class=\"screen-reader-text\">Plage de prix\u00a0: &#67;&#72;&#70;&nbsp;0.00 \u00e0 &#67;&#72;&#70;&nbsp;15.00<\/span><\/span>\n<\/div><\/div><\/div><\/a><div class='avia_cart_buttons single_button'><a href=\"https:\/\/decanali.ch\/fr\/produit\/keller-kino-six-inches-of-soil-30-mai-2026\/\" aria-describedby=\"woocommerce_loop_add_to_cart_link_describedby_26394\" data-quantity=\"1\" class=\"button product_type_variable add_to_cart_button\" data-product_id=\"26394\" data-product_sku=\"\" aria-label=\"S\u00e9lectionner les options pour &ldquo;Kino im Keller \u2013 \u201eSix Inches of Soil\u201c (E \/ d) - 30. Mai 2026&rdquo;\" rel=\"nofollow\"><span class=\"avia-svg-icon avia-font-svg_entypo-fontello\" data-av_svg_icon='basket' data-av_iconset='svg_entypo-fontello'><svg version=\"1.1\" xmlns=\"http:\/\/www.w3.org\/2000\/svg\" width=\"29\" height=\"32\" viewBox=\"0 0 29 32\" preserveAspectRatio=\"xMidYMid meet\" aria-labelledby='av-svg-title-1' aria-describedby='av-svg-desc-1' role=\"graphics-symbol\" aria-hidden=\"true\">\n<title id='av-svg-title-1'>Ajouter au panier<\/title>\n<desc id='av-svg-desc-1'>Ajouter au panier<\/desc>\n<path d=\"M4.8 27.2q0-1.28 0.96-2.24t2.24-0.96q1.344 0 2.272 0.96t0.928 2.24q0 1.344-0.928 2.272t-2.272 0.928q-1.28 0-2.24-0.928t-0.96-2.272zM20.8 27.2q0-1.28 0.96-2.24t2.24-0.96q1.344 0 2.272 0.96t0.928 2.24q0 1.344-0.928 2.272t-2.272 0.928q-1.28 0-2.24-0.928t-0.96-2.272zM10.496 19.648q-1.152 0.32-1.088 0.736t1.408 0.416h17.984v2.432q0 0.64-0.64 0.64h-20.928q-0.64 0-0.64-0.64v-2.432l-0.32-1.472-3.136-14.528h-3.136v-2.56q0-0.64 0.64-0.64h4.992q0.64 0 0.64 0.64v2.752h22.528v8.768q0 0.704-0.576 0.832z\"><\/path>\n<\/svg><\/span>  Choix des options<\/a>\t<span id=\"woocommerce_loop_add_to_cart_link_describedby_26394\" class=\"screen-reader-text\">\n\t\tCe produit a plusieurs variations. Les options peuvent \u00eatre choisies sur la page du produit\t<\/span>\n<\/div><\/div><\/li>\n<li class=\"product type-product post-26331 status-publish instock product_cat-erlebnisse product_cat-geschenk-und-degustationssets product_tag-bio product_tag-biodynamisch product_tag-biologisch product_tag-biologisch-dynamisch-2 product_tag-de-canali product_tag-decanali product_tag-demeter product_tag-natuerlich product_tag-salgesch product_tag-vegan has-post-thumbnail shipping-taxable purchasable product-type-variable\">\n\t<div class='inner_product main_color wrapped_style noLightbox  av-product-class-'><a href=\"https:\/\/decanali.ch\/fr\/produit\/wine-dine-walliser-fruehlingserwachen-18-april-2026-eich-lu\/\" class=\"woocommerce-LoopProduct-link woocommerce-loop-product__link\"><div class=\"thumbnail_container\"><img decoding=\"async\" loading=\"lazy\" width=\"450\" height=\"450\" src=\"https:\/\/decanali.ch\/wp-content\/uploads\/2026\/01\/IMG-20260110-WA0411-450x450.jpg\" class=\"wp-image-26341 avia-img-lazy-loading-26341 attachment-shop_catalog size-shop_catalog wp-post-image\" alt=\"\" srcset=\"https:\/\/decanali.ch\/wp-content\/uploads\/2026\/01\/IMG-20260110-WA0411-450x450.jpg 450w, https:\/\/decanali.ch\/wp-content\/uploads\/2026\/01\/IMG-20260110-WA0411-80x80.jpg 80w, https:\/\/decanali.ch\/wp-content\/uploads\/2026\/01\/IMG-20260110-WA0411-36x36.jpg 36w, https:\/\/decanali.ch\/wp-content\/uploads\/2026\/01\/IMG-20260110-WA0411-180x180.jpg 180w, https:\/\/decanali.ch\/wp-content\/uploads\/2026\/01\/IMG-20260110-WA0411-120x120.jpg 120w, https:\/\/decanali.ch\/wp-content\/uploads\/2026\/01\/IMG-20260110-WA0411-100x100.jpg 100w\" sizes=\"auto, (max-width: 450px) 100vw, 450px\" \/><\/div><div class='inner_product_header'><div class='avia-arrow'><\/div><div class='inner_product_header_table'><div class='inner_product_header_cell'><h2 class=\"woocommerce-loop-product__title\">Wine &#038; Dine \u00ab\u00a0Walliser Fr\u00fchlingserwachen\u00a0\u00bb &#8211; 18. April 2026 (Eich, LU)<\/h2>\n\t<span class=\"price\"><span class=\"woocommerce-Price-amount amount\" aria-hidden=\"true\"><bdi><span class=\"woocommerce-Price-currencySymbol\">&#67;&#72;&#70;<\/span>&nbsp;14.00<\/bdi><\/span> <span aria-hidden=\"true\">\u00a0\u2013\u00a0<\/span> <span class=\"woocommerce-Price-amount amount\" aria-hidden=\"true\"><bdi><span class=\"woocommerce-Price-currencySymbol\">&#67;&#72;&#70;<\/span>&nbsp;59.00<\/bdi><\/span><span class=\"screen-reader-text\">Plage de prix\u00a0: &#67;&#72;&#70;&nbsp;14.00 \u00e0 &#67;&#72;&#70;&nbsp;59.00<\/span><\/span>\n<\/div><\/div><\/div><\/a><div class='avia_cart_buttons single_button'><a href=\"https:\/\/decanali.ch\/fr\/produit\/wine-dine-walliser-fruehlingserwachen-18-april-2026-eich-lu\/\" aria-describedby=\"woocommerce_loop_add_to_cart_link_describedby_26331\" data-quantity=\"1\" class=\"button product_type_variable add_to_cart_button\" data-product_id=\"26331\" data-product_sku=\"\" aria-label=\"S\u00e9lectionner les options pour &ldquo;Wine &amp; Dine &quot;Walliser Fr\u00fchlingserwachen&quot; - 18. April 2026 (Eich, LU)&rdquo;\" rel=\"nofollow\"><span class=\"avia-svg-icon avia-font-svg_entypo-fontello\" data-av_svg_icon='basket' data-av_iconset='svg_entypo-fontello'><svg version=\"1.1\" xmlns=\"http:\/\/www.w3.org\/2000\/svg\" width=\"29\" height=\"32\" viewBox=\"0 0 29 32\" preserveAspectRatio=\"xMidYMid meet\" aria-labelledby='av-svg-title-2' aria-describedby='av-svg-desc-2' role=\"graphics-symbol\" aria-hidden=\"true\">\n<title id='av-svg-title-2'>Ajouter au panier<\/title>\n<desc id='av-svg-desc-2'>Ajouter au panier<\/desc>\n<path d=\"M4.8 27.2q0-1.28 0.96-2.24t2.24-0.96q1.344 0 2.272 0.96t0.928 2.24q0 1.344-0.928 2.272t-2.272 0.928q-1.28 0-2.24-0.928t-0.96-2.272zM20.8 27.2q0-1.28 0.96-2.24t2.24-0.96q1.344 0 2.272 0.96t0.928 2.24q0 1.344-0.928 2.272t-2.272 0.928q-1.28 0-2.24-0.928t-0.96-2.272zM10.496 19.648q-1.152 0.32-1.088 0.736t1.408 0.416h17.984v2.432q0 0.64-0.64 0.64h-20.928q-0.64 0-0.64-0.64v-2.432l-0.32-1.472-3.136-14.528h-3.136v-2.56q0-0.64 0.64-0.64h4.992q0.64 0 0.64 0.64v2.752h22.528v8.768q0 0.704-0.576 0.832z\"><\/path>\n<\/svg><\/span>  Choix des options<\/a>\t<span id=\"woocommerce_loop_add_to_cart_link_describedby_26331\" class=\"screen-reader-text\">\n\t\tCe produit a plusieurs variations. Les options peuvent \u00eatre choisies sur la page du produit\t<\/span>\n<\/div><\/div><\/li>\n<li class=\"product type-product post-26384 status-publish last instock product_cat-erlebnisse product_cat-geschenk-und-degustationssets product_tag-bio product_tag-biodynamisch product_tag-biologisch product_tag-biologisch-dynamisch-2 product_tag-de-canali product_tag-decanali product_tag-demeter product_tag-erlebnisse product_tag-natuerlich product_tag-salgesch product_tag-vegan product_tag-wine-dine has-post-thumbnail virtual purchasable product-type-simple\">\n\t<div class='inner_product main_color wrapped_style noLightbox  av-product-class-'><a href=\"https:\/\/decanali.ch\/fr\/produit\/workshop-wildgruen-weingenuss-edition-2026-30-mai-2026\/\" class=\"woocommerce-LoopProduct-link woocommerce-loop-product__link\"><div class=\"thumbnail_container\"><img decoding=\"async\" loading=\"lazy\" width=\"450\" height=\"450\" src=\"https:\/\/decanali.ch\/wp-content\/uploads\/2026\/03\/ChatGPT-Image-14.-Maerz-2026-15_17_48-450x450.png\" class=\"wp-image-26379 avia-img-lazy-loading-26379 attachment-shop_catalog size-shop_catalog wp-post-image\" alt=\"\" srcset=\"https:\/\/decanali.ch\/wp-content\/uploads\/2026\/03\/ChatGPT-Image-14.-Maerz-2026-15_17_48-450x450.png 450w, https:\/\/decanali.ch\/wp-content\/uploads\/2026\/03\/ChatGPT-Image-14.-Maerz-2026-15_17_48-80x80.png 80w, https:\/\/decanali.ch\/wp-content\/uploads\/2026\/03\/ChatGPT-Image-14.-Maerz-2026-15_17_48-36x36.png 36w, https:\/\/decanali.ch\/wp-content\/uploads\/2026\/03\/ChatGPT-Image-14.-Maerz-2026-15_17_48-180x180.png 180w, https:\/\/decanali.ch\/wp-content\/uploads\/2026\/03\/ChatGPT-Image-14.-Maerz-2026-15_17_48-120x120.png 120w, https:\/\/decanali.ch\/wp-content\/uploads\/2026\/03\/ChatGPT-Image-14.-Maerz-2026-15_17_48-100x100.png 100w\" sizes=\"auto, (max-width: 450px) 100vw, 450px\" \/><span class=\"cart-loading\"><\/span><\/div><div class='inner_product_header'><div class='avia-arrow'><\/div><div class='inner_product_header_table'><div class='inner_product_header_cell'><h2 class=\"woocommerce-loop-product__title\">Workshop \u201eWildgr\u00fcn &#038; Weingenuss\u201c Edition 2026 \u2013 30. Mai 2026<\/h2>\n\t<span class=\"price\"><span class=\"woocommerce-Price-amount amount\"><bdi><span class=\"woocommerce-Price-currencySymbol\">&#67;&#72;&#70;<\/span>&nbsp;85.00<\/bdi><\/span><\/span>\n<\/div><\/div><\/div><\/a><div class='avia_cart_buttons '><a href=\"\/fr\/wp-json\/wp\/v2\/pages\/24736?add-to-cart=26384\" aria-describedby=\"woocommerce_loop_add_to_cart_link_describedby_26384\" data-quantity=\"1\" class=\"button product_type_simple add_to_cart_button ajax_add_to_cart\" data-product_id=\"26384\" data-product_sku=\"\" aria-label=\"Ajouter au panier\u00a0: &ldquo;Workshop \u201eWildgr\u00fcn &amp; Weingenuss\u201c Edition 2026 \u2013 30. Mai 2026&rdquo;\" rel=\"nofollow\" data-success_message=\"\u00ab\u00a0Workshop \u201eWildgr\u00fcn &amp; Weingenuss\u201c Edition 2026 \u2013 30. Mai 2026\u00a0\u00bb a \u00e9t\u00e9 ajout\u00e9 \u00e0 votre panier\" role=\"button\"><span class=\"avia-svg-icon avia-font-svg_entypo-fontello\" data-av_svg_icon='basket' data-av_iconset='svg_entypo-fontello'><svg version=\"1.1\" xmlns=\"http:\/\/www.w3.org\/2000\/svg\" width=\"29\" height=\"32\" viewBox=\"0 0 29 32\" preserveAspectRatio=\"xMidYMid meet\" aria-labelledby='av-svg-title-3' aria-describedby='av-svg-desc-3' role=\"graphics-symbol\" aria-hidden=\"true\">\n<title id='av-svg-title-3'>Ajouter au panier<\/title>\n<desc id='av-svg-desc-3'>Ajouter au panier<\/desc>\n<path d=\"M4.8 27.2q0-1.28 0.96-2.24t2.24-0.96q1.344 0 2.272 0.96t0.928 2.24q0 1.344-0.928 2.272t-2.272 0.928q-1.28 0-2.24-0.928t-0.96-2.272zM20.8 27.2q0-1.28 0.96-2.24t2.24-0.96q1.344 0 2.272 0.96t0.928 2.24q0 1.344-0.928 2.272t-2.272 0.928q-1.28 0-2.24-0.928t-0.96-2.272zM10.496 19.648q-1.152 0.32-1.088 0.736t1.408 0.416h17.984v2.432q0 0.64-0.64 0.64h-20.928q-0.64 0-0.64-0.64v-2.432l-0.32-1.472-3.136-14.528h-3.136v-2.56q0-0.64 0.64-0.64h4.992q0.64 0 0.64 0.64v2.752h22.528v8.768q0 0.704-0.576 0.832z\"><\/path>\n<\/svg><\/span>  Ajouter au panier<\/a>\t<span id=\"woocommerce_loop_add_to_cart_link_describedby_26384\" class=\"screen-reader-text\">\n\t\t\t<\/span>\n<a class=\"button show_details_button\" href=\"https:\/\/decanali.ch\/fr\/produit\/workshop-wildgruen-weingenuss-edition-2026-30-mai-2026\/\"><span class=\"avia-svg-icon avia-font-svg_entypo-fontello\" data-av_svg_icon='doc-text' data-av_iconset='svg_entypo-fontello'><svg version=\"1.1\" xmlns=\"http:\/\/www.w3.org\/2000\/svg\" width=\"22\" height=\"32\" viewBox=\"0 0 22 32\" preserveAspectRatio=\"xMidYMid meet\" aria-labelledby='av-svg-title-4' aria-describedby='av-svg-desc-4' role=\"graphics-symbol\" aria-hidden=\"true\">\n<title id='av-svg-title-4'>Voir les d\u00e9tails<\/title>\n<desc id='av-svg-desc-4'>Voir les d\u00e9tails<\/desc>\n<path d=\"M6.784 17.344v-2.88h8.96v2.88h-8.96zM19.2 1.6q1.344 0 2.272 0.928t0.928 2.272v22.4q0 1.28-0.928 2.24t-2.272 0.96h-16q-1.28 0-2.24-0.96t-0.96-2.24v-22.4q0-1.344 0.96-2.272t2.24-0.928h16zM19.2 27.2v-22.4h-16v22.4h16zM15.68 8.256v2.816h-8.96v-2.816h8.96zM15.68 20.8v2.816h-8.96v-2.816h8.96z\"><\/path>\n<\/svg><\/span>  Voir les d\u00e9tails<\/a> <span class=\"button-mini-delimiter\"><\/span><\/div><\/div><\/li>\n<\/ul><\/div><\/div><div class=\"clear\"><\/div>\n","protected":false},"excerpt":{"rendered":"","protected":false},"author":4,"featured_media":0,"parent":0,"menu_order":3,"comment_status":"closed","ping_status":"closed","template":"","meta":{"_exactmetrics_skip_tracking":false,"_exactmetrics_sitenote_active":false,"_exactmetrics_sitenote_note":"","_exactmetrics_sitenote_category":0,"footnotes":""},"class_list":["post-24736","page","type-page","status-publish","hentry"],"yoast_head":"<!-- This site is optimized with the Yoast SEO plugin v27.4 - https:\/\/yoast.com\/product\/yoast-seo-wordpress\/ -->\n<title>Boutique de vin de Canali Salquenen - Cave de Canali<\/title>\n<meta name=\"robots\" content=\"index, follow, max-snippet:-1, max-image-preview:large, max-video-preview:-1\" \/>\n<link rel=\"canonical\" href=\"https:\/\/decanali.ch\/fr\/boutique-de-vin-de-canali-salquenen\/\" \/>\n<meta property=\"og:locale\" content=\"fr_FR\" \/>\n<meta property=\"og:type\" content=\"article\" \/>\n<meta property=\"og:title\" content=\"Boutique de vin de Canali Salquenen - Cave de Canali\" \/>\n<meta property=\"og:url\" content=\"https:\/\/decanali.ch\/fr\/boutique-de-vin-de-canali-salquenen\/\" \/>\n<meta property=\"og:site_name\" content=\"Cave de Canali\" \/>\n<meta property=\"article:publisher\" content=\"https:\/\/www.facebook.com\/biodynamischeWeineDemeter\/?locale=de_DE\" \/>\n<meta property=\"article:modified_time\" content=\"2026-03-26T21:41:42+00:00\" \/>\n<meta name=\"twitter:card\" content=\"summary_large_image\" \/>\n<meta name=\"twitter:label1\" content=\"Dur\u00e9e de lecture estim\u00e9e\" \/>\n\t<meta name=\"twitter:data1\" content=\"15 minutes\" \/>\n<script type=\"application\/ld+json\" class=\"yoast-schema-graph\">{\"@context\":\"https:\\\/\\\/schema.org\",\"@graph\":[{\"@type\":\"WebPage\",\"@id\":\"https:\\\/\\\/decanali.ch\\\/fr\\\/boutique-de-vin-de-canali-salquenen\\\/\",\"url\":\"https:\\\/\\\/decanali.ch\\\/fr\\\/boutique-de-vin-de-canali-salquenen\\\/\",\"name\":\"Boutique de vin de Canali Salquenen - Cave de Canali\",\"isPartOf\":{\"@id\":\"https:\\\/\\\/decanali.ch\\\/#website\"},\"datePublished\":\"2023-04-04T11:09:33+00:00\",\"dateModified\":\"2026-03-26T21:41:42+00:00\",\"breadcrumb\":{\"@id\":\"https:\\\/\\\/decanali.ch\\\/fr\\\/boutique-de-vin-de-canali-salquenen\\\/#breadcrumb\"},\"inLanguage\":\"fr-FR\",\"potentialAction\":[{\"@type\":\"ReadAction\",\"target\":[\"https:\\\/\\\/decanali.ch\\\/fr\\\/boutique-de-vin-de-canali-salquenen\\\/\"]}]},{\"@type\":\"BreadcrumbList\",\"@id\":\"https:\\\/\\\/decanali.ch\\\/fr\\\/boutique-de-vin-de-canali-salquenen\\\/#breadcrumb\",\"itemListElement\":[{\"@type\":\"ListItem\",\"position\":1,\"name\":\"Startseite\",\"item\":\"https:\\\/\\\/decanali.ch\\\/fr\\\/\"},{\"@type\":\"ListItem\",\"position\":2,\"name\":\"Boutique de vin de Canali Salquenen\"}]},{\"@type\":\"WebSite\",\"@id\":\"https:\\\/\\\/decanali.ch\\\/#website\",\"url\":\"https:\\\/\\\/decanali.ch\\\/\",\"name\":\"De Canali\",\"description\":\"Weingut \\\/ Weinberg \\\/ Weinshop in Salgesch\",\"publisher\":{\"@id\":\"https:\\\/\\\/decanali.ch\\\/#organization\"},\"potentialAction\":[{\"@type\":\"SearchAction\",\"target\":{\"@type\":\"EntryPoint\",\"urlTemplate\":\"https:\\\/\\\/decanali.ch\\\/?s={search_term_string}\"},\"query-input\":{\"@type\":\"PropertyValueSpecification\",\"valueRequired\":true,\"valueName\":\"search_term_string\"}}],\"inLanguage\":\"fr-FR\"},{\"@type\":\"Organization\",\"@id\":\"https:\\\/\\\/decanali.ch\\\/#organization\",\"name\":\"De Canali GmbH\",\"url\":\"https:\\\/\\\/decanali.ch\\\/\",\"logo\":{\"@type\":\"ImageObject\",\"inLanguage\":\"fr-FR\",\"@id\":\"https:\\\/\\\/decanali.ch\\\/#\\\/schema\\\/logo\\\/image\\\/\",\"url\":\"https:\\\/\\\/decanali.ch\\\/wp-content\\\/uploads\\\/2021\\\/03\\\/decanali-1-e1714062460794.png\",\"contentUrl\":\"https:\\\/\\\/decanali.ch\\\/wp-content\\\/uploads\\\/2021\\\/03\\\/decanali-1-e1714062460794.png\",\"width\":340,\"height\":156,\"caption\":\"De Canali GmbH\"},\"image\":{\"@id\":\"https:\\\/\\\/decanali.ch\\\/#\\\/schema\\\/logo\\\/image\\\/\"},\"sameAs\":[\"https:\\\/\\\/www.facebook.com\\\/biodynamischeWeineDemeter\\\/?locale=de_DE\",\"https:\\\/\\\/www.instagram.com\\\/accounts\\\/login\\\/?next=httpswww.instagram.comde_canali_weingut&is_from_rle\"]}]}<\/script>\n<!-- \/ Yoast SEO plugin. -->","yoast_head_json":{"title":"Boutique de vin de Canali Salquenen - Cave de Canali","robots":{"index":"index","follow":"follow","max-snippet":"max-snippet:-1","max-image-preview":"max-image-preview:large","max-video-preview":"max-video-preview:-1"},"canonical":"https:\/\/decanali.ch\/fr\/boutique-de-vin-de-canali-salquenen\/","og_locale":"fr_FR","og_type":"article","og_title":"Boutique de vin de Canali Salquenen - Cave de Canali","og_url":"https:\/\/decanali.ch\/fr\/boutique-de-vin-de-canali-salquenen\/","og_site_name":"Cave de Canali","article_publisher":"https:\/\/www.facebook.com\/biodynamischeWeineDemeter\/?locale=de_DE","article_modified_time":"2026-03-26T21:41:42+00:00","twitter_card":"summary_large_image","twitter_misc":{"Dur\u00e9e de lecture estim\u00e9e":"15 minutes"},"schema":{"@context":"https:\/\/schema.org","@graph":[{"@type":"WebPage","@id":"https:\/\/decanali.ch\/fr\/boutique-de-vin-de-canali-salquenen\/","url":"https:\/\/decanali.ch\/fr\/boutique-de-vin-de-canali-salquenen\/","name":"Boutique de vin de Canali Salquenen - Cave de Canali","isPartOf":{"@id":"https:\/\/decanali.ch\/#website"},"datePublished":"2023-04-04T11:09:33+00:00","dateModified":"2026-03-26T21:41:42+00:00","breadcrumb":{"@id":"https:\/\/decanali.ch\/fr\/boutique-de-vin-de-canali-salquenen\/#breadcrumb"},"inLanguage":"fr-FR","potentialAction":[{"@type":"ReadAction","target":["https:\/\/decanali.ch\/fr\/boutique-de-vin-de-canali-salquenen\/"]}]},{"@type":"BreadcrumbList","@id":"https:\/\/decanali.ch\/fr\/boutique-de-vin-de-canali-salquenen\/#breadcrumb","itemListElement":[{"@type":"ListItem","position":1,"name":"Startseite","item":"https:\/\/decanali.ch\/fr\/"},{"@type":"ListItem","position":2,"name":"Boutique de vin de Canali Salquenen"}]},{"@type":"WebSite","@id":"https:\/\/decanali.ch\/#website","url":"https:\/\/decanali.ch\/","name":"De Canali","description":"Weingut \/ Weinberg \/ Weinshop in Salgesch","publisher":{"@id":"https:\/\/decanali.ch\/#organization"},"potentialAction":[{"@type":"SearchAction","target":{"@type":"EntryPoint","urlTemplate":"https:\/\/decanali.ch\/?s={search_term_string}"},"query-input":{"@type":"PropertyValueSpecification","valueRequired":true,"valueName":"search_term_string"}}],"inLanguage":"fr-FR"},{"@type":"Organization","@id":"https:\/\/decanali.ch\/#organization","name":"De Canali GmbH","url":"https:\/\/decanali.ch\/","logo":{"@type":"ImageObject","inLanguage":"fr-FR","@id":"https:\/\/decanali.ch\/#\/schema\/logo\/image\/","url":"https:\/\/decanali.ch\/wp-content\/uploads\/2021\/03\/decanali-1-e1714062460794.png","contentUrl":"https:\/\/decanali.ch\/wp-content\/uploads\/2021\/03\/decanali-1-e1714062460794.png","width":340,"height":156,"caption":"De Canali GmbH"},"image":{"@id":"https:\/\/decanali.ch\/#\/schema\/logo\/image\/"},"sameAs":["https:\/\/www.facebook.com\/biodynamischeWeineDemeter\/?locale=de_DE","https:\/\/www.instagram.com\/accounts\/login\/?next=httpswww.instagram.comde_canali_weingut&is_from_rle"]}]}},"_links":{"self":[{"href":"https:\/\/decanali.ch\/fr\/wp-json\/wp\/v2\/pages\/24736","targetHints":{"allow":["GET"]}}],"collection":[{"href":"https:\/\/decanali.ch\/fr\/wp-json\/wp\/v2\/pages"}],"about":[{"href":"https:\/\/decanali.ch\/fr\/wp-json\/wp\/v2\/types\/page"}],"author":[{"embeddable":true,"href":"https:\/\/decanali.ch\/fr\/wp-json\/wp\/v2\/users\/4"}],"replies":[{"embeddable":true,"href":"https:\/\/decanali.ch\/fr\/wp-json\/wp\/v2\/comments?post=24736"}],"version-history":[{"count":12,"href":"https:\/\/decanali.ch\/fr\/wp-json\/wp\/v2\/pages\/24736\/revisions"}],"predecessor-version":[{"id":26454,"href":"https:\/\/decanali.ch\/fr\/wp-json\/wp\/v2\/pages\/24736\/revisions\/26454"}],"wp:attachment":[{"href":"https:\/\/decanali.ch\/fr\/wp-json\/wp\/v2\/media?parent=24736"}],"curies":[{"name":"wp","href":"https:\/\/api.w.org\/{rel}","templated":true}]}}