{"id":24901,"date":"2023-06-07T15:58:35","date_gmt":"2023-06-07T13:58:35","guid":{"rendered":"https:\/\/decanali.ch\/?page_id=24901"},"modified":"2023-06-09T11:21:52","modified_gmt":"2023-06-09T09:21:52","slug":"marc-andre-cina-personnel","status":"publish","type":"page","link":"https:\/\/decanali.ch\/fr\/marc-andre-cina-personnel\/","title":{"rendered":"Marc-Andr\u00e9 Cina, Personnel"},"content":{"rendered":"<div id='av-layout-grid-1'  class='av-layout-grid-container av-25hn0s5-45f603f74d885cc89a4f2f89bbe451c7 entry-content-wrapper main_color av-flex-cells  avia-builder-el-0  el_before_av_layout_row  avia-builder-el-first   container_wrap fullsize'  >\n<div class='flex_cell av-1n8iwet-79fae84e950571f708d5108a8a2d8e46 av-gridrow-cell av_one_full no_margin  avia-builder-el-1  avia-builder-el-no-sibling '  ><div class='flex_cell_inner'>\n<style type=\"text\/css\" data-created_by=\"avia_inline_auto\" id=\"style-css-av-kmgjmzjv-86e6a9f794b51ae3a7589be35d00a1b8\">\n#top .av-special-heading.av-kmgjmzjv-86e6a9f794b51ae3a7589be35d00a1b8{\npadding-bottom:10px;\n}\nbody .av-special-heading.av-kmgjmzjv-86e6a9f794b51ae3a7589be35d00a1b8 .av-special-heading-tag .heading-char{\nfont-size:25px;\n}\n.av-special-heading.av-kmgjmzjv-86e6a9f794b51ae3a7589be35d00a1b8 .av-subheading{\nfont-size:15px;\n}\n<\/style>\n<div  class='av-special-heading av-kmgjmzjv-86e6a9f794b51ae3a7589be35d00a1b8 av-special-heading-h1  avia-builder-el-2  avia-builder-el-no-sibling '><h1 class='av-special-heading-tag '  itemprop=\"headline\"  >Demand\u00e9 \u00e0 : Marc-Andr\u00e9 Cina<\/h1><div class=\"special-heading-border\"><div class=\"special-heading-inner-border\"><\/div><\/div><\/div>\n<\/div><\/div>\n<\/div>\n<div id='av-layout-grid-2'  class='av-layout-grid-container av-25hn0s5-12-8be4c59690b1c8b16ba0a753a4925daa entry-content-wrapper main_color av-flex-cells av-break-at-tablet  avia-builder-el-3  el_after_av_layout_row  el_before_av_hr  grid-row-not-first  container_wrap fullsize'  >\n\n<style type=\"text\/css\" data-created_by=\"avia_inline_auto\" id=\"style-css-av-1n8iwet-11-7991bbcd35c16818b6b78b01524202c1\">\n.flex_cell.av-1n8iwet-11-7991bbcd35c16818b6b78b01524202c1{\nvertical-align:top;\n}\n.responsive #top #wrap_all .flex_cell.av-1n8iwet-11-7991bbcd35c16818b6b78b01524202c1{\npadding:0px 0px 0px 0px !important;\n}\n<\/style>\n<div class='flex_cell av-1n8iwet-11-7991bbcd35c16818b6b78b01524202c1 av-gridrow-cell av_one_half no_margin  avia-builder-el-4  el_before_av_cell_one_half  avia-builder-el-first  content-align-top av-zero-padding'  ><div class='flex_cell_inner'>\n<style type=\"text\/css\" data-created_by=\"avia_inline_auto\" id=\"style-css-av-55oect1-634f0416943597f95bb6a7b87f80197c\">\n.avia-image-container.av-55oect1-634f0416943597f95bb6a7b87f80197c img.avia_image{\nbox-shadow:none;\n}\n.avia-image-container.av-55oect1-634f0416943597f95bb6a7b87f80197c .av-image-caption-overlay-center{\ncolor:#ffffff;\n}\n<\/style>\n<div  class='avia-image-container av-55oect1-634f0416943597f95bb6a7b87f80197c av-styling- avia-align-center  avia-builder-el-5  avia-builder-el-no-sibling '   itemprop=\"image\" itemscope=\"itemscope\" itemtype=\"https:\/\/schema.org\/ImageObject\" ><div class=\"avia-image-container-inner\"><div class=\"avia-image-overlay-wrap\"><img decoding=\"async\" fetchpriority=\"high\" class='wp-image-24846 avia-img-lazy-loading-not-24846 avia_image ' src=\"https:\/\/decanali.ch\/wp-content\/uploads\/2023\/05\/marc-andre-cina-salgesch.jpg\" alt='' title='marc-andre-cina-salgesch'  height=\"1000\" width=\"1500\"  itemprop=\"thumbnailUrl\" srcset=\"https:\/\/decanali.ch\/wp-content\/uploads\/2023\/05\/marc-andre-cina-salgesch.jpg 1500w, https:\/\/decanali.ch\/wp-content\/uploads\/2023\/05\/marc-andre-cina-salgesch-300x200.jpg 300w, https:\/\/decanali.ch\/wp-content\/uploads\/2023\/05\/marc-andre-cina-salgesch-1030x687.jpg 1030w, https:\/\/decanali.ch\/wp-content\/uploads\/2023\/05\/marc-andre-cina-salgesch-768x512.jpg 768w, https:\/\/decanali.ch\/wp-content\/uploads\/2023\/05\/marc-andre-cina-salgesch-705x470.jpg 705w, https:\/\/decanali.ch\/wp-content\/uploads\/2023\/05\/marc-andre-cina-salgesch-450x300.jpg 450w, https:\/\/decanali.ch\/wp-content\/uploads\/2023\/05\/marc-andre-cina-salgesch-555x370.jpg 555w\" sizes=\"(max-width: 1500px) 100vw, 1500px\" \/><\/div><\/div><\/div>\n<\/div><\/div>\n<style type=\"text\/css\" data-created_by=\"avia_inline_auto\" id=\"style-css-av-12cv56d-8f1dd4ed0d51ed2dad605df7890b6b19\">\n.flex_cell.av-12cv56d-8f1dd4ed0d51ed2dad605df7890b6b19{\nvertical-align:middle;\n}\n.responsive #top #wrap_all .flex_cell.av-12cv56d-8f1dd4ed0d51ed2dad605df7890b6b19{\npadding:30px 30px 30px60px 30px !important;\n}\n<\/style>\n<div class='flex_cell av-12cv56d-8f1dd4ed0d51ed2dad605df7890b6b19 av-gridrow-cell av_one_half no_margin  avia-builder-el-6  el_after_av_cell_one_half  avia-builder-el-last  content-align-middle'  ><div class='flex_cell_inner'><p><br \/>\n<section  class='av_textblock_section av-lhfxtkwg-48de14d7ced22c132c3a20154552d2d7 '   itemscope=\"itemscope\" itemtype=\"https:\/\/schema.org\/CreativeWork\" ><div class='avia_textblock'  itemprop=\"text\" ><p>Nom : Marc-Andr\u00e9 Cina<br \/>\nAnn\u00e9e de naissance : 1981<br \/>\nMari\u00e9 \u00e0 Deborah et p\u00e8re d&rsquo;Eliah et Milea.<\/p>\n<p>Marc-Andr\u00e9 Cina poss\u00e8de une vaste exp\u00e9rience dans la viticulture et la production de vins de haute qualit\u00e9. En tant que directeur et propri\u00e9taire de la Cave de Canali \u00e0 Salquenen, il s&rsquo;engage \u00e0 ce que ses vins r\u00e9pondent aux plus hautes exigences de qualit\u00e9. En outre, il a choisi d&rsquo;exploiter ses domaines viticoles de mani\u00e8re durable et respectueuse de l&rsquo;environnement. <strong>Depuis 2023, sa cave est certifi\u00e9e Demeter.<\/strong><\/p>\n<\/div><\/section><br \/>\n<div  class='avia-button-wrap av-liocyps5-201a83676d9f9188900fbad1b5b39098-wrap avia-button-left  avia-builder-el-9  el_after_av_textblock  avia-builder-el-last '>\n<style type=\"text\/css\" data-created_by=\"avia_inline_auto\" id=\"style-css-av-liocyps5-201a83676d9f9188900fbad1b5b39098\">\n#top #wrap_all .avia-button.av-liocyps5-201a83676d9f9188900fbad1b5b39098{\nbackground-color:#311db7;\nborder-color:#311db7;\ntransition:all 0.4s ease-in-out;\n}\n#top #wrap_all .avia-button.av-liocyps5-201a83676d9f9188900fbad1b5b39098:hover{\nbackground-color:#311db7;\ncolor:white;\ntransition:all 0.4s ease-in-out;\n}\n#top #wrap_all .avia-button.av-liocyps5-201a83676d9f9188900fbad1b5b39098:hover .avia-svg-icon svg:first-child{\nfill:white;\nstroke:white;\n}\n<\/style>\n<a href='https:\/\/decanali.ch\/fr\/vins-demeter\/'  class='avia-button av-liocyps5-201a83676d9f9188900fbad1b5b39098 av-link-btn avia-icon_select-no avia-size-medium avia-position-left avia-font-color-theme-color'   aria-label=\"Les vins Demeter\"><span class='avia_iconbox_title' >Les vins Demeter<\/span><\/a><\/div><\/p>\n<\/div><\/div><\/div><div id='after_grid_row_2'  class='main_color av_default_container_wrap container_wrap fullsize'  ><div class='container av-section-cont-open' ><div class='template-page content  av-content-full alpha units'><div class='post-entry post-entry-type-page post-entry-24901'><div class='entry-content-wrapper clearfix'><div  class='hr av-1wfm37r-596d21a50a22b7ef7d9a54b702cd7045 hr-default  avia-builder-el-10  el_after_av_layout_row  el_before_av_layout_row  avia-builder-el-no-sibling  av-small-hide av-mini-hide'><span class='hr-inner '><span class=\"hr-inner-style\"><\/span><\/span><\/div><\/p>\n<\/div><\/div><\/div><!-- close content main div --><\/div><\/div><div id='av-layout-grid-3'  class='av-layout-grid-container av-11txlfr-87cddc771b4c74c4768f501fa8cf9898 entry-content-wrapper main_color av-flex-cells av-break-at-tablet  avia-builder-el-11  el_after_av_hr  el_before_av_layout_row  flexcontainer grid-row-not-first  container_wrap fullsize'  >\n\n<style type=\"text\/css\" data-created_by=\"avia_inline_auto\" id=\"style-css-av-udptev-41ccdbbca3e303b72e71385585cf7071\">\n.flex_cell.av-udptev-41ccdbbca3e303b72e71385585cf7071{\nvertical-align:middle;\n}\n.responsive #top #wrap_all .flex_cell.av-udptev-41ccdbbca3e303b72e71385585cf7071{\npadding:30px 30px 30px 30px !important;\n}\n<\/style>\n<div class='flex_cell av-udptev-41ccdbbca3e303b72e71385585cf7071 av-gridrow-cell av_one_full no_margin  avia-builder-el-12  avia-builder-el-no-sibling  flexfirst content-align-middle'  ><div class='flex_cell_inner'><p>\n<style type=\"text\/css\" data-created_by=\"avia_inline_auto\" id=\"style-css-av-i7817o-67d8aedf610e65630dcb8cdbbba8ab69\">\n#top .av-special-heading.av-i7817o-67d8aedf610e65630dcb8cdbbba8ab69{\npadding-bottom:10px;\n}\nbody .av-special-heading.av-i7817o-67d8aedf610e65630dcb8cdbbba8ab69 .av-special-heading-tag .heading-char{\nfont-size:25px;\n}\n.av-special-heading.av-i7817o-67d8aedf610e65630dcb8cdbbba8ab69 .av-subheading{\nfont-size:15px;\n}\n<\/style>\n<div  class='av-special-heading av-i7817o-67d8aedf610e65630dcb8cdbbba8ab69 av-special-heading-h2  avia-builder-el-13  el_before_av_textblock  avia-builder-el-first '><h2 class='av-special-heading-tag '  itemprop=\"headline\"  >Comment es-tu devenu vigneron ?<\/h2><div class=\"special-heading-border\"><div class=\"special-heading-inner-border\"><\/div><\/div><\/div><br \/>\n<section  class='av_textblock_section av-km385dal-24def84ed80ffa22d2f0b56045f57f15 '   itemscope=\"itemscope\" itemtype=\"https:\/\/schema.org\/CreativeWork\" ><div class='avia_textblock'  itemprop=\"text\" ><p>Ayant grandi dans une famille de viticulteurs, la viticulture a toujours fait partie de ma vie. Lorsque j&rsquo;ai termin\u00e9 ma formation de menuisier et de technicien du bois et que j&rsquo;y ai travaill\u00e9 pendant quelques ann\u00e9es, j&rsquo;ai finalement \u00e9t\u00e9 attir\u00e9 par un retour aux sources. C&rsquo;est ainsi que j&rsquo;ai repris en 2012 la cave fond\u00e9e par mon grand-p\u00e8re et dirig\u00e9e ensuite par mon p\u00e8re.<\/p>\n<\/div><\/section><\/p>\n<\/div><\/div>\n<\/div>\n<div id='av-layout-grid-4'  class='av-layout-grid-container av-25hn0s5-10-345a2d0fcfe82e6c89d48a69a196e04e entry-content-wrapper main_color av-flex-cells av-break-at-tablet  avia-builder-el-15  el_after_av_layout_row  el_before_av_layout_row  flexcontainer grid-row-not-first  container_wrap fullsize'  >\n\n<style type=\"text\/css\" data-created_by=\"avia_inline_auto\" id=\"style-css-av-1n8iwet-9-c0721543f486b62b107b10b348af598a\">\n.flex_cell.av-1n8iwet-9-c0721543f486b62b107b10b348af598a{\nvertical-align:middle;\n}\n.responsive #top #wrap_all .flex_cell.av-1n8iwet-9-c0721543f486b62b107b10b348af598a{\npadding:30px 30px 30px 30px !important;\n}\n<\/style>\n<div class='flex_cell av-1n8iwet-9-c0721543f486b62b107b10b348af598a av-gridrow-cell av_one_full no_margin  avia-builder-el-16  avia-builder-el-no-sibling  flexfirst content-align-middle'  ><div class='flex_cell_inner'><p>\n<style type=\"text\/css\" data-created_by=\"avia_inline_auto\" id=\"style-css-av-r7ek3o-7fd4b06e8df8ff5da4b8e5242e15d7d2\">\n#top .av-special-heading.av-r7ek3o-7fd4b06e8df8ff5da4b8e5242e15d7d2{\npadding-bottom:10px;\n}\nbody .av-special-heading.av-r7ek3o-7fd4b06e8df8ff5da4b8e5242e15d7d2 .av-special-heading-tag .heading-char{\nfont-size:25px;\n}\n.av-special-heading.av-r7ek3o-7fd4b06e8df8ff5da4b8e5242e15d7d2 .av-subheading{\nfont-size:15px;\n}\n<\/style>\n<div  class='av-special-heading av-r7ek3o-7fd4b06e8df8ff5da4b8e5242e15d7d2 av-special-heading-h2  avia-builder-el-17  el_before_av_textblock  avia-builder-el-first '><h2 class='av-special-heading-tag '  itemprop=\"headline\"  >Comment en es-tu venu \u00e0 produire du vin biodynamique et quand ? <\/h2><div class=\"special-heading-border\"><div class=\"special-heading-inner-border\"><\/div><\/div><\/div><br \/>\n<section  class='av_textblock_section av-km385dal-6-2ac65ea1955e8fdaae957b7eed020a12 '   itemscope=\"itemscope\" itemtype=\"https:\/\/schema.org\/CreativeWork\" ><div class='avia_textblock'  itemprop=\"text\" ><p>Peu apr\u00e8s avoir repris l&rsquo;exploitation, j&rsquo;ai failli avoir une perte totale de r\u00e9colte, caus\u00e9e par des produits techniques. Lorsque j&rsquo;ai r\u00e9alis\u00e9 que la nature avait en fait tout ce dont elle avait besoin pour cro\u00eetre et m\u00fbrir, mon parcours vers la biodynamie a commenc\u00e9 il y a huit ans.<\/p>\n<\/div><\/section><\/p>\n<\/div><\/div>\n<\/div>\n<div id='av-layout-grid-5'  class='av-layout-grid-container av-790yqv-1e28e6249a85b6849241eb3f9364a38a entry-content-wrapper main_color av-flex-cells av-break-at-tablet  avia-builder-el-19  el_after_av_layout_row  el_before_av_layout_row  grid-row-not-first  container_wrap fullsize'  >\n\n<style type=\"text\/css\" data-created_by=\"avia_inline_auto\" id=\"style-css-av-pj7o07-55cee83f47f5ff3b5bcc6d952f82dc8b\">\n.flex_cell.av-pj7o07-55cee83f47f5ff3b5bcc6d952f82dc8b{\nvertical-align:middle;\n}\n.responsive #top #wrap_all .flex_cell.av-pj7o07-55cee83f47f5ff3b5bcc6d952f82dc8b{\npadding:30px 30px 30px60px 30px !important;\n}\n<\/style>\n<div class='flex_cell av-pj7o07-55cee83f47f5ff3b5bcc6d952f82dc8b av-gridrow-cell av_one_full no_margin  avia-builder-el-20  avia-builder-el-no-sibling  content-align-middle'  ><div class='flex_cell_inner'><p>\n<style type=\"text\/css\" data-created_by=\"avia_inline_auto\" id=\"style-css-av-lhaoihol-c8d9e72d07d21f580989bb11515f3aa9\">\n#top .av-special-heading.av-lhaoihol-c8d9e72d07d21f580989bb11515f3aa9{\npadding-bottom:10px;\n}\nbody .av-special-heading.av-lhaoihol-c8d9e72d07d21f580989bb11515f3aa9 .av-special-heading-tag .heading-char{\nfont-size:25px;\n}\n.av-special-heading.av-lhaoihol-c8d9e72d07d21f580989bb11515f3aa9 .av-subheading{\nfont-size:15px;\n}\n<\/style>\n<div  class='av-special-heading av-lhaoihol-c8d9e72d07d21f580989bb11515f3aa9 av-special-heading-h2  avia-builder-el-21  el_before_av_textblock  avia-builder-el-first '><h2 class='av-special-heading-tag '  itemprop=\"headline\"  >Quelle est la diff\u00e9rence entre le label Bio et Demeter ? <\/h2><div class=\"special-heading-border\"><div class=\"special-heading-inner-border\"><\/div><\/div><\/div><br \/>\n<section  class='av_textblock_section av-lhaoinpl-b47bf2a0376bdacacb66c4fea22a5eca '   itemscope=\"itemscope\" itemtype=\"https:\/\/schema.org\/CreativeWork\" ><div class='avia_textblock'  itemprop=\"text\" ><p>Demeter ou biodynamique en g\u00e9n\u00e9ral va beaucoup plus en profondeur en ce qui concerne les mod\u00e8les et les directives de culture et de vinification. De plus, la vigne est consid\u00e9r\u00e9e de mani\u00e8re globale, avec pour objectif l&rsquo;harmonie entre l&rsquo;homme, l&rsquo;animal et la nature. En bref, la biodynamie n&rsquo;est pas seulement une m\u00e9thode de culture, mais aussi un mode de vie.<\/p>\n<\/div><\/section><\/p>\n<\/div><\/div>\n<\/div>\n<div id='av-layout-grid-6'  class='av-layout-grid-container av-2mpnvgn-19e74adfa52390620481abd797fa7f05 entry-content-wrapper main_color av-flex-cells av-break-at-tablet  avia-builder-el-23  el_after_av_layout_row  el_before_av_layout_row  grid-row-not-first  container_wrap fullsize'  >\n\n<style type=\"text\/css\" data-created_by=\"avia_inline_auto\" id=\"style-css-av-22tq4iv-338a30626348e911c97dc490b41de92c\">\n.flex_cell.av-22tq4iv-338a30626348e911c97dc490b41de92c{\nvertical-align:middle;\n}\n.responsive #top #wrap_all .flex_cell.av-22tq4iv-338a30626348e911c97dc490b41de92c{\npadding:30px 30px 30px60px 30px !important;\n}\n<\/style>\n<div class='flex_cell av-22tq4iv-338a30626348e911c97dc490b41de92c av-gridrow-cell av_one_full no_margin  avia-builder-el-24  avia-builder-el-no-sibling  content-align-middle'  ><div class='flex_cell_inner'><p>\n<style type=\"text\/css\" data-created_by=\"avia_inline_auto\" id=\"style-css-av-lhfx8me9-587f501d593b00ee86ae86b75ee9eb57\">\n#top .av-special-heading.av-lhfx8me9-587f501d593b00ee86ae86b75ee9eb57{\npadding-bottom:10px;\n}\nbody .av-special-heading.av-lhfx8me9-587f501d593b00ee86ae86b75ee9eb57 .av-special-heading-tag .heading-char{\nfont-size:25px;\n}\n.av-special-heading.av-lhfx8me9-587f501d593b00ee86ae86b75ee9eb57 .av-subheading{\nfont-size:15px;\n}\n<\/style>\n<div  class='av-special-heading av-lhfx8me9-587f501d593b00ee86ae86b75ee9eb57 av-special-heading-h2  avia-builder-el-25  el_before_av_textblock  avia-builder-el-first '><h2 class='av-special-heading-tag '  itemprop=\"headline\"  >Quels conseils donnerais-tu \u00e0 un viticulteur en reconversion ? <\/h2><div class=\"special-heading-border\"><div class=\"special-heading-inner-border\"><\/div><\/div><\/div><br \/>\n<section  class='av_textblock_section av-lhfx9jaf-9bf84f47700e28d017132be20e003193 '   itemscope=\"itemscope\" itemtype=\"https:\/\/schema.org\/CreativeWork\" ><div class='avia_textblock'  itemprop=\"text\" ><p>Du temps et de la pers\u00e9v\u00e9rance ! Au d\u00e9but, il faut s&rsquo;attendre \u00e0 des revers, car la nature doit d&rsquo;abord se r\u00e9g\u00e9n\u00e9rer. C&rsquo;est aussi une sorte de processus d&rsquo;apprentissage pour la vigne, sans les produits chimiques comme \u00ab\u00a0soutien\u00a0\u00bb artificiel. Mais l&rsquo;effort et le travail acharn\u00e9 en valent la peine !<\/p>\n<\/div><\/section><\/p>\n<\/div><\/div>\n<\/div>\n<div id='av-layout-grid-7'  class='av-layout-grid-container av-1a9c3bb-ebf55b227d1b2d9a6cd5147cb53cb5f7 entry-content-wrapper main_color av-flex-cells av-break-at-tablet  avia-builder-el-27  el_after_av_layout_row  avia-builder-el-last  grid-row-not-first  container_wrap fullsize'  >\n\n<style type=\"text\/css\" data-created_by=\"avia_inline_auto\" id=\"style-css-av-wz0fwn-a7788da8d640be7ca227573d43b3e55d\">\n.flex_cell.av-wz0fwn-a7788da8d640be7ca227573d43b3e55d{\nvertical-align:middle;\n}\n.responsive #top #wrap_all .flex_cell.av-wz0fwn-a7788da8d640be7ca227573d43b3e55d{\npadding:30px 30px 30px60px 30px !important;\n}\n<\/style>\n<div class='flex_cell av-wz0fwn-a7788da8d640be7ca227573d43b3e55d av-gridrow-cell av_one_full no_margin  avia-builder-el-28  avia-builder-el-no-sibling  content-align-middle'  ><div class='flex_cell_inner'><p>\n<style type=\"text\/css\" data-created_by=\"avia_inline_auto\" id=\"style-css-av-lhfx9v9y-4e54c825b76583ef0c2326767c3a87dd\">\n#top .av-special-heading.av-lhfx9v9y-4e54c825b76583ef0c2326767c3a87dd{\npadding-bottom:10px;\n}\nbody .av-special-heading.av-lhfx9v9y-4e54c825b76583ef0c2326767c3a87dd .av-special-heading-tag .heading-char{\nfont-size:25px;\n}\n.av-special-heading.av-lhfx9v9y-4e54c825b76583ef0c2326767c3a87dd .av-subheading{\nfont-size:15px;\n}\n<\/style>\n<div  class='av-special-heading av-lhfx9v9y-4e54c825b76583ef0c2326767c3a87dd av-special-heading-h2  avia-builder-el-29  el_before_av_textblock  avia-builder-el-first '><h2 class='av-special-heading-tag '  itemprop=\"headline\"  >En quoi le passage \u00e0 Demeter a-t-il chang\u00e9 ta fa\u00e7on de travailler ?<\/h2><div class=\"special-heading-border\"><div class=\"special-heading-inner-border\"><\/div><\/div><\/div><br \/>\n<section  class='av_textblock_section av-lhfxag1t-ae5aefa6cf57e1cd3d21c0a9fca011c3 '   itemscope=\"itemscope\" itemtype=\"https:\/\/schema.org\/CreativeWork\" ><div class='avia_textblock'  itemprop=\"text\" ><p>Je suis en harmonie avec la nature, tant dans ma vie professionnelle dans les vignes que dans ma vie priv\u00e9e dans mon environnement et mon jardin. Je consid\u00e8re le contact avec la vigne comme un \u00e9l\u00e9ment essentiel. Je d\u00e9cide donc en fonction de la situation o\u00f9 je peux apporter mon soutien pendant l&rsquo;ann\u00e9e de culture ou lors de la vinification sans intervenir dans la nature. Le principe directeur est le suivant :<strong> \u00ab\u00a0Autant que n\u00e9cessaire, aussi peu que possible\u00a0\u00bb !<\/strong><\/p>\n<\/div><\/section><\/p>\n<\/div><\/div>\n<\/div>\n","protected":false},"excerpt":{"rendered":"","protected":false},"author":5,"featured_media":0,"parent":0,"menu_order":14,"comment_status":"closed","ping_status":"closed","template":"","meta":{"_exactmetrics_skip_tracking":false,"_exactmetrics_sitenote_active":false,"_exactmetrics_sitenote_note":"","_exactmetrics_sitenote_category":0,"footnotes":""},"class_list":["post-24901","page","type-page","status-publish","hentry"],"yoast_head":"<!-- This site is optimized with the Yoast SEO plugin v27.4 - https:\/\/yoast.com\/product\/yoast-seo-wordpress\/ -->\n<title>Marc-Andr\u00e9 Cina, Personnel - Cave de Canali<\/title>\n<meta name=\"robots\" content=\"index, follow, max-snippet:-1, max-image-preview:large, max-video-preview:-1\" \/>\n<link rel=\"canonical\" href=\"https:\/\/decanali.ch\/marc-andre-cina-persoenlich\/\" \/>\n<meta property=\"og:locale\" content=\"fr_FR\" \/>\n<meta property=\"og:type\" content=\"article\" \/>\n<meta property=\"og:title\" content=\"Marc-Andr\u00e9 Cina, Personnel - Cave de Canali\" \/>\n<meta property=\"og:url\" content=\"https:\/\/decanali.ch\/marc-andre-cina-persoenlich\/\" \/>\n<meta property=\"og:site_name\" content=\"Cave de Canali\" \/>\n<meta property=\"article:publisher\" content=\"https:\/\/www.facebook.com\/biodynamischeWeineDemeter\/?locale=de_DE\" \/>\n<meta property=\"article:modified_time\" content=\"2023-06-09T09:21:52+00:00\" \/>\n<meta name=\"twitter:card\" content=\"summary_large_image\" \/>\n<meta name=\"twitter:label1\" content=\"Dur\u00e9e de lecture estim\u00e9e\" \/>\n\t<meta name=\"twitter:data1\" content=\"9 minutes\" \/>\n<script type=\"application\/ld+json\" class=\"yoast-schema-graph\">{\"@context\":\"https:\\\/\\\/schema.org\",\"@graph\":[{\"@type\":\"WebPage\",\"@id\":\"https:\\\/\\\/decanali.ch\\\/marc-andre-cina-persoenlich\\\/\",\"url\":\"https:\\\/\\\/decanali.ch\\\/marc-andre-cina-persoenlich\\\/\",\"name\":\"Marc-Andr\u00e9 Cina, Personnel - Cave de Canali\",\"isPartOf\":{\"@id\":\"https:\\\/\\\/decanali.ch\\\/#website\"},\"datePublished\":\"2023-06-07T13:58:35+00:00\",\"dateModified\":\"2023-06-09T09:21:52+00:00\",\"breadcrumb\":{\"@id\":\"https:\\\/\\\/decanali.ch\\\/marc-andre-cina-persoenlich\\\/#breadcrumb\"},\"inLanguage\":\"fr-FR\",\"potentialAction\":[{\"@type\":\"ReadAction\",\"target\":[\"https:\\\/\\\/decanali.ch\\\/marc-andre-cina-persoenlich\\\/\"]}]},{\"@type\":\"BreadcrumbList\",\"@id\":\"https:\\\/\\\/decanali.ch\\\/marc-andre-cina-persoenlich\\\/#breadcrumb\",\"itemListElement\":[{\"@type\":\"ListItem\",\"position\":1,\"name\":\"Startseite\",\"item\":\"https:\\\/\\\/decanali.ch\\\/fr\\\/\"},{\"@type\":\"ListItem\",\"position\":2,\"name\":\"Marc-Andr\u00e9 Cina, Personnel\"}]},{\"@type\":\"WebSite\",\"@id\":\"https:\\\/\\\/decanali.ch\\\/#website\",\"url\":\"https:\\\/\\\/decanali.ch\\\/\",\"name\":\"De Canali\",\"description\":\"Weingut \\\/ Weinberg \\\/ Weinshop in Salgesch\",\"publisher\":{\"@id\":\"https:\\\/\\\/decanali.ch\\\/#organization\"},\"potentialAction\":[{\"@type\":\"SearchAction\",\"target\":{\"@type\":\"EntryPoint\",\"urlTemplate\":\"https:\\\/\\\/decanali.ch\\\/?s={search_term_string}\"},\"query-input\":{\"@type\":\"PropertyValueSpecification\",\"valueRequired\":true,\"valueName\":\"search_term_string\"}}],\"inLanguage\":\"fr-FR\"},{\"@type\":\"Organization\",\"@id\":\"https:\\\/\\\/decanali.ch\\\/#organization\",\"name\":\"De Canali GmbH\",\"url\":\"https:\\\/\\\/decanali.ch\\\/\",\"logo\":{\"@type\":\"ImageObject\",\"inLanguage\":\"fr-FR\",\"@id\":\"https:\\\/\\\/decanali.ch\\\/#\\\/schema\\\/logo\\\/image\\\/\",\"url\":\"https:\\\/\\\/decanali.ch\\\/wp-content\\\/uploads\\\/2021\\\/03\\\/decanali-1-e1714062460794.png\",\"contentUrl\":\"https:\\\/\\\/decanali.ch\\\/wp-content\\\/uploads\\\/2021\\\/03\\\/decanali-1-e1714062460794.png\",\"width\":340,\"height\":156,\"caption\":\"De Canali GmbH\"},\"image\":{\"@id\":\"https:\\\/\\\/decanali.ch\\\/#\\\/schema\\\/logo\\\/image\\\/\"},\"sameAs\":[\"https:\\\/\\\/www.facebook.com\\\/biodynamischeWeineDemeter\\\/?locale=de_DE\",\"https:\\\/\\\/www.instagram.com\\\/accounts\\\/login\\\/?next=httpswww.instagram.comde_canali_weingut&is_from_rle\"]}]}<\/script>\n<!-- \/ Yoast SEO plugin. -->","yoast_head_json":{"title":"Marc-Andr\u00e9 Cina, Personnel - Cave de Canali","robots":{"index":"index","follow":"follow","max-snippet":"max-snippet:-1","max-image-preview":"max-image-preview:large","max-video-preview":"max-video-preview:-1"},"canonical":"https:\/\/decanali.ch\/marc-andre-cina-persoenlich\/","og_locale":"fr_FR","og_type":"article","og_title":"Marc-Andr\u00e9 Cina, Personnel - Cave de Canali","og_url":"https:\/\/decanali.ch\/marc-andre-cina-persoenlich\/","og_site_name":"Cave de Canali","article_publisher":"https:\/\/www.facebook.com\/biodynamischeWeineDemeter\/?locale=de_DE","article_modified_time":"2023-06-09T09:21:52+00:00","twitter_card":"summary_large_image","twitter_misc":{"Dur\u00e9e de lecture estim\u00e9e":"9 minutes"},"schema":{"@context":"https:\/\/schema.org","@graph":[{"@type":"WebPage","@id":"https:\/\/decanali.ch\/marc-andre-cina-persoenlich\/","url":"https:\/\/decanali.ch\/marc-andre-cina-persoenlich\/","name":"Marc-Andr\u00e9 Cina, Personnel - Cave de Canali","isPartOf":{"@id":"https:\/\/decanali.ch\/#website"},"datePublished":"2023-06-07T13:58:35+00:00","dateModified":"2023-06-09T09:21:52+00:00","breadcrumb":{"@id":"https:\/\/decanali.ch\/marc-andre-cina-persoenlich\/#breadcrumb"},"inLanguage":"fr-FR","potentialAction":[{"@type":"ReadAction","target":["https:\/\/decanali.ch\/marc-andre-cina-persoenlich\/"]}]},{"@type":"BreadcrumbList","@id":"https:\/\/decanali.ch\/marc-andre-cina-persoenlich\/#breadcrumb","itemListElement":[{"@type":"ListItem","position":1,"name":"Startseite","item":"https:\/\/decanali.ch\/fr\/"},{"@type":"ListItem","position":2,"name":"Marc-Andr\u00e9 Cina, Personnel"}]},{"@type":"WebSite","@id":"https:\/\/decanali.ch\/#website","url":"https:\/\/decanali.ch\/","name":"De Canali","description":"Weingut \/ Weinberg \/ Weinshop in Salgesch","publisher":{"@id":"https:\/\/decanali.ch\/#organization"},"potentialAction":[{"@type":"SearchAction","target":{"@type":"EntryPoint","urlTemplate":"https:\/\/decanali.ch\/?s={search_term_string}"},"query-input":{"@type":"PropertyValueSpecification","valueRequired":true,"valueName":"search_term_string"}}],"inLanguage":"fr-FR"},{"@type":"Organization","@id":"https:\/\/decanali.ch\/#organization","name":"De Canali GmbH","url":"https:\/\/decanali.ch\/","logo":{"@type":"ImageObject","inLanguage":"fr-FR","@id":"https:\/\/decanali.ch\/#\/schema\/logo\/image\/","url":"https:\/\/decanali.ch\/wp-content\/uploads\/2021\/03\/decanali-1-e1714062460794.png","contentUrl":"https:\/\/decanali.ch\/wp-content\/uploads\/2021\/03\/decanali-1-e1714062460794.png","width":340,"height":156,"caption":"De Canali GmbH"},"image":{"@id":"https:\/\/decanali.ch\/#\/schema\/logo\/image\/"},"sameAs":["https:\/\/www.facebook.com\/biodynamischeWeineDemeter\/?locale=de_DE","https:\/\/www.instagram.com\/accounts\/login\/?next=httpswww.instagram.comde_canali_weingut&is_from_rle"]}]}},"_links":{"self":[{"href":"https:\/\/decanali.ch\/fr\/wp-json\/wp\/v2\/pages\/24901","targetHints":{"allow":["GET"]}}],"collection":[{"href":"https:\/\/decanali.ch\/fr\/wp-json\/wp\/v2\/pages"}],"about":[{"href":"https:\/\/decanali.ch\/fr\/wp-json\/wp\/v2\/types\/page"}],"author":[{"embeddable":true,"href":"https:\/\/decanali.ch\/fr\/wp-json\/wp\/v2\/users\/5"}],"replies":[{"embeddable":true,"href":"https:\/\/decanali.ch\/fr\/wp-json\/wp\/v2\/comments?post=24901"}],"version-history":[{"count":6,"href":"https:\/\/decanali.ch\/fr\/wp-json\/wp\/v2\/pages\/24901\/revisions"}],"predecessor-version":[{"id":24987,"href":"https:\/\/decanali.ch\/fr\/wp-json\/wp\/v2\/pages\/24901\/revisions\/24987"}],"wp:attachment":[{"href":"https:\/\/decanali.ch\/fr\/wp-json\/wp\/v2\/media?parent=24901"}],"curies":[{"name":"wp","href":"https:\/\/api.w.org\/{rel}","templated":true}]}}