{"id":21144,"date":"2016-04-05T13:26:09","date_gmt":"2016-04-05T13:26:09","guid":{"rendered":"http:\/\/dev.cave-cina.ch\/product\/muscat-2\/"},"modified":"2024-06-30T15:49:30","modified_gmt":"2024-06-30T13:49:30","slug":"muscat-75cl","status":"publish","type":"product","link":"https:\/\/decanali.ch\/fr\/produit\/muscat-75cl\/","title":{"rendered":"Muscat  (75cl)"},"content":{"rendered":"<p>Muscat est l&rsquo;un des c\u00e9pages les plus anciens et les plus diversifi\u00e9s du monde, dont l&rsquo;origine remonte \u00e0 la Gr\u00e8ce antique et \u00e0 Rome. Ce c\u00e9page s&rsquo;est r\u00e9pandu dans toute la r\u00e9gion m\u00e9diterran\u00e9enne, devenant particuli\u00e8rement populaire en France, en Italie et en Espagne.<\/p>\n<ol>\n<li><strong>Profil aromatique<\/strong> : Le Muscat est connu pour son profil aromatique intense et caract\u00e9ristique de raisins muscat, avec des notes fruit\u00e9es de muscat, de fleurs d&rsquo;oranger et de roses. Une l\u00e9g\u00e8re note herbac\u00e9e est \u00e9galement pr\u00e9sente.<\/li>\n<li><strong>Go\u00fbt<\/strong> : En bouche, le Muscat est frais et vif, avec une acidit\u00e9 l\u00e9g\u00e8re \u00e0 moyenne et un go\u00fbt aromatique, l\u00e9g\u00e8rement sucr\u00e9. Il pr\u00e9sente \u00e9galement une min\u00e9ralit\u00e9 agr\u00e9able et une subtile amertume.<\/li>\n<li><strong>Finale<\/strong> : La finale est rafra\u00eechissante et aromatique, avec un long arri\u00e8re-go\u00fbt persistant de muscat et d&rsquo;autres ar\u00f4mes fruit\u00e9s.<\/li>\n<\/ol>\n<p>Notre Muscat, vinifi\u00e9 en version douce, est un vin polyvalent qui se marie bien avec une vari\u00e9t\u00e9 de plats, y compris les plats \u00e9pic\u00e9s, la cuisine asiatique, les salades de fruits et les desserts. Il est \u00e9galement excellent en ap\u00e9ritif ou pour des occasions conviviales en plein air.<\/p>\n<p><img loading=\"lazy\" decoding=\"async\" class=\"alignnone wp-image-25590\" src=\"https:\/\/decanali.ch\/wp-content\/uploads\/2021\/07\/Slow-Wine-slow-food-bio-biologisch-dynamisch-demeter-1-300x203.jpg\" alt=\"\" width=\"148\" height=\"100\" srcset=\"https:\/\/decanali.ch\/wp-content\/uploads\/2021\/07\/Slow-Wine-slow-food-bio-biologisch-dynamisch-demeter-1-300x203.jpg 300w, https:\/\/decanali.ch\/wp-content\/uploads\/2021\/07\/Slow-Wine-slow-food-bio-biologisch-dynamisch-demeter-1.jpg 411w\" sizes=\"auto, (max-width: 148px) 100vw, 148px\" \/><\/p>\n","protected":false},"excerpt":{"rendered":"<p>Muscat est l&rsquo;un des c\u00e9pages les plus anciens et les plus diversifi\u00e9s du monde, dont l&rsquo;origine remonte \u00e0 la Gr\u00e8ce antique et \u00e0 Rome. Ce c\u00e9page s&rsquo;est r\u00e9pandu dans toute la r\u00e9gion m\u00e9diterran\u00e9enne, devenant particuli\u00e8rement populaire en France, en Italie et en Espagne. Profil aromatique : Le Muscat est connu pour son profil aromatique intense [&hellip;]<\/p>\n","protected":false},"featured_media":25399,"template":"","meta":{"_exactmetrics_skip_tracking":false,"_exactmetrics_sitenote_active":false,"_exactmetrics_sitenote_note":"","_exactmetrics_sitenote_category":0},"product_brand":[],"product_cat":[23],"product_tag":[102,40,104,103,101,43,44,46,75,47,48],"class_list":{"0":"post-21144","1":"product","2":"type-product","3":"status-publish","4":"has-post-thumbnail","6":"product_cat-vins-blancs","7":"product_tag-bio-weine-fr","8":"product_tag-bio-dynamisch-fr","9":"product_tag-biodynamisch-fr","10":"product_tag-biologisch-fr","11":"product_tag-biologisch-dynamisch","12":"product_tag-de-canali-fr","13":"product_tag-demeter-fr","14":"product_tag-salgesch-fr","15":"product_tag-vins-cina","16":"product_tag-weine-fr","17":"product_tag-weine-salgesch-fr","19":"first","20":"instock","21":"shipping-taxable","22":"purchasable","23":"product-type-simple"},"yoast_head":"<!-- This site is optimized with the Yoast SEO plugin v27.4 - https:\/\/yoast.com\/product\/yoast-seo-wordpress\/ -->\n<title>Muscat (75cl) - Cave de Canali - Vin Blanc Aromatique et Polyvalent<\/title>\n<meta name=\"description\" content=\"D\u00e9couvrez notre Muscat, un vin aromatique avec des notes de muscat, fleurs d&#039;oranger et roses. Parfait avec des plats \u00e9pic\u00e9s, desserts et en ap\u00e9ritif.\" \/>\n<meta name=\"robots\" content=\"index, follow, max-snippet:-1, max-image-preview:large, max-video-preview:-1\" \/>\n<link rel=\"canonical\" href=\"https:\/\/decanali.ch\/produit\/suesser-muscat-wein-aromatische-vielfalt-fuer-jeden-anlass\/\" \/>\n<meta property=\"og:locale\" content=\"fr_FR\" \/>\n<meta property=\"og:type\" content=\"article\" \/>\n<meta property=\"og:title\" content=\"Muscat (75cl) - Cave de Canali - Vin Blanc Aromatique et Polyvalent\" \/>\n<meta property=\"og:description\" content=\"D\u00e9couvrez notre Muscat, un vin aromatique avec des notes de muscat, fleurs d&#039;oranger et roses. Parfait avec des plats \u00e9pic\u00e9s, desserts et en ap\u00e9ritif.\" \/>\n<meta property=\"og:url\" content=\"https:\/\/decanali.ch\/produit\/suesser-muscat-wein-aromatische-vielfalt-fuer-jeden-anlass\/\" \/>\n<meta property=\"og:site_name\" content=\"Cave de Canali\" \/>\n<meta property=\"article:publisher\" content=\"https:\/\/www.facebook.com\/biodynamischeWeineDemeter\/?locale=de_DE\" \/>\n<meta property=\"article:modified_time\" content=\"2024-06-30T13:49:30+00:00\" \/>\n<meta property=\"og:image\" content=\"https:\/\/decanali.ch\/wp-content\/uploads\/2016\/04\/Muscat-de-Canali-Salgesch-demeter-1.jpg\" \/>\n\t<meta property=\"og:image:width\" content=\"800\" \/>\n\t<meta property=\"og:image:height\" content=\"1060\" \/>\n\t<meta property=\"og:image:type\" content=\"image\/jpeg\" \/>\n<meta name=\"twitter:card\" content=\"summary_large_image\" \/>\n<meta name=\"twitter:label1\" content=\"Dur\u00e9e de lecture estim\u00e9e\" \/>\n\t<meta name=\"twitter:data1\" content=\"2 minutes\" \/>\n<script type=\"application\/ld+json\" class=\"yoast-schema-graph\">{\"@context\":\"https:\\\/\\\/schema.org\",\"@graph\":[{\"@type\":\"WebPage\",\"@id\":\"https:\\\/\\\/decanali.ch\\\/produit\\\/suesser-muscat-wein-aromatische-vielfalt-fuer-jeden-anlass\\\/\",\"url\":\"https:\\\/\\\/decanali.ch\\\/produit\\\/suesser-muscat-wein-aromatische-vielfalt-fuer-jeden-anlass\\\/\",\"name\":\"Muscat (75cl) - Cave de Canali - Vin Blanc Aromatique et Polyvalent\",\"isPartOf\":{\"@id\":\"https:\\\/\\\/decanali.ch\\\/#website\"},\"primaryImageOfPage\":{\"@id\":\"https:\\\/\\\/decanali.ch\\\/produit\\\/suesser-muscat-wein-aromatische-vielfalt-fuer-jeden-anlass\\\/#primaryimage\"},\"image\":{\"@id\":\"https:\\\/\\\/decanali.ch\\\/produit\\\/suesser-muscat-wein-aromatische-vielfalt-fuer-jeden-anlass\\\/#primaryimage\"},\"thumbnailUrl\":\"https:\\\/\\\/decanali.ch\\\/wp-content\\\/uploads\\\/2016\\\/04\\\/Muscat-de-Canali-Salgesch-demeter-1.jpg\",\"datePublished\":\"2016-04-05T13:26:09+00:00\",\"dateModified\":\"2024-06-30T13:49:30+00:00\",\"description\":\"D\u00e9couvrez notre Muscat, un vin aromatique avec des notes de muscat, fleurs d'oranger et roses. Parfait avec des plats \u00e9pic\u00e9s, desserts et en ap\u00e9ritif.\",\"breadcrumb\":{\"@id\":\"https:\\\/\\\/decanali.ch\\\/produit\\\/suesser-muscat-wein-aromatische-vielfalt-fuer-jeden-anlass\\\/#breadcrumb\"},\"inLanguage\":\"fr-FR\",\"potentialAction\":[{\"@type\":\"ReadAction\",\"target\":[\"https:\\\/\\\/decanali.ch\\\/produit\\\/suesser-muscat-wein-aromatische-vielfalt-fuer-jeden-anlass\\\/\"]}]},{\"@type\":\"ImageObject\",\"inLanguage\":\"fr-FR\",\"@id\":\"https:\\\/\\\/decanali.ch\\\/produit\\\/suesser-muscat-wein-aromatische-vielfalt-fuer-jeden-anlass\\\/#primaryimage\",\"url\":\"https:\\\/\\\/decanali.ch\\\/wp-content\\\/uploads\\\/2016\\\/04\\\/Muscat-de-Canali-Salgesch-demeter-1.jpg\",\"contentUrl\":\"https:\\\/\\\/decanali.ch\\\/wp-content\\\/uploads\\\/2016\\\/04\\\/Muscat-de-Canali-Salgesch-demeter-1.jpg\",\"width\":800,\"height\":1060},{\"@type\":\"BreadcrumbList\",\"@id\":\"https:\\\/\\\/decanali.ch\\\/produit\\\/suesser-muscat-wein-aromatische-vielfalt-fuer-jeden-anlass\\\/#breadcrumb\",\"itemListElement\":[{\"@type\":\"ListItem\",\"position\":1,\"name\":\"Startseite\",\"item\":\"https:\\\/\\\/decanali.ch\\\/fr\\\/\"},{\"@type\":\"ListItem\",\"position\":2,\"name\":\"Boutique de vin\",\"item\":\"https:\\\/\\\/decanali.ch\\\/fr\\\/?page_id=24602\"},{\"@type\":\"ListItem\",\"position\":3,\"name\":\"Muscat (75cl)\"}]},{\"@type\":\"WebSite\",\"@id\":\"https:\\\/\\\/decanali.ch\\\/#website\",\"url\":\"https:\\\/\\\/decanali.ch\\\/\",\"name\":\"De Canali\",\"description\":\"Weingut \\\/ Weinberg \\\/ Weinshop in Salgesch\",\"publisher\":{\"@id\":\"https:\\\/\\\/decanali.ch\\\/#organization\"},\"potentialAction\":[{\"@type\":\"SearchAction\",\"target\":{\"@type\":\"EntryPoint\",\"urlTemplate\":\"https:\\\/\\\/decanali.ch\\\/?s={search_term_string}\"},\"query-input\":{\"@type\":\"PropertyValueSpecification\",\"valueRequired\":true,\"valueName\":\"search_term_string\"}}],\"inLanguage\":\"fr-FR\"},{\"@type\":\"Organization\",\"@id\":\"https:\\\/\\\/decanali.ch\\\/#organization\",\"name\":\"De Canali GmbH\",\"url\":\"https:\\\/\\\/decanali.ch\\\/\",\"logo\":{\"@type\":\"ImageObject\",\"inLanguage\":\"fr-FR\",\"@id\":\"https:\\\/\\\/decanali.ch\\\/#\\\/schema\\\/logo\\\/image\\\/\",\"url\":\"https:\\\/\\\/decanali.ch\\\/wp-content\\\/uploads\\\/2021\\\/03\\\/decanali-1-e1714062460794.png\",\"contentUrl\":\"https:\\\/\\\/decanali.ch\\\/wp-content\\\/uploads\\\/2021\\\/03\\\/decanali-1-e1714062460794.png\",\"width\":340,\"height\":156,\"caption\":\"De Canali GmbH\"},\"image\":{\"@id\":\"https:\\\/\\\/decanali.ch\\\/#\\\/schema\\\/logo\\\/image\\\/\"},\"sameAs\":[\"https:\\\/\\\/www.facebook.com\\\/biodynamischeWeineDemeter\\\/?locale=de_DE\",\"https:\\\/\\\/www.instagram.com\\\/accounts\\\/login\\\/?next=httpswww.instagram.comde_canali_weingut&is_from_rle\"]}]}<\/script>\n<!-- \/ Yoast SEO plugin. -->","yoast_head_json":{"title":"Muscat (75cl) - Cave de Canali - Vin Blanc Aromatique et Polyvalent","description":"D\u00e9couvrez notre Muscat, un vin aromatique avec des notes de muscat, fleurs d'oranger et roses. Parfait avec des plats \u00e9pic\u00e9s, desserts et en ap\u00e9ritif.","robots":{"index":"index","follow":"follow","max-snippet":"max-snippet:-1","max-image-preview":"max-image-preview:large","max-video-preview":"max-video-preview:-1"},"canonical":"https:\/\/decanali.ch\/produit\/suesser-muscat-wein-aromatische-vielfalt-fuer-jeden-anlass\/","og_locale":"fr_FR","og_type":"article","og_title":"Muscat (75cl) - Cave de Canali - Vin Blanc Aromatique et Polyvalent","og_description":"D\u00e9couvrez notre Muscat, un vin aromatique avec des notes de muscat, fleurs d'oranger et roses. Parfait avec des plats \u00e9pic\u00e9s, desserts et en ap\u00e9ritif.","og_url":"https:\/\/decanali.ch\/produit\/suesser-muscat-wein-aromatische-vielfalt-fuer-jeden-anlass\/","og_site_name":"Cave de Canali","article_publisher":"https:\/\/www.facebook.com\/biodynamischeWeineDemeter\/?locale=de_DE","article_modified_time":"2024-06-30T13:49:30+00:00","og_image":[{"width":800,"height":1060,"url":"https:\/\/decanali.ch\/wp-content\/uploads\/2016\/04\/Muscat-de-Canali-Salgesch-demeter-1.jpg","type":"image\/jpeg"}],"twitter_card":"summary_large_image","twitter_misc":{"Dur\u00e9e de lecture estim\u00e9e":"2 minutes"},"schema":{"@context":"https:\/\/schema.org","@graph":[{"@type":"WebPage","@id":"https:\/\/decanali.ch\/produit\/suesser-muscat-wein-aromatische-vielfalt-fuer-jeden-anlass\/","url":"https:\/\/decanali.ch\/produit\/suesser-muscat-wein-aromatische-vielfalt-fuer-jeden-anlass\/","name":"Muscat (75cl) - Cave de Canali - Vin Blanc Aromatique et Polyvalent","isPartOf":{"@id":"https:\/\/decanali.ch\/#website"},"primaryImageOfPage":{"@id":"https:\/\/decanali.ch\/produit\/suesser-muscat-wein-aromatische-vielfalt-fuer-jeden-anlass\/#primaryimage"},"image":{"@id":"https:\/\/decanali.ch\/produit\/suesser-muscat-wein-aromatische-vielfalt-fuer-jeden-anlass\/#primaryimage"},"thumbnailUrl":"https:\/\/decanali.ch\/wp-content\/uploads\/2016\/04\/Muscat-de-Canali-Salgesch-demeter-1.jpg","datePublished":"2016-04-05T13:26:09+00:00","dateModified":"2024-06-30T13:49:30+00:00","description":"D\u00e9couvrez notre Muscat, un vin aromatique avec des notes de muscat, fleurs d'oranger et roses. Parfait avec des plats \u00e9pic\u00e9s, desserts et en ap\u00e9ritif.","breadcrumb":{"@id":"https:\/\/decanali.ch\/produit\/suesser-muscat-wein-aromatische-vielfalt-fuer-jeden-anlass\/#breadcrumb"},"inLanguage":"fr-FR","potentialAction":[{"@type":"ReadAction","target":["https:\/\/decanali.ch\/produit\/suesser-muscat-wein-aromatische-vielfalt-fuer-jeden-anlass\/"]}]},{"@type":"ImageObject","inLanguage":"fr-FR","@id":"https:\/\/decanali.ch\/produit\/suesser-muscat-wein-aromatische-vielfalt-fuer-jeden-anlass\/#primaryimage","url":"https:\/\/decanali.ch\/wp-content\/uploads\/2016\/04\/Muscat-de-Canali-Salgesch-demeter-1.jpg","contentUrl":"https:\/\/decanali.ch\/wp-content\/uploads\/2016\/04\/Muscat-de-Canali-Salgesch-demeter-1.jpg","width":800,"height":1060},{"@type":"BreadcrumbList","@id":"https:\/\/decanali.ch\/produit\/suesser-muscat-wein-aromatische-vielfalt-fuer-jeden-anlass\/#breadcrumb","itemListElement":[{"@type":"ListItem","position":1,"name":"Startseite","item":"https:\/\/decanali.ch\/fr\/"},{"@type":"ListItem","position":2,"name":"Boutique de vin","item":"https:\/\/decanali.ch\/fr\/?page_id=24602"},{"@type":"ListItem","position":3,"name":"Muscat (75cl)"}]},{"@type":"WebSite","@id":"https:\/\/decanali.ch\/#website","url":"https:\/\/decanali.ch\/","name":"De Canali","description":"Weingut \/ Weinberg \/ Weinshop in Salgesch","publisher":{"@id":"https:\/\/decanali.ch\/#organization"},"potentialAction":[{"@type":"SearchAction","target":{"@type":"EntryPoint","urlTemplate":"https:\/\/decanali.ch\/?s={search_term_string}"},"query-input":{"@type":"PropertyValueSpecification","valueRequired":true,"valueName":"search_term_string"}}],"inLanguage":"fr-FR"},{"@type":"Organization","@id":"https:\/\/decanali.ch\/#organization","name":"De Canali GmbH","url":"https:\/\/decanali.ch\/","logo":{"@type":"ImageObject","inLanguage":"fr-FR","@id":"https:\/\/decanali.ch\/#\/schema\/logo\/image\/","url":"https:\/\/decanali.ch\/wp-content\/uploads\/2021\/03\/decanali-1-e1714062460794.png","contentUrl":"https:\/\/decanali.ch\/wp-content\/uploads\/2021\/03\/decanali-1-e1714062460794.png","width":340,"height":156,"caption":"De Canali GmbH"},"image":{"@id":"https:\/\/decanali.ch\/#\/schema\/logo\/image\/"},"sameAs":["https:\/\/www.facebook.com\/biodynamischeWeineDemeter\/?locale=de_DE","https:\/\/www.instagram.com\/accounts\/login\/?next=httpswww.instagram.comde_canali_weingut&is_from_rle"]}]}},"_links":{"self":[{"href":"https:\/\/decanali.ch\/fr\/wp-json\/wp\/v2\/product\/21144","targetHints":{"allow":["GET"]}}],"collection":[{"href":"https:\/\/decanali.ch\/fr\/wp-json\/wp\/v2\/product"}],"about":[{"href":"https:\/\/decanali.ch\/fr\/wp-json\/wp\/v2\/types\/product"}],"wp:featuredmedia":[{"embeddable":true,"href":"https:\/\/decanali.ch\/fr\/wp-json\/wp\/v2\/media\/25399"}],"wp:attachment":[{"href":"https:\/\/decanali.ch\/fr\/wp-json\/wp\/v2\/media?parent=21144"}],"wp:term":[{"taxonomy":"product_brand","embeddable":true,"href":"https:\/\/decanali.ch\/fr\/wp-json\/wp\/v2\/product_brand?post=21144"},{"taxonomy":"product_cat","embeddable":true,"href":"https:\/\/decanali.ch\/fr\/wp-json\/wp\/v2\/product_cat?post=21144"},{"taxonomy":"product_tag","embeddable":true,"href":"https:\/\/decanali.ch\/fr\/wp-json\/wp\/v2\/product_tag?post=21144"}],"curies":[{"name":"wp","href":"https:\/\/api.w.org\/{rel}","templated":true}]}}