{"id":21147,"date":"2016-04-05T13:20:56","date_gmt":"2016-04-05T13:20:56","guid":{"rendered":"http:\/\/dev.cave-cina.ch\/product\/dole-blanche-2\/"},"modified":"2024-06-30T16:27:14","modified_gmt":"2024-06-30T14:27:14","slug":"dole-blanche-75cl-demeter","status":"publish","type":"product","link":"https:\/\/decanali.ch\/fr\/produit\/dole-blanche-75cl-demeter\/","title":{"rendered":"D\u00f4le Blanche  (75cl) demeter"},"content":{"rendered":"<p>Notre D\u00f4le Blanche est un \u00e9l\u00e9gant vin ros\u00e9 doux. Il est \u00e9labor\u00e9 \u00e0 partir des c\u00e9pages rouges Pinot Noir et Gamay, mais sans contact avec les peaux, ce qui lui conf\u00e8re sa couleur claire.<\/p>\n<ol>\n<li><strong>Profil aromatique<\/strong> : Le vin s\u00e9duit par des ar\u00f4mes tentants de fraises, de framboises et une touche de p\u00eache, accompagn\u00e9s de notes florales.<\/li>\n<li><strong>Go\u00fbt<\/strong> : En bouche, le D\u00f4le Blanche est doux et fruit\u00e9, avec une acidit\u00e9 rafra\u00eechissante qui \u00e9quilibre la douceur et apporte une fra\u00eecheur agr\u00e9able.<\/li>\n<li><strong>Finale<\/strong> : La finale est longue et harmonieuse, avec une saveur fruit\u00e9e douce persistante qui rend le vin particuli\u00e8rement accessible et agr\u00e9able \u00e0 d\u00e9guster.<\/li>\n<\/ol>\n<p>Notre D\u00f4le Blanche est biodynamique (certifi\u00e9 demeter) et se marie parfaitement avec des entr\u00e9es l\u00e9g\u00e8res, du poisson, de la volaille, des salades et des desserts. Il est \u00e9galement un compagnon appr\u00e9ci\u00e9 lors des ap\u00e9ritifs estivaux.<\/p>\n<p><img loading=\"lazy\" decoding=\"async\" class=\"alignnone wp-image-25249\" src=\"https:\/\/decanali.ch\/wp-content\/uploads\/2016\/04\/Demeter-Biodynamisch-Rudolf-Steiner-de-Canali-Salgesch.png\" alt=\"\" width=\"215\" height=\"100\" \/>\u00a0 \u00a0 <img loading=\"lazy\" decoding=\"async\" class=\"alignnone wp-image-25590\" src=\"https:\/\/decanali.ch\/wp-content\/uploads\/2021\/07\/Slow-Wine-slow-food-bio-biologisch-dynamisch-demeter-1-300x203.jpg\" alt=\"\" width=\"148\" height=\"100\" srcset=\"https:\/\/decanali.ch\/wp-content\/uploads\/2021\/07\/Slow-Wine-slow-food-bio-biologisch-dynamisch-demeter-1-300x203.jpg 300w, https:\/\/decanali.ch\/wp-content\/uploads\/2021\/07\/Slow-Wine-slow-food-bio-biologisch-dynamisch-demeter-1.jpg 411w\" sizes=\"auto, (max-width: 148px) 100vw, 148px\" \/><\/p>\n","protected":false},"excerpt":{"rendered":"<p>Notre D\u00f4le Blanche est un \u00e9l\u00e9gant vin ros\u00e9 doux. Il est \u00e9labor\u00e9 \u00e0 partir des c\u00e9pages rouges Pinot Noir et Gamay, mais sans contact avec les peaux, ce qui lui conf\u00e8re sa couleur claire. Profil aromatique : Le vin s\u00e9duit par des ar\u00f4mes tentants de fraises, de framboises et une touche de p\u00eache, accompagn\u00e9s de [&hellip;]<\/p>\n","protected":false},"featured_media":25416,"template":"","meta":{"_exactmetrics_skip_tracking":false,"_exactmetrics_sitenote_active":false,"_exactmetrics_sitenote_note":"","_exactmetrics_sitenote_category":0},"product_brand":[],"product_cat":[21,109],"product_tag":[102,104,103,101,43,44,46,75,47,48],"class_list":{"0":"post-21147","1":"product","2":"type-product","3":"status-publish","4":"has-post-thumbnail","6":"product_cat-rose-fr","7":"product_cat-vins-demeter-fr","8":"product_tag-bio-weine-fr","9":"product_tag-biodynamisch-fr","10":"product_tag-biologisch-fr","11":"product_tag-biologisch-dynamisch","12":"product_tag-de-canali-fr","13":"product_tag-demeter-fr","14":"product_tag-salgesch-fr","15":"product_tag-vins-cina","16":"product_tag-weine-fr","17":"product_tag-weine-salgesch-fr","19":"first","20":"instock","21":"shipping-taxable","22":"purchasable","23":"product-type-simple"},"yoast_head":"<!-- This site is optimized with the Yoast SEO plugin v27.4 - https:\/\/yoast.com\/product\/yoast-seo-wordpress\/ -->\n<title>D\u00f4le Blanche (75cl) demeter - Cave de Canali - Vin Ros\u00e9 Doux et \u00c9l\u00e9gant<\/title>\n<meta name=\"description\" content=\"D\u00e9couvrez notre D\u00f4le Blanche biodynamique (demeter), un vin ros\u00e9 doux et \u00e9l\u00e9gant \u00e9labor\u00e9 \u00e0 partir de Pinot Noir et Gamay. Ar\u00f4mes de fraises, framboises et p\u00eache, doux et fruit\u00e9 en bouche avec une acidit\u00e9 rafra\u00eechissante. Parfait avec entr\u00e9es l\u00e9g\u00e8res, poisson, volaille, salades et desserts.\" \/>\n<meta name=\"robots\" content=\"index, follow, max-snippet:-1, max-image-preview:large, max-video-preview:-1\" \/>\n<link rel=\"canonical\" href=\"https:\/\/decanali.ch\/produit\/dole-blanche-75cl-demeter\/\" \/>\n<meta property=\"og:locale\" content=\"fr_FR\" \/>\n<meta property=\"og:type\" content=\"article\" \/>\n<meta property=\"og:title\" content=\"D\u00f4le Blanche (75cl) demeter - Cave de Canali - Vin Ros\u00e9 Doux et \u00c9l\u00e9gant\" \/>\n<meta property=\"og:description\" content=\"D\u00e9couvrez notre D\u00f4le Blanche biodynamique (demeter), un vin ros\u00e9 doux et \u00e9l\u00e9gant \u00e9labor\u00e9 \u00e0 partir de Pinot Noir et Gamay. Ar\u00f4mes de fraises, framboises et p\u00eache, doux et fruit\u00e9 en bouche avec une acidit\u00e9 rafra\u00eechissante. Parfait avec entr\u00e9es l\u00e9g\u00e8res, poisson, volaille, salades et desserts.\" \/>\n<meta property=\"og:url\" content=\"https:\/\/decanali.ch\/produit\/dole-blanche-75cl-demeter\/\" \/>\n<meta property=\"og:site_name\" content=\"Cave de Canali\" \/>\n<meta property=\"article:publisher\" content=\"https:\/\/www.facebook.com\/biodynamischeWeineDemeter\/?locale=de_DE\" \/>\n<meta property=\"article:modified_time\" content=\"2024-06-30T14:27:14+00:00\" \/>\n<meta property=\"og:image\" content=\"https:\/\/decanali.ch\/wp-content\/uploads\/2016\/04\/Dole-Blanche-de-Canali-Salgesch-demeter.jpg\" \/>\n\t<meta property=\"og:image:width\" content=\"800\" \/>\n\t<meta property=\"og:image:height\" content=\"1060\" \/>\n\t<meta property=\"og:image:type\" content=\"image\/jpeg\" \/>\n<meta name=\"twitter:card\" content=\"summary_large_image\" \/>\n<meta name=\"twitter:label1\" content=\"Dur\u00e9e de lecture estim\u00e9e\" \/>\n\t<meta name=\"twitter:data1\" content=\"2 minutes\" \/>\n<script type=\"application\/ld+json\" class=\"yoast-schema-graph\">{\"@context\":\"https:\\\/\\\/schema.org\",\"@graph\":[{\"@type\":\"WebPage\",\"@id\":\"https:\\\/\\\/decanali.ch\\\/produit\\\/dole-blanche-75cl-demeter\\\/\",\"url\":\"https:\\\/\\\/decanali.ch\\\/produit\\\/dole-blanche-75cl-demeter\\\/\",\"name\":\"D\u00f4le Blanche (75cl) demeter - Cave de Canali - Vin Ros\u00e9 Doux et \u00c9l\u00e9gant\",\"isPartOf\":{\"@id\":\"https:\\\/\\\/decanali.ch\\\/#website\"},\"primaryImageOfPage\":{\"@id\":\"https:\\\/\\\/decanali.ch\\\/produit\\\/dole-blanche-75cl-demeter\\\/#primaryimage\"},\"image\":{\"@id\":\"https:\\\/\\\/decanali.ch\\\/produit\\\/dole-blanche-75cl-demeter\\\/#primaryimage\"},\"thumbnailUrl\":\"https:\\\/\\\/decanali.ch\\\/wp-content\\\/uploads\\\/2016\\\/04\\\/Dole-Blanche-de-Canali-Salgesch-demeter.jpg\",\"datePublished\":\"2016-04-05T13:20:56+00:00\",\"dateModified\":\"2024-06-30T14:27:14+00:00\",\"description\":\"D\u00e9couvrez notre D\u00f4le Blanche biodynamique (demeter), un vin ros\u00e9 doux et \u00e9l\u00e9gant \u00e9labor\u00e9 \u00e0 partir de Pinot Noir et Gamay. Ar\u00f4mes de fraises, framboises et p\u00eache, doux et fruit\u00e9 en bouche avec une acidit\u00e9 rafra\u00eechissante. Parfait avec entr\u00e9es l\u00e9g\u00e8res, poisson, volaille, salades et desserts.\",\"breadcrumb\":{\"@id\":\"https:\\\/\\\/decanali.ch\\\/produit\\\/dole-blanche-75cl-demeter\\\/#breadcrumb\"},\"inLanguage\":\"fr-FR\",\"potentialAction\":[{\"@type\":\"ReadAction\",\"target\":[\"https:\\\/\\\/decanali.ch\\\/produit\\\/dole-blanche-75cl-demeter\\\/\"]}]},{\"@type\":\"ImageObject\",\"inLanguage\":\"fr-FR\",\"@id\":\"https:\\\/\\\/decanali.ch\\\/produit\\\/dole-blanche-75cl-demeter\\\/#primaryimage\",\"url\":\"https:\\\/\\\/decanali.ch\\\/wp-content\\\/uploads\\\/2016\\\/04\\\/Dole-Blanche-de-Canali-Salgesch-demeter.jpg\",\"contentUrl\":\"https:\\\/\\\/decanali.ch\\\/wp-content\\\/uploads\\\/2016\\\/04\\\/Dole-Blanche-de-Canali-Salgesch-demeter.jpg\",\"width\":800,\"height\":1060},{\"@type\":\"BreadcrumbList\",\"@id\":\"https:\\\/\\\/decanali.ch\\\/produit\\\/dole-blanche-75cl-demeter\\\/#breadcrumb\",\"itemListElement\":[{\"@type\":\"ListItem\",\"position\":1,\"name\":\"Startseite\",\"item\":\"https:\\\/\\\/decanali.ch\\\/fr\\\/\"},{\"@type\":\"ListItem\",\"position\":2,\"name\":\"Boutique de vin\",\"item\":\"https:\\\/\\\/decanali.ch\\\/fr\\\/?page_id=24602\"},{\"@type\":\"ListItem\",\"position\":3,\"name\":\"D\u00f4le Blanche (75cl) demeter\"}]},{\"@type\":\"WebSite\",\"@id\":\"https:\\\/\\\/decanali.ch\\\/#website\",\"url\":\"https:\\\/\\\/decanali.ch\\\/\",\"name\":\"De Canali\",\"description\":\"Weingut \\\/ Weinberg \\\/ Weinshop in Salgesch\",\"publisher\":{\"@id\":\"https:\\\/\\\/decanali.ch\\\/#organization\"},\"potentialAction\":[{\"@type\":\"SearchAction\",\"target\":{\"@type\":\"EntryPoint\",\"urlTemplate\":\"https:\\\/\\\/decanali.ch\\\/?s={search_term_string}\"},\"query-input\":{\"@type\":\"PropertyValueSpecification\",\"valueRequired\":true,\"valueName\":\"search_term_string\"}}],\"inLanguage\":\"fr-FR\"},{\"@type\":\"Organization\",\"@id\":\"https:\\\/\\\/decanali.ch\\\/#organization\",\"name\":\"De Canali GmbH\",\"url\":\"https:\\\/\\\/decanali.ch\\\/\",\"logo\":{\"@type\":\"ImageObject\",\"inLanguage\":\"fr-FR\",\"@id\":\"https:\\\/\\\/decanali.ch\\\/#\\\/schema\\\/logo\\\/image\\\/\",\"url\":\"https:\\\/\\\/decanali.ch\\\/wp-content\\\/uploads\\\/2021\\\/03\\\/decanali-1-e1714062460794.png\",\"contentUrl\":\"https:\\\/\\\/decanali.ch\\\/wp-content\\\/uploads\\\/2021\\\/03\\\/decanali-1-e1714062460794.png\",\"width\":340,\"height\":156,\"caption\":\"De Canali GmbH\"},\"image\":{\"@id\":\"https:\\\/\\\/decanali.ch\\\/#\\\/schema\\\/logo\\\/image\\\/\"},\"sameAs\":[\"https:\\\/\\\/www.facebook.com\\\/biodynamischeWeineDemeter\\\/?locale=de_DE\",\"https:\\\/\\\/www.instagram.com\\\/accounts\\\/login\\\/?next=httpswww.instagram.comde_canali_weingut&is_from_rle\"]}]}<\/script>\n<!-- \/ Yoast SEO plugin. -->","yoast_head_json":{"title":"D\u00f4le Blanche (75cl) demeter - Cave de Canali - Vin Ros\u00e9 Doux et \u00c9l\u00e9gant","description":"D\u00e9couvrez notre D\u00f4le Blanche biodynamique (demeter), un vin ros\u00e9 doux et \u00e9l\u00e9gant \u00e9labor\u00e9 \u00e0 partir de Pinot Noir et Gamay. Ar\u00f4mes de fraises, framboises et p\u00eache, doux et fruit\u00e9 en bouche avec une acidit\u00e9 rafra\u00eechissante. Parfait avec entr\u00e9es l\u00e9g\u00e8res, poisson, volaille, salades et desserts.","robots":{"index":"index","follow":"follow","max-snippet":"max-snippet:-1","max-image-preview":"max-image-preview:large","max-video-preview":"max-video-preview:-1"},"canonical":"https:\/\/decanali.ch\/produit\/dole-blanche-75cl-demeter\/","og_locale":"fr_FR","og_type":"article","og_title":"D\u00f4le Blanche (75cl) demeter - Cave de Canali - Vin Ros\u00e9 Doux et \u00c9l\u00e9gant","og_description":"D\u00e9couvrez notre D\u00f4le Blanche biodynamique (demeter), un vin ros\u00e9 doux et \u00e9l\u00e9gant \u00e9labor\u00e9 \u00e0 partir de Pinot Noir et Gamay. Ar\u00f4mes de fraises, framboises et p\u00eache, doux et fruit\u00e9 en bouche avec une acidit\u00e9 rafra\u00eechissante. Parfait avec entr\u00e9es l\u00e9g\u00e8res, poisson, volaille, salades et desserts.","og_url":"https:\/\/decanali.ch\/produit\/dole-blanche-75cl-demeter\/","og_site_name":"Cave de Canali","article_publisher":"https:\/\/www.facebook.com\/biodynamischeWeineDemeter\/?locale=de_DE","article_modified_time":"2024-06-30T14:27:14+00:00","og_image":[{"width":800,"height":1060,"url":"https:\/\/decanali.ch\/wp-content\/uploads\/2016\/04\/Dole-Blanche-de-Canali-Salgesch-demeter.jpg","type":"image\/jpeg"}],"twitter_card":"summary_large_image","twitter_misc":{"Dur\u00e9e de lecture estim\u00e9e":"2 minutes"},"schema":{"@context":"https:\/\/schema.org","@graph":[{"@type":"WebPage","@id":"https:\/\/decanali.ch\/produit\/dole-blanche-75cl-demeter\/","url":"https:\/\/decanali.ch\/produit\/dole-blanche-75cl-demeter\/","name":"D\u00f4le Blanche (75cl) demeter - Cave de Canali - Vin Ros\u00e9 Doux et \u00c9l\u00e9gant","isPartOf":{"@id":"https:\/\/decanali.ch\/#website"},"primaryImageOfPage":{"@id":"https:\/\/decanali.ch\/produit\/dole-blanche-75cl-demeter\/#primaryimage"},"image":{"@id":"https:\/\/decanali.ch\/produit\/dole-blanche-75cl-demeter\/#primaryimage"},"thumbnailUrl":"https:\/\/decanali.ch\/wp-content\/uploads\/2016\/04\/Dole-Blanche-de-Canali-Salgesch-demeter.jpg","datePublished":"2016-04-05T13:20:56+00:00","dateModified":"2024-06-30T14:27:14+00:00","description":"D\u00e9couvrez notre D\u00f4le Blanche biodynamique (demeter), un vin ros\u00e9 doux et \u00e9l\u00e9gant \u00e9labor\u00e9 \u00e0 partir de Pinot Noir et Gamay. Ar\u00f4mes de fraises, framboises et p\u00eache, doux et fruit\u00e9 en bouche avec une acidit\u00e9 rafra\u00eechissante. Parfait avec entr\u00e9es l\u00e9g\u00e8res, poisson, volaille, salades et desserts.","breadcrumb":{"@id":"https:\/\/decanali.ch\/produit\/dole-blanche-75cl-demeter\/#breadcrumb"},"inLanguage":"fr-FR","potentialAction":[{"@type":"ReadAction","target":["https:\/\/decanali.ch\/produit\/dole-blanche-75cl-demeter\/"]}]},{"@type":"ImageObject","inLanguage":"fr-FR","@id":"https:\/\/decanali.ch\/produit\/dole-blanche-75cl-demeter\/#primaryimage","url":"https:\/\/decanali.ch\/wp-content\/uploads\/2016\/04\/Dole-Blanche-de-Canali-Salgesch-demeter.jpg","contentUrl":"https:\/\/decanali.ch\/wp-content\/uploads\/2016\/04\/Dole-Blanche-de-Canali-Salgesch-demeter.jpg","width":800,"height":1060},{"@type":"BreadcrumbList","@id":"https:\/\/decanali.ch\/produit\/dole-blanche-75cl-demeter\/#breadcrumb","itemListElement":[{"@type":"ListItem","position":1,"name":"Startseite","item":"https:\/\/decanali.ch\/fr\/"},{"@type":"ListItem","position":2,"name":"Boutique de vin","item":"https:\/\/decanali.ch\/fr\/?page_id=24602"},{"@type":"ListItem","position":3,"name":"D\u00f4le Blanche (75cl) demeter"}]},{"@type":"WebSite","@id":"https:\/\/decanali.ch\/#website","url":"https:\/\/decanali.ch\/","name":"De Canali","description":"Weingut \/ Weinberg \/ Weinshop in Salgesch","publisher":{"@id":"https:\/\/decanali.ch\/#organization"},"potentialAction":[{"@type":"SearchAction","target":{"@type":"EntryPoint","urlTemplate":"https:\/\/decanali.ch\/?s={search_term_string}"},"query-input":{"@type":"PropertyValueSpecification","valueRequired":true,"valueName":"search_term_string"}}],"inLanguage":"fr-FR"},{"@type":"Organization","@id":"https:\/\/decanali.ch\/#organization","name":"De Canali GmbH","url":"https:\/\/decanali.ch\/","logo":{"@type":"ImageObject","inLanguage":"fr-FR","@id":"https:\/\/decanali.ch\/#\/schema\/logo\/image\/","url":"https:\/\/decanali.ch\/wp-content\/uploads\/2021\/03\/decanali-1-e1714062460794.png","contentUrl":"https:\/\/decanali.ch\/wp-content\/uploads\/2021\/03\/decanali-1-e1714062460794.png","width":340,"height":156,"caption":"De Canali GmbH"},"image":{"@id":"https:\/\/decanali.ch\/#\/schema\/logo\/image\/"},"sameAs":["https:\/\/www.facebook.com\/biodynamischeWeineDemeter\/?locale=de_DE","https:\/\/www.instagram.com\/accounts\/login\/?next=httpswww.instagram.comde_canali_weingut&is_from_rle"]}]}},"_links":{"self":[{"href":"https:\/\/decanali.ch\/fr\/wp-json\/wp\/v2\/product\/21147","targetHints":{"allow":["GET"]}}],"collection":[{"href":"https:\/\/decanali.ch\/fr\/wp-json\/wp\/v2\/product"}],"about":[{"href":"https:\/\/decanali.ch\/fr\/wp-json\/wp\/v2\/types\/product"}],"wp:featuredmedia":[{"embeddable":true,"href":"https:\/\/decanali.ch\/fr\/wp-json\/wp\/v2\/media\/25416"}],"wp:attachment":[{"href":"https:\/\/decanali.ch\/fr\/wp-json\/wp\/v2\/media?parent=21147"}],"wp:term":[{"taxonomy":"product_brand","embeddable":true,"href":"https:\/\/decanali.ch\/fr\/wp-json\/wp\/v2\/product_brand?post=21147"},{"taxonomy":"product_cat","embeddable":true,"href":"https:\/\/decanali.ch\/fr\/wp-json\/wp\/v2\/product_cat?post=21147"},{"taxonomy":"product_tag","embeddable":true,"href":"https:\/\/decanali.ch\/fr\/wp-json\/wp\/v2\/product_tag?post=21147"}],"curies":[{"name":"wp","href":"https:\/\/api.w.org\/{rel}","templated":true}]}}