{"id":21149,"date":"2016-04-05T13:34:18","date_gmt":"2016-04-05T13:34:18","guid":{"rendered":"http:\/\/dev.cave-cina.ch\/product\/duo-rouge-de-canali-2\/"},"modified":"2024-06-30T16:25:45","modified_gmt":"2024-06-30T14:25:45","slug":"duo-rouge-de-canali-en-fut-de-chene-75cl-demeter","status":"publish","type":"product","link":"https:\/\/decanali.ch\/fr\/produit\/duo-rouge-de-canali-en-fut-de-chene-75cl-demeter\/","title":{"rendered":"Duo Rouge \u00ab\u00a0de Canali\u00a0\u00bb en f\u00fbt de ch\u00eane  (75cl) demeter"},"content":{"rendered":"<p>Cette assemblage combine deux c\u00e9pages rouges nobles, le Pinot Noir et le Cabernet Franc, qui apportent chacun leurs caract\u00e9ristiques et ar\u00f4mes uniques. L&rsquo;\u00e9levage en f\u00fbt de ch\u00eane ajoute \u00e0 ce vin une complexit\u00e9 et une profondeur suppl\u00e9mentaires.<\/p>\n<ol>\n<li><strong>Profil aromatique<\/strong> : L&rsquo;assemblage offre un profil aromatique riche avec une large palette d&rsquo;ar\u00f4mes. Le Pinot Noir apporte des notes fruit\u00e9es de baies rouges et une d\u00e9licate \u00e9pice, tandis que le Cabernet Franc pr\u00e9sente des fruits noirs et une \u00e9pice marqu\u00e9e. L&rsquo;\u00e9levage en ch\u00eane ajoute des ar\u00f4mes de vanille, de pain grill\u00e9 et d&rsquo;\u00e9pices.<\/li>\n<li><strong>Go\u00fbt<\/strong> : En bouche, cet assemblage se r\u00e9v\u00e8le plein et complexe, avec une intensit\u00e9 fruit\u00e9e, des tanins soyeux et une note de ch\u00eane bien int\u00e9gr\u00e9e. Les deux c\u00e9pages se compl\u00e8tent parfaitement, cr\u00e9ant un \u00e9quilibre harmonieux entre fruit\u00e9, structure et \u00e9pices.<\/li>\n<li><strong>Finale<\/strong> : La finale est longue et \u00e9l\u00e9gante, avec un \u00e9quilibre entre fruit\u00e9, \u00e9pices et notes de ch\u00eane. L&rsquo;\u00e9levage en f\u00fbt de ch\u00eane donne au vin une profondeur et une finesse suppl\u00e9mentaires.<\/li>\n<\/ol>\n<p>Notre Duo Rouge \u00ab\u00a0de Canali\u00a0\u00bb est biodynamique (certifi\u00e9 demeter) et constitue un vin \u00e9l\u00e9gant et complexe qui s&rsquo;accorde bien avec une vari\u00e9t\u00e9 de plats, notamment le b\u0153uf, l&rsquo;agneau, les p\u00e2tes et les fromages affin\u00e9s. Il est id\u00e9al pour les amateurs de vin recherchant un rouge riche et aromatique avec une profondeur et une complexit\u00e9 accrue.<\/p>\n<p><img loading=\"lazy\" decoding=\"async\" class=\"alignnone wp-image-25247\" src=\"https:\/\/decanali.ch\/wp-content\/uploads\/2016\/04\/Demeter-Bio-dynamisch-Rudolf-Steiner-de-Canali.png\" alt=\"\" width=\"217\" height=\"100\" \/>\u00a0 \u00a0<img loading=\"lazy\" decoding=\"async\" class=\"alignnone wp-image-25590\" src=\"https:\/\/decanali.ch\/wp-content\/uploads\/2021\/07\/Slow-Wine-slow-food-bio-biologisch-dynamisch-demeter-1-300x203.jpg\" alt=\"\" width=\"148\" height=\"100\" srcset=\"https:\/\/decanali.ch\/wp-content\/uploads\/2021\/07\/Slow-Wine-slow-food-bio-biologisch-dynamisch-demeter-1-300x203.jpg 300w, https:\/\/decanali.ch\/wp-content\/uploads\/2021\/07\/Slow-Wine-slow-food-bio-biologisch-dynamisch-demeter-1.jpg 411w\" sizes=\"auto, (max-width: 148px) 100vw, 148px\" \/><\/p>\n","protected":false},"excerpt":{"rendered":"<p>Cette assemblage combine deux c\u00e9pages rouges nobles, le Pinot Noir et le Cabernet Franc, qui apportent chacun leurs caract\u00e9ristiques et ar\u00f4mes uniques. L&rsquo;\u00e9levage en f\u00fbt de ch\u00eane ajoute \u00e0 ce vin une complexit\u00e9 et une profondeur suppl\u00e9mentaires. Profil aromatique : L&rsquo;assemblage offre un profil aromatique riche avec une large palette d&rsquo;ar\u00f4mes. Le Pinot Noir apporte [&hellip;]<\/p>\n","protected":false},"featured_media":25385,"template":"","meta":{"_exactmetrics_skip_tracking":false,"_exactmetrics_sitenote_active":false,"_exactmetrics_sitenote_note":"","_exactmetrics_sitenote_category":0},"product_brand":[],"product_cat":[109,22],"product_tag":[102,104,103,101,43,44,46,75,47,48],"class_list":{"0":"post-21149","1":"product","2":"type-product","3":"status-publish","4":"has-post-thumbnail","6":"product_cat-vins-demeter-fr","7":"product_cat-vins-rouges","8":"product_tag-bio-weine-fr","9":"product_tag-biodynamisch-fr","10":"product_tag-biologisch-fr","11":"product_tag-biologisch-dynamisch","12":"product_tag-de-canali-fr","13":"product_tag-demeter-fr","14":"product_tag-salgesch-fr","15":"product_tag-vins-cina","16":"product_tag-weine-fr","17":"product_tag-weine-salgesch-fr","19":"first","20":"instock","21":"shipping-taxable","22":"purchasable","23":"product-type-simple"},"yoast_head":"<!-- This site is optimized with the Yoast SEO plugin v27.4 - https:\/\/yoast.com\/product\/yoast-seo-wordpress\/ -->\n<title>Duo Rouge &quot;de Canali&quot; Barrique (75cl) demeter - Cave de Canali - Biodynamique<\/title>\n<meta name=\"description\" content=\"D\u00e9couvrez le Duo Rouge &quot;de Canali&quot;, un assemblage biodynamique (demeter) de Pinot Noir et Cabernet Franc \u00e9lev\u00e9 en f\u00fbt de ch\u00eane. Ce vin offre des ar\u00f4mes riches de baies, d&#039;\u00e9pices et de vanille, avec une finale \u00e9l\u00e9gante et \u00e9quilibr\u00e9e.\" \/>\n<meta name=\"robots\" content=\"index, follow, max-snippet:-1, max-image-preview:large, max-video-preview:-1\" \/>\n<link rel=\"canonical\" href=\"https:\/\/decanali.ch\/produit\/duo-rouge-de-canali-aus-dem-eichenfass-75cl-demeter\/\" \/>\n<meta property=\"og:locale\" content=\"fr_FR\" \/>\n<meta property=\"og:type\" content=\"article\" \/>\n<meta property=\"og:title\" content=\"Duo Rouge &quot;de Canali&quot; Barrique (75cl) demeter - Cave de Canali - Biodynamique\" \/>\n<meta property=\"og:description\" content=\"D\u00e9couvrez le Duo Rouge &quot;de Canali&quot;, un assemblage biodynamique (demeter) de Pinot Noir et Cabernet Franc \u00e9lev\u00e9 en f\u00fbt de ch\u00eane. Ce vin offre des ar\u00f4mes riches de baies, d&#039;\u00e9pices et de vanille, avec une finale \u00e9l\u00e9gante et \u00e9quilibr\u00e9e.\" \/>\n<meta property=\"og:url\" content=\"https:\/\/decanali.ch\/produit\/duo-rouge-de-canali-aus-dem-eichenfass-75cl-demeter\/\" \/>\n<meta property=\"og:site_name\" content=\"Cave de Canali\" \/>\n<meta property=\"article:publisher\" content=\"https:\/\/www.facebook.com\/biodynamischeWeineDemeter\/?locale=de_DE\" \/>\n<meta property=\"article:modified_time\" content=\"2024-06-30T14:25:45+00:00\" \/>\n<meta property=\"og:image\" content=\"https:\/\/decanali.ch\/wp-content\/uploads\/2016\/04\/de-Canali-Salgesch-demeter.jpg\" \/>\n\t<meta property=\"og:image:width\" content=\"800\" \/>\n\t<meta property=\"og:image:height\" content=\"1060\" \/>\n\t<meta property=\"og:image:type\" content=\"image\/jpeg\" \/>\n<meta name=\"twitter:card\" content=\"summary_large_image\" \/>\n<meta name=\"twitter:label1\" content=\"Dur\u00e9e de lecture estim\u00e9e\" \/>\n\t<meta name=\"twitter:data1\" content=\"2 minutes\" \/>\n<script type=\"application\/ld+json\" class=\"yoast-schema-graph\">{\"@context\":\"https:\\\/\\\/schema.org\",\"@graph\":[{\"@type\":\"WebPage\",\"@id\":\"https:\\\/\\\/decanali.ch\\\/produit\\\/duo-rouge-de-canali-aus-dem-eichenfass-75cl-demeter\\\/\",\"url\":\"https:\\\/\\\/decanali.ch\\\/produit\\\/duo-rouge-de-canali-aus-dem-eichenfass-75cl-demeter\\\/\",\"name\":\"Duo Rouge \\\"de Canali\\\" Barrique (75cl) demeter - Cave de Canali - Biodynamique\",\"isPartOf\":{\"@id\":\"https:\\\/\\\/decanali.ch\\\/#website\"},\"primaryImageOfPage\":{\"@id\":\"https:\\\/\\\/decanali.ch\\\/produit\\\/duo-rouge-de-canali-aus-dem-eichenfass-75cl-demeter\\\/#primaryimage\"},\"image\":{\"@id\":\"https:\\\/\\\/decanali.ch\\\/produit\\\/duo-rouge-de-canali-aus-dem-eichenfass-75cl-demeter\\\/#primaryimage\"},\"thumbnailUrl\":\"https:\\\/\\\/decanali.ch\\\/wp-content\\\/uploads\\\/2016\\\/04\\\/de-Canali-Salgesch-demeter.jpg\",\"datePublished\":\"2016-04-05T13:34:18+00:00\",\"dateModified\":\"2024-06-30T14:25:45+00:00\",\"description\":\"D\u00e9couvrez le Duo Rouge \\\"de Canali\\\", un assemblage biodynamique (demeter) de Pinot Noir et Cabernet Franc \u00e9lev\u00e9 en f\u00fbt de ch\u00eane. Ce vin offre des ar\u00f4mes riches de baies, d'\u00e9pices et de vanille, avec une finale \u00e9l\u00e9gante et \u00e9quilibr\u00e9e.\",\"breadcrumb\":{\"@id\":\"https:\\\/\\\/decanali.ch\\\/produit\\\/duo-rouge-de-canali-aus-dem-eichenfass-75cl-demeter\\\/#breadcrumb\"},\"inLanguage\":\"fr-FR\",\"potentialAction\":[{\"@type\":\"ReadAction\",\"target\":[\"https:\\\/\\\/decanali.ch\\\/produit\\\/duo-rouge-de-canali-aus-dem-eichenfass-75cl-demeter\\\/\"]}]},{\"@type\":\"ImageObject\",\"inLanguage\":\"fr-FR\",\"@id\":\"https:\\\/\\\/decanali.ch\\\/produit\\\/duo-rouge-de-canali-aus-dem-eichenfass-75cl-demeter\\\/#primaryimage\",\"url\":\"https:\\\/\\\/decanali.ch\\\/wp-content\\\/uploads\\\/2016\\\/04\\\/de-Canali-Salgesch-demeter.jpg\",\"contentUrl\":\"https:\\\/\\\/decanali.ch\\\/wp-content\\\/uploads\\\/2016\\\/04\\\/de-Canali-Salgesch-demeter.jpg\",\"width\":800,\"height\":1060},{\"@type\":\"BreadcrumbList\",\"@id\":\"https:\\\/\\\/decanali.ch\\\/produit\\\/duo-rouge-de-canali-aus-dem-eichenfass-75cl-demeter\\\/#breadcrumb\",\"itemListElement\":[{\"@type\":\"ListItem\",\"position\":1,\"name\":\"Startseite\",\"item\":\"https:\\\/\\\/decanali.ch\\\/fr\\\/\"},{\"@type\":\"ListItem\",\"position\":2,\"name\":\"Boutique de vin\",\"item\":\"https:\\\/\\\/decanali.ch\\\/fr\\\/?page_id=24602\"},{\"@type\":\"ListItem\",\"position\":3,\"name\":\"Duo Rouge &#8222;de Canali&#8220; en f\u00fbt de ch\u00eane (75cl) demeter\"}]},{\"@type\":\"WebSite\",\"@id\":\"https:\\\/\\\/decanali.ch\\\/#website\",\"url\":\"https:\\\/\\\/decanali.ch\\\/\",\"name\":\"De Canali\",\"description\":\"Weingut \\\/ Weinberg \\\/ Weinshop in Salgesch\",\"publisher\":{\"@id\":\"https:\\\/\\\/decanali.ch\\\/#organization\"},\"potentialAction\":[{\"@type\":\"SearchAction\",\"target\":{\"@type\":\"EntryPoint\",\"urlTemplate\":\"https:\\\/\\\/decanali.ch\\\/?s={search_term_string}\"},\"query-input\":{\"@type\":\"PropertyValueSpecification\",\"valueRequired\":true,\"valueName\":\"search_term_string\"}}],\"inLanguage\":\"fr-FR\"},{\"@type\":\"Organization\",\"@id\":\"https:\\\/\\\/decanali.ch\\\/#organization\",\"name\":\"De Canali GmbH\",\"url\":\"https:\\\/\\\/decanali.ch\\\/\",\"logo\":{\"@type\":\"ImageObject\",\"inLanguage\":\"fr-FR\",\"@id\":\"https:\\\/\\\/decanali.ch\\\/#\\\/schema\\\/logo\\\/image\\\/\",\"url\":\"https:\\\/\\\/decanali.ch\\\/wp-content\\\/uploads\\\/2021\\\/03\\\/decanali-1-e1714062460794.png\",\"contentUrl\":\"https:\\\/\\\/decanali.ch\\\/wp-content\\\/uploads\\\/2021\\\/03\\\/decanali-1-e1714062460794.png\",\"width\":340,\"height\":156,\"caption\":\"De Canali GmbH\"},\"image\":{\"@id\":\"https:\\\/\\\/decanali.ch\\\/#\\\/schema\\\/logo\\\/image\\\/\"},\"sameAs\":[\"https:\\\/\\\/www.facebook.com\\\/biodynamischeWeineDemeter\\\/?locale=de_DE\",\"https:\\\/\\\/www.instagram.com\\\/accounts\\\/login\\\/?next=httpswww.instagram.comde_canali_weingut&is_from_rle\"]}]}<\/script>\n<!-- \/ Yoast SEO plugin. -->","yoast_head_json":{"title":"Duo Rouge \"de Canali\" Barrique (75cl) demeter - Cave de Canali - Biodynamique","description":"D\u00e9couvrez le Duo Rouge \"de Canali\", un assemblage biodynamique (demeter) de Pinot Noir et Cabernet Franc \u00e9lev\u00e9 en f\u00fbt de ch\u00eane. Ce vin offre des ar\u00f4mes riches de baies, d'\u00e9pices et de vanille, avec une finale \u00e9l\u00e9gante et \u00e9quilibr\u00e9e.","robots":{"index":"index","follow":"follow","max-snippet":"max-snippet:-1","max-image-preview":"max-image-preview:large","max-video-preview":"max-video-preview:-1"},"canonical":"https:\/\/decanali.ch\/produit\/duo-rouge-de-canali-aus-dem-eichenfass-75cl-demeter\/","og_locale":"fr_FR","og_type":"article","og_title":"Duo Rouge \"de Canali\" Barrique (75cl) demeter - Cave de Canali - Biodynamique","og_description":"D\u00e9couvrez le Duo Rouge \"de Canali\", un assemblage biodynamique (demeter) de Pinot Noir et Cabernet Franc \u00e9lev\u00e9 en f\u00fbt de ch\u00eane. Ce vin offre des ar\u00f4mes riches de baies, d'\u00e9pices et de vanille, avec une finale \u00e9l\u00e9gante et \u00e9quilibr\u00e9e.","og_url":"https:\/\/decanali.ch\/produit\/duo-rouge-de-canali-aus-dem-eichenfass-75cl-demeter\/","og_site_name":"Cave de Canali","article_publisher":"https:\/\/www.facebook.com\/biodynamischeWeineDemeter\/?locale=de_DE","article_modified_time":"2024-06-30T14:25:45+00:00","og_image":[{"width":800,"height":1060,"url":"https:\/\/decanali.ch\/wp-content\/uploads\/2016\/04\/de-Canali-Salgesch-demeter.jpg","type":"image\/jpeg"}],"twitter_card":"summary_large_image","twitter_misc":{"Dur\u00e9e de lecture estim\u00e9e":"2 minutes"},"schema":{"@context":"https:\/\/schema.org","@graph":[{"@type":"WebPage","@id":"https:\/\/decanali.ch\/produit\/duo-rouge-de-canali-aus-dem-eichenfass-75cl-demeter\/","url":"https:\/\/decanali.ch\/produit\/duo-rouge-de-canali-aus-dem-eichenfass-75cl-demeter\/","name":"Duo Rouge \"de Canali\" Barrique (75cl) demeter - Cave de Canali - Biodynamique","isPartOf":{"@id":"https:\/\/decanali.ch\/#website"},"primaryImageOfPage":{"@id":"https:\/\/decanali.ch\/produit\/duo-rouge-de-canali-aus-dem-eichenfass-75cl-demeter\/#primaryimage"},"image":{"@id":"https:\/\/decanali.ch\/produit\/duo-rouge-de-canali-aus-dem-eichenfass-75cl-demeter\/#primaryimage"},"thumbnailUrl":"https:\/\/decanali.ch\/wp-content\/uploads\/2016\/04\/de-Canali-Salgesch-demeter.jpg","datePublished":"2016-04-05T13:34:18+00:00","dateModified":"2024-06-30T14:25:45+00:00","description":"D\u00e9couvrez le Duo Rouge \"de Canali\", un assemblage biodynamique (demeter) de Pinot Noir et Cabernet Franc \u00e9lev\u00e9 en f\u00fbt de ch\u00eane. Ce vin offre des ar\u00f4mes riches de baies, d'\u00e9pices et de vanille, avec une finale \u00e9l\u00e9gante et \u00e9quilibr\u00e9e.","breadcrumb":{"@id":"https:\/\/decanali.ch\/produit\/duo-rouge-de-canali-aus-dem-eichenfass-75cl-demeter\/#breadcrumb"},"inLanguage":"fr-FR","potentialAction":[{"@type":"ReadAction","target":["https:\/\/decanali.ch\/produit\/duo-rouge-de-canali-aus-dem-eichenfass-75cl-demeter\/"]}]},{"@type":"ImageObject","inLanguage":"fr-FR","@id":"https:\/\/decanali.ch\/produit\/duo-rouge-de-canali-aus-dem-eichenfass-75cl-demeter\/#primaryimage","url":"https:\/\/decanali.ch\/wp-content\/uploads\/2016\/04\/de-Canali-Salgesch-demeter.jpg","contentUrl":"https:\/\/decanali.ch\/wp-content\/uploads\/2016\/04\/de-Canali-Salgesch-demeter.jpg","width":800,"height":1060},{"@type":"BreadcrumbList","@id":"https:\/\/decanali.ch\/produit\/duo-rouge-de-canali-aus-dem-eichenfass-75cl-demeter\/#breadcrumb","itemListElement":[{"@type":"ListItem","position":1,"name":"Startseite","item":"https:\/\/decanali.ch\/fr\/"},{"@type":"ListItem","position":2,"name":"Boutique de vin","item":"https:\/\/decanali.ch\/fr\/?page_id=24602"},{"@type":"ListItem","position":3,"name":"Duo Rouge &#8222;de Canali&#8220; en f\u00fbt de ch\u00eane (75cl) demeter"}]},{"@type":"WebSite","@id":"https:\/\/decanali.ch\/#website","url":"https:\/\/decanali.ch\/","name":"De Canali","description":"Weingut \/ Weinberg \/ Weinshop in Salgesch","publisher":{"@id":"https:\/\/decanali.ch\/#organization"},"potentialAction":[{"@type":"SearchAction","target":{"@type":"EntryPoint","urlTemplate":"https:\/\/decanali.ch\/?s={search_term_string}"},"query-input":{"@type":"PropertyValueSpecification","valueRequired":true,"valueName":"search_term_string"}}],"inLanguage":"fr-FR"},{"@type":"Organization","@id":"https:\/\/decanali.ch\/#organization","name":"De Canali GmbH","url":"https:\/\/decanali.ch\/","logo":{"@type":"ImageObject","inLanguage":"fr-FR","@id":"https:\/\/decanali.ch\/#\/schema\/logo\/image\/","url":"https:\/\/decanali.ch\/wp-content\/uploads\/2021\/03\/decanali-1-e1714062460794.png","contentUrl":"https:\/\/decanali.ch\/wp-content\/uploads\/2021\/03\/decanali-1-e1714062460794.png","width":340,"height":156,"caption":"De Canali GmbH"},"image":{"@id":"https:\/\/decanali.ch\/#\/schema\/logo\/image\/"},"sameAs":["https:\/\/www.facebook.com\/biodynamischeWeineDemeter\/?locale=de_DE","https:\/\/www.instagram.com\/accounts\/login\/?next=httpswww.instagram.comde_canali_weingut&is_from_rle"]}]}},"_links":{"self":[{"href":"https:\/\/decanali.ch\/fr\/wp-json\/wp\/v2\/product\/21149","targetHints":{"allow":["GET"]}}],"collection":[{"href":"https:\/\/decanali.ch\/fr\/wp-json\/wp\/v2\/product"}],"about":[{"href":"https:\/\/decanali.ch\/fr\/wp-json\/wp\/v2\/types\/product"}],"wp:featuredmedia":[{"embeddable":true,"href":"https:\/\/decanali.ch\/fr\/wp-json\/wp\/v2\/media\/25385"}],"wp:attachment":[{"href":"https:\/\/decanali.ch\/fr\/wp-json\/wp\/v2\/media?parent=21149"}],"wp:term":[{"taxonomy":"product_brand","embeddable":true,"href":"https:\/\/decanali.ch\/fr\/wp-json\/wp\/v2\/product_brand?post=21149"},{"taxonomy":"product_cat","embeddable":true,"href":"https:\/\/decanali.ch\/fr\/wp-json\/wp\/v2\/product_cat?post=21149"},{"taxonomy":"product_tag","embeddable":true,"href":"https:\/\/decanali.ch\/fr\/wp-json\/wp\/v2\/product_tag?post=21149"}],"curies":[{"name":"wp","href":"https:\/\/api.w.org\/{rel}","templated":true}]}}