{"id":21150,"date":"2016-04-05T13:36:58","date_gmt":"2016-04-05T13:36:58","guid":{"rendered":"http:\/\/dev.cave-cina.ch\/product\/assemblage-anita-2\/"},"modified":"2024-07-06T17:20:09","modified_gmt":"2024-07-06T15:20:09","slug":"assemblage-anita-75cl-demeter","status":"publish","type":"product","link":"https:\/\/decanali.ch\/fr\/produit\/assemblage-anita-75cl-demeter\/","title":{"rendered":"Assemblage \u00ab\u00a0Anita\u00a0\u00bb  (75cl) demeter"},"content":{"rendered":"<p>Cette assemblage est un m\u00e9lange de trois c\u00e9pages rouges: le Gamaret, le Gamay et le Pinot Noir. Cette combinaison offre un \u00e9quilibre int\u00e9ressant entre fruit\u00e9, structure et complexit\u00e9.<\/p>\n<ol>\n<li><strong>Profil aromatique<\/strong> : L&rsquo;assemblage de Gamaret, Gamay et Pinot Noir offre un profil aromatique complexe avec des ar\u00f4mes de baies noires telles que les m\u00fbres, les cerises et les cassis, compl\u00e9t\u00e9s par des notes \u00e9pic\u00e9es et florales subtiles.<\/li>\n<li><strong>Go\u00fbt<\/strong> : En bouche, cet assemblage se r\u00e9v\u00e8le souvent moyennement cors\u00e9 \u00e0 bien charpent\u00e9, avec une vivacit\u00e9 fruit\u00e9e et une acidit\u00e9 \u00e9quilibr\u00e9e. La structure tannique est souvent douce et soyeuse, et la complexit\u00e9 du m\u00e9lange apporte une profondeur et une finesse suppl\u00e9mentaires.<\/li>\n<li><strong>Finale<\/strong> : La finale est longue et douce, avec un bel \u00e9quilibre entre fruit\u00e9, \u00e9pices et structure. Les diff\u00e9rents c\u00e9pages contribuent \u00e0 une impression harmonieuse d&rsquo;ensemble.<\/li>\n<\/ol>\n<p>Notre assemblage \u00ab\u00a0Anita\u00a0\u00bb est biodynamique (certifi\u00e9 demeter) et constitue un vin polyvalent qui s&rsquo;accorde bien avec une vari\u00e9t\u00e9 de plats, notamment les viandes grill\u00e9es, les p\u00e2tes, les pizzas et les fromages affin\u00e9s. Il est id\u00e9al pour les amateurs de vin cherchant \u00e0 savourer un rouge complexe et \u00e9quilibr\u00e9.<\/p>\n<p><img loading=\"lazy\" decoding=\"async\" class=\"alignnone wp-image-25249\" src=\"https:\/\/decanali.ch\/wp-content\/uploads\/2016\/04\/Demeter-Biodynamisch-Rudolf-Steiner-de-Canali-Salgesch.png\" alt=\"\" width=\"215\" height=\"100\" \/>\u00a0 <img loading=\"lazy\" decoding=\"async\" class=\"alignnone wp-image-25590\" src=\"https:\/\/decanali.ch\/wp-content\/uploads\/2021\/07\/Slow-Wine-slow-food-bio-biologisch-dynamisch-demeter-1-300x203.jpg\" alt=\"\" width=\"148\" height=\"100\" srcset=\"https:\/\/decanali.ch\/wp-content\/uploads\/2021\/07\/Slow-Wine-slow-food-bio-biologisch-dynamisch-demeter-1-300x203.jpg 300w, https:\/\/decanali.ch\/wp-content\/uploads\/2021\/07\/Slow-Wine-slow-food-bio-biologisch-dynamisch-demeter-1.jpg 411w\" sizes=\"auto, (max-width: 148px) 100vw, 148px\" \/><\/p>\n","protected":false},"excerpt":{"rendered":"<p>Cette assemblage est un m\u00e9lange de trois c\u00e9pages rouges: le Gamaret, le Gamay et le Pinot Noir. Cette combinaison offre un \u00e9quilibre int\u00e9ressant entre fruit\u00e9, structure et complexit\u00e9. Profil aromatique : L&rsquo;assemblage de Gamaret, Gamay et Pinot Noir offre un profil aromatique complexe avec des ar\u00f4mes de baies noires telles que les m\u00fbres, les cerises [&hellip;]<\/p>\n","protected":false},"featured_media":25256,"template":"","meta":{"_exactmetrics_skip_tracking":false,"_exactmetrics_sitenote_active":false,"_exactmetrics_sitenote_note":"","_exactmetrics_sitenote_category":0},"product_brand":[],"product_cat":[109,22],"product_tag":[102,104,103,101,43,44,46,75,47,48],"class_list":{"0":"post-21150","1":"product","2":"type-product","3":"status-publish","4":"has-post-thumbnail","6":"product_cat-vins-demeter-fr","7":"product_cat-vins-rouges","8":"product_tag-bio-weine-fr","9":"product_tag-biodynamisch-fr","10":"product_tag-biologisch-fr","11":"product_tag-biologisch-dynamisch","12":"product_tag-de-canali-fr","13":"product_tag-demeter-fr","14":"product_tag-salgesch-fr","15":"product_tag-vins-cina","16":"product_tag-weine-fr","17":"product_tag-weine-salgesch-fr","19":"first","20":"instock","21":"shipping-taxable","22":"purchasable","23":"product-type-simple"},"yoast_head":"<!-- This site is optimized with the Yoast SEO plugin v27.4 - https:\/\/yoast.com\/product\/yoast-seo-wordpress\/ -->\n<title>Assemblage &quot;Anita&quot; (75cl) demeter - Cave de Canali - Vin Rouge Biodynamique<\/title>\n<meta name=\"description\" content=\"D\u00e9couvrez l&#039;assemblage &quot;Anita&quot;, un vin biodynamique (demeter), qui combine Gamaret, Gamay et Pinot Noir pour offrir des ar\u00f4mes de baies noires, des notes \u00e9pic\u00e9es et une finale \u00e9quilibr\u00e9e.\" \/>\n<meta name=\"robots\" content=\"index, follow, max-snippet:-1, max-image-preview:large, max-video-preview:-1\" \/>\n<link rel=\"canonical\" href=\"https:\/\/decanali.ch\/produit\/assemblage-anita-75cl-demeter\/\" \/>\n<meta property=\"og:locale\" content=\"fr_FR\" \/>\n<meta property=\"og:type\" content=\"article\" \/>\n<meta property=\"og:title\" content=\"Assemblage &quot;Anita&quot; (75cl) demeter - Cave de Canali - Vin Rouge Biodynamique\" \/>\n<meta property=\"og:description\" content=\"D\u00e9couvrez l&#039;assemblage &quot;Anita&quot;, un vin biodynamique (demeter), qui combine Gamaret, Gamay et Pinot Noir pour offrir des ar\u00f4mes de baies noires, des notes \u00e9pic\u00e9es et une finale \u00e9quilibr\u00e9e.\" \/>\n<meta property=\"og:url\" content=\"https:\/\/decanali.ch\/produit\/assemblage-anita-75cl-demeter\/\" \/>\n<meta property=\"og:site_name\" content=\"Cave de Canali\" \/>\n<meta property=\"article:publisher\" content=\"https:\/\/www.facebook.com\/biodynamischeWeineDemeter\/?locale=de_DE\" \/>\n<meta property=\"article:modified_time\" content=\"2024-07-06T15:20:09+00:00\" \/>\n<meta property=\"og:image\" content=\"https:\/\/decanali.ch\/wp-content\/uploads\/2016\/04\/Assemblage-Anita-de-Canali-Salgesch-demter-1.jpg\" \/>\n\t<meta property=\"og:image:width\" content=\"1203\" \/>\n\t<meta property=\"og:image:height\" content=\"1597\" \/>\n\t<meta property=\"og:image:type\" content=\"image\/jpeg\" \/>\n<meta name=\"twitter:card\" content=\"summary_large_image\" \/>\n<meta name=\"twitter:label1\" content=\"Dur\u00e9e de lecture estim\u00e9e\" \/>\n\t<meta name=\"twitter:data1\" content=\"2 minutes\" \/>\n<script type=\"application\/ld+json\" class=\"yoast-schema-graph\">{\"@context\":\"https:\\\/\\\/schema.org\",\"@graph\":[{\"@type\":\"WebPage\",\"@id\":\"https:\\\/\\\/decanali.ch\\\/produit\\\/assemblage-anita-75cl-demeter\\\/\",\"url\":\"https:\\\/\\\/decanali.ch\\\/produit\\\/assemblage-anita-75cl-demeter\\\/\",\"name\":\"Assemblage \\\"Anita\\\" (75cl) demeter - Cave de Canali - Vin Rouge Biodynamique\",\"isPartOf\":{\"@id\":\"https:\\\/\\\/decanali.ch\\\/#website\"},\"primaryImageOfPage\":{\"@id\":\"https:\\\/\\\/decanali.ch\\\/produit\\\/assemblage-anita-75cl-demeter\\\/#primaryimage\"},\"image\":{\"@id\":\"https:\\\/\\\/decanali.ch\\\/produit\\\/assemblage-anita-75cl-demeter\\\/#primaryimage\"},\"thumbnailUrl\":\"https:\\\/\\\/decanali.ch\\\/wp-content\\\/uploads\\\/2016\\\/04\\\/Assemblage-Anita-de-Canali-Salgesch-demter-1.jpg\",\"datePublished\":\"2016-04-05T13:36:58+00:00\",\"dateModified\":\"2024-07-06T15:20:09+00:00\",\"description\":\"D\u00e9couvrez l'assemblage \\\"Anita\\\", un vin biodynamique (demeter), qui combine Gamaret, Gamay et Pinot Noir pour offrir des ar\u00f4mes de baies noires, des notes \u00e9pic\u00e9es et une finale \u00e9quilibr\u00e9e.\",\"breadcrumb\":{\"@id\":\"https:\\\/\\\/decanali.ch\\\/produit\\\/assemblage-anita-75cl-demeter\\\/#breadcrumb\"},\"inLanguage\":\"fr-FR\",\"potentialAction\":[{\"@type\":\"ReadAction\",\"target\":[\"https:\\\/\\\/decanali.ch\\\/produit\\\/assemblage-anita-75cl-demeter\\\/\"]}]},{\"@type\":\"ImageObject\",\"inLanguage\":\"fr-FR\",\"@id\":\"https:\\\/\\\/decanali.ch\\\/produit\\\/assemblage-anita-75cl-demeter\\\/#primaryimage\",\"url\":\"https:\\\/\\\/decanali.ch\\\/wp-content\\\/uploads\\\/2016\\\/04\\\/Assemblage-Anita-de-Canali-Salgesch-demter-1.jpg\",\"contentUrl\":\"https:\\\/\\\/decanali.ch\\\/wp-content\\\/uploads\\\/2016\\\/04\\\/Assemblage-Anita-de-Canali-Salgesch-demter-1.jpg\",\"width\":1203,\"height\":1597},{\"@type\":\"BreadcrumbList\",\"@id\":\"https:\\\/\\\/decanali.ch\\\/produit\\\/assemblage-anita-75cl-demeter\\\/#breadcrumb\",\"itemListElement\":[{\"@type\":\"ListItem\",\"position\":1,\"name\":\"Startseite\",\"item\":\"https:\\\/\\\/decanali.ch\\\/fr\\\/\"},{\"@type\":\"ListItem\",\"position\":2,\"name\":\"Boutique de vin\",\"item\":\"https:\\\/\\\/decanali.ch\\\/fr\\\/?page_id=24602\"},{\"@type\":\"ListItem\",\"position\":3,\"name\":\"Assemblage &#8222;Anita&#8220; (75cl) demeter\"}]},{\"@type\":\"WebSite\",\"@id\":\"https:\\\/\\\/decanali.ch\\\/#website\",\"url\":\"https:\\\/\\\/decanali.ch\\\/\",\"name\":\"De Canali\",\"description\":\"Weingut \\\/ Weinberg \\\/ Weinshop in Salgesch\",\"publisher\":{\"@id\":\"https:\\\/\\\/decanali.ch\\\/#organization\"},\"potentialAction\":[{\"@type\":\"SearchAction\",\"target\":{\"@type\":\"EntryPoint\",\"urlTemplate\":\"https:\\\/\\\/decanali.ch\\\/?s={search_term_string}\"},\"query-input\":{\"@type\":\"PropertyValueSpecification\",\"valueRequired\":true,\"valueName\":\"search_term_string\"}}],\"inLanguage\":\"fr-FR\"},{\"@type\":\"Organization\",\"@id\":\"https:\\\/\\\/decanali.ch\\\/#organization\",\"name\":\"De Canali GmbH\",\"url\":\"https:\\\/\\\/decanali.ch\\\/\",\"logo\":{\"@type\":\"ImageObject\",\"inLanguage\":\"fr-FR\",\"@id\":\"https:\\\/\\\/decanali.ch\\\/#\\\/schema\\\/logo\\\/image\\\/\",\"url\":\"https:\\\/\\\/decanali.ch\\\/wp-content\\\/uploads\\\/2021\\\/03\\\/decanali-1-e1714062460794.png\",\"contentUrl\":\"https:\\\/\\\/decanali.ch\\\/wp-content\\\/uploads\\\/2021\\\/03\\\/decanali-1-e1714062460794.png\",\"width\":340,\"height\":156,\"caption\":\"De Canali GmbH\"},\"image\":{\"@id\":\"https:\\\/\\\/decanali.ch\\\/#\\\/schema\\\/logo\\\/image\\\/\"},\"sameAs\":[\"https:\\\/\\\/www.facebook.com\\\/biodynamischeWeineDemeter\\\/?locale=de_DE\",\"https:\\\/\\\/www.instagram.com\\\/accounts\\\/login\\\/?next=httpswww.instagram.comde_canali_weingut&is_from_rle\"]}]}<\/script>\n<!-- \/ Yoast SEO plugin. -->","yoast_head_json":{"title":"Assemblage \"Anita\" (75cl) demeter - Cave de Canali - Vin Rouge Biodynamique","description":"D\u00e9couvrez l'assemblage \"Anita\", un vin biodynamique (demeter), qui combine Gamaret, Gamay et Pinot Noir pour offrir des ar\u00f4mes de baies noires, des notes \u00e9pic\u00e9es et une finale \u00e9quilibr\u00e9e.","robots":{"index":"index","follow":"follow","max-snippet":"max-snippet:-1","max-image-preview":"max-image-preview:large","max-video-preview":"max-video-preview:-1"},"canonical":"https:\/\/decanali.ch\/produit\/assemblage-anita-75cl-demeter\/","og_locale":"fr_FR","og_type":"article","og_title":"Assemblage \"Anita\" (75cl) demeter - Cave de Canali - Vin Rouge Biodynamique","og_description":"D\u00e9couvrez l'assemblage \"Anita\", un vin biodynamique (demeter), qui combine Gamaret, Gamay et Pinot Noir pour offrir des ar\u00f4mes de baies noires, des notes \u00e9pic\u00e9es et une finale \u00e9quilibr\u00e9e.","og_url":"https:\/\/decanali.ch\/produit\/assemblage-anita-75cl-demeter\/","og_site_name":"Cave de Canali","article_publisher":"https:\/\/www.facebook.com\/biodynamischeWeineDemeter\/?locale=de_DE","article_modified_time":"2024-07-06T15:20:09+00:00","og_image":[{"width":1203,"height":1597,"url":"https:\/\/decanali.ch\/wp-content\/uploads\/2016\/04\/Assemblage-Anita-de-Canali-Salgesch-demter-1.jpg","type":"image\/jpeg"}],"twitter_card":"summary_large_image","twitter_misc":{"Dur\u00e9e de lecture estim\u00e9e":"2 minutes"},"schema":{"@context":"https:\/\/schema.org","@graph":[{"@type":"WebPage","@id":"https:\/\/decanali.ch\/produit\/assemblage-anita-75cl-demeter\/","url":"https:\/\/decanali.ch\/produit\/assemblage-anita-75cl-demeter\/","name":"Assemblage \"Anita\" (75cl) demeter - Cave de Canali - Vin Rouge Biodynamique","isPartOf":{"@id":"https:\/\/decanali.ch\/#website"},"primaryImageOfPage":{"@id":"https:\/\/decanali.ch\/produit\/assemblage-anita-75cl-demeter\/#primaryimage"},"image":{"@id":"https:\/\/decanali.ch\/produit\/assemblage-anita-75cl-demeter\/#primaryimage"},"thumbnailUrl":"https:\/\/decanali.ch\/wp-content\/uploads\/2016\/04\/Assemblage-Anita-de-Canali-Salgesch-demter-1.jpg","datePublished":"2016-04-05T13:36:58+00:00","dateModified":"2024-07-06T15:20:09+00:00","description":"D\u00e9couvrez l'assemblage \"Anita\", un vin biodynamique (demeter), qui combine Gamaret, Gamay et Pinot Noir pour offrir des ar\u00f4mes de baies noires, des notes \u00e9pic\u00e9es et une finale \u00e9quilibr\u00e9e.","breadcrumb":{"@id":"https:\/\/decanali.ch\/produit\/assemblage-anita-75cl-demeter\/#breadcrumb"},"inLanguage":"fr-FR","potentialAction":[{"@type":"ReadAction","target":["https:\/\/decanali.ch\/produit\/assemblage-anita-75cl-demeter\/"]}]},{"@type":"ImageObject","inLanguage":"fr-FR","@id":"https:\/\/decanali.ch\/produit\/assemblage-anita-75cl-demeter\/#primaryimage","url":"https:\/\/decanali.ch\/wp-content\/uploads\/2016\/04\/Assemblage-Anita-de-Canali-Salgesch-demter-1.jpg","contentUrl":"https:\/\/decanali.ch\/wp-content\/uploads\/2016\/04\/Assemblage-Anita-de-Canali-Salgesch-demter-1.jpg","width":1203,"height":1597},{"@type":"BreadcrumbList","@id":"https:\/\/decanali.ch\/produit\/assemblage-anita-75cl-demeter\/#breadcrumb","itemListElement":[{"@type":"ListItem","position":1,"name":"Startseite","item":"https:\/\/decanali.ch\/fr\/"},{"@type":"ListItem","position":2,"name":"Boutique de vin","item":"https:\/\/decanali.ch\/fr\/?page_id=24602"},{"@type":"ListItem","position":3,"name":"Assemblage &#8222;Anita&#8220; (75cl) demeter"}]},{"@type":"WebSite","@id":"https:\/\/decanali.ch\/#website","url":"https:\/\/decanali.ch\/","name":"De Canali","description":"Weingut \/ Weinberg \/ Weinshop in Salgesch","publisher":{"@id":"https:\/\/decanali.ch\/#organization"},"potentialAction":[{"@type":"SearchAction","target":{"@type":"EntryPoint","urlTemplate":"https:\/\/decanali.ch\/?s={search_term_string}"},"query-input":{"@type":"PropertyValueSpecification","valueRequired":true,"valueName":"search_term_string"}}],"inLanguage":"fr-FR"},{"@type":"Organization","@id":"https:\/\/decanali.ch\/#organization","name":"De Canali GmbH","url":"https:\/\/decanali.ch\/","logo":{"@type":"ImageObject","inLanguage":"fr-FR","@id":"https:\/\/decanali.ch\/#\/schema\/logo\/image\/","url":"https:\/\/decanali.ch\/wp-content\/uploads\/2021\/03\/decanali-1-e1714062460794.png","contentUrl":"https:\/\/decanali.ch\/wp-content\/uploads\/2021\/03\/decanali-1-e1714062460794.png","width":340,"height":156,"caption":"De Canali GmbH"},"image":{"@id":"https:\/\/decanali.ch\/#\/schema\/logo\/image\/"},"sameAs":["https:\/\/www.facebook.com\/biodynamischeWeineDemeter\/?locale=de_DE","https:\/\/www.instagram.com\/accounts\/login\/?next=httpswww.instagram.comde_canali_weingut&is_from_rle"]}]}},"_links":{"self":[{"href":"https:\/\/decanali.ch\/fr\/wp-json\/wp\/v2\/product\/21150","targetHints":{"allow":["GET"]}}],"collection":[{"href":"https:\/\/decanali.ch\/fr\/wp-json\/wp\/v2\/product"}],"about":[{"href":"https:\/\/decanali.ch\/fr\/wp-json\/wp\/v2\/types\/product"}],"wp:featuredmedia":[{"embeddable":true,"href":"https:\/\/decanali.ch\/fr\/wp-json\/wp\/v2\/media\/25256"}],"wp:attachment":[{"href":"https:\/\/decanali.ch\/fr\/wp-json\/wp\/v2\/media?parent=21150"}],"wp:term":[{"taxonomy":"product_brand","embeddable":true,"href":"https:\/\/decanali.ch\/fr\/wp-json\/wp\/v2\/product_brand?post=21150"},{"taxonomy":"product_cat","embeddable":true,"href":"https:\/\/decanali.ch\/fr\/wp-json\/wp\/v2\/product_cat?post=21150"},{"taxonomy":"product_tag","embeddable":true,"href":"https:\/\/decanali.ch\/fr\/wp-json\/wp\/v2\/product_tag?post=21150"}],"curies":[{"name":"wp","href":"https:\/\/api.w.org\/{rel}","templated":true}]}}