{"id":21159,"date":"2016-04-05T13:55:02","date_gmt":"2016-04-05T13:55:02","guid":{"rendered":"http:\/\/dev.cave-cina.ch\/product\/pinot-noir-amor-3\/"},"modified":"2024-07-06T17:28:47","modified_gmt":"2024-07-06T15:28:47","slug":"pinot-noir-amor-75cl-demeter","status":"publish","type":"product","link":"https:\/\/decanali.ch\/fr\/produit\/pinot-noir-amor-75cl-demeter\/","title":{"rendered":"Pinot Noir \u00ab\u00a0Amor\u00a0\u00bb (75cl) demeter"},"content":{"rendered":"<p>Le Pinot Noir est un c\u00e9page rouge appr\u00e9ci\u00e9 dans le monde entier, connu pour son \u00e9l\u00e9gance et sa complexit\u00e9.<\/p>\n<ol>\n<li><strong>Profil aromatique<\/strong> : Ar\u00f4mes de fruits rouges tels que les cerises, les fraises et les framboises, souvent accompagn\u00e9s de notes florales comme les violettes et d&rsquo;une subtile touche \u00e9pic\u00e9e.<\/li>\n<li><strong>Go\u00fbt<\/strong> : En bouche, le Pinot Noir r\u00e9v\u00e8le un bel \u00e9quilibre entre fruit\u00e9 et acidit\u00e9, avec des tanins soyeux. On y trouve \u00e9galement des nuances terreuses et l\u00e9g\u00e8rement fum\u00e9es, ainsi que des touches d&rsquo;\u00e9pices comme la cannelle et le clou de girofle.<\/li>\n<li><strong>Finale<\/strong> : La finale est longue et \u00e9l\u00e9gante, avec des notes fruit\u00e9es persistantes et l\u00e9g\u00e8rement min\u00e9rales.<\/li>\n<\/ol>\n<p>Notre Pinot Noir \u00ab\u00a0Amor\u00a0\u00bb est r\u00e9duit \u00e0 environ 800g par pied de vigne pour garantir une exp\u00e9rience gustative encore plus intense. Il est \u00e9galement biodynamique (certifi\u00e9 demeter) et se marie parfaitement avec une vari\u00e9t\u00e9 de plats, y compris la volaille, l&rsquo;agneau, les plats \u00e0 base de champignons et les fromages \u00e0 maturation moyenne. Id\u00e9al pour les amateurs de vin recherchant un rouge \u00e9l\u00e9gant et polyvalent.<\/p>\n<p><img loading=\"lazy\" decoding=\"async\" class=\"alignnone wp-image-25249\" src=\"https:\/\/decanali.ch\/wp-content\/uploads\/2016\/04\/Demeter-Biodynamisch-Rudolf-Steiner-de-Canali-Salgesch.png\" alt=\"\" width=\"215\" height=\"100\" \/>\u00a0 <img loading=\"lazy\" decoding=\"async\" class=\"alignnone wp-image-25590\" src=\"https:\/\/decanali.ch\/wp-content\/uploads\/2021\/07\/Slow-Wine-slow-food-bio-biologisch-dynamisch-demeter-1-300x203.jpg\" alt=\"\" width=\"148\" height=\"100\" srcset=\"https:\/\/decanali.ch\/wp-content\/uploads\/2021\/07\/Slow-Wine-slow-food-bio-biologisch-dynamisch-demeter-1-300x203.jpg 300w, https:\/\/decanali.ch\/wp-content\/uploads\/2021\/07\/Slow-Wine-slow-food-bio-biologisch-dynamisch-demeter-1.jpg 411w\" sizes=\"auto, (max-width: 148px) 100vw, 148px\" \/><\/p>\n","protected":false},"excerpt":{"rendered":"<p>Le Pinot Noir est un c\u00e9page rouge appr\u00e9ci\u00e9 dans le monde entier, connu pour son \u00e9l\u00e9gance et sa complexit\u00e9. Profil aromatique : Ar\u00f4mes de fruits rouges tels que les cerises, les fraises et les framboises, souvent accompagn\u00e9s de notes florales comme les violettes et d&rsquo;une subtile touche \u00e9pic\u00e9e. Go\u00fbt : En bouche, le Pinot Noir [&hellip;]<\/p>\n","protected":false},"featured_media":25279,"template":"","meta":{"_exactmetrics_skip_tracking":false,"_exactmetrics_sitenote_active":false,"_exactmetrics_sitenote_note":"","_exactmetrics_sitenote_category":0},"product_brand":[],"product_cat":[109,22],"product_tag":[102,104,103,101,43,44,46,75,47,48],"class_list":{"0":"post-21159","1":"product","2":"type-product","3":"status-publish","4":"has-post-thumbnail","6":"product_cat-vins-demeter-fr","7":"product_cat-vins-rouges","8":"product_tag-bio-weine-fr","9":"product_tag-biodynamisch-fr","10":"product_tag-biologisch-fr","11":"product_tag-biologisch-dynamisch","12":"product_tag-de-canali-fr","13":"product_tag-demeter-fr","14":"product_tag-salgesch-fr","15":"product_tag-vins-cina","16":"product_tag-weine-fr","17":"product_tag-weine-salgesch-fr","19":"first","20":"instock","21":"shipping-taxable","22":"purchasable","23":"product-type-simple"},"yoast_head":"<!-- This site is optimized with the Yoast SEO plugin v27.4 - https:\/\/yoast.com\/product\/yoast-seo-wordpress\/ -->\n<title>Pinot Noir &quot;Amor&quot; (75cl) demeter - Cave de Canali - Biodynamique et Aromatique<\/title>\n<meta name=\"description\" content=\"D\u00e9couvrez le Pinot Noir &quot;Amor&quot; biodynamique (demeter), un c\u00e9page rouge \u00e9l\u00e9gant et complexe aux ar\u00f4mes de fruits rouges, de notes florales et d&#039;\u00e9pices subtiles. Appr\u00e9ciez son \u00e9quilibre en bouche avec des tanins soyeux et une finale persistante.\" \/>\n<meta name=\"robots\" content=\"index, follow, max-snippet:-1, max-image-preview:large, max-video-preview:-1\" \/>\n<link rel=\"canonical\" href=\"https:\/\/decanali.ch\/produit\/pinot-noir-amor-aoc-vs-75cl-demeter\/\" \/>\n<meta property=\"og:locale\" content=\"fr_FR\" \/>\n<meta property=\"og:type\" content=\"article\" \/>\n<meta property=\"og:title\" content=\"Pinot Noir &quot;Amor&quot; (75cl) demeter - Cave de Canali - Biodynamique et Aromatique\" \/>\n<meta property=\"og:description\" content=\"D\u00e9couvrez le Pinot Noir &quot;Amor&quot; biodynamique (demeter), un c\u00e9page rouge \u00e9l\u00e9gant et complexe aux ar\u00f4mes de fruits rouges, de notes florales et d&#039;\u00e9pices subtiles. Appr\u00e9ciez son \u00e9quilibre en bouche avec des tanins soyeux et une finale persistante.\" \/>\n<meta property=\"og:url\" content=\"https:\/\/decanali.ch\/produit\/pinot-noir-amor-aoc-vs-75cl-demeter\/\" \/>\n<meta property=\"og:site_name\" content=\"Cave de Canali\" \/>\n<meta property=\"article:publisher\" content=\"https:\/\/www.facebook.com\/biodynamischeWeineDemeter\/?locale=de_DE\" \/>\n<meta property=\"article:modified_time\" content=\"2024-07-06T15:28:47+00:00\" \/>\n<meta property=\"og:image\" content=\"https:\/\/decanali.ch\/wp-content\/uploads\/2016\/04\/Pinot-noir-Amor-de-Canali-Salgesch-demeter-1.jpg\" \/>\n\t<meta property=\"og:image:width\" content=\"800\" \/>\n\t<meta property=\"og:image:height\" content=\"1060\" \/>\n\t<meta property=\"og:image:type\" content=\"image\/jpeg\" \/>\n<meta name=\"twitter:card\" content=\"summary_large_image\" \/>\n<meta name=\"twitter:label1\" content=\"Dur\u00e9e de lecture estim\u00e9e\" \/>\n\t<meta name=\"twitter:data1\" content=\"2 minutes\" \/>\n<script type=\"application\/ld+json\" class=\"yoast-schema-graph\">{\"@context\":\"https:\\\/\\\/schema.org\",\"@graph\":[{\"@type\":\"WebPage\",\"@id\":\"https:\\\/\\\/decanali.ch\\\/produit\\\/pinot-noir-amor-aoc-vs-75cl-demeter\\\/\",\"url\":\"https:\\\/\\\/decanali.ch\\\/produit\\\/pinot-noir-amor-aoc-vs-75cl-demeter\\\/\",\"name\":\"Pinot Noir \\\"Amor\\\" (75cl) demeter - Cave de Canali - Biodynamique et Aromatique\",\"isPartOf\":{\"@id\":\"https:\\\/\\\/decanali.ch\\\/#website\"},\"primaryImageOfPage\":{\"@id\":\"https:\\\/\\\/decanali.ch\\\/produit\\\/pinot-noir-amor-aoc-vs-75cl-demeter\\\/#primaryimage\"},\"image\":{\"@id\":\"https:\\\/\\\/decanali.ch\\\/produit\\\/pinot-noir-amor-aoc-vs-75cl-demeter\\\/#primaryimage\"},\"thumbnailUrl\":\"https:\\\/\\\/decanali.ch\\\/wp-content\\\/uploads\\\/2016\\\/04\\\/Pinot-noir-Amor-de-Canali-Salgesch-demeter-1.jpg\",\"datePublished\":\"2016-04-05T13:55:02+00:00\",\"dateModified\":\"2024-07-06T15:28:47+00:00\",\"description\":\"D\u00e9couvrez le Pinot Noir \\\"Amor\\\" biodynamique (demeter), un c\u00e9page rouge \u00e9l\u00e9gant et complexe aux ar\u00f4mes de fruits rouges, de notes florales et d'\u00e9pices subtiles. Appr\u00e9ciez son \u00e9quilibre en bouche avec des tanins soyeux et une finale persistante.\",\"breadcrumb\":{\"@id\":\"https:\\\/\\\/decanali.ch\\\/produit\\\/pinot-noir-amor-aoc-vs-75cl-demeter\\\/#breadcrumb\"},\"inLanguage\":\"fr-FR\",\"potentialAction\":[{\"@type\":\"ReadAction\",\"target\":[\"https:\\\/\\\/decanali.ch\\\/produit\\\/pinot-noir-amor-aoc-vs-75cl-demeter\\\/\"]}]},{\"@type\":\"ImageObject\",\"inLanguage\":\"fr-FR\",\"@id\":\"https:\\\/\\\/decanali.ch\\\/produit\\\/pinot-noir-amor-aoc-vs-75cl-demeter\\\/#primaryimage\",\"url\":\"https:\\\/\\\/decanali.ch\\\/wp-content\\\/uploads\\\/2016\\\/04\\\/Pinot-noir-Amor-de-Canali-Salgesch-demeter-1.jpg\",\"contentUrl\":\"https:\\\/\\\/decanali.ch\\\/wp-content\\\/uploads\\\/2016\\\/04\\\/Pinot-noir-Amor-de-Canali-Salgesch-demeter-1.jpg\",\"width\":800,\"height\":1060},{\"@type\":\"BreadcrumbList\",\"@id\":\"https:\\\/\\\/decanali.ch\\\/produit\\\/pinot-noir-amor-aoc-vs-75cl-demeter\\\/#breadcrumb\",\"itemListElement\":[{\"@type\":\"ListItem\",\"position\":1,\"name\":\"Startseite\",\"item\":\"https:\\\/\\\/decanali.ch\\\/fr\\\/\"},{\"@type\":\"ListItem\",\"position\":2,\"name\":\"Boutique de vin\",\"item\":\"https:\\\/\\\/decanali.ch\\\/fr\\\/?page_id=24602\"},{\"@type\":\"ListItem\",\"position\":3,\"name\":\"Pinot Noir &#8222;Amor&#8220; (75cl) demeter\"}]},{\"@type\":\"WebSite\",\"@id\":\"https:\\\/\\\/decanali.ch\\\/#website\",\"url\":\"https:\\\/\\\/decanali.ch\\\/\",\"name\":\"De Canali\",\"description\":\"Weingut \\\/ Weinberg \\\/ Weinshop in Salgesch\",\"publisher\":{\"@id\":\"https:\\\/\\\/decanali.ch\\\/#organization\"},\"potentialAction\":[{\"@type\":\"SearchAction\",\"target\":{\"@type\":\"EntryPoint\",\"urlTemplate\":\"https:\\\/\\\/decanali.ch\\\/?s={search_term_string}\"},\"query-input\":{\"@type\":\"PropertyValueSpecification\",\"valueRequired\":true,\"valueName\":\"search_term_string\"}}],\"inLanguage\":\"fr-FR\"},{\"@type\":\"Organization\",\"@id\":\"https:\\\/\\\/decanali.ch\\\/#organization\",\"name\":\"De Canali GmbH\",\"url\":\"https:\\\/\\\/decanali.ch\\\/\",\"logo\":{\"@type\":\"ImageObject\",\"inLanguage\":\"fr-FR\",\"@id\":\"https:\\\/\\\/decanali.ch\\\/#\\\/schema\\\/logo\\\/image\\\/\",\"url\":\"https:\\\/\\\/decanali.ch\\\/wp-content\\\/uploads\\\/2021\\\/03\\\/decanali-1-e1714062460794.png\",\"contentUrl\":\"https:\\\/\\\/decanali.ch\\\/wp-content\\\/uploads\\\/2021\\\/03\\\/decanali-1-e1714062460794.png\",\"width\":340,\"height\":156,\"caption\":\"De Canali GmbH\"},\"image\":{\"@id\":\"https:\\\/\\\/decanali.ch\\\/#\\\/schema\\\/logo\\\/image\\\/\"},\"sameAs\":[\"https:\\\/\\\/www.facebook.com\\\/biodynamischeWeineDemeter\\\/?locale=de_DE\",\"https:\\\/\\\/www.instagram.com\\\/accounts\\\/login\\\/?next=httpswww.instagram.comde_canali_weingut&is_from_rle\"]}]}<\/script>\n<!-- \/ Yoast SEO plugin. -->","yoast_head_json":{"title":"Pinot Noir \"Amor\" (75cl) demeter - Cave de Canali - Biodynamique et Aromatique","description":"D\u00e9couvrez le Pinot Noir \"Amor\" biodynamique (demeter), un c\u00e9page rouge \u00e9l\u00e9gant et complexe aux ar\u00f4mes de fruits rouges, de notes florales et d'\u00e9pices subtiles. Appr\u00e9ciez son \u00e9quilibre en bouche avec des tanins soyeux et une finale persistante.","robots":{"index":"index","follow":"follow","max-snippet":"max-snippet:-1","max-image-preview":"max-image-preview:large","max-video-preview":"max-video-preview:-1"},"canonical":"https:\/\/decanali.ch\/produit\/pinot-noir-amor-aoc-vs-75cl-demeter\/","og_locale":"fr_FR","og_type":"article","og_title":"Pinot Noir \"Amor\" (75cl) demeter - Cave de Canali - Biodynamique et Aromatique","og_description":"D\u00e9couvrez le Pinot Noir \"Amor\" biodynamique (demeter), un c\u00e9page rouge \u00e9l\u00e9gant et complexe aux ar\u00f4mes de fruits rouges, de notes florales et d'\u00e9pices subtiles. Appr\u00e9ciez son \u00e9quilibre en bouche avec des tanins soyeux et une finale persistante.","og_url":"https:\/\/decanali.ch\/produit\/pinot-noir-amor-aoc-vs-75cl-demeter\/","og_site_name":"Cave de Canali","article_publisher":"https:\/\/www.facebook.com\/biodynamischeWeineDemeter\/?locale=de_DE","article_modified_time":"2024-07-06T15:28:47+00:00","og_image":[{"width":800,"height":1060,"url":"https:\/\/decanali.ch\/wp-content\/uploads\/2016\/04\/Pinot-noir-Amor-de-Canali-Salgesch-demeter-1.jpg","type":"image\/jpeg"}],"twitter_card":"summary_large_image","twitter_misc":{"Dur\u00e9e de lecture estim\u00e9e":"2 minutes"},"schema":{"@context":"https:\/\/schema.org","@graph":[{"@type":"WebPage","@id":"https:\/\/decanali.ch\/produit\/pinot-noir-amor-aoc-vs-75cl-demeter\/","url":"https:\/\/decanali.ch\/produit\/pinot-noir-amor-aoc-vs-75cl-demeter\/","name":"Pinot Noir \"Amor\" (75cl) demeter - Cave de Canali - Biodynamique et Aromatique","isPartOf":{"@id":"https:\/\/decanali.ch\/#website"},"primaryImageOfPage":{"@id":"https:\/\/decanali.ch\/produit\/pinot-noir-amor-aoc-vs-75cl-demeter\/#primaryimage"},"image":{"@id":"https:\/\/decanali.ch\/produit\/pinot-noir-amor-aoc-vs-75cl-demeter\/#primaryimage"},"thumbnailUrl":"https:\/\/decanali.ch\/wp-content\/uploads\/2016\/04\/Pinot-noir-Amor-de-Canali-Salgesch-demeter-1.jpg","datePublished":"2016-04-05T13:55:02+00:00","dateModified":"2024-07-06T15:28:47+00:00","description":"D\u00e9couvrez le Pinot Noir \"Amor\" biodynamique (demeter), un c\u00e9page rouge \u00e9l\u00e9gant et complexe aux ar\u00f4mes de fruits rouges, de notes florales et d'\u00e9pices subtiles. Appr\u00e9ciez son \u00e9quilibre en bouche avec des tanins soyeux et une finale persistante.","breadcrumb":{"@id":"https:\/\/decanali.ch\/produit\/pinot-noir-amor-aoc-vs-75cl-demeter\/#breadcrumb"},"inLanguage":"fr-FR","potentialAction":[{"@type":"ReadAction","target":["https:\/\/decanali.ch\/produit\/pinot-noir-amor-aoc-vs-75cl-demeter\/"]}]},{"@type":"ImageObject","inLanguage":"fr-FR","@id":"https:\/\/decanali.ch\/produit\/pinot-noir-amor-aoc-vs-75cl-demeter\/#primaryimage","url":"https:\/\/decanali.ch\/wp-content\/uploads\/2016\/04\/Pinot-noir-Amor-de-Canali-Salgesch-demeter-1.jpg","contentUrl":"https:\/\/decanali.ch\/wp-content\/uploads\/2016\/04\/Pinot-noir-Amor-de-Canali-Salgesch-demeter-1.jpg","width":800,"height":1060},{"@type":"BreadcrumbList","@id":"https:\/\/decanali.ch\/produit\/pinot-noir-amor-aoc-vs-75cl-demeter\/#breadcrumb","itemListElement":[{"@type":"ListItem","position":1,"name":"Startseite","item":"https:\/\/decanali.ch\/fr\/"},{"@type":"ListItem","position":2,"name":"Boutique de vin","item":"https:\/\/decanali.ch\/fr\/?page_id=24602"},{"@type":"ListItem","position":3,"name":"Pinot Noir &#8222;Amor&#8220; (75cl) demeter"}]},{"@type":"WebSite","@id":"https:\/\/decanali.ch\/#website","url":"https:\/\/decanali.ch\/","name":"De Canali","description":"Weingut \/ Weinberg \/ Weinshop in Salgesch","publisher":{"@id":"https:\/\/decanali.ch\/#organization"},"potentialAction":[{"@type":"SearchAction","target":{"@type":"EntryPoint","urlTemplate":"https:\/\/decanali.ch\/?s={search_term_string}"},"query-input":{"@type":"PropertyValueSpecification","valueRequired":true,"valueName":"search_term_string"}}],"inLanguage":"fr-FR"},{"@type":"Organization","@id":"https:\/\/decanali.ch\/#organization","name":"De Canali GmbH","url":"https:\/\/decanali.ch\/","logo":{"@type":"ImageObject","inLanguage":"fr-FR","@id":"https:\/\/decanali.ch\/#\/schema\/logo\/image\/","url":"https:\/\/decanali.ch\/wp-content\/uploads\/2021\/03\/decanali-1-e1714062460794.png","contentUrl":"https:\/\/decanali.ch\/wp-content\/uploads\/2021\/03\/decanali-1-e1714062460794.png","width":340,"height":156,"caption":"De Canali GmbH"},"image":{"@id":"https:\/\/decanali.ch\/#\/schema\/logo\/image\/"},"sameAs":["https:\/\/www.facebook.com\/biodynamischeWeineDemeter\/?locale=de_DE","https:\/\/www.instagram.com\/accounts\/login\/?next=httpswww.instagram.comde_canali_weingut&is_from_rle"]}]}},"_links":{"self":[{"href":"https:\/\/decanali.ch\/fr\/wp-json\/wp\/v2\/product\/21159","targetHints":{"allow":["GET"]}}],"collection":[{"href":"https:\/\/decanali.ch\/fr\/wp-json\/wp\/v2\/product"}],"about":[{"href":"https:\/\/decanali.ch\/fr\/wp-json\/wp\/v2\/types\/product"}],"wp:featuredmedia":[{"embeddable":true,"href":"https:\/\/decanali.ch\/fr\/wp-json\/wp\/v2\/media\/25279"}],"wp:attachment":[{"href":"https:\/\/decanali.ch\/fr\/wp-json\/wp\/v2\/media?parent=21159"}],"wp:term":[{"taxonomy":"product_brand","embeddable":true,"href":"https:\/\/decanali.ch\/fr\/wp-json\/wp\/v2\/product_brand?post=21159"},{"taxonomy":"product_cat","embeddable":true,"href":"https:\/\/decanali.ch\/fr\/wp-json\/wp\/v2\/product_cat?post=21159"},{"taxonomy":"product_tag","embeddable":true,"href":"https:\/\/decanali.ch\/fr\/wp-json\/wp\/v2\/product_tag?post=21159"}],"curies":[{"name":"wp","href":"https:\/\/api.w.org\/{rel}","templated":true}]}}