{"id":23894,"date":"2021-06-15T18:54:18","date_gmt":"2021-06-15T18:54:19","guid":{"rendered":"http:\/\/decanali.ch.zeppelin.ch-meta.net\/?post_type=product&#038;p=23894"},"modified":"2024-06-30T16:12:18","modified_gmt":"2024-06-30T14:12:18","slug":"diolinoir-eliah-en-fut-de-chene-75cl-demeter","status":"publish","type":"product","link":"https:\/\/decanali.ch\/fr\/produit\/diolinoir-eliah-en-fut-de-chene-75cl-demeter\/","title":{"rendered":"Diolinoir \u00ab\u00a0Eliah\u00a0\u00bb en f\u00fbt de ch\u00eane  (75cl) demeter"},"content":{"rendered":"<p>Le Diolinoir est un c\u00e9page rouge d\u00e9velopp\u00e9 en 1970 au centre de recherche de Changins dans le canton de Vaud. Il est issu d&rsquo;un croisement entre le Robin Noir et le Pinot Noir, sp\u00e9cifiquement s\u00e9lectionn\u00e9 pour les conditions viticoles suisses.<\/p>\n<ol>\n<li><strong>Profil aromatique<\/strong> : Le Diolinoir \u00e9lev\u00e9 en f\u00fbt de ch\u00eane se caract\u00e9rise par des ar\u00f4mes intenses de baies noires telles que les m\u00fbres et les cassis, compl\u00e9t\u00e9s par des notes de vanille, de chocolat, de tabac et d&rsquo;\u00e9pices provenant de l&rsquo;\u00e9levage en f\u00fbt de ch\u00eane.<\/li>\n<li><strong>Go\u00fbt<\/strong> : En bouche, ce Diolinoir est ample et complexe, avec des tannins m\u00fbrs et une acidit\u00e9 bien int\u00e9gr\u00e9e. L&rsquo;\u00e9levage en f\u00fbt de ch\u00eane apporte une structure et une profondeur suppl\u00e9mentaires, conf\u00e9rant une texture velout\u00e9e et une l\u00e9g\u00e8re touche de fum\u00e9.<\/li>\n<li><strong>Finale<\/strong> : La finale est longue et lisse, avec un \u00e9quilibre harmonieux entre les fruits, les \u00e9pices et les notes bois\u00e9es du f\u00fbt de ch\u00eane. Les ar\u00f4mes de fruits noirs et d&rsquo;\u00e9pices persistent agr\u00e9ablement.<\/li>\n<\/ol>\n<p>Notre Diolinoir \u00ab\u00a0Eliah\u00a0\u00bb \u00e9lev\u00e9 en f\u00fbt de ch\u00eane est biodynamique (certifi\u00e9 demeter) et un vin puissant et complexe, parfait pour accompagner des plats copieux comme le b\u0153uf, l&rsquo;agneau, le gibier et les fromages affin\u00e9s. Id\u00e9al pour les amateurs de vin cherchant \u00e0 savourer un vin rouge au caract\u00e8re fort et aromatique avec une complexit\u00e9 suppl\u00e9mentaire.<\/p>\n<p><img loading=\"lazy\" decoding=\"async\" class=\"alignnone wp-image-25249\" src=\"https:\/\/decanali.ch\/wp-content\/uploads\/2016\/04\/Demeter-Biodynamisch-Rudolf-Steiner-de-Canali-Salgesch.png\" alt=\"\" width=\"215\" height=\"100\" \/>\u00a0 <img loading=\"lazy\" decoding=\"async\" class=\"alignnone wp-image-25590\" src=\"https:\/\/decanali.ch\/wp-content\/uploads\/2021\/07\/Slow-Wine-slow-food-bio-biologisch-dynamisch-demeter-1-300x203.jpg\" alt=\"\" width=\"148\" height=\"100\" srcset=\"https:\/\/decanali.ch\/wp-content\/uploads\/2021\/07\/Slow-Wine-slow-food-bio-biologisch-dynamisch-demeter-1-300x203.jpg 300w, https:\/\/decanali.ch\/wp-content\/uploads\/2021\/07\/Slow-Wine-slow-food-bio-biologisch-dynamisch-demeter-1.jpg 411w\" sizes=\"auto, (max-width: 148px) 100vw, 148px\" \/><\/p>\n","protected":false},"excerpt":{"rendered":"<p>Le Diolinoir est un c\u00e9page rouge d\u00e9velopp\u00e9 en 1970 au centre de recherche de Changins dans le canton de Vaud. Il est issu d&rsquo;un croisement entre le Robin Noir et le Pinot Noir, sp\u00e9cifiquement s\u00e9lectionn\u00e9 pour les conditions viticoles suisses. Profil aromatique : Le Diolinoir \u00e9lev\u00e9 en f\u00fbt de ch\u00eane se caract\u00e9rise par des ar\u00f4mes [&hellip;]<\/p>\n","protected":false},"featured_media":25300,"template":"","meta":{"_exactmetrics_skip_tracking":false,"_exactmetrics_sitenote_active":false,"_exactmetrics_sitenote_note":"","_exactmetrics_sitenote_category":0},"product_brand":[],"product_cat":[109,22],"product_tag":[102,40,104,103,101,43,44,46,75,47,48],"class_list":{"0":"post-23894","1":"product","2":"type-product","3":"status-publish","4":"has-post-thumbnail","6":"product_cat-vins-demeter-fr","7":"product_cat-vins-rouges","8":"product_tag-bio-weine-fr","9":"product_tag-bio-dynamisch-fr","10":"product_tag-biodynamisch-fr","11":"product_tag-biologisch-fr","12":"product_tag-biologisch-dynamisch","13":"product_tag-de-canali-fr","14":"product_tag-demeter-fr","15":"product_tag-salgesch-fr","16":"product_tag-vins-cina","17":"product_tag-weine-fr","18":"product_tag-weine-salgesch-fr","20":"first","21":"instock","22":"shipping-taxable","23":"purchasable","24":"product-type-simple"},"yoast_head":"<!-- This site is optimized with the Yoast SEO plugin v27.4 - https:\/\/yoast.com\/product\/yoast-seo-wordpress\/ -->\n<title>Diolinoir &quot;Eliah&quot; (Barrique) - Cave de Canali - Biodynamique, Puissant et Complexe<\/title>\n<meta name=\"description\" content=\"D\u00e9couvrez notre Diolinoir &quot;Eliah&quot; \u00e9lev\u00e9 en f\u00fbt de ch\u00eane, un vin rouge biodynamique (certifi\u00e9 demeter) aux ar\u00f4mes intenses de baies noires, vanille et \u00e9pices. Parfait avec le b\u0153uf, l&#039;agneau, le gibier et les fromages affin\u00e9s.\" \/>\n<meta name=\"robots\" content=\"index, follow, max-snippet:-1, max-image-preview:large, max-video-preview:-1\" \/>\n<link rel=\"canonical\" href=\"https:\/\/decanali.ch\/produit\/diolinoir-eliah-aus-dem-eichenfass-75cl-demeter\/\" \/>\n<meta property=\"og:locale\" content=\"fr_FR\" \/>\n<meta property=\"og:type\" content=\"article\" \/>\n<meta property=\"og:title\" content=\"Diolinoir &quot;Eliah&quot; (Barrique) - Cave de Canali - Biodynamique, Puissant et Complexe\" \/>\n<meta property=\"og:description\" content=\"D\u00e9couvrez notre Diolinoir &quot;Eliah&quot; \u00e9lev\u00e9 en f\u00fbt de ch\u00eane, un vin rouge biodynamique (certifi\u00e9 demeter) aux ar\u00f4mes intenses de baies noires, vanille et \u00e9pices. Parfait avec le b\u0153uf, l&#039;agneau, le gibier et les fromages affin\u00e9s.\" \/>\n<meta property=\"og:url\" content=\"https:\/\/decanali.ch\/produit\/diolinoir-eliah-aus-dem-eichenfass-75cl-demeter\/\" \/>\n<meta property=\"og:site_name\" content=\"Cave de Canali\" \/>\n<meta property=\"article:publisher\" content=\"https:\/\/www.facebook.com\/biodynamischeWeineDemeter\/?locale=de_DE\" \/>\n<meta property=\"article:modified_time\" content=\"2024-06-30T14:12:18+00:00\" \/>\n<meta property=\"og:image\" content=\"https:\/\/decanali.ch\/wp-content\/uploads\/2021\/06\/Eliah-de-Canali-Salgesch-demeter-.jpg\" \/>\n\t<meta property=\"og:image:width\" content=\"800\" \/>\n\t<meta property=\"og:image:height\" content=\"1060\" \/>\n\t<meta property=\"og:image:type\" content=\"image\/jpeg\" \/>\n<meta name=\"twitter:card\" content=\"summary_large_image\" \/>\n<meta name=\"twitter:label1\" content=\"Dur\u00e9e de lecture estim\u00e9e\" \/>\n\t<meta name=\"twitter:data1\" content=\"2 minutes\" \/>\n<script type=\"application\/ld+json\" class=\"yoast-schema-graph\">{\"@context\":\"https:\\\/\\\/schema.org\",\"@graph\":[{\"@type\":\"WebPage\",\"@id\":\"https:\\\/\\\/decanali.ch\\\/produit\\\/diolinoir-eliah-aus-dem-eichenfass-75cl-demeter\\\/\",\"url\":\"https:\\\/\\\/decanali.ch\\\/produit\\\/diolinoir-eliah-aus-dem-eichenfass-75cl-demeter\\\/\",\"name\":\"Diolinoir \\\"Eliah\\\" (Barrique) - Cave de Canali - Biodynamique, Puissant et Complexe\",\"isPartOf\":{\"@id\":\"https:\\\/\\\/decanali.ch\\\/#website\"},\"primaryImageOfPage\":{\"@id\":\"https:\\\/\\\/decanali.ch\\\/produit\\\/diolinoir-eliah-aus-dem-eichenfass-75cl-demeter\\\/#primaryimage\"},\"image\":{\"@id\":\"https:\\\/\\\/decanali.ch\\\/produit\\\/diolinoir-eliah-aus-dem-eichenfass-75cl-demeter\\\/#primaryimage\"},\"thumbnailUrl\":\"https:\\\/\\\/decanali.ch\\\/wp-content\\\/uploads\\\/2021\\\/06\\\/Eliah-de-Canali-Salgesch-demeter-.jpg\",\"datePublished\":\"2021-06-15T18:54:19+00:00\",\"dateModified\":\"2024-06-30T14:12:18+00:00\",\"description\":\"D\u00e9couvrez notre Diolinoir \\\"Eliah\\\" \u00e9lev\u00e9 en f\u00fbt de ch\u00eane, un vin rouge biodynamique (certifi\u00e9 demeter) aux ar\u00f4mes intenses de baies noires, vanille et \u00e9pices. Parfait avec le b\u0153uf, l'agneau, le gibier et les fromages affin\u00e9s.\",\"breadcrumb\":{\"@id\":\"https:\\\/\\\/decanali.ch\\\/produit\\\/diolinoir-eliah-aus-dem-eichenfass-75cl-demeter\\\/#breadcrumb\"},\"inLanguage\":\"fr-FR\",\"potentialAction\":[{\"@type\":\"ReadAction\",\"target\":[\"https:\\\/\\\/decanali.ch\\\/produit\\\/diolinoir-eliah-aus-dem-eichenfass-75cl-demeter\\\/\"]}]},{\"@type\":\"ImageObject\",\"inLanguage\":\"fr-FR\",\"@id\":\"https:\\\/\\\/decanali.ch\\\/produit\\\/diolinoir-eliah-aus-dem-eichenfass-75cl-demeter\\\/#primaryimage\",\"url\":\"https:\\\/\\\/decanali.ch\\\/wp-content\\\/uploads\\\/2021\\\/06\\\/Eliah-de-Canali-Salgesch-demeter-.jpg\",\"contentUrl\":\"https:\\\/\\\/decanali.ch\\\/wp-content\\\/uploads\\\/2021\\\/06\\\/Eliah-de-Canali-Salgesch-demeter-.jpg\",\"width\":800,\"height\":1060},{\"@type\":\"BreadcrumbList\",\"@id\":\"https:\\\/\\\/decanali.ch\\\/produit\\\/diolinoir-eliah-aus-dem-eichenfass-75cl-demeter\\\/#breadcrumb\",\"itemListElement\":[{\"@type\":\"ListItem\",\"position\":1,\"name\":\"Startseite\",\"item\":\"https:\\\/\\\/decanali.ch\\\/fr\\\/\"},{\"@type\":\"ListItem\",\"position\":2,\"name\":\"Boutique de vin\",\"item\":\"https:\\\/\\\/decanali.ch\\\/fr\\\/?page_id=24602\"},{\"@type\":\"ListItem\",\"position\":3,\"name\":\"Diolinoir &#8222;Eliah&#8220; en f\u00fbt de ch\u00eane (75cl) demeter\"}]},{\"@type\":\"WebSite\",\"@id\":\"https:\\\/\\\/decanali.ch\\\/#website\",\"url\":\"https:\\\/\\\/decanali.ch\\\/\",\"name\":\"De Canali\",\"description\":\"Weingut \\\/ Weinberg \\\/ Weinshop in Salgesch\",\"publisher\":{\"@id\":\"https:\\\/\\\/decanali.ch\\\/#organization\"},\"potentialAction\":[{\"@type\":\"SearchAction\",\"target\":{\"@type\":\"EntryPoint\",\"urlTemplate\":\"https:\\\/\\\/decanali.ch\\\/?s={search_term_string}\"},\"query-input\":{\"@type\":\"PropertyValueSpecification\",\"valueRequired\":true,\"valueName\":\"search_term_string\"}}],\"inLanguage\":\"fr-FR\"},{\"@type\":\"Organization\",\"@id\":\"https:\\\/\\\/decanali.ch\\\/#organization\",\"name\":\"De Canali GmbH\",\"url\":\"https:\\\/\\\/decanali.ch\\\/\",\"logo\":{\"@type\":\"ImageObject\",\"inLanguage\":\"fr-FR\",\"@id\":\"https:\\\/\\\/decanali.ch\\\/#\\\/schema\\\/logo\\\/image\\\/\",\"url\":\"https:\\\/\\\/decanali.ch\\\/wp-content\\\/uploads\\\/2021\\\/03\\\/decanali-1-e1714062460794.png\",\"contentUrl\":\"https:\\\/\\\/decanali.ch\\\/wp-content\\\/uploads\\\/2021\\\/03\\\/decanali-1-e1714062460794.png\",\"width\":340,\"height\":156,\"caption\":\"De Canali GmbH\"},\"image\":{\"@id\":\"https:\\\/\\\/decanali.ch\\\/#\\\/schema\\\/logo\\\/image\\\/\"},\"sameAs\":[\"https:\\\/\\\/www.facebook.com\\\/biodynamischeWeineDemeter\\\/?locale=de_DE\",\"https:\\\/\\\/www.instagram.com\\\/accounts\\\/login\\\/?next=httpswww.instagram.comde_canali_weingut&is_from_rle\"]}]}<\/script>\n<!-- \/ Yoast SEO plugin. -->","yoast_head_json":{"title":"Diolinoir \"Eliah\" (Barrique) - Cave de Canali - Biodynamique, Puissant et Complexe","description":"D\u00e9couvrez notre Diolinoir \"Eliah\" \u00e9lev\u00e9 en f\u00fbt de ch\u00eane, un vin rouge biodynamique (certifi\u00e9 demeter) aux ar\u00f4mes intenses de baies noires, vanille et \u00e9pices. Parfait avec le b\u0153uf, l'agneau, le gibier et les fromages affin\u00e9s.","robots":{"index":"index","follow":"follow","max-snippet":"max-snippet:-1","max-image-preview":"max-image-preview:large","max-video-preview":"max-video-preview:-1"},"canonical":"https:\/\/decanali.ch\/produit\/diolinoir-eliah-aus-dem-eichenfass-75cl-demeter\/","og_locale":"fr_FR","og_type":"article","og_title":"Diolinoir \"Eliah\" (Barrique) - Cave de Canali - Biodynamique, Puissant et Complexe","og_description":"D\u00e9couvrez notre Diolinoir \"Eliah\" \u00e9lev\u00e9 en f\u00fbt de ch\u00eane, un vin rouge biodynamique (certifi\u00e9 demeter) aux ar\u00f4mes intenses de baies noires, vanille et \u00e9pices. Parfait avec le b\u0153uf, l'agneau, le gibier et les fromages affin\u00e9s.","og_url":"https:\/\/decanali.ch\/produit\/diolinoir-eliah-aus-dem-eichenfass-75cl-demeter\/","og_site_name":"Cave de Canali","article_publisher":"https:\/\/www.facebook.com\/biodynamischeWeineDemeter\/?locale=de_DE","article_modified_time":"2024-06-30T14:12:18+00:00","og_image":[{"width":800,"height":1060,"url":"https:\/\/decanali.ch\/wp-content\/uploads\/2021\/06\/Eliah-de-Canali-Salgesch-demeter-.jpg","type":"image\/jpeg"}],"twitter_card":"summary_large_image","twitter_misc":{"Dur\u00e9e de lecture estim\u00e9e":"2 minutes"},"schema":{"@context":"https:\/\/schema.org","@graph":[{"@type":"WebPage","@id":"https:\/\/decanali.ch\/produit\/diolinoir-eliah-aus-dem-eichenfass-75cl-demeter\/","url":"https:\/\/decanali.ch\/produit\/diolinoir-eliah-aus-dem-eichenfass-75cl-demeter\/","name":"Diolinoir \"Eliah\" (Barrique) - Cave de Canali - Biodynamique, Puissant et Complexe","isPartOf":{"@id":"https:\/\/decanali.ch\/#website"},"primaryImageOfPage":{"@id":"https:\/\/decanali.ch\/produit\/diolinoir-eliah-aus-dem-eichenfass-75cl-demeter\/#primaryimage"},"image":{"@id":"https:\/\/decanali.ch\/produit\/diolinoir-eliah-aus-dem-eichenfass-75cl-demeter\/#primaryimage"},"thumbnailUrl":"https:\/\/decanali.ch\/wp-content\/uploads\/2021\/06\/Eliah-de-Canali-Salgesch-demeter-.jpg","datePublished":"2021-06-15T18:54:19+00:00","dateModified":"2024-06-30T14:12:18+00:00","description":"D\u00e9couvrez notre Diolinoir \"Eliah\" \u00e9lev\u00e9 en f\u00fbt de ch\u00eane, un vin rouge biodynamique (certifi\u00e9 demeter) aux ar\u00f4mes intenses de baies noires, vanille et \u00e9pices. Parfait avec le b\u0153uf, l'agneau, le gibier et les fromages affin\u00e9s.","breadcrumb":{"@id":"https:\/\/decanali.ch\/produit\/diolinoir-eliah-aus-dem-eichenfass-75cl-demeter\/#breadcrumb"},"inLanguage":"fr-FR","potentialAction":[{"@type":"ReadAction","target":["https:\/\/decanali.ch\/produit\/diolinoir-eliah-aus-dem-eichenfass-75cl-demeter\/"]}]},{"@type":"ImageObject","inLanguage":"fr-FR","@id":"https:\/\/decanali.ch\/produit\/diolinoir-eliah-aus-dem-eichenfass-75cl-demeter\/#primaryimage","url":"https:\/\/decanali.ch\/wp-content\/uploads\/2021\/06\/Eliah-de-Canali-Salgesch-demeter-.jpg","contentUrl":"https:\/\/decanali.ch\/wp-content\/uploads\/2021\/06\/Eliah-de-Canali-Salgesch-demeter-.jpg","width":800,"height":1060},{"@type":"BreadcrumbList","@id":"https:\/\/decanali.ch\/produit\/diolinoir-eliah-aus-dem-eichenfass-75cl-demeter\/#breadcrumb","itemListElement":[{"@type":"ListItem","position":1,"name":"Startseite","item":"https:\/\/decanali.ch\/fr\/"},{"@type":"ListItem","position":2,"name":"Boutique de vin","item":"https:\/\/decanali.ch\/fr\/?page_id=24602"},{"@type":"ListItem","position":3,"name":"Diolinoir &#8222;Eliah&#8220; en f\u00fbt de ch\u00eane (75cl) demeter"}]},{"@type":"WebSite","@id":"https:\/\/decanali.ch\/#website","url":"https:\/\/decanali.ch\/","name":"De Canali","description":"Weingut \/ Weinberg \/ Weinshop in Salgesch","publisher":{"@id":"https:\/\/decanali.ch\/#organization"},"potentialAction":[{"@type":"SearchAction","target":{"@type":"EntryPoint","urlTemplate":"https:\/\/decanali.ch\/?s={search_term_string}"},"query-input":{"@type":"PropertyValueSpecification","valueRequired":true,"valueName":"search_term_string"}}],"inLanguage":"fr-FR"},{"@type":"Organization","@id":"https:\/\/decanali.ch\/#organization","name":"De Canali GmbH","url":"https:\/\/decanali.ch\/","logo":{"@type":"ImageObject","inLanguage":"fr-FR","@id":"https:\/\/decanali.ch\/#\/schema\/logo\/image\/","url":"https:\/\/decanali.ch\/wp-content\/uploads\/2021\/03\/decanali-1-e1714062460794.png","contentUrl":"https:\/\/decanali.ch\/wp-content\/uploads\/2021\/03\/decanali-1-e1714062460794.png","width":340,"height":156,"caption":"De Canali GmbH"},"image":{"@id":"https:\/\/decanali.ch\/#\/schema\/logo\/image\/"},"sameAs":["https:\/\/www.facebook.com\/biodynamischeWeineDemeter\/?locale=de_DE","https:\/\/www.instagram.com\/accounts\/login\/?next=httpswww.instagram.comde_canali_weingut&is_from_rle"]}]}},"_links":{"self":[{"href":"https:\/\/decanali.ch\/fr\/wp-json\/wp\/v2\/product\/23894","targetHints":{"allow":["GET"]}}],"collection":[{"href":"https:\/\/decanali.ch\/fr\/wp-json\/wp\/v2\/product"}],"about":[{"href":"https:\/\/decanali.ch\/fr\/wp-json\/wp\/v2\/types\/product"}],"wp:featuredmedia":[{"embeddable":true,"href":"https:\/\/decanali.ch\/fr\/wp-json\/wp\/v2\/media\/25300"}],"wp:attachment":[{"href":"https:\/\/decanali.ch\/fr\/wp-json\/wp\/v2\/media?parent=23894"}],"wp:term":[{"taxonomy":"product_brand","embeddable":true,"href":"https:\/\/decanali.ch\/fr\/wp-json\/wp\/v2\/product_brand?post=23894"},{"taxonomy":"product_cat","embeddable":true,"href":"https:\/\/decanali.ch\/fr\/wp-json\/wp\/v2\/product_cat?post=23894"},{"taxonomy":"product_tag","embeddable":true,"href":"https:\/\/decanali.ch\/fr\/wp-json\/wp\/v2\/product_tag?post=23894"}],"curies":[{"name":"wp","href":"https:\/\/api.w.org\/{rel}","templated":true}]}}