{"id":23897,"date":"2021-06-15T18:56:09","date_gmt":"2021-06-15T18:56:09","guid":{"rendered":"http:\/\/decanali.ch.zeppelin.ch-meta.net\/?post_type=product&#038;p=23897"},"modified":"2024-07-13T21:33:44","modified_gmt":"2024-07-13T19:33:44","slug":"neo-vino-75cl","status":"publish","type":"product","link":"https:\/\/decanali.ch\/fr\/produit\/neo-vino-75cl\/","title":{"rendered":"Neo Vino  (75cl)"},"content":{"rendered":"<ol>\n<li><strong>Profil aromatique :<\/strong> Le bouquet se distingue par des notes fruit\u00e9es intenses de fraises, framboises, p\u00eaches et agrumes, compl\u00e9t\u00e9es par de fines nuances florales et subtilement \u00e9pic\u00e9es.<\/li>\n<li><strong>Go\u00fbt :<\/strong> En bouche, le vin se pr\u00e9sente harmonieux et \u00e9quilibr\u00e9. Les ar\u00f4mes de fruits sont accompagn\u00e9s d&rsquo;une acidit\u00e9 agr\u00e9able et d&rsquo;une l\u00e9g\u00e8re douceur r\u00e9siduelle, cr\u00e9ant une sensation en bouche douce. Une exp\u00e9rience gustative avec de la profondeur, des \u00e9pices, des tanins \u00e9l\u00e9gants et une fructuosit\u00e9 suppl\u00e9mentaire.<\/li>\n<li><strong>Finale :<\/strong> La finale est longue et agr\u00e9able, avec un \u00e9quilibre harmonieux entre fra\u00eecheur et douceur. Une min\u00e9ralit\u00e9 subtile accompagne les notes fruit\u00e9es et florales jusqu&rsquo;\u00e0 la fin.<\/li>\n<li><strong>Design :<\/strong> L&rsquo;\u00e9tiquette a \u00e9t\u00e9 cr\u00e9\u00e9e par l&rsquo;artiste berlinois Kai \u00abRaws\u00bb Imhof.<\/li>\n<\/ol>\n<p>Notre Neo Vino est id\u00e9al en ap\u00e9ritif ainsi qu&rsquo;avec des plats l\u00e9gers d&rsquo;\u00e9t\u00e9, des salades et des mets asiatiques. Sa complexit\u00e9 et son go\u00fbt \u00e9quilibr\u00e9 en font le choix parfait pour des occasions conviviales et des moments de d\u00e9tente.<\/p>\n<ol>\n<li style=\"list-style-type: none;\"><\/li>\n<\/ol>\n<p><img loading=\"lazy\" decoding=\"async\" class=\"alignnone wp-image-25590\" src=\"https:\/\/decanali.ch\/wp-content\/uploads\/2021\/07\/Slow-Wine-slow-food-bio-biologisch-dynamisch-demeter-1-300x203.jpg\" alt=\"\" width=\"148\" height=\"100\" srcset=\"https:\/\/decanali.ch\/wp-content\/uploads\/2021\/07\/Slow-Wine-slow-food-bio-biologisch-dynamisch-demeter-1-300x203.jpg 300w, https:\/\/decanali.ch\/wp-content\/uploads\/2021\/07\/Slow-Wine-slow-food-bio-biologisch-dynamisch-demeter-1.jpg 411w\" sizes=\"auto, (max-width: 148px) 100vw, 148px\" \/><\/p>\n","protected":false},"excerpt":{"rendered":"<p>Profil aromatique : Le bouquet se distingue par des notes fruit\u00e9es intenses de fraises, framboises, p\u00eaches et agrumes, compl\u00e9t\u00e9es par de fines nuances florales et subtilement \u00e9pic\u00e9es. Go\u00fbt : En bouche, le vin se pr\u00e9sente harmonieux et \u00e9quilibr\u00e9. Les ar\u00f4mes de fruits sont accompagn\u00e9s d&rsquo;une acidit\u00e9 agr\u00e9able et d&rsquo;une l\u00e9g\u00e8re douceur r\u00e9siduelle, cr\u00e9ant une sensation [&hellip;]<\/p>\n","protected":false},"featured_media":25412,"template":"","meta":{"_exactmetrics_skip_tracking":false,"_exactmetrics_sitenote_active":false,"_exactmetrics_sitenote_note":"","_exactmetrics_sitenote_category":0},"product_brand":[],"product_cat":[21],"product_tag":[102,40,104,103,101,43,44,46,75,47,48],"class_list":{"0":"post-23897","1":"product","2":"type-product","3":"status-publish","4":"has-post-thumbnail","6":"product_cat-rose-fr","7":"product_tag-bio-weine-fr","8":"product_tag-bio-dynamisch-fr","9":"product_tag-biodynamisch-fr","10":"product_tag-biologisch-fr","11":"product_tag-biologisch-dynamisch","12":"product_tag-de-canali-fr","13":"product_tag-demeter-fr","14":"product_tag-salgesch-fr","15":"product_tag-vins-cina","16":"product_tag-weine-fr","17":"product_tag-weine-salgesch-fr","19":"first","20":"instock","21":"shipping-taxable","22":"purchasable","23":"product-type-simple"},"yoast_head":"<!-- This site is optimized with the Yoast SEO plugin v27.4 - https:\/\/yoast.com\/product\/yoast-seo-wordpress\/ -->\n<title>Neo Vino (75cl) - Cave de Canali - Ros\u00e9 Complex et \u00c9quilibr\u00e9<\/title>\n<meta name=\"description\" content=\"D\u00e9couvrez Neo Vino, un assemblage de ros\u00e9 complexe avec des notes de fraises, framboises, cerises, et une touche florale et \u00e9pic\u00e9e. Corps moyen, acidit\u00e9 vive et finale fra\u00eeche avec l\u00e9g\u00e8res notes \u00e9pic\u00e9es. Parfait avec salades, l\u00e9gumes grill\u00e9s, fruits de mer et viandes l\u00e9g\u00e8res.\" \/>\n<meta name=\"robots\" content=\"index, follow, max-snippet:-1, max-image-preview:large, max-video-preview:-1\" \/>\n<link rel=\"canonical\" href=\"https:\/\/decanali.ch\/produit\/neo-vino-75cl\/\" \/>\n<meta property=\"og:locale\" content=\"fr_FR\" \/>\n<meta property=\"og:type\" content=\"article\" \/>\n<meta property=\"og:title\" content=\"Neo Vino (75cl) - Cave de Canali - Ros\u00e9 Complex et \u00c9quilibr\u00e9\" \/>\n<meta property=\"og:description\" content=\"D\u00e9couvrez Neo Vino, un assemblage de ros\u00e9 complexe avec des notes de fraises, framboises, cerises, et une touche florale et \u00e9pic\u00e9e. Corps moyen, acidit\u00e9 vive et finale fra\u00eeche avec l\u00e9g\u00e8res notes \u00e9pic\u00e9es. Parfait avec salades, l\u00e9gumes grill\u00e9s, fruits de mer et viandes l\u00e9g\u00e8res.\" \/>\n<meta property=\"og:url\" content=\"https:\/\/decanali.ch\/produit\/neo-vino-75cl\/\" \/>\n<meta property=\"og:site_name\" content=\"Cave de Canali\" \/>\n<meta property=\"article:publisher\" content=\"https:\/\/www.facebook.com\/biodynamischeWeineDemeter\/?locale=de_DE\" \/>\n<meta property=\"article:modified_time\" content=\"2024-07-13T19:33:44+00:00\" \/>\n<meta property=\"og:image\" content=\"https:\/\/decanali.ch\/wp-content\/uploads\/2021\/06\/Neo-Vino-de-Canali-Salgesch-demeter-1.jpg\" \/>\n\t<meta property=\"og:image:width\" content=\"800\" \/>\n\t<meta property=\"og:image:height\" content=\"1060\" \/>\n\t<meta property=\"og:image:type\" content=\"image\/jpeg\" \/>\n<meta name=\"twitter:card\" content=\"summary_large_image\" \/>\n<meta name=\"twitter:label1\" content=\"Dur\u00e9e de lecture estim\u00e9e\" \/>\n\t<meta name=\"twitter:data1\" content=\"2 minutes\" \/>\n<script type=\"application\/ld+json\" class=\"yoast-schema-graph\">{\"@context\":\"https:\\\/\\\/schema.org\",\"@graph\":[{\"@type\":\"WebPage\",\"@id\":\"https:\\\/\\\/decanali.ch\\\/produit\\\/neo-vino-75cl\\\/\",\"url\":\"https:\\\/\\\/decanali.ch\\\/produit\\\/neo-vino-75cl\\\/\",\"name\":\"Neo Vino (75cl) - Cave de Canali - Ros\u00e9 Complex et \u00c9quilibr\u00e9\",\"isPartOf\":{\"@id\":\"https:\\\/\\\/decanali.ch\\\/#website\"},\"primaryImageOfPage\":{\"@id\":\"https:\\\/\\\/decanali.ch\\\/produit\\\/neo-vino-75cl\\\/#primaryimage\"},\"image\":{\"@id\":\"https:\\\/\\\/decanali.ch\\\/produit\\\/neo-vino-75cl\\\/#primaryimage\"},\"thumbnailUrl\":\"https:\\\/\\\/decanali.ch\\\/wp-content\\\/uploads\\\/2021\\\/06\\\/Neo-Vino-de-Canali-Salgesch-demeter-1.jpg\",\"datePublished\":\"2021-06-15T18:56:09+00:00\",\"dateModified\":\"2024-07-13T19:33:44+00:00\",\"description\":\"D\u00e9couvrez Neo Vino, un assemblage de ros\u00e9 complexe avec des notes de fraises, framboises, cerises, et une touche florale et \u00e9pic\u00e9e. Corps moyen, acidit\u00e9 vive et finale fra\u00eeche avec l\u00e9g\u00e8res notes \u00e9pic\u00e9es. Parfait avec salades, l\u00e9gumes grill\u00e9s, fruits de mer et viandes l\u00e9g\u00e8res.\",\"breadcrumb\":{\"@id\":\"https:\\\/\\\/decanali.ch\\\/produit\\\/neo-vino-75cl\\\/#breadcrumb\"},\"inLanguage\":\"fr-FR\",\"potentialAction\":[{\"@type\":\"ReadAction\",\"target\":[\"https:\\\/\\\/decanali.ch\\\/produit\\\/neo-vino-75cl\\\/\"]}]},{\"@type\":\"ImageObject\",\"inLanguage\":\"fr-FR\",\"@id\":\"https:\\\/\\\/decanali.ch\\\/produit\\\/neo-vino-75cl\\\/#primaryimage\",\"url\":\"https:\\\/\\\/decanali.ch\\\/wp-content\\\/uploads\\\/2021\\\/06\\\/Neo-Vino-de-Canali-Salgesch-demeter-1.jpg\",\"contentUrl\":\"https:\\\/\\\/decanali.ch\\\/wp-content\\\/uploads\\\/2021\\\/06\\\/Neo-Vino-de-Canali-Salgesch-demeter-1.jpg\",\"width\":800,\"height\":1060},{\"@type\":\"BreadcrumbList\",\"@id\":\"https:\\\/\\\/decanali.ch\\\/produit\\\/neo-vino-75cl\\\/#breadcrumb\",\"itemListElement\":[{\"@type\":\"ListItem\",\"position\":1,\"name\":\"Startseite\",\"item\":\"https:\\\/\\\/decanali.ch\\\/fr\\\/\"},{\"@type\":\"ListItem\",\"position\":2,\"name\":\"Boutique de vin\",\"item\":\"https:\\\/\\\/decanali.ch\\\/fr\\\/?page_id=24602\"},{\"@type\":\"ListItem\",\"position\":3,\"name\":\"Neo Vino (75cl)\"}]},{\"@type\":\"WebSite\",\"@id\":\"https:\\\/\\\/decanali.ch\\\/#website\",\"url\":\"https:\\\/\\\/decanali.ch\\\/\",\"name\":\"De Canali\",\"description\":\"Weingut \\\/ Weinberg \\\/ Weinshop in Salgesch\",\"publisher\":{\"@id\":\"https:\\\/\\\/decanali.ch\\\/#organization\"},\"potentialAction\":[{\"@type\":\"SearchAction\",\"target\":{\"@type\":\"EntryPoint\",\"urlTemplate\":\"https:\\\/\\\/decanali.ch\\\/?s={search_term_string}\"},\"query-input\":{\"@type\":\"PropertyValueSpecification\",\"valueRequired\":true,\"valueName\":\"search_term_string\"}}],\"inLanguage\":\"fr-FR\"},{\"@type\":\"Organization\",\"@id\":\"https:\\\/\\\/decanali.ch\\\/#organization\",\"name\":\"De Canali GmbH\",\"url\":\"https:\\\/\\\/decanali.ch\\\/\",\"logo\":{\"@type\":\"ImageObject\",\"inLanguage\":\"fr-FR\",\"@id\":\"https:\\\/\\\/decanali.ch\\\/#\\\/schema\\\/logo\\\/image\\\/\",\"url\":\"https:\\\/\\\/decanali.ch\\\/wp-content\\\/uploads\\\/2021\\\/03\\\/decanali-1-e1714062460794.png\",\"contentUrl\":\"https:\\\/\\\/decanali.ch\\\/wp-content\\\/uploads\\\/2021\\\/03\\\/decanali-1-e1714062460794.png\",\"width\":340,\"height\":156,\"caption\":\"De Canali GmbH\"},\"image\":{\"@id\":\"https:\\\/\\\/decanali.ch\\\/#\\\/schema\\\/logo\\\/image\\\/\"},\"sameAs\":[\"https:\\\/\\\/www.facebook.com\\\/biodynamischeWeineDemeter\\\/?locale=de_DE\",\"https:\\\/\\\/www.instagram.com\\\/accounts\\\/login\\\/?next=httpswww.instagram.comde_canali_weingut&is_from_rle\"]}]}<\/script>\n<!-- \/ Yoast SEO plugin. -->","yoast_head_json":{"title":"Neo Vino (75cl) - Cave de Canali - Ros\u00e9 Complex et \u00c9quilibr\u00e9","description":"D\u00e9couvrez Neo Vino, un assemblage de ros\u00e9 complexe avec des notes de fraises, framboises, cerises, et une touche florale et \u00e9pic\u00e9e. Corps moyen, acidit\u00e9 vive et finale fra\u00eeche avec l\u00e9g\u00e8res notes \u00e9pic\u00e9es. Parfait avec salades, l\u00e9gumes grill\u00e9s, fruits de mer et viandes l\u00e9g\u00e8res.","robots":{"index":"index","follow":"follow","max-snippet":"max-snippet:-1","max-image-preview":"max-image-preview:large","max-video-preview":"max-video-preview:-1"},"canonical":"https:\/\/decanali.ch\/produit\/neo-vino-75cl\/","og_locale":"fr_FR","og_type":"article","og_title":"Neo Vino (75cl) - Cave de Canali - Ros\u00e9 Complex et \u00c9quilibr\u00e9","og_description":"D\u00e9couvrez Neo Vino, un assemblage de ros\u00e9 complexe avec des notes de fraises, framboises, cerises, et une touche florale et \u00e9pic\u00e9e. Corps moyen, acidit\u00e9 vive et finale fra\u00eeche avec l\u00e9g\u00e8res notes \u00e9pic\u00e9es. Parfait avec salades, l\u00e9gumes grill\u00e9s, fruits de mer et viandes l\u00e9g\u00e8res.","og_url":"https:\/\/decanali.ch\/produit\/neo-vino-75cl\/","og_site_name":"Cave de Canali","article_publisher":"https:\/\/www.facebook.com\/biodynamischeWeineDemeter\/?locale=de_DE","article_modified_time":"2024-07-13T19:33:44+00:00","og_image":[{"width":800,"height":1060,"url":"https:\/\/decanali.ch\/wp-content\/uploads\/2021\/06\/Neo-Vino-de-Canali-Salgesch-demeter-1.jpg","type":"image\/jpeg"}],"twitter_card":"summary_large_image","twitter_misc":{"Dur\u00e9e de lecture estim\u00e9e":"2 minutes"},"schema":{"@context":"https:\/\/schema.org","@graph":[{"@type":"WebPage","@id":"https:\/\/decanali.ch\/produit\/neo-vino-75cl\/","url":"https:\/\/decanali.ch\/produit\/neo-vino-75cl\/","name":"Neo Vino (75cl) - Cave de Canali - Ros\u00e9 Complex et \u00c9quilibr\u00e9","isPartOf":{"@id":"https:\/\/decanali.ch\/#website"},"primaryImageOfPage":{"@id":"https:\/\/decanali.ch\/produit\/neo-vino-75cl\/#primaryimage"},"image":{"@id":"https:\/\/decanali.ch\/produit\/neo-vino-75cl\/#primaryimage"},"thumbnailUrl":"https:\/\/decanali.ch\/wp-content\/uploads\/2021\/06\/Neo-Vino-de-Canali-Salgesch-demeter-1.jpg","datePublished":"2021-06-15T18:56:09+00:00","dateModified":"2024-07-13T19:33:44+00:00","description":"D\u00e9couvrez Neo Vino, un assemblage de ros\u00e9 complexe avec des notes de fraises, framboises, cerises, et une touche florale et \u00e9pic\u00e9e. Corps moyen, acidit\u00e9 vive et finale fra\u00eeche avec l\u00e9g\u00e8res notes \u00e9pic\u00e9es. Parfait avec salades, l\u00e9gumes grill\u00e9s, fruits de mer et viandes l\u00e9g\u00e8res.","breadcrumb":{"@id":"https:\/\/decanali.ch\/produit\/neo-vino-75cl\/#breadcrumb"},"inLanguage":"fr-FR","potentialAction":[{"@type":"ReadAction","target":["https:\/\/decanali.ch\/produit\/neo-vino-75cl\/"]}]},{"@type":"ImageObject","inLanguage":"fr-FR","@id":"https:\/\/decanali.ch\/produit\/neo-vino-75cl\/#primaryimage","url":"https:\/\/decanali.ch\/wp-content\/uploads\/2021\/06\/Neo-Vino-de-Canali-Salgesch-demeter-1.jpg","contentUrl":"https:\/\/decanali.ch\/wp-content\/uploads\/2021\/06\/Neo-Vino-de-Canali-Salgesch-demeter-1.jpg","width":800,"height":1060},{"@type":"BreadcrumbList","@id":"https:\/\/decanali.ch\/produit\/neo-vino-75cl\/#breadcrumb","itemListElement":[{"@type":"ListItem","position":1,"name":"Startseite","item":"https:\/\/decanali.ch\/fr\/"},{"@type":"ListItem","position":2,"name":"Boutique de vin","item":"https:\/\/decanali.ch\/fr\/?page_id=24602"},{"@type":"ListItem","position":3,"name":"Neo Vino (75cl)"}]},{"@type":"WebSite","@id":"https:\/\/decanali.ch\/#website","url":"https:\/\/decanali.ch\/","name":"De Canali","description":"Weingut \/ Weinberg \/ Weinshop in Salgesch","publisher":{"@id":"https:\/\/decanali.ch\/#organization"},"potentialAction":[{"@type":"SearchAction","target":{"@type":"EntryPoint","urlTemplate":"https:\/\/decanali.ch\/?s={search_term_string}"},"query-input":{"@type":"PropertyValueSpecification","valueRequired":true,"valueName":"search_term_string"}}],"inLanguage":"fr-FR"},{"@type":"Organization","@id":"https:\/\/decanali.ch\/#organization","name":"De Canali GmbH","url":"https:\/\/decanali.ch\/","logo":{"@type":"ImageObject","inLanguage":"fr-FR","@id":"https:\/\/decanali.ch\/#\/schema\/logo\/image\/","url":"https:\/\/decanali.ch\/wp-content\/uploads\/2021\/03\/decanali-1-e1714062460794.png","contentUrl":"https:\/\/decanali.ch\/wp-content\/uploads\/2021\/03\/decanali-1-e1714062460794.png","width":340,"height":156,"caption":"De Canali GmbH"},"image":{"@id":"https:\/\/decanali.ch\/#\/schema\/logo\/image\/"},"sameAs":["https:\/\/www.facebook.com\/biodynamischeWeineDemeter\/?locale=de_DE","https:\/\/www.instagram.com\/accounts\/login\/?next=httpswww.instagram.comde_canali_weingut&is_from_rle"]}]}},"_links":{"self":[{"href":"https:\/\/decanali.ch\/fr\/wp-json\/wp\/v2\/product\/23897","targetHints":{"allow":["GET"]}}],"collection":[{"href":"https:\/\/decanali.ch\/fr\/wp-json\/wp\/v2\/product"}],"about":[{"href":"https:\/\/decanali.ch\/fr\/wp-json\/wp\/v2\/types\/product"}],"wp:featuredmedia":[{"embeddable":true,"href":"https:\/\/decanali.ch\/fr\/wp-json\/wp\/v2\/media\/25412"}],"wp:attachment":[{"href":"https:\/\/decanali.ch\/fr\/wp-json\/wp\/v2\/media?parent=23897"}],"wp:term":[{"taxonomy":"product_brand","embeddable":true,"href":"https:\/\/decanali.ch\/fr\/wp-json\/wp\/v2\/product_brand?post=23897"},{"taxonomy":"product_cat","embeddable":true,"href":"https:\/\/decanali.ch\/fr\/wp-json\/wp\/v2\/product_cat?post=23897"},{"taxonomy":"product_tag","embeddable":true,"href":"https:\/\/decanali.ch\/fr\/wp-json\/wp\/v2\/product_tag?post=23897"}],"curies":[{"name":"wp","href":"https:\/\/api.w.org\/{rel}","templated":true}]}}