{"id":24310,"date":"2021-07-16T16:03:49","date_gmt":"2021-07-16T14:03:49","guid":{"rendered":"https:\/\/decanali.ch\/?post_type=product&#038;p=24310"},"modified":"2024-07-06T22:27:18","modified_gmt":"2024-07-06T20:27:18","slug":"pinotage-remy-75cl-demeter","status":"publish","type":"product","link":"https:\/\/decanali.ch\/fr\/produit\/pinotage-remy-75cl-demeter\/","title":{"rendered":"Pinotage \u00ab\u00a0R\u00e9my\u00a0\u00bb (75cl) demeter"},"content":{"rendered":"<p>Le Pinotage est un c\u00e9page rouge unique originaire d&rsquo;Afrique du Sud. Il a \u00e9t\u00e9 cr\u00e9\u00e9 dans les ann\u00e9es 1920 par un croisement entre le Pinot Noir et le Cinsault.<\/p>\n<ol>\n<li><strong>Profil aromatique<\/strong> : Le Pinotage se caract\u00e9rise par des ar\u00f4mes de fruits rouges et noirs m\u00fbrs tels que les prunes, les m\u00fbres et les cerises noires. Des notes de banane, de fum\u00e9e et de tabac sont \u00e9galement pr\u00e9sentes.<\/li>\n<li><strong>Go\u00fbt<\/strong> : En bouche, le Pinotage est riche et cors\u00e9, avec des tannins souples et une acidit\u00e9 mod\u00e9r\u00e9e. Il pr\u00e9sente des saveurs de fruits noirs, de chocolat, de caf\u00e9 et parfois de cuir.<\/li>\n<li><strong>Finale<\/strong> : La finale est longue et lisse, avec une agr\u00e9able persistance des saveurs de fruits noirs et de notes l\u00e9g\u00e8rement \u00e9pic\u00e9es et fum\u00e9es.<\/li>\n<\/ol>\n<p>Notre Pinotage \u00ab\u00a0R\u00e9my\u00a0\u00bb * est biodynamique (certifi\u00e9 demeter) et un vin robuste et distinctif, parfait pour accompagner des plats de viande rouge, de gibier et des plats \u00e9pic\u00e9s. Id\u00e9al pour les amateurs de vin cherchant \u00e0 d\u00e9couvrir un c\u00e9page unique avec un caract\u00e8re intense.<\/p>\n<p>*Vin de Pays Suisse<\/p>\n<p><img loading=\"lazy\" decoding=\"async\" class=\"alignnone wp-image-25249\" src=\"https:\/\/decanali.ch\/wp-content\/uploads\/2016\/04\/Demeter-Biodynamisch-Rudolf-Steiner-de-Canali-Salgesch.png\" alt=\"\" width=\"215\" height=\"100\" \/>\u00a0 <img loading=\"lazy\" decoding=\"async\" class=\"alignnone wp-image-25590\" src=\"https:\/\/decanali.ch\/wp-content\/uploads\/2021\/07\/Slow-Wine-slow-food-bio-biologisch-dynamisch-demeter-1-300x203.jpg\" alt=\"\" width=\"148\" height=\"100\" srcset=\"https:\/\/decanali.ch\/wp-content\/uploads\/2021\/07\/Slow-Wine-slow-food-bio-biologisch-dynamisch-demeter-1-300x203.jpg 300w, https:\/\/decanali.ch\/wp-content\/uploads\/2021\/07\/Slow-Wine-slow-food-bio-biologisch-dynamisch-demeter-1.jpg 411w\" sizes=\"auto, (max-width: 148px) 100vw, 148px\" \/><\/p>\n","protected":false},"excerpt":{"rendered":"<p>Le Pinotage est un c\u00e9page rouge unique originaire d&rsquo;Afrique du Sud. Il a \u00e9t\u00e9 cr\u00e9\u00e9 dans les ann\u00e9es 1920 par un croisement entre le Pinot Noir et le Cinsault. Profil aromatique : Le Pinotage se caract\u00e9rise par des ar\u00f4mes de fruits rouges et noirs m\u00fbrs tels que les prunes, les m\u00fbres et les cerises noires. [&hellip;]<\/p>\n","protected":false},"featured_media":25354,"template":"","meta":{"_exactmetrics_skip_tracking":false,"_exactmetrics_sitenote_active":false,"_exactmetrics_sitenote_note":"","_exactmetrics_sitenote_category":0},"product_brand":[],"product_cat":[109,22],"product_tag":[102,40,104,103,101,43,44,46,75,47,48],"class_list":{"0":"post-24310","1":"product","2":"type-product","3":"status-publish","4":"has-post-thumbnail","6":"product_cat-vins-demeter-fr","7":"product_cat-vins-rouges","8":"product_tag-bio-weine-fr","9":"product_tag-bio-dynamisch-fr","10":"product_tag-biodynamisch-fr","11":"product_tag-biologisch-fr","12":"product_tag-biologisch-dynamisch","13":"product_tag-de-canali-fr","14":"product_tag-demeter-fr","15":"product_tag-salgesch-fr","16":"product_tag-vins-cina","17":"product_tag-weine-fr","18":"product_tag-weine-salgesch-fr","20":"first","21":"instock","22":"shipping-taxable","23":"purchasable","24":"product-type-simple"},"yoast_head":"<!-- This site is optimized with the Yoast SEO plugin v27.4 - https:\/\/yoast.com\/product\/yoast-seo-wordpress\/ -->\n<title>Pinotage &quot;R\u00e9my&quot; (75cl) demeter - Cave de Canali - Biodynamique et Intense<\/title>\n<meta name=\"description\" content=\"D\u00e9couvrez notre Pinotage &quot;R\u00e9my&quot;, un vin rouge biodynamique (certifi\u00e9 demeter) aux ar\u00f4mes riches de fruits noirs, chocolat et caf\u00e9.\" \/>\n<meta name=\"robots\" content=\"index, follow, max-snippet:-1, max-image-preview:large, max-video-preview:-1\" \/>\n<link rel=\"canonical\" href=\"https:\/\/decanali.ch\/fr\/produit\/pinotage-remy-75cl-demeter\/\" \/>\n<meta property=\"og:locale\" content=\"fr_FR\" \/>\n<meta property=\"og:type\" content=\"article\" \/>\n<meta property=\"og:title\" content=\"Pinotage &quot;R\u00e9my&quot; (75cl) demeter - Cave de Canali - Biodynamique et Intense\" \/>\n<meta property=\"og:description\" content=\"D\u00e9couvrez notre Pinotage &quot;R\u00e9my&quot;, un vin rouge biodynamique (certifi\u00e9 demeter) aux ar\u00f4mes riches de fruits noirs, chocolat et caf\u00e9.\" \/>\n<meta property=\"og:url\" content=\"https:\/\/decanali.ch\/fr\/produit\/pinotage-remy-75cl-demeter\/\" \/>\n<meta property=\"og:site_name\" content=\"Cave de Canali\" \/>\n<meta property=\"article:publisher\" content=\"https:\/\/www.facebook.com\/biodynamischeWeineDemeter\/?locale=de_DE\" \/>\n<meta property=\"article:modified_time\" content=\"2024-07-06T20:27:18+00:00\" \/>\n<meta property=\"og:image\" content=\"https:\/\/decanali.ch\/wp-content\/uploads\/2021\/07\/Pinotage-Remy-de-Canali-Salgesch-demeter-1.jpg\" \/>\n\t<meta property=\"og:image:width\" content=\"800\" \/>\n\t<meta property=\"og:image:height\" content=\"1060\" \/>\n\t<meta property=\"og:image:type\" content=\"image\/jpeg\" \/>\n<meta name=\"twitter:card\" content=\"summary_large_image\" \/>\n<meta name=\"twitter:label1\" content=\"Dur\u00e9e de lecture estim\u00e9e\" \/>\n\t<meta name=\"twitter:data1\" content=\"2 minutes\" \/>\n<script type=\"application\/ld+json\" class=\"yoast-schema-graph\">{\"@context\":\"https:\\\/\\\/schema.org\",\"@graph\":[{\"@type\":\"WebPage\",\"@id\":\"https:\\\/\\\/decanali.ch\\\/fr\\\/produit\\\/pinotage-remy-75cl-demeter\\\/\",\"url\":\"https:\\\/\\\/decanali.ch\\\/fr\\\/produit\\\/pinotage-remy-75cl-demeter\\\/\",\"name\":\"Pinotage \\\"R\u00e9my\\\" (75cl) demeter - Cave de Canali - Biodynamique et Intense\",\"isPartOf\":{\"@id\":\"https:\\\/\\\/decanali.ch\\\/#website\"},\"primaryImageOfPage\":{\"@id\":\"https:\\\/\\\/decanali.ch\\\/fr\\\/produit\\\/pinotage-remy-75cl-demeter\\\/#primaryimage\"},\"image\":{\"@id\":\"https:\\\/\\\/decanali.ch\\\/fr\\\/produit\\\/pinotage-remy-75cl-demeter\\\/#primaryimage\"},\"thumbnailUrl\":\"https:\\\/\\\/decanali.ch\\\/wp-content\\\/uploads\\\/2021\\\/07\\\/Pinotage-Remy-de-Canali-Salgesch-demeter-1.jpg\",\"datePublished\":\"2021-07-16T14:03:49+00:00\",\"dateModified\":\"2024-07-06T20:27:18+00:00\",\"description\":\"D\u00e9couvrez notre Pinotage \\\"R\u00e9my\\\", un vin rouge biodynamique (certifi\u00e9 demeter) aux ar\u00f4mes riches de fruits noirs, chocolat et caf\u00e9.\",\"breadcrumb\":{\"@id\":\"https:\\\/\\\/decanali.ch\\\/fr\\\/produit\\\/pinotage-remy-75cl-demeter\\\/#breadcrumb\"},\"inLanguage\":\"fr-FR\",\"potentialAction\":[{\"@type\":\"ReadAction\",\"target\":[\"https:\\\/\\\/decanali.ch\\\/fr\\\/produit\\\/pinotage-remy-75cl-demeter\\\/\"]}]},{\"@type\":\"ImageObject\",\"inLanguage\":\"fr-FR\",\"@id\":\"https:\\\/\\\/decanali.ch\\\/fr\\\/produit\\\/pinotage-remy-75cl-demeter\\\/#primaryimage\",\"url\":\"https:\\\/\\\/decanali.ch\\\/wp-content\\\/uploads\\\/2021\\\/07\\\/Pinotage-Remy-de-Canali-Salgesch-demeter-1.jpg\",\"contentUrl\":\"https:\\\/\\\/decanali.ch\\\/wp-content\\\/uploads\\\/2021\\\/07\\\/Pinotage-Remy-de-Canali-Salgesch-demeter-1.jpg\",\"width\":800,\"height\":1060},{\"@type\":\"BreadcrumbList\",\"@id\":\"https:\\\/\\\/decanali.ch\\\/fr\\\/produit\\\/pinotage-remy-75cl-demeter\\\/#breadcrumb\",\"itemListElement\":[{\"@type\":\"ListItem\",\"position\":1,\"name\":\"Startseite\",\"item\":\"https:\\\/\\\/decanali.ch\\\/fr\\\/\"},{\"@type\":\"ListItem\",\"position\":2,\"name\":\"Boutique de vin\",\"item\":\"https:\\\/\\\/decanali.ch\\\/fr\\\/?page_id=24602\"},{\"@type\":\"ListItem\",\"position\":3,\"name\":\"Pinotage &#8222;R\u00e9my&#8220; (75cl) demeter\"}]},{\"@type\":\"WebSite\",\"@id\":\"https:\\\/\\\/decanali.ch\\\/#website\",\"url\":\"https:\\\/\\\/decanali.ch\\\/\",\"name\":\"De Canali\",\"description\":\"Weingut \\\/ Weinberg \\\/ Weinshop in Salgesch\",\"publisher\":{\"@id\":\"https:\\\/\\\/decanali.ch\\\/#organization\"},\"potentialAction\":[{\"@type\":\"SearchAction\",\"target\":{\"@type\":\"EntryPoint\",\"urlTemplate\":\"https:\\\/\\\/decanali.ch\\\/?s={search_term_string}\"},\"query-input\":{\"@type\":\"PropertyValueSpecification\",\"valueRequired\":true,\"valueName\":\"search_term_string\"}}],\"inLanguage\":\"fr-FR\"},{\"@type\":\"Organization\",\"@id\":\"https:\\\/\\\/decanali.ch\\\/#organization\",\"name\":\"De Canali GmbH\",\"url\":\"https:\\\/\\\/decanali.ch\\\/\",\"logo\":{\"@type\":\"ImageObject\",\"inLanguage\":\"fr-FR\",\"@id\":\"https:\\\/\\\/decanali.ch\\\/#\\\/schema\\\/logo\\\/image\\\/\",\"url\":\"https:\\\/\\\/decanali.ch\\\/wp-content\\\/uploads\\\/2021\\\/03\\\/decanali-1-e1714062460794.png\",\"contentUrl\":\"https:\\\/\\\/decanali.ch\\\/wp-content\\\/uploads\\\/2021\\\/03\\\/decanali-1-e1714062460794.png\",\"width\":340,\"height\":156,\"caption\":\"De Canali GmbH\"},\"image\":{\"@id\":\"https:\\\/\\\/decanali.ch\\\/#\\\/schema\\\/logo\\\/image\\\/\"},\"sameAs\":[\"https:\\\/\\\/www.facebook.com\\\/biodynamischeWeineDemeter\\\/?locale=de_DE\",\"https:\\\/\\\/www.instagram.com\\\/accounts\\\/login\\\/?next=httpswww.instagram.comde_canali_weingut&is_from_rle\"]}]}<\/script>\n<!-- \/ Yoast SEO plugin. -->","yoast_head_json":{"title":"Pinotage \"R\u00e9my\" (75cl) demeter - Cave de Canali - Biodynamique et Intense","description":"D\u00e9couvrez notre Pinotage \"R\u00e9my\", un vin rouge biodynamique (certifi\u00e9 demeter) aux ar\u00f4mes riches de fruits noirs, chocolat et caf\u00e9.","robots":{"index":"index","follow":"follow","max-snippet":"max-snippet:-1","max-image-preview":"max-image-preview:large","max-video-preview":"max-video-preview:-1"},"canonical":"https:\/\/decanali.ch\/fr\/produit\/pinotage-remy-75cl-demeter\/","og_locale":"fr_FR","og_type":"article","og_title":"Pinotage \"R\u00e9my\" (75cl) demeter - Cave de Canali - Biodynamique et Intense","og_description":"D\u00e9couvrez notre Pinotage \"R\u00e9my\", un vin rouge biodynamique (certifi\u00e9 demeter) aux ar\u00f4mes riches de fruits noirs, chocolat et caf\u00e9.","og_url":"https:\/\/decanali.ch\/fr\/produit\/pinotage-remy-75cl-demeter\/","og_site_name":"Cave de Canali","article_publisher":"https:\/\/www.facebook.com\/biodynamischeWeineDemeter\/?locale=de_DE","article_modified_time":"2024-07-06T20:27:18+00:00","og_image":[{"width":800,"height":1060,"url":"https:\/\/decanali.ch\/wp-content\/uploads\/2021\/07\/Pinotage-Remy-de-Canali-Salgesch-demeter-1.jpg","type":"image\/jpeg"}],"twitter_card":"summary_large_image","twitter_misc":{"Dur\u00e9e de lecture estim\u00e9e":"2 minutes"},"schema":{"@context":"https:\/\/schema.org","@graph":[{"@type":"WebPage","@id":"https:\/\/decanali.ch\/fr\/produit\/pinotage-remy-75cl-demeter\/","url":"https:\/\/decanali.ch\/fr\/produit\/pinotage-remy-75cl-demeter\/","name":"Pinotage \"R\u00e9my\" (75cl) demeter - Cave de Canali - Biodynamique et Intense","isPartOf":{"@id":"https:\/\/decanali.ch\/#website"},"primaryImageOfPage":{"@id":"https:\/\/decanali.ch\/fr\/produit\/pinotage-remy-75cl-demeter\/#primaryimage"},"image":{"@id":"https:\/\/decanali.ch\/fr\/produit\/pinotage-remy-75cl-demeter\/#primaryimage"},"thumbnailUrl":"https:\/\/decanali.ch\/wp-content\/uploads\/2021\/07\/Pinotage-Remy-de-Canali-Salgesch-demeter-1.jpg","datePublished":"2021-07-16T14:03:49+00:00","dateModified":"2024-07-06T20:27:18+00:00","description":"D\u00e9couvrez notre Pinotage \"R\u00e9my\", un vin rouge biodynamique (certifi\u00e9 demeter) aux ar\u00f4mes riches de fruits noirs, chocolat et caf\u00e9.","breadcrumb":{"@id":"https:\/\/decanali.ch\/fr\/produit\/pinotage-remy-75cl-demeter\/#breadcrumb"},"inLanguage":"fr-FR","potentialAction":[{"@type":"ReadAction","target":["https:\/\/decanali.ch\/fr\/produit\/pinotage-remy-75cl-demeter\/"]}]},{"@type":"ImageObject","inLanguage":"fr-FR","@id":"https:\/\/decanali.ch\/fr\/produit\/pinotage-remy-75cl-demeter\/#primaryimage","url":"https:\/\/decanali.ch\/wp-content\/uploads\/2021\/07\/Pinotage-Remy-de-Canali-Salgesch-demeter-1.jpg","contentUrl":"https:\/\/decanali.ch\/wp-content\/uploads\/2021\/07\/Pinotage-Remy-de-Canali-Salgesch-demeter-1.jpg","width":800,"height":1060},{"@type":"BreadcrumbList","@id":"https:\/\/decanali.ch\/fr\/produit\/pinotage-remy-75cl-demeter\/#breadcrumb","itemListElement":[{"@type":"ListItem","position":1,"name":"Startseite","item":"https:\/\/decanali.ch\/fr\/"},{"@type":"ListItem","position":2,"name":"Boutique de vin","item":"https:\/\/decanali.ch\/fr\/?page_id=24602"},{"@type":"ListItem","position":3,"name":"Pinotage &#8222;R\u00e9my&#8220; (75cl) demeter"}]},{"@type":"WebSite","@id":"https:\/\/decanali.ch\/#website","url":"https:\/\/decanali.ch\/","name":"De Canali","description":"Weingut \/ Weinberg \/ Weinshop in Salgesch","publisher":{"@id":"https:\/\/decanali.ch\/#organization"},"potentialAction":[{"@type":"SearchAction","target":{"@type":"EntryPoint","urlTemplate":"https:\/\/decanali.ch\/?s={search_term_string}"},"query-input":{"@type":"PropertyValueSpecification","valueRequired":true,"valueName":"search_term_string"}}],"inLanguage":"fr-FR"},{"@type":"Organization","@id":"https:\/\/decanali.ch\/#organization","name":"De Canali GmbH","url":"https:\/\/decanali.ch\/","logo":{"@type":"ImageObject","inLanguage":"fr-FR","@id":"https:\/\/decanali.ch\/#\/schema\/logo\/image\/","url":"https:\/\/decanali.ch\/wp-content\/uploads\/2021\/03\/decanali-1-e1714062460794.png","contentUrl":"https:\/\/decanali.ch\/wp-content\/uploads\/2021\/03\/decanali-1-e1714062460794.png","width":340,"height":156,"caption":"De Canali GmbH"},"image":{"@id":"https:\/\/decanali.ch\/#\/schema\/logo\/image\/"},"sameAs":["https:\/\/www.facebook.com\/biodynamischeWeineDemeter\/?locale=de_DE","https:\/\/www.instagram.com\/accounts\/login\/?next=httpswww.instagram.comde_canali_weingut&is_from_rle"]}]}},"_links":{"self":[{"href":"https:\/\/decanali.ch\/fr\/wp-json\/wp\/v2\/product\/24310","targetHints":{"allow":["GET"]}}],"collection":[{"href":"https:\/\/decanali.ch\/fr\/wp-json\/wp\/v2\/product"}],"about":[{"href":"https:\/\/decanali.ch\/fr\/wp-json\/wp\/v2\/types\/product"}],"wp:featuredmedia":[{"embeddable":true,"href":"https:\/\/decanali.ch\/fr\/wp-json\/wp\/v2\/media\/25354"}],"wp:attachment":[{"href":"https:\/\/decanali.ch\/fr\/wp-json\/wp\/v2\/media?parent=24310"}],"wp:term":[{"taxonomy":"product_brand","embeddable":true,"href":"https:\/\/decanali.ch\/fr\/wp-json\/wp\/v2\/product_brand?post=24310"},{"taxonomy":"product_cat","embeddable":true,"href":"https:\/\/decanali.ch\/fr\/wp-json\/wp\/v2\/product_cat?post=24310"},{"taxonomy":"product_tag","embeddable":true,"href":"https:\/\/decanali.ch\/fr\/wp-json\/wp\/v2\/product_tag?post=24310"}],"curies":[{"name":"wp","href":"https:\/\/api.w.org\/{rel}","templated":true}]}}