{"id":24314,"date":"2021-07-16T16:06:35","date_gmt":"2021-07-16T14:06:35","guid":{"rendered":"https:\/\/decanali.ch\/?post_type=product&#038;p=24314"},"modified":"2024-06-28T21:12:48","modified_gmt":"2024-06-28T19:12:48","slug":"fendant-50cl","status":"publish","type":"product","link":"https:\/\/decanali.ch\/fr\/produit\/fendant-50cl\/","title":{"rendered":"Fendant (50cl)"},"content":{"rendered":"<p>Fendant est le nom local pour le c\u00e9page suisse de vin blanc Chasselas.<\/p>\n<ol>\n<li><strong>Profil aromatique <\/strong>: Ar\u00f4mes subtils de fruits blancs tels que poires et pommes, accompagn\u00e9s de notes florales d\u00e9licates et d&rsquo;une subtile min\u00e9ralit\u00e9.<\/li>\n<li><strong>Go\u00fbt<\/strong> : En bouche, le Fendant pr\u00e9sente une acidit\u00e9 rafra\u00eechissante et une texture l\u00e9g\u00e8re, le rendant agr\u00e9able \u00e0 boire. On peut \u00e9galement y d\u00e9tecter de l\u00e9g\u00e8res notes d&rsquo;agrumes et une subtile salinit\u00e9.<\/li>\n<li><strong>Finale<\/strong> : La finale est g\u00e9n\u00e9ralement s\u00e8che et nette, avec une l\u00e9g\u00e8re amertume rappelant les amandes.<\/li>\n<\/ol>\n<p>Notre Fendant est un excellent compagnon pour des sp\u00e9cialit\u00e9s suisses comme la fondue et la raclette, ainsi que pour des entr\u00e9es l\u00e9g\u00e8res, des salades et des plats de poisson. Id\u00e9al pour les amateurs de vin cherchant \u00e0 d\u00e9guster un vin blanc rafra\u00eechissant et sans complication.<\/p>\n<p><img loading=\"lazy\" decoding=\"async\" class=\"alignnone  wp-image-25590\" src=\"https:\/\/decanali.ch\/wp-content\/uploads\/2021\/07\/Slow-Wine-slow-food-bio-biologisch-dynamisch-demeter-1-300x203.jpg\" alt=\"\" width=\"148\" height=\"100\" srcset=\"https:\/\/decanali.ch\/wp-content\/uploads\/2021\/07\/Slow-Wine-slow-food-bio-biologisch-dynamisch-demeter-1-300x203.jpg 300w, https:\/\/decanali.ch\/wp-content\/uploads\/2021\/07\/Slow-Wine-slow-food-bio-biologisch-dynamisch-demeter-1.jpg 411w\" sizes=\"auto, (max-width: 148px) 100vw, 148px\" \/><\/p>\n","protected":false},"excerpt":{"rendered":"<p>Fendant est le nom local pour le c\u00e9page suisse de vin blanc Chasselas. Profil aromatique : Ar\u00f4mes subtils de fruits blancs tels que poires et pommes, accompagn\u00e9s de notes florales d\u00e9licates et d&rsquo;une subtile min\u00e9ralit\u00e9. Go\u00fbt : En bouche, le Fendant pr\u00e9sente une acidit\u00e9 rafra\u00eechissante et une texture l\u00e9g\u00e8re, le rendant agr\u00e9able \u00e0 boire. On [&hellip;]<\/p>\n","protected":false},"featured_media":25405,"template":"","meta":{"_exactmetrics_skip_tracking":false,"_exactmetrics_sitenote_active":false,"_exactmetrics_sitenote_note":"","_exactmetrics_sitenote_category":0},"product_brand":[],"product_cat":[23],"product_tag":[45,104,103,101,43,44,72,46,48],"class_list":{"0":"post-24314","1":"product","2":"type-product","3":"status-publish","4":"has-post-thumbnail","6":"product_cat-vins-blancs","7":"product_tag-bio-fr","8":"product_tag-biodynamisch-fr","9":"product_tag-biologisch-fr","10":"product_tag-biologisch-dynamisch","11":"product_tag-de-canali-fr","12":"product_tag-demeter-fr","13":"product_tag-fendant-fr","14":"product_tag-salgesch-fr","15":"product_tag-weine-salgesch-fr","17":"first","18":"instock","19":"shipping-taxable","20":"purchasable","21":"product-type-simple"},"yoast_head":"<!-- This site is optimized with the Yoast SEO plugin v27.4 - https:\/\/yoast.com\/product\/yoast-seo-wordpress\/ -->\n<title>Fendant (50cl) - Cave de Canali - Vins DEMETER<\/title>\n<meta name=\"description\" content=\"D\u00e9couvrez notre Fendant aux ar\u00f4mes frais de fruits \u00e0 chair blanche et de fleurs. Id\u00e9al avec les fruits de mer, les fromages et en ap\u00e9ritif.\" \/>\n<meta name=\"robots\" content=\"index, follow, max-snippet:-1, max-image-preview:large, max-video-preview:-1\" \/>\n<link rel=\"canonical\" href=\"https:\/\/decanali.ch\/fr\/produit\/fendant-50cl\/\" \/>\n<meta property=\"og:locale\" content=\"fr_FR\" \/>\n<meta property=\"og:type\" content=\"article\" \/>\n<meta property=\"og:title\" content=\"Fendant (50cl) - Cave de Canali - Vins DEMETER\" \/>\n<meta property=\"og:description\" content=\"D\u00e9couvrez notre Fendant aux ar\u00f4mes frais de fruits \u00e0 chair blanche et de fleurs. Id\u00e9al avec les fruits de mer, les fromages et en ap\u00e9ritif.\" \/>\n<meta property=\"og:url\" content=\"https:\/\/decanali.ch\/fr\/produit\/fendant-50cl\/\" \/>\n<meta property=\"og:site_name\" content=\"Cave de Canali\" \/>\n<meta property=\"article:publisher\" content=\"https:\/\/www.facebook.com\/biodynamischeWeineDemeter\/?locale=de_DE\" \/>\n<meta property=\"article:modified_time\" content=\"2024-06-28T19:12:48+00:00\" \/>\n<meta property=\"og:image\" content=\"https:\/\/decanali.ch\/wp-content\/uploads\/2016\/04\/Fendant-de-Canali-Salgesch-demeter-1.jpg\" \/>\n\t<meta property=\"og:image:width\" content=\"800\" \/>\n\t<meta property=\"og:image:height\" content=\"1060\" \/>\n\t<meta property=\"og:image:type\" content=\"image\/jpeg\" \/>\n<meta name=\"twitter:card\" content=\"summary_large_image\" \/>\n<meta name=\"twitter:label1\" content=\"Dur\u00e9e de lecture estim\u00e9e\" \/>\n\t<meta name=\"twitter:data1\" content=\"1 minute\" \/>\n<script type=\"application\/ld+json\" class=\"yoast-schema-graph\">{\"@context\":\"https:\\\/\\\/schema.org\",\"@graph\":[{\"@type\":\"WebPage\",\"@id\":\"https:\\\/\\\/decanali.ch\\\/fr\\\/produit\\\/fendant-50cl\\\/\",\"url\":\"https:\\\/\\\/decanali.ch\\\/fr\\\/produit\\\/fendant-50cl\\\/\",\"name\":\"Fendant (50cl) - Cave de Canali - Vins DEMETER\",\"isPartOf\":{\"@id\":\"https:\\\/\\\/decanali.ch\\\/#website\"},\"primaryImageOfPage\":{\"@id\":\"https:\\\/\\\/decanali.ch\\\/fr\\\/produit\\\/fendant-50cl\\\/#primaryimage\"},\"image\":{\"@id\":\"https:\\\/\\\/decanali.ch\\\/fr\\\/produit\\\/fendant-50cl\\\/#primaryimage\"},\"thumbnailUrl\":\"https:\\\/\\\/decanali.ch\\\/wp-content\\\/uploads\\\/2016\\\/04\\\/Fendant-de-Canali-Salgesch-demeter-1.jpg\",\"datePublished\":\"2021-07-16T14:06:35+00:00\",\"dateModified\":\"2024-06-28T19:12:48+00:00\",\"description\":\"D\u00e9couvrez notre Fendant aux ar\u00f4mes frais de fruits \u00e0 chair blanche et de fleurs. Id\u00e9al avec les fruits de mer, les fromages et en ap\u00e9ritif.\",\"breadcrumb\":{\"@id\":\"https:\\\/\\\/decanali.ch\\\/fr\\\/produit\\\/fendant-50cl\\\/#breadcrumb\"},\"inLanguage\":\"fr-FR\",\"potentialAction\":[{\"@type\":\"ReadAction\",\"target\":[\"https:\\\/\\\/decanali.ch\\\/fr\\\/produit\\\/fendant-50cl\\\/\"]}]},{\"@type\":\"ImageObject\",\"inLanguage\":\"fr-FR\",\"@id\":\"https:\\\/\\\/decanali.ch\\\/fr\\\/produit\\\/fendant-50cl\\\/#primaryimage\",\"url\":\"https:\\\/\\\/decanali.ch\\\/wp-content\\\/uploads\\\/2016\\\/04\\\/Fendant-de-Canali-Salgesch-demeter-1.jpg\",\"contentUrl\":\"https:\\\/\\\/decanali.ch\\\/wp-content\\\/uploads\\\/2016\\\/04\\\/Fendant-de-Canali-Salgesch-demeter-1.jpg\",\"width\":800,\"height\":1060},{\"@type\":\"BreadcrumbList\",\"@id\":\"https:\\\/\\\/decanali.ch\\\/fr\\\/produit\\\/fendant-50cl\\\/#breadcrumb\",\"itemListElement\":[{\"@type\":\"ListItem\",\"position\":1,\"name\":\"Startseite\",\"item\":\"https:\\\/\\\/decanali.ch\\\/fr\\\/\"},{\"@type\":\"ListItem\",\"position\":2,\"name\":\"Boutique de vin\",\"item\":\"https:\\\/\\\/decanali.ch\\\/fr\\\/?page_id=24602\"},{\"@type\":\"ListItem\",\"position\":3,\"name\":\"Fendant (50cl)\"}]},{\"@type\":\"WebSite\",\"@id\":\"https:\\\/\\\/decanali.ch\\\/#website\",\"url\":\"https:\\\/\\\/decanali.ch\\\/\",\"name\":\"De Canali\",\"description\":\"Weingut \\\/ Weinberg \\\/ Weinshop in Salgesch\",\"publisher\":{\"@id\":\"https:\\\/\\\/decanali.ch\\\/#organization\"},\"potentialAction\":[{\"@type\":\"SearchAction\",\"target\":{\"@type\":\"EntryPoint\",\"urlTemplate\":\"https:\\\/\\\/decanali.ch\\\/?s={search_term_string}\"},\"query-input\":{\"@type\":\"PropertyValueSpecification\",\"valueRequired\":true,\"valueName\":\"search_term_string\"}}],\"inLanguage\":\"fr-FR\"},{\"@type\":\"Organization\",\"@id\":\"https:\\\/\\\/decanali.ch\\\/#organization\",\"name\":\"De Canali GmbH\",\"url\":\"https:\\\/\\\/decanali.ch\\\/\",\"logo\":{\"@type\":\"ImageObject\",\"inLanguage\":\"fr-FR\",\"@id\":\"https:\\\/\\\/decanali.ch\\\/#\\\/schema\\\/logo\\\/image\\\/\",\"url\":\"https:\\\/\\\/decanali.ch\\\/wp-content\\\/uploads\\\/2021\\\/03\\\/decanali-1-e1714062460794.png\",\"contentUrl\":\"https:\\\/\\\/decanali.ch\\\/wp-content\\\/uploads\\\/2021\\\/03\\\/decanali-1-e1714062460794.png\",\"width\":340,\"height\":156,\"caption\":\"De Canali GmbH\"},\"image\":{\"@id\":\"https:\\\/\\\/decanali.ch\\\/#\\\/schema\\\/logo\\\/image\\\/\"},\"sameAs\":[\"https:\\\/\\\/www.facebook.com\\\/biodynamischeWeineDemeter\\\/?locale=de_DE\",\"https:\\\/\\\/www.instagram.com\\\/accounts\\\/login\\\/?next=httpswww.instagram.comde_canali_weingut&is_from_rle\"]}]}<\/script>\n<!-- \/ Yoast SEO plugin. -->","yoast_head_json":{"title":"Fendant (50cl) - Cave de Canali - Vins DEMETER","description":"D\u00e9couvrez notre Fendant aux ar\u00f4mes frais de fruits \u00e0 chair blanche et de fleurs. Id\u00e9al avec les fruits de mer, les fromages et en ap\u00e9ritif.","robots":{"index":"index","follow":"follow","max-snippet":"max-snippet:-1","max-image-preview":"max-image-preview:large","max-video-preview":"max-video-preview:-1"},"canonical":"https:\/\/decanali.ch\/fr\/produit\/fendant-50cl\/","og_locale":"fr_FR","og_type":"article","og_title":"Fendant (50cl) - Cave de Canali - Vins DEMETER","og_description":"D\u00e9couvrez notre Fendant aux ar\u00f4mes frais de fruits \u00e0 chair blanche et de fleurs. Id\u00e9al avec les fruits de mer, les fromages et en ap\u00e9ritif.","og_url":"https:\/\/decanali.ch\/fr\/produit\/fendant-50cl\/","og_site_name":"Cave de Canali","article_publisher":"https:\/\/www.facebook.com\/biodynamischeWeineDemeter\/?locale=de_DE","article_modified_time":"2024-06-28T19:12:48+00:00","og_image":[{"width":800,"height":1060,"url":"https:\/\/decanali.ch\/wp-content\/uploads\/2016\/04\/Fendant-de-Canali-Salgesch-demeter-1.jpg","type":"image\/jpeg"}],"twitter_card":"summary_large_image","twitter_misc":{"Dur\u00e9e de lecture estim\u00e9e":"1 minute"},"schema":{"@context":"https:\/\/schema.org","@graph":[{"@type":"WebPage","@id":"https:\/\/decanali.ch\/fr\/produit\/fendant-50cl\/","url":"https:\/\/decanali.ch\/fr\/produit\/fendant-50cl\/","name":"Fendant (50cl) - Cave de Canali - Vins DEMETER","isPartOf":{"@id":"https:\/\/decanali.ch\/#website"},"primaryImageOfPage":{"@id":"https:\/\/decanali.ch\/fr\/produit\/fendant-50cl\/#primaryimage"},"image":{"@id":"https:\/\/decanali.ch\/fr\/produit\/fendant-50cl\/#primaryimage"},"thumbnailUrl":"https:\/\/decanali.ch\/wp-content\/uploads\/2016\/04\/Fendant-de-Canali-Salgesch-demeter-1.jpg","datePublished":"2021-07-16T14:06:35+00:00","dateModified":"2024-06-28T19:12:48+00:00","description":"D\u00e9couvrez notre Fendant aux ar\u00f4mes frais de fruits \u00e0 chair blanche et de fleurs. Id\u00e9al avec les fruits de mer, les fromages et en ap\u00e9ritif.","breadcrumb":{"@id":"https:\/\/decanali.ch\/fr\/produit\/fendant-50cl\/#breadcrumb"},"inLanguage":"fr-FR","potentialAction":[{"@type":"ReadAction","target":["https:\/\/decanali.ch\/fr\/produit\/fendant-50cl\/"]}]},{"@type":"ImageObject","inLanguage":"fr-FR","@id":"https:\/\/decanali.ch\/fr\/produit\/fendant-50cl\/#primaryimage","url":"https:\/\/decanali.ch\/wp-content\/uploads\/2016\/04\/Fendant-de-Canali-Salgesch-demeter-1.jpg","contentUrl":"https:\/\/decanali.ch\/wp-content\/uploads\/2016\/04\/Fendant-de-Canali-Salgesch-demeter-1.jpg","width":800,"height":1060},{"@type":"BreadcrumbList","@id":"https:\/\/decanali.ch\/fr\/produit\/fendant-50cl\/#breadcrumb","itemListElement":[{"@type":"ListItem","position":1,"name":"Startseite","item":"https:\/\/decanali.ch\/fr\/"},{"@type":"ListItem","position":2,"name":"Boutique de vin","item":"https:\/\/decanali.ch\/fr\/?page_id=24602"},{"@type":"ListItem","position":3,"name":"Fendant (50cl)"}]},{"@type":"WebSite","@id":"https:\/\/decanali.ch\/#website","url":"https:\/\/decanali.ch\/","name":"De Canali","description":"Weingut \/ Weinberg \/ Weinshop in Salgesch","publisher":{"@id":"https:\/\/decanali.ch\/#organization"},"potentialAction":[{"@type":"SearchAction","target":{"@type":"EntryPoint","urlTemplate":"https:\/\/decanali.ch\/?s={search_term_string}"},"query-input":{"@type":"PropertyValueSpecification","valueRequired":true,"valueName":"search_term_string"}}],"inLanguage":"fr-FR"},{"@type":"Organization","@id":"https:\/\/decanali.ch\/#organization","name":"De Canali GmbH","url":"https:\/\/decanali.ch\/","logo":{"@type":"ImageObject","inLanguage":"fr-FR","@id":"https:\/\/decanali.ch\/#\/schema\/logo\/image\/","url":"https:\/\/decanali.ch\/wp-content\/uploads\/2021\/03\/decanali-1-e1714062460794.png","contentUrl":"https:\/\/decanali.ch\/wp-content\/uploads\/2021\/03\/decanali-1-e1714062460794.png","width":340,"height":156,"caption":"De Canali GmbH"},"image":{"@id":"https:\/\/decanali.ch\/#\/schema\/logo\/image\/"},"sameAs":["https:\/\/www.facebook.com\/biodynamischeWeineDemeter\/?locale=de_DE","https:\/\/www.instagram.com\/accounts\/login\/?next=httpswww.instagram.comde_canali_weingut&is_from_rle"]}]}},"_links":{"self":[{"href":"https:\/\/decanali.ch\/fr\/wp-json\/wp\/v2\/product\/24314","targetHints":{"allow":["GET"]}}],"collection":[{"href":"https:\/\/decanali.ch\/fr\/wp-json\/wp\/v2\/product"}],"about":[{"href":"https:\/\/decanali.ch\/fr\/wp-json\/wp\/v2\/types\/product"}],"wp:featuredmedia":[{"embeddable":true,"href":"https:\/\/decanali.ch\/fr\/wp-json\/wp\/v2\/media\/25405"}],"wp:attachment":[{"href":"https:\/\/decanali.ch\/fr\/wp-json\/wp\/v2\/media?parent=24314"}],"wp:term":[{"taxonomy":"product_brand","embeddable":true,"href":"https:\/\/decanali.ch\/fr\/wp-json\/wp\/v2\/product_brand?post=24314"},{"taxonomy":"product_cat","embeddable":true,"href":"https:\/\/decanali.ch\/fr\/wp-json\/wp\/v2\/product_cat?post=24314"},{"taxonomy":"product_tag","embeddable":true,"href":"https:\/\/decanali.ch\/fr\/wp-json\/wp\/v2\/product_tag?post=24314"}],"curies":[{"name":"wp","href":"https:\/\/api.w.org\/{rel}","templated":true}]}}