{"id":24446,"date":"2022-04-19T21:39:55","date_gmt":"2022-04-19T19:39:55","guid":{"rendered":"https:\/\/decanali.ch\/?post_type=product&#038;p=24446"},"modified":"2024-06-30T16:09:49","modified_gmt":"2024-06-30T14:09:49","slug":"milea-ava-en-fut-de-noyer-75cl-demeter","status":"publish","type":"product","link":"https:\/\/decanali.ch\/fr\/produit\/milea-ava-en-fut-de-noyer-75cl-demeter\/","title":{"rendered":"Milea Ava en f\u00fbt de noyer  (75cl) demeter"},"content":{"rendered":"<p>Une exp\u00e9rience gustative biodynamique (certifi\u00e9e demeter) nomm\u00e9e \u00ab\u00a0Milea Ava\u00a0\u00bb : Ce vin trouble naturel, \u00e9lev\u00e9 dans un f\u00fbt de noyer, offre un voyage sensoriel incomparable. Son c\u00e9page reste secret et stimule l&rsquo;imagination \u2013 que peut bien contenir ce vin myst\u00e9rieux ?<\/p>\n<ol>\n<li><strong>Profil aromatique<\/strong> : L&rsquo;\u00e9levage en f\u00fbt de noyer conf\u00e8re au \u00ab\u00a0Milea Ava\u00a0\u00bb des ar\u00f4mes uniques de noix grill\u00e9es, combin\u00e9s \u00e0 des notes subtiles de bois et une fine \u00e9pice. Une touche de vanille et de caramel compl\u00e8te le bouquet, tandis que les nuances fruit\u00e9es en arri\u00e8re-plan ajoutent une complexit\u00e9 excitante.<\/li>\n<li><strong>Go\u00fbt<\/strong> : En bouche, le \u00ab\u00a0Milea Ava\u00a0\u00bb d\u00e9ploie toute sa pl\u00e9nitude et son \u00e9l\u00e9gance. La turbidit\u00e9 naturelle apporte une texture velout\u00e9e soutenue par une acidit\u00e9 vive. L&rsquo;\u00e9levage en f\u00fbt de noyer donne au vin une cr\u00e9meuse douceur et une profondeur particuli\u00e8re, accompagn\u00e9e de l\u00e9gers accents de noix et d&rsquo;une douceur discr\u00e8te.<\/li>\n<li><strong>Finale<\/strong> : La finale est longue et soyeuse, avec un \u00e9quilibre harmonieux entre fruit\u00e9, \u00e9pices et les notes caract\u00e9ristiques de noix. Chaque gorg\u00e9e laisse une impression durable et s\u00e9duisante qui invite \u00e0 continuer de savourer.<\/li>\n<li><strong>Emballage<\/strong> : Le \u00ab\u00a0vin sous couverture\u00a0\u00bb arbore une \u00e9tiquette \u00e9l\u00e9gante en placage de noyer, qui conf\u00e8re \u00e0 chaque bouteille une apparence unique et souligne le raffinement de ce vin exceptionnel.<\/li>\n<\/ol>\n<p>D\u00e9couvrez le charme myst\u00e9rieux du \u00ab\u00a0Milea Ava\u00a0\u00bb et laissez-vous envo\u00fbter par cette exp\u00e9rience gustative unique.<\/p>\n<p><img loading=\"lazy\" decoding=\"async\" class=\"alignnone wp-image-25249\" src=\"https:\/\/decanali.ch\/wp-content\/uploads\/2016\/04\/Demeter-Biodynamisch-Rudolf-Steiner-de-Canali-Salgesch.png\" alt=\"\" width=\"215\" height=\"100\" \/>\u00a0 <img loading=\"lazy\" decoding=\"async\" class=\"alignnone wp-image-25590\" src=\"https:\/\/decanali.ch\/wp-content\/uploads\/2021\/07\/Slow-Wine-slow-food-bio-biologisch-dynamisch-demeter-1-300x203.jpg\" alt=\"\" width=\"148\" height=\"100\" srcset=\"https:\/\/decanali.ch\/wp-content\/uploads\/2021\/07\/Slow-Wine-slow-food-bio-biologisch-dynamisch-demeter-1-300x203.jpg 300w, https:\/\/decanali.ch\/wp-content\/uploads\/2021\/07\/Slow-Wine-slow-food-bio-biologisch-dynamisch-demeter-1.jpg 411w\" sizes=\"auto, (max-width: 148px) 100vw, 148px\" \/><\/p>\n","protected":false},"excerpt":{"rendered":"<p>Une exp\u00e9rience gustative biodynamique (certifi\u00e9e demeter) nomm\u00e9e \u00ab\u00a0Milea Ava\u00a0\u00bb : Ce vin trouble naturel, \u00e9lev\u00e9 dans un f\u00fbt de noyer, offre un voyage sensoriel incomparable. Son c\u00e9page reste secret et stimule l&rsquo;imagination \u2013 que peut bien contenir ce vin myst\u00e9rieux ? Profil aromatique : L&rsquo;\u00e9levage en f\u00fbt de noyer conf\u00e8re au \u00ab\u00a0Milea Ava\u00a0\u00bb des ar\u00f4mes [&hellip;]<\/p>\n","protected":false},"featured_media":25308,"template":"","meta":{"_exactmetrics_skip_tracking":false,"_exactmetrics_sitenote_active":false,"_exactmetrics_sitenote_note":"","_exactmetrics_sitenote_category":0},"product_brand":[],"product_cat":[109,22],"product_tag":[102,40,104,103,101,43,44,46,75,47,48],"class_list":{"0":"post-24446","1":"product","2":"type-product","3":"status-publish","4":"has-post-thumbnail","6":"product_cat-vins-demeter-fr","7":"product_cat-vins-rouges","8":"product_tag-bio-weine-fr","9":"product_tag-bio-dynamisch-fr","10":"product_tag-biodynamisch-fr","11":"product_tag-biologisch-fr","12":"product_tag-biologisch-dynamisch","13":"product_tag-de-canali-fr","14":"product_tag-demeter-fr","15":"product_tag-salgesch-fr","16":"product_tag-vins-cina","17":"product_tag-weine-fr","18":"product_tag-weine-salgesch-fr","20":"first","21":"instock","22":"shipping-taxable","23":"purchasable","24":"product-type-simple"},"yoast_head":"<!-- This site is optimized with the Yoast SEO plugin v27.4 - https:\/\/yoast.com\/product\/yoast-seo-wordpress\/ -->\n<title>Milea Ava (75cl) f\u00fbt de noyer - Cave de Canali - biodynamique et myst\u00e9rieux<\/title>\n<meta name=\"description\" content=\"D\u00e9couvrez &quot;Milea Ava&quot;, un vin biodynamique (demeter) \u00e9lev\u00e9 dans un f\u00fbt de noyer. Avec ses ar\u00f4mes de noix grill\u00e9es, bois et \u00e9pices, sa texture velout\u00e9e et une acidit\u00e9 vive, il offre une finale harmonieusement fruit\u00e9e et noix.\" \/>\n<meta name=\"robots\" content=\"index, follow, max-snippet:-1, max-image-preview:large, max-video-preview:-1\" \/>\n<link rel=\"canonical\" href=\"https:\/\/decanali.ch\/fr\/produit\/milea-ava-en-fut-de-noyer-75cl-demeter\/\" \/>\n<meta property=\"og:locale\" content=\"fr_FR\" \/>\n<meta property=\"og:type\" content=\"article\" \/>\n<meta property=\"og:title\" content=\"Milea Ava (75cl) f\u00fbt de noyer - Cave de Canali - biodynamique et myst\u00e9rieux\" \/>\n<meta property=\"og:description\" content=\"D\u00e9couvrez &quot;Milea Ava&quot;, un vin biodynamique (demeter) \u00e9lev\u00e9 dans un f\u00fbt de noyer. Avec ses ar\u00f4mes de noix grill\u00e9es, bois et \u00e9pices, sa texture velout\u00e9e et une acidit\u00e9 vive, il offre une finale harmonieusement fruit\u00e9e et noix.\" \/>\n<meta property=\"og:url\" content=\"https:\/\/decanali.ch\/fr\/produit\/milea-ava-en-fut-de-noyer-75cl-demeter\/\" \/>\n<meta property=\"og:site_name\" content=\"Cave de Canali\" \/>\n<meta property=\"article:publisher\" content=\"https:\/\/www.facebook.com\/biodynamischeWeineDemeter\/?locale=de_DE\" \/>\n<meta property=\"article:modified_time\" content=\"2024-06-30T14:09:49+00:00\" \/>\n<meta property=\"og:image\" content=\"https:\/\/decanali.ch\/wp-content\/uploads\/2022\/04\/Milea-Ava-de-Canali-Salgesch-demeter.jpg\" \/>\n\t<meta property=\"og:image:width\" content=\"800\" \/>\n\t<meta property=\"og:image:height\" content=\"1060\" \/>\n\t<meta property=\"og:image:type\" content=\"image\/jpeg\" \/>\n<meta name=\"twitter:card\" content=\"summary_large_image\" \/>\n<meta name=\"twitter:label1\" content=\"Dur\u00e9e de lecture estim\u00e9e\" \/>\n\t<meta name=\"twitter:data1\" content=\"2 minutes\" \/>\n<script type=\"application\/ld+json\" class=\"yoast-schema-graph\">{\"@context\":\"https:\\\/\\\/schema.org\",\"@graph\":[{\"@type\":\"WebPage\",\"@id\":\"https:\\\/\\\/decanali.ch\\\/fr\\\/produit\\\/milea-ava-en-fut-de-noyer-75cl-demeter\\\/\",\"url\":\"https:\\\/\\\/decanali.ch\\\/fr\\\/produit\\\/milea-ava-en-fut-de-noyer-75cl-demeter\\\/\",\"name\":\"Milea Ava (75cl) f\u00fbt de noyer - Cave de Canali - biodynamique et myst\u00e9rieux\",\"isPartOf\":{\"@id\":\"https:\\\/\\\/decanali.ch\\\/#website\"},\"primaryImageOfPage\":{\"@id\":\"https:\\\/\\\/decanali.ch\\\/fr\\\/produit\\\/milea-ava-en-fut-de-noyer-75cl-demeter\\\/#primaryimage\"},\"image\":{\"@id\":\"https:\\\/\\\/decanali.ch\\\/fr\\\/produit\\\/milea-ava-en-fut-de-noyer-75cl-demeter\\\/#primaryimage\"},\"thumbnailUrl\":\"https:\\\/\\\/decanali.ch\\\/wp-content\\\/uploads\\\/2022\\\/04\\\/Milea-Ava-de-Canali-Salgesch-demeter.jpg\",\"datePublished\":\"2022-04-19T19:39:55+00:00\",\"dateModified\":\"2024-06-30T14:09:49+00:00\",\"description\":\"D\u00e9couvrez \\\"Milea Ava\\\", un vin biodynamique (demeter) \u00e9lev\u00e9 dans un f\u00fbt de noyer. Avec ses ar\u00f4mes de noix grill\u00e9es, bois et \u00e9pices, sa texture velout\u00e9e et une acidit\u00e9 vive, il offre une finale harmonieusement fruit\u00e9e et noix.\",\"breadcrumb\":{\"@id\":\"https:\\\/\\\/decanali.ch\\\/fr\\\/produit\\\/milea-ava-en-fut-de-noyer-75cl-demeter\\\/#breadcrumb\"},\"inLanguage\":\"fr-FR\",\"potentialAction\":[{\"@type\":\"ReadAction\",\"target\":[\"https:\\\/\\\/decanali.ch\\\/fr\\\/produit\\\/milea-ava-en-fut-de-noyer-75cl-demeter\\\/\"]}]},{\"@type\":\"ImageObject\",\"inLanguage\":\"fr-FR\",\"@id\":\"https:\\\/\\\/decanali.ch\\\/fr\\\/produit\\\/milea-ava-en-fut-de-noyer-75cl-demeter\\\/#primaryimage\",\"url\":\"https:\\\/\\\/decanali.ch\\\/wp-content\\\/uploads\\\/2022\\\/04\\\/Milea-Ava-de-Canali-Salgesch-demeter.jpg\",\"contentUrl\":\"https:\\\/\\\/decanali.ch\\\/wp-content\\\/uploads\\\/2022\\\/04\\\/Milea-Ava-de-Canali-Salgesch-demeter.jpg\",\"width\":800,\"height\":1060},{\"@type\":\"BreadcrumbList\",\"@id\":\"https:\\\/\\\/decanali.ch\\\/fr\\\/produit\\\/milea-ava-en-fut-de-noyer-75cl-demeter\\\/#breadcrumb\",\"itemListElement\":[{\"@type\":\"ListItem\",\"position\":1,\"name\":\"Startseite\",\"item\":\"https:\\\/\\\/decanali.ch\\\/fr\\\/\"},{\"@type\":\"ListItem\",\"position\":2,\"name\":\"Boutique de vin\",\"item\":\"https:\\\/\\\/decanali.ch\\\/fr\\\/?page_id=24602\"},{\"@type\":\"ListItem\",\"position\":3,\"name\":\"Milea Ava en f\u00fbt de noyer (75cl) demeter\"}]},{\"@type\":\"WebSite\",\"@id\":\"https:\\\/\\\/decanali.ch\\\/#website\",\"url\":\"https:\\\/\\\/decanali.ch\\\/\",\"name\":\"De Canali\",\"description\":\"Weingut \\\/ Weinberg \\\/ Weinshop in Salgesch\",\"publisher\":{\"@id\":\"https:\\\/\\\/decanali.ch\\\/#organization\"},\"potentialAction\":[{\"@type\":\"SearchAction\",\"target\":{\"@type\":\"EntryPoint\",\"urlTemplate\":\"https:\\\/\\\/decanali.ch\\\/?s={search_term_string}\"},\"query-input\":{\"@type\":\"PropertyValueSpecification\",\"valueRequired\":true,\"valueName\":\"search_term_string\"}}],\"inLanguage\":\"fr-FR\"},{\"@type\":\"Organization\",\"@id\":\"https:\\\/\\\/decanali.ch\\\/#organization\",\"name\":\"De Canali GmbH\",\"url\":\"https:\\\/\\\/decanali.ch\\\/\",\"logo\":{\"@type\":\"ImageObject\",\"inLanguage\":\"fr-FR\",\"@id\":\"https:\\\/\\\/decanali.ch\\\/#\\\/schema\\\/logo\\\/image\\\/\",\"url\":\"https:\\\/\\\/decanali.ch\\\/wp-content\\\/uploads\\\/2021\\\/03\\\/decanali-1-e1714062460794.png\",\"contentUrl\":\"https:\\\/\\\/decanali.ch\\\/wp-content\\\/uploads\\\/2021\\\/03\\\/decanali-1-e1714062460794.png\",\"width\":340,\"height\":156,\"caption\":\"De Canali GmbH\"},\"image\":{\"@id\":\"https:\\\/\\\/decanali.ch\\\/#\\\/schema\\\/logo\\\/image\\\/\"},\"sameAs\":[\"https:\\\/\\\/www.facebook.com\\\/biodynamischeWeineDemeter\\\/?locale=de_DE\",\"https:\\\/\\\/www.instagram.com\\\/accounts\\\/login\\\/?next=httpswww.instagram.comde_canali_weingut&is_from_rle\"]}]}<\/script>\n<!-- \/ Yoast SEO plugin. -->","yoast_head_json":{"title":"Milea Ava (75cl) f\u00fbt de noyer - Cave de Canali - biodynamique et myst\u00e9rieux","description":"D\u00e9couvrez \"Milea Ava\", un vin biodynamique (demeter) \u00e9lev\u00e9 dans un f\u00fbt de noyer. Avec ses ar\u00f4mes de noix grill\u00e9es, bois et \u00e9pices, sa texture velout\u00e9e et une acidit\u00e9 vive, il offre une finale harmonieusement fruit\u00e9e et noix.","robots":{"index":"index","follow":"follow","max-snippet":"max-snippet:-1","max-image-preview":"max-image-preview:large","max-video-preview":"max-video-preview:-1"},"canonical":"https:\/\/decanali.ch\/fr\/produit\/milea-ava-en-fut-de-noyer-75cl-demeter\/","og_locale":"fr_FR","og_type":"article","og_title":"Milea Ava (75cl) f\u00fbt de noyer - Cave de Canali - biodynamique et myst\u00e9rieux","og_description":"D\u00e9couvrez \"Milea Ava\", un vin biodynamique (demeter) \u00e9lev\u00e9 dans un f\u00fbt de noyer. Avec ses ar\u00f4mes de noix grill\u00e9es, bois et \u00e9pices, sa texture velout\u00e9e et une acidit\u00e9 vive, il offre une finale harmonieusement fruit\u00e9e et noix.","og_url":"https:\/\/decanali.ch\/fr\/produit\/milea-ava-en-fut-de-noyer-75cl-demeter\/","og_site_name":"Cave de Canali","article_publisher":"https:\/\/www.facebook.com\/biodynamischeWeineDemeter\/?locale=de_DE","article_modified_time":"2024-06-30T14:09:49+00:00","og_image":[{"width":800,"height":1060,"url":"https:\/\/decanali.ch\/wp-content\/uploads\/2022\/04\/Milea-Ava-de-Canali-Salgesch-demeter.jpg","type":"image\/jpeg"}],"twitter_card":"summary_large_image","twitter_misc":{"Dur\u00e9e de lecture estim\u00e9e":"2 minutes"},"schema":{"@context":"https:\/\/schema.org","@graph":[{"@type":"WebPage","@id":"https:\/\/decanali.ch\/fr\/produit\/milea-ava-en-fut-de-noyer-75cl-demeter\/","url":"https:\/\/decanali.ch\/fr\/produit\/milea-ava-en-fut-de-noyer-75cl-demeter\/","name":"Milea Ava (75cl) f\u00fbt de noyer - Cave de Canali - biodynamique et myst\u00e9rieux","isPartOf":{"@id":"https:\/\/decanali.ch\/#website"},"primaryImageOfPage":{"@id":"https:\/\/decanali.ch\/fr\/produit\/milea-ava-en-fut-de-noyer-75cl-demeter\/#primaryimage"},"image":{"@id":"https:\/\/decanali.ch\/fr\/produit\/milea-ava-en-fut-de-noyer-75cl-demeter\/#primaryimage"},"thumbnailUrl":"https:\/\/decanali.ch\/wp-content\/uploads\/2022\/04\/Milea-Ava-de-Canali-Salgesch-demeter.jpg","datePublished":"2022-04-19T19:39:55+00:00","dateModified":"2024-06-30T14:09:49+00:00","description":"D\u00e9couvrez \"Milea Ava\", un vin biodynamique (demeter) \u00e9lev\u00e9 dans un f\u00fbt de noyer. Avec ses ar\u00f4mes de noix grill\u00e9es, bois et \u00e9pices, sa texture velout\u00e9e et une acidit\u00e9 vive, il offre une finale harmonieusement fruit\u00e9e et noix.","breadcrumb":{"@id":"https:\/\/decanali.ch\/fr\/produit\/milea-ava-en-fut-de-noyer-75cl-demeter\/#breadcrumb"},"inLanguage":"fr-FR","potentialAction":[{"@type":"ReadAction","target":["https:\/\/decanali.ch\/fr\/produit\/milea-ava-en-fut-de-noyer-75cl-demeter\/"]}]},{"@type":"ImageObject","inLanguage":"fr-FR","@id":"https:\/\/decanali.ch\/fr\/produit\/milea-ava-en-fut-de-noyer-75cl-demeter\/#primaryimage","url":"https:\/\/decanali.ch\/wp-content\/uploads\/2022\/04\/Milea-Ava-de-Canali-Salgesch-demeter.jpg","contentUrl":"https:\/\/decanali.ch\/wp-content\/uploads\/2022\/04\/Milea-Ava-de-Canali-Salgesch-demeter.jpg","width":800,"height":1060},{"@type":"BreadcrumbList","@id":"https:\/\/decanali.ch\/fr\/produit\/milea-ava-en-fut-de-noyer-75cl-demeter\/#breadcrumb","itemListElement":[{"@type":"ListItem","position":1,"name":"Startseite","item":"https:\/\/decanali.ch\/fr\/"},{"@type":"ListItem","position":2,"name":"Boutique de vin","item":"https:\/\/decanali.ch\/fr\/?page_id=24602"},{"@type":"ListItem","position":3,"name":"Milea Ava en f\u00fbt de noyer (75cl) demeter"}]},{"@type":"WebSite","@id":"https:\/\/decanali.ch\/#website","url":"https:\/\/decanali.ch\/","name":"De Canali","description":"Weingut \/ Weinberg \/ Weinshop in Salgesch","publisher":{"@id":"https:\/\/decanali.ch\/#organization"},"potentialAction":[{"@type":"SearchAction","target":{"@type":"EntryPoint","urlTemplate":"https:\/\/decanali.ch\/?s={search_term_string}"},"query-input":{"@type":"PropertyValueSpecification","valueRequired":true,"valueName":"search_term_string"}}],"inLanguage":"fr-FR"},{"@type":"Organization","@id":"https:\/\/decanali.ch\/#organization","name":"De Canali GmbH","url":"https:\/\/decanali.ch\/","logo":{"@type":"ImageObject","inLanguage":"fr-FR","@id":"https:\/\/decanali.ch\/#\/schema\/logo\/image\/","url":"https:\/\/decanali.ch\/wp-content\/uploads\/2021\/03\/decanali-1-e1714062460794.png","contentUrl":"https:\/\/decanali.ch\/wp-content\/uploads\/2021\/03\/decanali-1-e1714062460794.png","width":340,"height":156,"caption":"De Canali GmbH"},"image":{"@id":"https:\/\/decanali.ch\/#\/schema\/logo\/image\/"},"sameAs":["https:\/\/www.facebook.com\/biodynamischeWeineDemeter\/?locale=de_DE","https:\/\/www.instagram.com\/accounts\/login\/?next=httpswww.instagram.comde_canali_weingut&is_from_rle"]}]}},"_links":{"self":[{"href":"https:\/\/decanali.ch\/fr\/wp-json\/wp\/v2\/product\/24446","targetHints":{"allow":["GET"]}}],"collection":[{"href":"https:\/\/decanali.ch\/fr\/wp-json\/wp\/v2\/product"}],"about":[{"href":"https:\/\/decanali.ch\/fr\/wp-json\/wp\/v2\/types\/product"}],"wp:featuredmedia":[{"embeddable":true,"href":"https:\/\/decanali.ch\/fr\/wp-json\/wp\/v2\/media\/25308"}],"wp:attachment":[{"href":"https:\/\/decanali.ch\/fr\/wp-json\/wp\/v2\/media?parent=24446"}],"wp:term":[{"taxonomy":"product_brand","embeddable":true,"href":"https:\/\/decanali.ch\/fr\/wp-json\/wp\/v2\/product_brand?post=24446"},{"taxonomy":"product_cat","embeddable":true,"href":"https:\/\/decanali.ch\/fr\/wp-json\/wp\/v2\/product_cat?post=24446"},{"taxonomy":"product_tag","embeddable":true,"href":"https:\/\/decanali.ch\/fr\/wp-json\/wp\/v2\/product_tag?post=24446"}],"curies":[{"name":"wp","href":"https:\/\/api.w.org\/{rel}","templated":true}]}}