{"id":24453,"date":"2022-04-19T22:01:18","date_gmt":"2022-04-19T20:01:18","guid":{"rendered":"https:\/\/decanali.ch\/?post_type=product&#038;p=24453"},"modified":"2024-06-30T16:43:20","modified_gmt":"2024-06-30T14:43:20","slug":"assemblage-2021-75cl","status":"publish","type":"product","link":"https:\/\/decanali.ch\/fr\/produit\/assemblage-2021-75cl\/","title":{"rendered":"Assemblage \u00ab\u00a02021\u00a0\u00bb  (75cl)"},"content":{"rendered":"<p>Le vin \u00ab\u00a02021\u00a0\u00bb en \u00e9dition limit\u00e9e est un assemblage rouge compos\u00e9 de raisins s\u00e9lectionn\u00e9s de la r\u00e9colte sp\u00e9ciale de l&rsquo;ann\u00e9e 2021. Ces raisins ont \u00e9t\u00e9 soigneusement choisis pour leur qualit\u00e9 exceptionnelle, leur \u00e9quilibre particulier et leur richesse aromatique. L&rsquo;id\u00e9e de cr\u00e9er cet assemblage \u00e0 partir de ces raisins particuliers est n\u00e9e de leurs caract\u00e9ristiques uniques.<\/p>\n<p><img loading=\"lazy\" decoding=\"async\" class=\"alignnone wp-image-25590\" src=\"https:\/\/decanali.ch\/wp-content\/uploads\/2021\/07\/Slow-Wine-slow-food-bio-biologisch-dynamisch-demeter-1-300x203.jpg\" alt=\"\" width=\"147\" height=\"100\" srcset=\"https:\/\/decanali.ch\/wp-content\/uploads\/2021\/07\/Slow-Wine-slow-food-bio-biologisch-dynamisch-demeter-1-300x203.jpg 300w, https:\/\/decanali.ch\/wp-content\/uploads\/2021\/07\/Slow-Wine-slow-food-bio-biologisch-dynamisch-demeter-1.jpg 411w\" sizes=\"auto, (max-width: 147px) 100vw, 147px\" \/><\/p>\n","protected":false},"excerpt":{"rendered":"<p>Le vin \u00ab\u00a02021\u00a0\u00bb en \u00e9dition limit\u00e9e est un assemblage rouge compos\u00e9 de raisins s\u00e9lectionn\u00e9s de la r\u00e9colte sp\u00e9ciale de l&rsquo;ann\u00e9e 2021. Ces raisins ont \u00e9t\u00e9 soigneusement choisis pour leur qualit\u00e9 exceptionnelle, leur \u00e9quilibre particulier et leur richesse aromatique. L&rsquo;id\u00e9e de cr\u00e9er cet assemblage \u00e0 partir de ces raisins particuliers est n\u00e9e de leurs caract\u00e9ristiques uniques.<\/p>\n","protected":false},"featured_media":25306,"template":"","meta":{"_exactmetrics_skip_tracking":false,"_exactmetrics_sitenote_active":false,"_exactmetrics_sitenote_note":"","_exactmetrics_sitenote_category":0},"product_brand":[],"product_cat":[22],"product_tag":[102,40,104,103,101,43,44,46,75,47,48],"class_list":{"0":"post-24453","1":"product","2":"type-product","3":"status-publish","4":"has-post-thumbnail","6":"product_cat-vins-rouges","7":"product_tag-bio-weine-fr","8":"product_tag-bio-dynamisch-fr","9":"product_tag-biodynamisch-fr","10":"product_tag-biologisch-fr","11":"product_tag-biologisch-dynamisch","12":"product_tag-de-canali-fr","13":"product_tag-demeter-fr","14":"product_tag-salgesch-fr","15":"product_tag-vins-cina","16":"product_tag-weine-fr","17":"product_tag-weine-salgesch-fr","19":"first","20":"instock","21":"shipping-taxable","22":"purchasable","23":"product-type-simple"},"yoast_head":"<!-- This site is optimized with the Yoast SEO plugin v27.4 - https:\/\/yoast.com\/product\/yoast-seo-wordpress\/ -->\n<title>Assemblage &quot;2021&quot; (75cl) - Cave de Canali - Une Assemblage Rouge Exclusive<\/title>\n<meta name=\"description\" content=\"Un vin limit\u00e9 nomm\u00e9 &quot;2021&quot;, une exquise assemblage rouge compos\u00e9 de raisins soigneusement s\u00e9lectionn\u00e9s de la r\u00e9colte exceptionnelle de cette ann\u00e9e. Parfaitement \u00e9quilibr\u00e9 et aromatique, il combine le meilleur des sp\u00e9cialit\u00e9s de 2021 pour une exp\u00e9rience gustative unique.\" \/>\n<meta name=\"robots\" content=\"index, follow, max-snippet:-1, max-image-preview:large, max-video-preview:-1\" \/>\n<link rel=\"canonical\" href=\"https:\/\/decanali.ch\/fr\/produit\/assemblage-2021-75cl\/\" \/>\n<meta property=\"og:locale\" content=\"fr_FR\" \/>\n<meta property=\"og:type\" content=\"article\" \/>\n<meta property=\"og:title\" content=\"Assemblage &quot;2021&quot; (75cl) - Cave de Canali - Une Assemblage Rouge Exclusive\" \/>\n<meta property=\"og:description\" content=\"Un vin limit\u00e9 nomm\u00e9 &quot;2021&quot;, une exquise assemblage rouge compos\u00e9 de raisins soigneusement s\u00e9lectionn\u00e9s de la r\u00e9colte exceptionnelle de cette ann\u00e9e. Parfaitement \u00e9quilibr\u00e9 et aromatique, il combine le meilleur des sp\u00e9cialit\u00e9s de 2021 pour une exp\u00e9rience gustative unique.\" \/>\n<meta property=\"og:url\" content=\"https:\/\/decanali.ch\/fr\/produit\/assemblage-2021-75cl\/\" \/>\n<meta property=\"og:site_name\" content=\"Cave de Canali\" \/>\n<meta property=\"article:publisher\" content=\"https:\/\/www.facebook.com\/biodynamischeWeineDemeter\/?locale=de_DE\" \/>\n<meta property=\"article:modified_time\" content=\"2024-06-30T14:43:20+00:00\" \/>\n<meta property=\"og:image\" content=\"https:\/\/decanali.ch\/wp-content\/uploads\/2022\/04\/Assemblage-2021-.jpg\" \/>\n\t<meta property=\"og:image:width\" content=\"800\" \/>\n\t<meta property=\"og:image:height\" content=\"1060\" \/>\n\t<meta property=\"og:image:type\" content=\"image\/jpeg\" \/>\n<meta name=\"twitter:card\" content=\"summary_large_image\" \/>\n<meta name=\"twitter:label1\" content=\"Dur\u00e9e de lecture estim\u00e9e\" \/>\n\t<meta name=\"twitter:data1\" content=\"1 minute\" \/>\n<script type=\"application\/ld+json\" class=\"yoast-schema-graph\">{\"@context\":\"https:\\\/\\\/schema.org\",\"@graph\":[{\"@type\":\"WebPage\",\"@id\":\"https:\\\/\\\/decanali.ch\\\/fr\\\/produit\\\/assemblage-2021-75cl\\\/\",\"url\":\"https:\\\/\\\/decanali.ch\\\/fr\\\/produit\\\/assemblage-2021-75cl\\\/\",\"name\":\"Assemblage \\\"2021\\\" (75cl) - Cave de Canali - Une Assemblage Rouge Exclusive\",\"isPartOf\":{\"@id\":\"https:\\\/\\\/decanali.ch\\\/#website\"},\"primaryImageOfPage\":{\"@id\":\"https:\\\/\\\/decanali.ch\\\/fr\\\/produit\\\/assemblage-2021-75cl\\\/#primaryimage\"},\"image\":{\"@id\":\"https:\\\/\\\/decanali.ch\\\/fr\\\/produit\\\/assemblage-2021-75cl\\\/#primaryimage\"},\"thumbnailUrl\":\"https:\\\/\\\/decanali.ch\\\/wp-content\\\/uploads\\\/2022\\\/04\\\/Assemblage-2021-.jpg\",\"datePublished\":\"2022-04-19T20:01:18+00:00\",\"dateModified\":\"2024-06-30T14:43:20+00:00\",\"description\":\"Un vin limit\u00e9 nomm\u00e9 \\\"2021\\\", une exquise assemblage rouge compos\u00e9 de raisins soigneusement s\u00e9lectionn\u00e9s de la r\u00e9colte exceptionnelle de cette ann\u00e9e. Parfaitement \u00e9quilibr\u00e9 et aromatique, il combine le meilleur des sp\u00e9cialit\u00e9s de 2021 pour une exp\u00e9rience gustative unique.\",\"breadcrumb\":{\"@id\":\"https:\\\/\\\/decanali.ch\\\/fr\\\/produit\\\/assemblage-2021-75cl\\\/#breadcrumb\"},\"inLanguage\":\"fr-FR\",\"potentialAction\":[{\"@type\":\"ReadAction\",\"target\":[\"https:\\\/\\\/decanali.ch\\\/fr\\\/produit\\\/assemblage-2021-75cl\\\/\"]}]},{\"@type\":\"ImageObject\",\"inLanguage\":\"fr-FR\",\"@id\":\"https:\\\/\\\/decanali.ch\\\/fr\\\/produit\\\/assemblage-2021-75cl\\\/#primaryimage\",\"url\":\"https:\\\/\\\/decanali.ch\\\/wp-content\\\/uploads\\\/2022\\\/04\\\/Assemblage-2021-.jpg\",\"contentUrl\":\"https:\\\/\\\/decanali.ch\\\/wp-content\\\/uploads\\\/2022\\\/04\\\/Assemblage-2021-.jpg\",\"width\":800,\"height\":1060},{\"@type\":\"BreadcrumbList\",\"@id\":\"https:\\\/\\\/decanali.ch\\\/fr\\\/produit\\\/assemblage-2021-75cl\\\/#breadcrumb\",\"itemListElement\":[{\"@type\":\"ListItem\",\"position\":1,\"name\":\"Startseite\",\"item\":\"https:\\\/\\\/decanali.ch\\\/fr\\\/\"},{\"@type\":\"ListItem\",\"position\":2,\"name\":\"Boutique de vin\",\"item\":\"https:\\\/\\\/decanali.ch\\\/fr\\\/?page_id=24602\"},{\"@type\":\"ListItem\",\"position\":3,\"name\":\"Assemblage &#8222;2021&#8220; (75cl)\"}]},{\"@type\":\"WebSite\",\"@id\":\"https:\\\/\\\/decanali.ch\\\/#website\",\"url\":\"https:\\\/\\\/decanali.ch\\\/\",\"name\":\"De Canali\",\"description\":\"Weingut \\\/ Weinberg \\\/ Weinshop in Salgesch\",\"publisher\":{\"@id\":\"https:\\\/\\\/decanali.ch\\\/#organization\"},\"potentialAction\":[{\"@type\":\"SearchAction\",\"target\":{\"@type\":\"EntryPoint\",\"urlTemplate\":\"https:\\\/\\\/decanali.ch\\\/?s={search_term_string}\"},\"query-input\":{\"@type\":\"PropertyValueSpecification\",\"valueRequired\":true,\"valueName\":\"search_term_string\"}}],\"inLanguage\":\"fr-FR\"},{\"@type\":\"Organization\",\"@id\":\"https:\\\/\\\/decanali.ch\\\/#organization\",\"name\":\"De Canali GmbH\",\"url\":\"https:\\\/\\\/decanali.ch\\\/\",\"logo\":{\"@type\":\"ImageObject\",\"inLanguage\":\"fr-FR\",\"@id\":\"https:\\\/\\\/decanali.ch\\\/#\\\/schema\\\/logo\\\/image\\\/\",\"url\":\"https:\\\/\\\/decanali.ch\\\/wp-content\\\/uploads\\\/2021\\\/03\\\/decanali-1-e1714062460794.png\",\"contentUrl\":\"https:\\\/\\\/decanali.ch\\\/wp-content\\\/uploads\\\/2021\\\/03\\\/decanali-1-e1714062460794.png\",\"width\":340,\"height\":156,\"caption\":\"De Canali GmbH\"},\"image\":{\"@id\":\"https:\\\/\\\/decanali.ch\\\/#\\\/schema\\\/logo\\\/image\\\/\"},\"sameAs\":[\"https:\\\/\\\/www.facebook.com\\\/biodynamischeWeineDemeter\\\/?locale=de_DE\",\"https:\\\/\\\/www.instagram.com\\\/accounts\\\/login\\\/?next=httpswww.instagram.comde_canali_weingut&is_from_rle\"]}]}<\/script>\n<!-- \/ Yoast SEO plugin. -->","yoast_head_json":{"title":"Assemblage \"2021\" (75cl) - Cave de Canali - Une Assemblage Rouge Exclusive","description":"Un vin limit\u00e9 nomm\u00e9 \"2021\", une exquise assemblage rouge compos\u00e9 de raisins soigneusement s\u00e9lectionn\u00e9s de la r\u00e9colte exceptionnelle de cette ann\u00e9e. Parfaitement \u00e9quilibr\u00e9 et aromatique, il combine le meilleur des sp\u00e9cialit\u00e9s de 2021 pour une exp\u00e9rience gustative unique.","robots":{"index":"index","follow":"follow","max-snippet":"max-snippet:-1","max-image-preview":"max-image-preview:large","max-video-preview":"max-video-preview:-1"},"canonical":"https:\/\/decanali.ch\/fr\/produit\/assemblage-2021-75cl\/","og_locale":"fr_FR","og_type":"article","og_title":"Assemblage \"2021\" (75cl) - Cave de Canali - Une Assemblage Rouge Exclusive","og_description":"Un vin limit\u00e9 nomm\u00e9 \"2021\", une exquise assemblage rouge compos\u00e9 de raisins soigneusement s\u00e9lectionn\u00e9s de la r\u00e9colte exceptionnelle de cette ann\u00e9e. Parfaitement \u00e9quilibr\u00e9 et aromatique, il combine le meilleur des sp\u00e9cialit\u00e9s de 2021 pour une exp\u00e9rience gustative unique.","og_url":"https:\/\/decanali.ch\/fr\/produit\/assemblage-2021-75cl\/","og_site_name":"Cave de Canali","article_publisher":"https:\/\/www.facebook.com\/biodynamischeWeineDemeter\/?locale=de_DE","article_modified_time":"2024-06-30T14:43:20+00:00","og_image":[{"width":800,"height":1060,"url":"https:\/\/decanali.ch\/wp-content\/uploads\/2022\/04\/Assemblage-2021-.jpg","type":"image\/jpeg"}],"twitter_card":"summary_large_image","twitter_misc":{"Dur\u00e9e de lecture estim\u00e9e":"1 minute"},"schema":{"@context":"https:\/\/schema.org","@graph":[{"@type":"WebPage","@id":"https:\/\/decanali.ch\/fr\/produit\/assemblage-2021-75cl\/","url":"https:\/\/decanali.ch\/fr\/produit\/assemblage-2021-75cl\/","name":"Assemblage \"2021\" (75cl) - Cave de Canali - Une Assemblage Rouge Exclusive","isPartOf":{"@id":"https:\/\/decanali.ch\/#website"},"primaryImageOfPage":{"@id":"https:\/\/decanali.ch\/fr\/produit\/assemblage-2021-75cl\/#primaryimage"},"image":{"@id":"https:\/\/decanali.ch\/fr\/produit\/assemblage-2021-75cl\/#primaryimage"},"thumbnailUrl":"https:\/\/decanali.ch\/wp-content\/uploads\/2022\/04\/Assemblage-2021-.jpg","datePublished":"2022-04-19T20:01:18+00:00","dateModified":"2024-06-30T14:43:20+00:00","description":"Un vin limit\u00e9 nomm\u00e9 \"2021\", une exquise assemblage rouge compos\u00e9 de raisins soigneusement s\u00e9lectionn\u00e9s de la r\u00e9colte exceptionnelle de cette ann\u00e9e. Parfaitement \u00e9quilibr\u00e9 et aromatique, il combine le meilleur des sp\u00e9cialit\u00e9s de 2021 pour une exp\u00e9rience gustative unique.","breadcrumb":{"@id":"https:\/\/decanali.ch\/fr\/produit\/assemblage-2021-75cl\/#breadcrumb"},"inLanguage":"fr-FR","potentialAction":[{"@type":"ReadAction","target":["https:\/\/decanali.ch\/fr\/produit\/assemblage-2021-75cl\/"]}]},{"@type":"ImageObject","inLanguage":"fr-FR","@id":"https:\/\/decanali.ch\/fr\/produit\/assemblage-2021-75cl\/#primaryimage","url":"https:\/\/decanali.ch\/wp-content\/uploads\/2022\/04\/Assemblage-2021-.jpg","contentUrl":"https:\/\/decanali.ch\/wp-content\/uploads\/2022\/04\/Assemblage-2021-.jpg","width":800,"height":1060},{"@type":"BreadcrumbList","@id":"https:\/\/decanali.ch\/fr\/produit\/assemblage-2021-75cl\/#breadcrumb","itemListElement":[{"@type":"ListItem","position":1,"name":"Startseite","item":"https:\/\/decanali.ch\/fr\/"},{"@type":"ListItem","position":2,"name":"Boutique de vin","item":"https:\/\/decanali.ch\/fr\/?page_id=24602"},{"@type":"ListItem","position":3,"name":"Assemblage &#8222;2021&#8220; (75cl)"}]},{"@type":"WebSite","@id":"https:\/\/decanali.ch\/#website","url":"https:\/\/decanali.ch\/","name":"De Canali","description":"Weingut \/ Weinberg \/ Weinshop in Salgesch","publisher":{"@id":"https:\/\/decanali.ch\/#organization"},"potentialAction":[{"@type":"SearchAction","target":{"@type":"EntryPoint","urlTemplate":"https:\/\/decanali.ch\/?s={search_term_string}"},"query-input":{"@type":"PropertyValueSpecification","valueRequired":true,"valueName":"search_term_string"}}],"inLanguage":"fr-FR"},{"@type":"Organization","@id":"https:\/\/decanali.ch\/#organization","name":"De Canali GmbH","url":"https:\/\/decanali.ch\/","logo":{"@type":"ImageObject","inLanguage":"fr-FR","@id":"https:\/\/decanali.ch\/#\/schema\/logo\/image\/","url":"https:\/\/decanali.ch\/wp-content\/uploads\/2021\/03\/decanali-1-e1714062460794.png","contentUrl":"https:\/\/decanali.ch\/wp-content\/uploads\/2021\/03\/decanali-1-e1714062460794.png","width":340,"height":156,"caption":"De Canali GmbH"},"image":{"@id":"https:\/\/decanali.ch\/#\/schema\/logo\/image\/"},"sameAs":["https:\/\/www.facebook.com\/biodynamischeWeineDemeter\/?locale=de_DE","https:\/\/www.instagram.com\/accounts\/login\/?next=httpswww.instagram.comde_canali_weingut&is_from_rle"]}]}},"_links":{"self":[{"href":"https:\/\/decanali.ch\/fr\/wp-json\/wp\/v2\/product\/24453","targetHints":{"allow":["GET"]}}],"collection":[{"href":"https:\/\/decanali.ch\/fr\/wp-json\/wp\/v2\/product"}],"about":[{"href":"https:\/\/decanali.ch\/fr\/wp-json\/wp\/v2\/types\/product"}],"wp:featuredmedia":[{"embeddable":true,"href":"https:\/\/decanali.ch\/fr\/wp-json\/wp\/v2\/media\/25306"}],"wp:attachment":[{"href":"https:\/\/decanali.ch\/fr\/wp-json\/wp\/v2\/media?parent=24453"}],"wp:term":[{"taxonomy":"product_brand","embeddable":true,"href":"https:\/\/decanali.ch\/fr\/wp-json\/wp\/v2\/product_brand?post=24453"},{"taxonomy":"product_cat","embeddable":true,"href":"https:\/\/decanali.ch\/fr\/wp-json\/wp\/v2\/product_cat?post=24453"},{"taxonomy":"product_tag","embeddable":true,"href":"https:\/\/decanali.ch\/fr\/wp-json\/wp\/v2\/product_tag?post=24453"}],"curies":[{"name":"wp","href":"https:\/\/api.w.org\/{rel}","templated":true}]}}