{"id":24714,"date":"2023-03-29T21:33:03","date_gmt":"2023-03-29T19:33:03","guid":{"rendered":"https:\/\/decanali.ch\/?post_type=product&#038;p=24714"},"modified":"2024-06-29T16:53:19","modified_gmt":"2024-06-29T14:53:19","slug":"cornalin-marc-andre-50cl","status":"publish","type":"product","link":"https:\/\/decanali.ch\/fr\/produit\/cornalin-marc-andre-50cl\/","title":{"rendered":"Cornalin \u00ab\u00a0Marc-Andr\u00e9\u00a0\u00bb (50cl)"},"content":{"rendered":"<p>Le Cornalin est un c\u00e9page rouge de caract\u00e8re, originaire du Valais.<\/p>\n<ol>\n<li><strong>Profil aromatique<\/strong> : Ar\u00f4mes intenses de fruits rouges et noirs tels que les cerises, les framboises et les cassis. On per\u00e7oit souvent \u00e9galement des notes \u00e9pic\u00e9es de clou de girofle et une touche de sous-bois.<\/li>\n<li><strong>Go\u00fbt<\/strong> : En bouche, le Cornalin montre un \u00e9quilibre harmonieux entre fruit\u00e9 et acidit\u00e9, avec une structure tannique douce mais pr\u00e9sente. Des nuances terreuses et l\u00e9g\u00e8rement poivr\u00e9es sont \u00e9galement perceptibles.<\/li>\n<li><strong>Finale<\/strong> : La finale est longue et soyeuse, avec des notes fruit\u00e9es et \u00e9pic\u00e9es persistantes.<\/li>\n<\/ol>\n<p>Notre Cornalin \u00ab Marc-Andr\u00e9 \u00bb se marie parfaitement avec des plats savoureux tels que le gibier, l&rsquo;agneau et les fromages affin\u00e9s. Id\u00e9al pour les amateurs qui recherchent un vin rouge cors\u00e9 et complexe.<\/p>\n<p><img loading=\"lazy\" decoding=\"async\" class=\"alignnone wp-image-25590\" src=\"https:\/\/decanali.ch\/wp-content\/uploads\/2021\/07\/Slow-Wine-slow-food-bio-biologisch-dynamisch-demeter-1-300x203.jpg\" alt=\"\" width=\"148\" height=\"100\" srcset=\"https:\/\/decanali.ch\/wp-content\/uploads\/2021\/07\/Slow-Wine-slow-food-bio-biologisch-dynamisch-demeter-1-300x203.jpg 300w, https:\/\/decanali.ch\/wp-content\/uploads\/2021\/07\/Slow-Wine-slow-food-bio-biologisch-dynamisch-demeter-1.jpg 411w\" sizes=\"auto, (max-width: 148px) 100vw, 148px\" \/><\/p>\n","protected":false},"excerpt":{"rendered":"<p>Le Cornalin est un c\u00e9page rouge de caract\u00e8re, originaire du Valais. Profil aromatique : Ar\u00f4mes intenses de fruits rouges et noirs tels que les cerises, les framboises et les cassis. On per\u00e7oit souvent \u00e9galement des notes \u00e9pic\u00e9es de clou de girofle et une touche de sous-bois. Go\u00fbt : En bouche, le Cornalin montre un \u00e9quilibre [&hellip;]<\/p>\n","protected":false},"featured_media":25388,"template":"","meta":{"_exactmetrics_skip_tracking":false,"_exactmetrics_sitenote_active":false,"_exactmetrics_sitenote_note":"","_exactmetrics_sitenote_category":0},"product_brand":[],"product_cat":[22],"product_tag":[102,104,103,101,43,44,46,75,47,48],"class_list":{"0":"post-24714","1":"product","2":"type-product","3":"status-publish","4":"has-post-thumbnail","6":"product_cat-vins-rouges","7":"product_tag-bio-weine-fr","8":"product_tag-biodynamisch-fr","9":"product_tag-biologisch-fr","10":"product_tag-biologisch-dynamisch","11":"product_tag-de-canali-fr","12":"product_tag-demeter-fr","13":"product_tag-salgesch-fr","14":"product_tag-vins-cina","15":"product_tag-weine-fr","16":"product_tag-weine-salgesch-fr","18":"first","19":"instock","20":"shipping-taxable","21":"purchasable","22":"product-type-simple"},"yoast_head":"<!-- This site is optimized with the Yoast SEO plugin v27.4 - https:\/\/yoast.com\/product\/yoast-seo-wordpress\/ -->\n<title>Cornalin &quot;Marc-Andr\u00e9&quot; (50cl) - Cave de Canali - Intense et \u00c9pic\u00e9<\/title>\n<meta name=\"description\" content=\"D\u00e9couvrez notre Cornalin \u00ab Marc-Andr\u00e9 \u00bb, un c\u00e9page rouge du Valais avec des ar\u00f4mes intenses de cerises, framboises et cassis, accompagn\u00e9s de notes \u00e9pic\u00e9es de clou de girofle et de sous-bois. Ce vin offre une bouche \u00e9quilibr\u00e9e avec une structure tannique douce, id\u00e9al pour accompagner le gibier, l&#039;agneau et les fromages affin\u00e9s.\" \/>\n<meta name=\"robots\" content=\"index, follow, max-snippet:-1, max-image-preview:large, max-video-preview:-1\" \/>\n<link rel=\"canonical\" href=\"https:\/\/decanali.ch\/fr\/produit\/cornalin-marc-andre-50cl\/\" \/>\n<meta property=\"og:locale\" content=\"fr_FR\" \/>\n<meta property=\"og:type\" content=\"article\" \/>\n<meta property=\"og:title\" content=\"Cornalin &quot;Marc-Andr\u00e9&quot; (50cl) - Cave de Canali - Intense et \u00c9pic\u00e9\" \/>\n<meta property=\"og:description\" content=\"D\u00e9couvrez notre Cornalin \u00ab Marc-Andr\u00e9 \u00bb, un c\u00e9page rouge du Valais avec des ar\u00f4mes intenses de cerises, framboises et cassis, accompagn\u00e9s de notes \u00e9pic\u00e9es de clou de girofle et de sous-bois. Ce vin offre une bouche \u00e9quilibr\u00e9e avec une structure tannique douce, id\u00e9al pour accompagner le gibier, l&#039;agneau et les fromages affin\u00e9s.\" \/>\n<meta property=\"og:url\" content=\"https:\/\/decanali.ch\/fr\/produit\/cornalin-marc-andre-50cl\/\" \/>\n<meta property=\"og:site_name\" content=\"Cave de Canali\" \/>\n<meta property=\"article:publisher\" content=\"https:\/\/www.facebook.com\/biodynamischeWeineDemeter\/?locale=de_DE\" \/>\n<meta property=\"article:modified_time\" content=\"2024-06-29T14:53:19+00:00\" \/>\n<meta property=\"og:image\" content=\"https:\/\/decanali.ch\/wp-content\/uploads\/2023\/03\/Cornalin-de-Canali-Salgesch-.jpg\" \/>\n\t<meta property=\"og:image:width\" content=\"800\" \/>\n\t<meta property=\"og:image:height\" content=\"1060\" \/>\n\t<meta property=\"og:image:type\" content=\"image\/jpeg\" \/>\n<meta name=\"twitter:card\" content=\"summary_large_image\" \/>\n<meta name=\"twitter:label1\" content=\"Dur\u00e9e de lecture estim\u00e9e\" \/>\n\t<meta name=\"twitter:data1\" content=\"1 minute\" \/>\n<script type=\"application\/ld+json\" class=\"yoast-schema-graph\">{\"@context\":\"https:\\\/\\\/schema.org\",\"@graph\":[{\"@type\":\"WebPage\",\"@id\":\"https:\\\/\\\/decanali.ch\\\/fr\\\/produit\\\/cornalin-marc-andre-50cl\\\/\",\"url\":\"https:\\\/\\\/decanali.ch\\\/fr\\\/produit\\\/cornalin-marc-andre-50cl\\\/\",\"name\":\"Cornalin \\\"Marc-Andr\u00e9\\\" (50cl) - Cave de Canali - Intense et \u00c9pic\u00e9\",\"isPartOf\":{\"@id\":\"https:\\\/\\\/decanali.ch\\\/#website\"},\"primaryImageOfPage\":{\"@id\":\"https:\\\/\\\/decanali.ch\\\/fr\\\/produit\\\/cornalin-marc-andre-50cl\\\/#primaryimage\"},\"image\":{\"@id\":\"https:\\\/\\\/decanali.ch\\\/fr\\\/produit\\\/cornalin-marc-andre-50cl\\\/#primaryimage\"},\"thumbnailUrl\":\"https:\\\/\\\/decanali.ch\\\/wp-content\\\/uploads\\\/2023\\\/03\\\/Cornalin-de-Canali-Salgesch-.jpg\",\"datePublished\":\"2023-03-29T19:33:03+00:00\",\"dateModified\":\"2024-06-29T14:53:19+00:00\",\"description\":\"D\u00e9couvrez notre Cornalin \u00ab Marc-Andr\u00e9 \u00bb, un c\u00e9page rouge du Valais avec des ar\u00f4mes intenses de cerises, framboises et cassis, accompagn\u00e9s de notes \u00e9pic\u00e9es de clou de girofle et de sous-bois. Ce vin offre une bouche \u00e9quilibr\u00e9e avec une structure tannique douce, id\u00e9al pour accompagner le gibier, l'agneau et les fromages affin\u00e9s.\",\"breadcrumb\":{\"@id\":\"https:\\\/\\\/decanali.ch\\\/fr\\\/produit\\\/cornalin-marc-andre-50cl\\\/#breadcrumb\"},\"inLanguage\":\"fr-FR\",\"potentialAction\":[{\"@type\":\"ReadAction\",\"target\":[\"https:\\\/\\\/decanali.ch\\\/fr\\\/produit\\\/cornalin-marc-andre-50cl\\\/\"]}]},{\"@type\":\"ImageObject\",\"inLanguage\":\"fr-FR\",\"@id\":\"https:\\\/\\\/decanali.ch\\\/fr\\\/produit\\\/cornalin-marc-andre-50cl\\\/#primaryimage\",\"url\":\"https:\\\/\\\/decanali.ch\\\/wp-content\\\/uploads\\\/2023\\\/03\\\/Cornalin-de-Canali-Salgesch-.jpg\",\"contentUrl\":\"https:\\\/\\\/decanali.ch\\\/wp-content\\\/uploads\\\/2023\\\/03\\\/Cornalin-de-Canali-Salgesch-.jpg\",\"width\":800,\"height\":1060},{\"@type\":\"BreadcrumbList\",\"@id\":\"https:\\\/\\\/decanali.ch\\\/fr\\\/produit\\\/cornalin-marc-andre-50cl\\\/#breadcrumb\",\"itemListElement\":[{\"@type\":\"ListItem\",\"position\":1,\"name\":\"Startseite\",\"item\":\"https:\\\/\\\/decanali.ch\\\/fr\\\/\"},{\"@type\":\"ListItem\",\"position\":2,\"name\":\"Boutique de vin\",\"item\":\"https:\\\/\\\/decanali.ch\\\/fr\\\/?page_id=24602\"},{\"@type\":\"ListItem\",\"position\":3,\"name\":\"Cornalin &#8222;Marc-Andr\u00e9&#8220; (50cl)\"}]},{\"@type\":\"WebSite\",\"@id\":\"https:\\\/\\\/decanali.ch\\\/#website\",\"url\":\"https:\\\/\\\/decanali.ch\\\/\",\"name\":\"De Canali\",\"description\":\"Weingut \\\/ Weinberg \\\/ Weinshop in Salgesch\",\"publisher\":{\"@id\":\"https:\\\/\\\/decanali.ch\\\/#organization\"},\"potentialAction\":[{\"@type\":\"SearchAction\",\"target\":{\"@type\":\"EntryPoint\",\"urlTemplate\":\"https:\\\/\\\/decanali.ch\\\/?s={search_term_string}\"},\"query-input\":{\"@type\":\"PropertyValueSpecification\",\"valueRequired\":true,\"valueName\":\"search_term_string\"}}],\"inLanguage\":\"fr-FR\"},{\"@type\":\"Organization\",\"@id\":\"https:\\\/\\\/decanali.ch\\\/#organization\",\"name\":\"De Canali GmbH\",\"url\":\"https:\\\/\\\/decanali.ch\\\/\",\"logo\":{\"@type\":\"ImageObject\",\"inLanguage\":\"fr-FR\",\"@id\":\"https:\\\/\\\/decanali.ch\\\/#\\\/schema\\\/logo\\\/image\\\/\",\"url\":\"https:\\\/\\\/decanali.ch\\\/wp-content\\\/uploads\\\/2021\\\/03\\\/decanali-1-e1714062460794.png\",\"contentUrl\":\"https:\\\/\\\/decanali.ch\\\/wp-content\\\/uploads\\\/2021\\\/03\\\/decanali-1-e1714062460794.png\",\"width\":340,\"height\":156,\"caption\":\"De Canali GmbH\"},\"image\":{\"@id\":\"https:\\\/\\\/decanali.ch\\\/#\\\/schema\\\/logo\\\/image\\\/\"},\"sameAs\":[\"https:\\\/\\\/www.facebook.com\\\/biodynamischeWeineDemeter\\\/?locale=de_DE\",\"https:\\\/\\\/www.instagram.com\\\/accounts\\\/login\\\/?next=httpswww.instagram.comde_canali_weingut&is_from_rle\"]}]}<\/script>\n<!-- \/ Yoast SEO plugin. -->","yoast_head_json":{"title":"Cornalin \"Marc-Andr\u00e9\" (50cl) - Cave de Canali - Intense et \u00c9pic\u00e9","description":"D\u00e9couvrez notre Cornalin \u00ab Marc-Andr\u00e9 \u00bb, un c\u00e9page rouge du Valais avec des ar\u00f4mes intenses de cerises, framboises et cassis, accompagn\u00e9s de notes \u00e9pic\u00e9es de clou de girofle et de sous-bois. Ce vin offre une bouche \u00e9quilibr\u00e9e avec une structure tannique douce, id\u00e9al pour accompagner le gibier, l'agneau et les fromages affin\u00e9s.","robots":{"index":"index","follow":"follow","max-snippet":"max-snippet:-1","max-image-preview":"max-image-preview:large","max-video-preview":"max-video-preview:-1"},"canonical":"https:\/\/decanali.ch\/fr\/produit\/cornalin-marc-andre-50cl\/","og_locale":"fr_FR","og_type":"article","og_title":"Cornalin \"Marc-Andr\u00e9\" (50cl) - Cave de Canali - Intense et \u00c9pic\u00e9","og_description":"D\u00e9couvrez notre Cornalin \u00ab Marc-Andr\u00e9 \u00bb, un c\u00e9page rouge du Valais avec des ar\u00f4mes intenses de cerises, framboises et cassis, accompagn\u00e9s de notes \u00e9pic\u00e9es de clou de girofle et de sous-bois. Ce vin offre une bouche \u00e9quilibr\u00e9e avec une structure tannique douce, id\u00e9al pour accompagner le gibier, l'agneau et les fromages affin\u00e9s.","og_url":"https:\/\/decanali.ch\/fr\/produit\/cornalin-marc-andre-50cl\/","og_site_name":"Cave de Canali","article_publisher":"https:\/\/www.facebook.com\/biodynamischeWeineDemeter\/?locale=de_DE","article_modified_time":"2024-06-29T14:53:19+00:00","og_image":[{"width":800,"height":1060,"url":"https:\/\/decanali.ch\/wp-content\/uploads\/2023\/03\/Cornalin-de-Canali-Salgesch-.jpg","type":"image\/jpeg"}],"twitter_card":"summary_large_image","twitter_misc":{"Dur\u00e9e de lecture estim\u00e9e":"1 minute"},"schema":{"@context":"https:\/\/schema.org","@graph":[{"@type":"WebPage","@id":"https:\/\/decanali.ch\/fr\/produit\/cornalin-marc-andre-50cl\/","url":"https:\/\/decanali.ch\/fr\/produit\/cornalin-marc-andre-50cl\/","name":"Cornalin \"Marc-Andr\u00e9\" (50cl) - Cave de Canali - Intense et \u00c9pic\u00e9","isPartOf":{"@id":"https:\/\/decanali.ch\/#website"},"primaryImageOfPage":{"@id":"https:\/\/decanali.ch\/fr\/produit\/cornalin-marc-andre-50cl\/#primaryimage"},"image":{"@id":"https:\/\/decanali.ch\/fr\/produit\/cornalin-marc-andre-50cl\/#primaryimage"},"thumbnailUrl":"https:\/\/decanali.ch\/wp-content\/uploads\/2023\/03\/Cornalin-de-Canali-Salgesch-.jpg","datePublished":"2023-03-29T19:33:03+00:00","dateModified":"2024-06-29T14:53:19+00:00","description":"D\u00e9couvrez notre Cornalin \u00ab Marc-Andr\u00e9 \u00bb, un c\u00e9page rouge du Valais avec des ar\u00f4mes intenses de cerises, framboises et cassis, accompagn\u00e9s de notes \u00e9pic\u00e9es de clou de girofle et de sous-bois. Ce vin offre une bouche \u00e9quilibr\u00e9e avec une structure tannique douce, id\u00e9al pour accompagner le gibier, l'agneau et les fromages affin\u00e9s.","breadcrumb":{"@id":"https:\/\/decanali.ch\/fr\/produit\/cornalin-marc-andre-50cl\/#breadcrumb"},"inLanguage":"fr-FR","potentialAction":[{"@type":"ReadAction","target":["https:\/\/decanali.ch\/fr\/produit\/cornalin-marc-andre-50cl\/"]}]},{"@type":"ImageObject","inLanguage":"fr-FR","@id":"https:\/\/decanali.ch\/fr\/produit\/cornalin-marc-andre-50cl\/#primaryimage","url":"https:\/\/decanali.ch\/wp-content\/uploads\/2023\/03\/Cornalin-de-Canali-Salgesch-.jpg","contentUrl":"https:\/\/decanali.ch\/wp-content\/uploads\/2023\/03\/Cornalin-de-Canali-Salgesch-.jpg","width":800,"height":1060},{"@type":"BreadcrumbList","@id":"https:\/\/decanali.ch\/fr\/produit\/cornalin-marc-andre-50cl\/#breadcrumb","itemListElement":[{"@type":"ListItem","position":1,"name":"Startseite","item":"https:\/\/decanali.ch\/fr\/"},{"@type":"ListItem","position":2,"name":"Boutique de vin","item":"https:\/\/decanali.ch\/fr\/?page_id=24602"},{"@type":"ListItem","position":3,"name":"Cornalin &#8222;Marc-Andr\u00e9&#8220; (50cl)"}]},{"@type":"WebSite","@id":"https:\/\/decanali.ch\/#website","url":"https:\/\/decanali.ch\/","name":"De Canali","description":"Weingut \/ Weinberg \/ Weinshop in Salgesch","publisher":{"@id":"https:\/\/decanali.ch\/#organization"},"potentialAction":[{"@type":"SearchAction","target":{"@type":"EntryPoint","urlTemplate":"https:\/\/decanali.ch\/?s={search_term_string}"},"query-input":{"@type":"PropertyValueSpecification","valueRequired":true,"valueName":"search_term_string"}}],"inLanguage":"fr-FR"},{"@type":"Organization","@id":"https:\/\/decanali.ch\/#organization","name":"De Canali GmbH","url":"https:\/\/decanali.ch\/","logo":{"@type":"ImageObject","inLanguage":"fr-FR","@id":"https:\/\/decanali.ch\/#\/schema\/logo\/image\/","url":"https:\/\/decanali.ch\/wp-content\/uploads\/2021\/03\/decanali-1-e1714062460794.png","contentUrl":"https:\/\/decanali.ch\/wp-content\/uploads\/2021\/03\/decanali-1-e1714062460794.png","width":340,"height":156,"caption":"De Canali GmbH"},"image":{"@id":"https:\/\/decanali.ch\/#\/schema\/logo\/image\/"},"sameAs":["https:\/\/www.facebook.com\/biodynamischeWeineDemeter\/?locale=de_DE","https:\/\/www.instagram.com\/accounts\/login\/?next=httpswww.instagram.comde_canali_weingut&is_from_rle"]}]}},"_links":{"self":[{"href":"https:\/\/decanali.ch\/fr\/wp-json\/wp\/v2\/product\/24714","targetHints":{"allow":["GET"]}}],"collection":[{"href":"https:\/\/decanali.ch\/fr\/wp-json\/wp\/v2\/product"}],"about":[{"href":"https:\/\/decanali.ch\/fr\/wp-json\/wp\/v2\/types\/product"}],"wp:featuredmedia":[{"embeddable":true,"href":"https:\/\/decanali.ch\/fr\/wp-json\/wp\/v2\/media\/25388"}],"wp:attachment":[{"href":"https:\/\/decanali.ch\/fr\/wp-json\/wp\/v2\/media?parent=24714"}],"wp:term":[{"taxonomy":"product_brand","embeddable":true,"href":"https:\/\/decanali.ch\/fr\/wp-json\/wp\/v2\/product_brand?post=24714"},{"taxonomy":"product_cat","embeddable":true,"href":"https:\/\/decanali.ch\/fr\/wp-json\/wp\/v2\/product_cat?post=24714"},{"taxonomy":"product_tag","embeddable":true,"href":"https:\/\/decanali.ch\/fr\/wp-json\/wp\/v2\/product_tag?post=24714"}],"curies":[{"name":"wp","href":"https:\/\/api.w.org\/{rel}","templated":true}]}}