{"id":25735,"date":"2023-03-29T21:16:15","date_gmt":"2023-03-29T19:16:15","guid":{"rendered":"https:\/\/decanali.ch\/produkt\/sauvignon-blanc-75cl-demeter\/"},"modified":"2025-01-23T15:39:42","modified_gmt":"2025-01-23T14:39:42","slug":"sauvignon-blanc-75cl-demeter","status":"publish","type":"product","link":"https:\/\/decanali.ch\/fr\/produit\/sauvignon-blanc-75cl-demeter\/","title":{"rendered":"Sauvignon Blanc (75cl) demeter"},"content":{"rendered":"<p>Le Sauvignon Blanc est un vin blanc polyvalent, reconnu pour ses ar\u00f4mes vifs et frais.<\/p>\n<ol>\n<li><strong>Profil aromatique<\/strong> : Ar\u00f4mes intenses d&rsquo;agrumes tels que le pamplemousse et le citron vert, compl\u00e9t\u00e9s par des notes vertes de groseille \u00e0 maquereau, de pommes vertes et d&rsquo;herbe fra\u00eechement coup\u00e9e.<\/li>\n<li><strong>Go\u00fbt<\/strong> : En bouche, il pr\u00e9sente une acidit\u00e9 vive qui apporte fra\u00eecheur et croquant. On peut y discerner des tonalit\u00e9s min\u00e9rales et des fruits tropicaux comme le fruit de la passion ou l&rsquo;ananas.<\/li>\n<li><strong>Finale<\/strong> : La finale est s\u00e8che et nette, avec une note l\u00e9g\u00e8rement am\u00e8re rappelant le poivron vert ou les herbes.<\/li>\n<\/ol>\n<p>Notre Sauvignon Blanc est biodynamique (certifi\u00e9 demeter) et est excellent en ap\u00e9ritif, parfait avec des plats l\u00e9gers comme les salades, les fruits de mer et le fromage de ch\u00e8vre. Id\u00e9al pour ceux qui recherchent un vin blanc rafra\u00eechissant et aromatique.<\/p>\n<p><img loading=\"lazy\" decoding=\"async\" class=\"alignnone wp-image-24674\" src=\"https:\/\/decanali.ch\/wp-content\/uploads\/2023\/02\/Demeter_logo.png\" alt=\"\" width=\"215\" height=\"100\" \/>\u00a0 <img loading=\"lazy\" decoding=\"async\" class=\"alignnone wp-image-25589\" src=\"https:\/\/decanali.ch\/wp-content\/uploads\/2021\/07\/Slow-Wine-slow-food-bio-biologisch-dynamisch-demeter-1-300x203.jpg\" alt=\"\" width=\"148\" height=\"100\" srcset=\"https:\/\/decanali.ch\/wp-content\/uploads\/2021\/07\/Slow-Wine-slow-food-bio-biologisch-dynamisch-demeter-1-300x203.jpg 300w, https:\/\/decanali.ch\/wp-content\/uploads\/2021\/07\/Slow-Wine-slow-food-bio-biologisch-dynamisch-demeter-1.jpg 411w\" sizes=\"auto, (max-width: 148px) 100vw, 148px\" \/><\/p>\n","protected":false},"excerpt":{"rendered":"<p>Le Sauvignon Blanc est un vin blanc polyvalent, reconnu pour ses ar\u00f4mes vifs et frais. Profil aromatique : Ar\u00f4mes intenses d&rsquo;agrumes tels que le pamplemousse et le citron vert, compl\u00e9t\u00e9s par des notes vertes de groseille \u00e0 maquereau, de pommes vertes et d&rsquo;herbe fra\u00eechement coup\u00e9e. Go\u00fbt : En bouche, il pr\u00e9sente une acidit\u00e9 vive qui [&hellip;]<\/p>\n","protected":false},"featured_media":25288,"template":"","meta":{"_exactmetrics_skip_tracking":false,"_exactmetrics_sitenote_active":false,"_exactmetrics_sitenote_note":"","_exactmetrics_sitenote_category":0},"product_brand":[],"product_cat":[23,109],"product_tag":[],"class_list":{"0":"post-25735","1":"product","2":"type-product","3":"status-publish","4":"has-post-thumbnail","6":"product_cat-vins-blancs","7":"product_cat-vins-demeter-fr","9":"first","10":"instock","11":"shipping-taxable","12":"purchasable","13":"product-type-simple"},"yoast_head":"<!-- This site is optimized with the Yoast SEO plugin v27.4 - https:\/\/yoast.com\/product\/yoast-seo-wordpress\/ -->\n<title>Sauvignon Blanc (75cl) demeter - Cave de Canali - Aromatique &amp; biodynamique<\/title>\n<meta name=\"description\" content=\"D\u00e9couvrez notre Sauvignon Blanc biodynamique, certifi\u00e9 demeter, avec des ar\u00f4mes d&#039;agrumes et de fruits tropicaux.\" \/>\n<meta name=\"robots\" content=\"index, follow, max-snippet:-1, max-image-preview:large, max-video-preview:-1\" \/>\n<link rel=\"canonical\" href=\"https:\/\/decanali.ch\/fr\/produit\/sauvignon-blanc-75cl-demeter\/\" \/>\n<meta property=\"og:locale\" content=\"fr_FR\" \/>\n<meta property=\"og:type\" content=\"article\" \/>\n<meta property=\"og:title\" content=\"Sauvignon Blanc (75cl) demeter - Cave de Canali - Aromatique &amp; biodynamique\" \/>\n<meta property=\"og:description\" content=\"D\u00e9couvrez notre Sauvignon Blanc biodynamique, certifi\u00e9 demeter, avec des ar\u00f4mes d&#039;agrumes et de fruits tropicaux.\" \/>\n<meta property=\"og:url\" content=\"https:\/\/decanali.ch\/fr\/produit\/sauvignon-blanc-75cl-demeter\/\" \/>\n<meta property=\"og:site_name\" content=\"Cave de Canali\" \/>\n<meta property=\"article:publisher\" content=\"https:\/\/www.facebook.com\/biodynamischeWeineDemeter\/?locale=de_DE\" \/>\n<meta property=\"article:modified_time\" content=\"2025-01-23T14:39:42+00:00\" \/>\n<meta property=\"og:image\" content=\"https:\/\/decanali.ch\/wp-content\/uploads\/2023\/03\/Sauvignon-Blanc-de-Canali-Salgesch-demeter-1.jpg\" \/>\n\t<meta property=\"og:image:width\" content=\"800\" \/>\n\t<meta property=\"og:image:height\" content=\"1060\" \/>\n\t<meta property=\"og:image:type\" content=\"image\/jpeg\" \/>\n<meta name=\"twitter:card\" content=\"summary_large_image\" \/>\n<meta name=\"twitter:label1\" content=\"Dur\u00e9e de lecture estim\u00e9e\" \/>\n\t<meta name=\"twitter:data1\" content=\"2 minutes\" \/>\n<script type=\"application\/ld+json\" class=\"yoast-schema-graph\">{\"@context\":\"https:\\\/\\\/schema.org\",\"@graph\":[{\"@type\":\"WebPage\",\"@id\":\"https:\\\/\\\/decanali.ch\\\/fr\\\/produit\\\/sauvignon-blanc-75cl-demeter\\\/\",\"url\":\"https:\\\/\\\/decanali.ch\\\/fr\\\/produit\\\/sauvignon-blanc-75cl-demeter\\\/\",\"name\":\"Sauvignon Blanc (75cl) demeter - Cave de Canali - Aromatique & biodynamique\",\"isPartOf\":{\"@id\":\"https:\\\/\\\/decanali.ch\\\/#website\"},\"primaryImageOfPage\":{\"@id\":\"https:\\\/\\\/decanali.ch\\\/fr\\\/produit\\\/sauvignon-blanc-75cl-demeter\\\/#primaryimage\"},\"image\":{\"@id\":\"https:\\\/\\\/decanali.ch\\\/fr\\\/produit\\\/sauvignon-blanc-75cl-demeter\\\/#primaryimage\"},\"thumbnailUrl\":\"https:\\\/\\\/decanali.ch\\\/wp-content\\\/uploads\\\/2023\\\/03\\\/Sauvignon-Blanc-de-Canali-Salgesch-demeter-1.jpg\",\"datePublished\":\"2023-03-29T19:16:15+00:00\",\"dateModified\":\"2025-01-23T14:39:42+00:00\",\"description\":\"D\u00e9couvrez notre Sauvignon Blanc biodynamique, certifi\u00e9 demeter, avec des ar\u00f4mes d'agrumes et de fruits tropicaux.\",\"breadcrumb\":{\"@id\":\"https:\\\/\\\/decanali.ch\\\/fr\\\/produit\\\/sauvignon-blanc-75cl-demeter\\\/#breadcrumb\"},\"inLanguage\":\"fr-FR\",\"potentialAction\":[{\"@type\":\"ReadAction\",\"target\":[\"https:\\\/\\\/decanali.ch\\\/fr\\\/produit\\\/sauvignon-blanc-75cl-demeter\\\/\"]}]},{\"@type\":\"ImageObject\",\"inLanguage\":\"fr-FR\",\"@id\":\"https:\\\/\\\/decanali.ch\\\/fr\\\/produit\\\/sauvignon-blanc-75cl-demeter\\\/#primaryimage\",\"url\":\"https:\\\/\\\/decanali.ch\\\/wp-content\\\/uploads\\\/2023\\\/03\\\/Sauvignon-Blanc-de-Canali-Salgesch-demeter-1.jpg\",\"contentUrl\":\"https:\\\/\\\/decanali.ch\\\/wp-content\\\/uploads\\\/2023\\\/03\\\/Sauvignon-Blanc-de-Canali-Salgesch-demeter-1.jpg\",\"width\":800,\"height\":1060},{\"@type\":\"BreadcrumbList\",\"@id\":\"https:\\\/\\\/decanali.ch\\\/fr\\\/produit\\\/sauvignon-blanc-75cl-demeter\\\/#breadcrumb\",\"itemListElement\":[{\"@type\":\"ListItem\",\"position\":1,\"name\":\"Startseite\",\"item\":\"https:\\\/\\\/decanali.ch\\\/fr\\\/\"},{\"@type\":\"ListItem\",\"position\":2,\"name\":\"Boutique de vin\",\"item\":\"https:\\\/\\\/decanali.ch\\\/fr\\\/?page_id=24602\"},{\"@type\":\"ListItem\",\"position\":3,\"name\":\"Sauvignon Blanc (75cl) demeter\"}]},{\"@type\":\"WebSite\",\"@id\":\"https:\\\/\\\/decanali.ch\\\/#website\",\"url\":\"https:\\\/\\\/decanali.ch\\\/\",\"name\":\"De Canali\",\"description\":\"Weingut \\\/ Weinberg \\\/ Weinshop in Salgesch\",\"publisher\":{\"@id\":\"https:\\\/\\\/decanali.ch\\\/#organization\"},\"potentialAction\":[{\"@type\":\"SearchAction\",\"target\":{\"@type\":\"EntryPoint\",\"urlTemplate\":\"https:\\\/\\\/decanali.ch\\\/?s={search_term_string}\"},\"query-input\":{\"@type\":\"PropertyValueSpecification\",\"valueRequired\":true,\"valueName\":\"search_term_string\"}}],\"inLanguage\":\"fr-FR\"},{\"@type\":\"Organization\",\"@id\":\"https:\\\/\\\/decanali.ch\\\/#organization\",\"name\":\"De Canali GmbH\",\"url\":\"https:\\\/\\\/decanali.ch\\\/\",\"logo\":{\"@type\":\"ImageObject\",\"inLanguage\":\"fr-FR\",\"@id\":\"https:\\\/\\\/decanali.ch\\\/#\\\/schema\\\/logo\\\/image\\\/\",\"url\":\"https:\\\/\\\/decanali.ch\\\/wp-content\\\/uploads\\\/2021\\\/03\\\/decanali-1-e1714062460794.png\",\"contentUrl\":\"https:\\\/\\\/decanali.ch\\\/wp-content\\\/uploads\\\/2021\\\/03\\\/decanali-1-e1714062460794.png\",\"width\":340,\"height\":156,\"caption\":\"De Canali GmbH\"},\"image\":{\"@id\":\"https:\\\/\\\/decanali.ch\\\/#\\\/schema\\\/logo\\\/image\\\/\"},\"sameAs\":[\"https:\\\/\\\/www.facebook.com\\\/biodynamischeWeineDemeter\\\/?locale=de_DE\",\"https:\\\/\\\/www.instagram.com\\\/accounts\\\/login\\\/?next=httpswww.instagram.comde_canali_weingut&is_from_rle\"]}]}<\/script>\n<!-- \/ Yoast SEO plugin. -->","yoast_head_json":{"title":"Sauvignon Blanc (75cl) demeter - Cave de Canali - Aromatique & biodynamique","description":"D\u00e9couvrez notre Sauvignon Blanc biodynamique, certifi\u00e9 demeter, avec des ar\u00f4mes d'agrumes et de fruits tropicaux.","robots":{"index":"index","follow":"follow","max-snippet":"max-snippet:-1","max-image-preview":"max-image-preview:large","max-video-preview":"max-video-preview:-1"},"canonical":"https:\/\/decanali.ch\/fr\/produit\/sauvignon-blanc-75cl-demeter\/","og_locale":"fr_FR","og_type":"article","og_title":"Sauvignon Blanc (75cl) demeter - Cave de Canali - Aromatique & biodynamique","og_description":"D\u00e9couvrez notre Sauvignon Blanc biodynamique, certifi\u00e9 demeter, avec des ar\u00f4mes d'agrumes et de fruits tropicaux.","og_url":"https:\/\/decanali.ch\/fr\/produit\/sauvignon-blanc-75cl-demeter\/","og_site_name":"Cave de Canali","article_publisher":"https:\/\/www.facebook.com\/biodynamischeWeineDemeter\/?locale=de_DE","article_modified_time":"2025-01-23T14:39:42+00:00","og_image":[{"width":800,"height":1060,"url":"https:\/\/decanali.ch\/wp-content\/uploads\/2023\/03\/Sauvignon-Blanc-de-Canali-Salgesch-demeter-1.jpg","type":"image\/jpeg"}],"twitter_card":"summary_large_image","twitter_misc":{"Dur\u00e9e de lecture estim\u00e9e":"2 minutes"},"schema":{"@context":"https:\/\/schema.org","@graph":[{"@type":"WebPage","@id":"https:\/\/decanali.ch\/fr\/produit\/sauvignon-blanc-75cl-demeter\/","url":"https:\/\/decanali.ch\/fr\/produit\/sauvignon-blanc-75cl-demeter\/","name":"Sauvignon Blanc (75cl) demeter - Cave de Canali - Aromatique & biodynamique","isPartOf":{"@id":"https:\/\/decanali.ch\/#website"},"primaryImageOfPage":{"@id":"https:\/\/decanali.ch\/fr\/produit\/sauvignon-blanc-75cl-demeter\/#primaryimage"},"image":{"@id":"https:\/\/decanali.ch\/fr\/produit\/sauvignon-blanc-75cl-demeter\/#primaryimage"},"thumbnailUrl":"https:\/\/decanali.ch\/wp-content\/uploads\/2023\/03\/Sauvignon-Blanc-de-Canali-Salgesch-demeter-1.jpg","datePublished":"2023-03-29T19:16:15+00:00","dateModified":"2025-01-23T14:39:42+00:00","description":"D\u00e9couvrez notre Sauvignon Blanc biodynamique, certifi\u00e9 demeter, avec des ar\u00f4mes d'agrumes et de fruits tropicaux.","breadcrumb":{"@id":"https:\/\/decanali.ch\/fr\/produit\/sauvignon-blanc-75cl-demeter\/#breadcrumb"},"inLanguage":"fr-FR","potentialAction":[{"@type":"ReadAction","target":["https:\/\/decanali.ch\/fr\/produit\/sauvignon-blanc-75cl-demeter\/"]}]},{"@type":"ImageObject","inLanguage":"fr-FR","@id":"https:\/\/decanali.ch\/fr\/produit\/sauvignon-blanc-75cl-demeter\/#primaryimage","url":"https:\/\/decanali.ch\/wp-content\/uploads\/2023\/03\/Sauvignon-Blanc-de-Canali-Salgesch-demeter-1.jpg","contentUrl":"https:\/\/decanali.ch\/wp-content\/uploads\/2023\/03\/Sauvignon-Blanc-de-Canali-Salgesch-demeter-1.jpg","width":800,"height":1060},{"@type":"BreadcrumbList","@id":"https:\/\/decanali.ch\/fr\/produit\/sauvignon-blanc-75cl-demeter\/#breadcrumb","itemListElement":[{"@type":"ListItem","position":1,"name":"Startseite","item":"https:\/\/decanali.ch\/fr\/"},{"@type":"ListItem","position":2,"name":"Boutique de vin","item":"https:\/\/decanali.ch\/fr\/?page_id=24602"},{"@type":"ListItem","position":3,"name":"Sauvignon Blanc (75cl) demeter"}]},{"@type":"WebSite","@id":"https:\/\/decanali.ch\/#website","url":"https:\/\/decanali.ch\/","name":"De Canali","description":"Weingut \/ Weinberg \/ Weinshop in Salgesch","publisher":{"@id":"https:\/\/decanali.ch\/#organization"},"potentialAction":[{"@type":"SearchAction","target":{"@type":"EntryPoint","urlTemplate":"https:\/\/decanali.ch\/?s={search_term_string}"},"query-input":{"@type":"PropertyValueSpecification","valueRequired":true,"valueName":"search_term_string"}}],"inLanguage":"fr-FR"},{"@type":"Organization","@id":"https:\/\/decanali.ch\/#organization","name":"De Canali GmbH","url":"https:\/\/decanali.ch\/","logo":{"@type":"ImageObject","inLanguage":"fr-FR","@id":"https:\/\/decanali.ch\/#\/schema\/logo\/image\/","url":"https:\/\/decanali.ch\/wp-content\/uploads\/2021\/03\/decanali-1-e1714062460794.png","contentUrl":"https:\/\/decanali.ch\/wp-content\/uploads\/2021\/03\/decanali-1-e1714062460794.png","width":340,"height":156,"caption":"De Canali GmbH"},"image":{"@id":"https:\/\/decanali.ch\/#\/schema\/logo\/image\/"},"sameAs":["https:\/\/www.facebook.com\/biodynamischeWeineDemeter\/?locale=de_DE","https:\/\/www.instagram.com\/accounts\/login\/?next=httpswww.instagram.comde_canali_weingut&is_from_rle"]}]}},"_links":{"self":[{"href":"https:\/\/decanali.ch\/fr\/wp-json\/wp\/v2\/product\/25735","targetHints":{"allow":["GET"]}}],"collection":[{"href":"https:\/\/decanali.ch\/fr\/wp-json\/wp\/v2\/product"}],"about":[{"href":"https:\/\/decanali.ch\/fr\/wp-json\/wp\/v2\/types\/product"}],"wp:featuredmedia":[{"embeddable":true,"href":"https:\/\/decanali.ch\/fr\/wp-json\/wp\/v2\/media\/25288"}],"wp:attachment":[{"href":"https:\/\/decanali.ch\/fr\/wp-json\/wp\/v2\/media?parent=25735"}],"wp:term":[{"taxonomy":"product_brand","embeddable":true,"href":"https:\/\/decanali.ch\/fr\/wp-json\/wp\/v2\/product_brand?post=25735"},{"taxonomy":"product_cat","embeddable":true,"href":"https:\/\/decanali.ch\/fr\/wp-json\/wp\/v2\/product_cat?post=25735"},{"taxonomy":"product_tag","embeddable":true,"href":"https:\/\/decanali.ch\/fr\/wp-json\/wp\/v2\/product_tag?post=25735"}],"curies":[{"name":"wp","href":"https:\/\/api.w.org\/{rel}","templated":true}]}}