{"id":26107,"date":"2025-04-14T13:28:48","date_gmt":"2025-04-14T11:28:48","guid":{"rendered":"https:\/\/decanali.ch\/?post_type=product&#038;p=26107"},"modified":"2025-05-29T12:24:50","modified_gmt":"2025-05-29T10:24:50","slug":"neo-perle-75cl","status":"publish","type":"product","link":"https:\/\/decanali.ch\/fr\/produit\/neo-perle-75cl\/","title":{"rendered":"Neo Perl\u00e9  (75cl)"},"content":{"rendered":"<p data-start=\"89\" data-end=\"158\"><strong data-start=\"89\" data-end=\"158\">Notre tout premier vin effervescent \u2013 \u00c9l\u00e9gance p\u00e9tillante en ros\u00e9<\/strong><\/p>\n<p data-start=\"160\" data-end=\"455\"><strong data-start=\"160\" data-end=\"183\">Profil aromatique :<\/strong><br data-start=\"183\" data-end=\"186\" \/>Neo Perl\u00e9 s\u00e9duit par un bouquet fruit\u00e9 intense m\u00ealant fraises, framboises et pamplemousse rose, relev\u00e9 de nuances florales et d\u2019une touche d\u2019\u00e9pices exotiques. Sa fine effervescence accentue la fra\u00eecheur et la vivacit\u00e9 des ar\u00f4mes, offrant un v\u00e9ritable moment de plaisir.<\/p>\n<p data-start=\"457\" data-end=\"765\"><strong data-start=\"457\" data-end=\"472\">En bouche :<\/strong><br data-start=\"472\" data-end=\"475\" \/>Neo Perl\u00e9 d\u00e9voile un \u00e9quilibre harmonieux entre fruit\u00e9, acidit\u00e9 \u00e9l\u00e9gante et douce sucrosit\u00e9. Sa texture p\u00e9tillante apporte l\u00e9g\u00e8ret\u00e9, tandis que la profondeur de l\u2019assemblage, marqu\u00e9e par des notes de fruits rouges, de zestes d\u2019agrumes et d\u2019une subtile \u00e9pice, cr\u00e9e une complexit\u00e9 captivante.<\/p>\n<p data-start=\"767\" data-end=\"963\"><strong data-start=\"767\" data-end=\"779\">Finale :<\/strong><br data-start=\"779\" data-end=\"782\" \/>La finale est fra\u00eeche, nette et persistante. L\u2019effervescence soutenue prolonge les notes fruit\u00e9es et florales jusqu\u2019\u00e0 la derni\u00e8re gorg\u00e9e, laissant une impression vive et stimulante.<\/p>\n<p data-start=\"965\" data-end=\"1234\"><strong data-start=\"965\" data-end=\"1081\">Neo Perl\u00e9 est le compagnon id\u00e9al pour les ap\u00e9ritifs, les f\u00eates estivales et les moments de c\u00e9l\u00e9bration raffin\u00e9s.<\/strong><br data-start=\"1081\" data-end=\"1084\" \/>Pur ou accompagn\u00e9 de mets l\u00e9gers tels qu\u2019antipasti, sushi ou salades fra\u00eeches, ce vin effervescent ros\u00e9 insuffle une joie p\u00e9tillante \u00e0 chaque instant.<\/p>\n<ol>\n<li style=\"list-style-type: none;\"><\/li>\n<\/ol>\n<p><img loading=\"lazy\" decoding=\"async\" class=\"alignnone wp-image-25590\" src=\"https:\/\/decanali.ch\/wp-content\/uploads\/2021\/07\/Slow-Wine-slow-food-bio-biologisch-dynamisch-demeter-1-300x203.jpg\" alt=\"\" width=\"148\" height=\"100\" srcset=\"https:\/\/decanali.ch\/wp-content\/uploads\/2021\/07\/Slow-Wine-slow-food-bio-biologisch-dynamisch-demeter-1-300x203.jpg 300w, https:\/\/decanali.ch\/wp-content\/uploads\/2021\/07\/Slow-Wine-slow-food-bio-biologisch-dynamisch-demeter-1.jpg 411w\" sizes=\"auto, (max-width: 148px) 100vw, 148px\" \/> <img loading=\"lazy\" decoding=\"async\" class=\"alignnone wp-image-26058\" src=\"https:\/\/decanali.ch\/wp-content\/uploads\/2025\/03\/Bio-Suisse-300x210.png\" alt=\"\" width=\"143\" height=\"100\" srcset=\"https:\/\/decanali.ch\/wp-content\/uploads\/2025\/03\/Bio-Suisse-300x210.png 300w, https:\/\/decanali.ch\/wp-content\/uploads\/2025\/03\/Bio-Suisse.png 400w\" sizes=\"auto, (max-width: 143px) 100vw, 143px\" \/><\/p>\n","protected":false},"excerpt":{"rendered":"<p>Notre tout premier vin effervescent \u2013 \u00c9l\u00e9gance p\u00e9tillante en ros\u00e9 Profil aromatique :Neo Perl\u00e9 s\u00e9duit par un bouquet fruit\u00e9 intense m\u00ealant fraises, framboises et pamplemousse rose, relev\u00e9 de nuances florales et d\u2019une touche d\u2019\u00e9pices exotiques. Sa fine effervescence accentue la fra\u00eecheur et la vivacit\u00e9 des ar\u00f4mes, offrant un v\u00e9ritable moment de plaisir. En bouche :Neo [&hellip;]<\/p>\n","protected":false},"featured_media":26111,"template":"","meta":{"_exactmetrics_skip_tracking":false,"_exactmetrics_sitenote_active":false,"_exactmetrics_sitenote_note":"","_exactmetrics_sitenote_category":0},"product_brand":[],"product_cat":[21],"product_tag":[102,40,104,103,101,43,44,46,75,47,48],"class_list":{"0":"post-26107","1":"product","2":"type-product","3":"status-publish","4":"has-post-thumbnail","6":"product_cat-rose-fr","7":"product_tag-bio-weine-fr","8":"product_tag-bio-dynamisch-fr","9":"product_tag-biodynamisch-fr","10":"product_tag-biologisch-fr","11":"product_tag-biologisch-dynamisch","12":"product_tag-de-canali-fr","13":"product_tag-demeter-fr","14":"product_tag-salgesch-fr","15":"product_tag-vins-cina","16":"product_tag-weine-fr","17":"product_tag-weine-salgesch-fr","19":"first","20":"instock","21":"shipping-taxable","22":"purchasable","23":"product-type-simple"},"yoast_head":"<!-- This site is optimized with the Yoast SEO plugin v27.4 - https:\/\/yoast.com\/product\/yoast-seo-wordpress\/ -->\n<title>Neo Perl\u00e9 (75cl) - Cave de Canali -<\/title>\n<meta name=\"description\" content=\"Neo Perl\u00e9 \u2013 notre vin effervescent p\u00e9tillant de la ligne Neo Vino \u2013 fruit\u00e9, frais et \u00e9l\u00e9gant, parfait pour les ap\u00e9ritifs et les occasions festives.\" \/>\n<meta name=\"robots\" content=\"index, follow, max-snippet:-1, max-image-preview:large, max-video-preview:-1\" \/>\n<link rel=\"canonical\" href=\"https:\/\/decanali.ch\/fr\/produit\/neo-perle-75cl\/\" \/>\n<meta property=\"og:locale\" content=\"fr_FR\" \/>\n<meta property=\"og:type\" content=\"article\" \/>\n<meta property=\"og:title\" content=\"Neo Perl\u00e9 (75cl) - Cave de Canali -\" \/>\n<meta property=\"og:description\" content=\"Neo Perl\u00e9 \u2013 notre vin effervescent p\u00e9tillant de la ligne Neo Vino \u2013 fruit\u00e9, frais et \u00e9l\u00e9gant, parfait pour les ap\u00e9ritifs et les occasions festives.\" \/>\n<meta property=\"og:url\" content=\"https:\/\/decanali.ch\/fr\/produit\/neo-perle-75cl\/\" \/>\n<meta property=\"og:site_name\" content=\"Cave de Canali\" \/>\n<meta property=\"article:publisher\" content=\"https:\/\/www.facebook.com\/biodynamischeWeineDemeter\/?locale=de_DE\" \/>\n<meta property=\"article:modified_time\" content=\"2025-05-29T10:24:50+00:00\" \/>\n<meta property=\"og:image\" content=\"https:\/\/decanali.ch\/wp-content\/uploads\/2025\/04\/0000013337_5-Photoroom-e1744894162655.png\" \/>\n\t<meta property=\"og:image:width\" content=\"842\" \/>\n\t<meta property=\"og:image:height\" content=\"1191\" \/>\n\t<meta property=\"og:image:type\" content=\"image\/png\" \/>\n<meta name=\"twitter:card\" content=\"summary_large_image\" \/>\n<meta name=\"twitter:label1\" content=\"Dur\u00e9e de lecture estim\u00e9e\" \/>\n\t<meta name=\"twitter:data1\" content=\"2 minutes\" \/>\n<script type=\"application\/ld+json\" class=\"yoast-schema-graph\">{\"@context\":\"https:\\\/\\\/schema.org\",\"@graph\":[{\"@type\":\"WebPage\",\"@id\":\"https:\\\/\\\/decanali.ch\\\/fr\\\/produit\\\/neo-perle-75cl\\\/\",\"url\":\"https:\\\/\\\/decanali.ch\\\/fr\\\/produit\\\/neo-perle-75cl\\\/\",\"name\":\"Neo Perl\u00e9 (75cl) - Cave de Canali -\",\"isPartOf\":{\"@id\":\"https:\\\/\\\/decanali.ch\\\/#website\"},\"primaryImageOfPage\":{\"@id\":\"https:\\\/\\\/decanali.ch\\\/fr\\\/produit\\\/neo-perle-75cl\\\/#primaryimage\"},\"image\":{\"@id\":\"https:\\\/\\\/decanali.ch\\\/fr\\\/produit\\\/neo-perle-75cl\\\/#primaryimage\"},\"thumbnailUrl\":\"https:\\\/\\\/decanali.ch\\\/wp-content\\\/uploads\\\/2025\\\/04\\\/0000013337_5-Photoroom-e1744894162655.png\",\"datePublished\":\"2025-04-14T11:28:48+00:00\",\"dateModified\":\"2025-05-29T10:24:50+00:00\",\"description\":\"Neo Perl\u00e9 \u2013 notre vin effervescent p\u00e9tillant de la ligne Neo Vino \u2013 fruit\u00e9, frais et \u00e9l\u00e9gant, parfait pour les ap\u00e9ritifs et les occasions festives.\",\"breadcrumb\":{\"@id\":\"https:\\\/\\\/decanali.ch\\\/fr\\\/produit\\\/neo-perle-75cl\\\/#breadcrumb\"},\"inLanguage\":\"fr-FR\",\"potentialAction\":[{\"@type\":\"ReadAction\",\"target\":[\"https:\\\/\\\/decanali.ch\\\/fr\\\/produit\\\/neo-perle-75cl\\\/\"]}]},{\"@type\":\"ImageObject\",\"inLanguage\":\"fr-FR\",\"@id\":\"https:\\\/\\\/decanali.ch\\\/fr\\\/produit\\\/neo-perle-75cl\\\/#primaryimage\",\"url\":\"https:\\\/\\\/decanali.ch\\\/wp-content\\\/uploads\\\/2025\\\/04\\\/0000013337_5-Photoroom-e1744894162655.png\",\"contentUrl\":\"https:\\\/\\\/decanali.ch\\\/wp-content\\\/uploads\\\/2025\\\/04\\\/0000013337_5-Photoroom-e1744894162655.png\",\"width\":842,\"height\":1191},{\"@type\":\"BreadcrumbList\",\"@id\":\"https:\\\/\\\/decanali.ch\\\/fr\\\/produit\\\/neo-perle-75cl\\\/#breadcrumb\",\"itemListElement\":[{\"@type\":\"ListItem\",\"position\":1,\"name\":\"Startseite\",\"item\":\"https:\\\/\\\/decanali.ch\\\/fr\\\/\"},{\"@type\":\"ListItem\",\"position\":2,\"name\":\"Boutique de vin\",\"item\":\"https:\\\/\\\/decanali.ch\\\/fr\\\/?page_id=24602\"},{\"@type\":\"ListItem\",\"position\":3,\"name\":\"Neo Perl\u00e9 (75cl)\"}]},{\"@type\":\"WebSite\",\"@id\":\"https:\\\/\\\/decanali.ch\\\/#website\",\"url\":\"https:\\\/\\\/decanali.ch\\\/\",\"name\":\"De Canali\",\"description\":\"Weingut \\\/ Weinberg \\\/ Weinshop in Salgesch\",\"publisher\":{\"@id\":\"https:\\\/\\\/decanali.ch\\\/#organization\"},\"potentialAction\":[{\"@type\":\"SearchAction\",\"target\":{\"@type\":\"EntryPoint\",\"urlTemplate\":\"https:\\\/\\\/decanali.ch\\\/?s={search_term_string}\"},\"query-input\":{\"@type\":\"PropertyValueSpecification\",\"valueRequired\":true,\"valueName\":\"search_term_string\"}}],\"inLanguage\":\"fr-FR\"},{\"@type\":\"Organization\",\"@id\":\"https:\\\/\\\/decanali.ch\\\/#organization\",\"name\":\"De Canali GmbH\",\"url\":\"https:\\\/\\\/decanali.ch\\\/\",\"logo\":{\"@type\":\"ImageObject\",\"inLanguage\":\"fr-FR\",\"@id\":\"https:\\\/\\\/decanali.ch\\\/#\\\/schema\\\/logo\\\/image\\\/\",\"url\":\"https:\\\/\\\/decanali.ch\\\/wp-content\\\/uploads\\\/2021\\\/03\\\/decanali-1-e1714062460794.png\",\"contentUrl\":\"https:\\\/\\\/decanali.ch\\\/wp-content\\\/uploads\\\/2021\\\/03\\\/decanali-1-e1714062460794.png\",\"width\":340,\"height\":156,\"caption\":\"De Canali GmbH\"},\"image\":{\"@id\":\"https:\\\/\\\/decanali.ch\\\/#\\\/schema\\\/logo\\\/image\\\/\"},\"sameAs\":[\"https:\\\/\\\/www.facebook.com\\\/biodynamischeWeineDemeter\\\/?locale=de_DE\",\"https:\\\/\\\/www.instagram.com\\\/accounts\\\/login\\\/?next=httpswww.instagram.comde_canali_weingut&is_from_rle\"]}]}<\/script>\n<!-- \/ Yoast SEO plugin. -->","yoast_head_json":{"title":"Neo Perl\u00e9 (75cl) - Cave de Canali -","description":"Neo Perl\u00e9 \u2013 notre vin effervescent p\u00e9tillant de la ligne Neo Vino \u2013 fruit\u00e9, frais et \u00e9l\u00e9gant, parfait pour les ap\u00e9ritifs et les occasions festives.","robots":{"index":"index","follow":"follow","max-snippet":"max-snippet:-1","max-image-preview":"max-image-preview:large","max-video-preview":"max-video-preview:-1"},"canonical":"https:\/\/decanali.ch\/fr\/produit\/neo-perle-75cl\/","og_locale":"fr_FR","og_type":"article","og_title":"Neo Perl\u00e9 (75cl) - Cave de Canali -","og_description":"Neo Perl\u00e9 \u2013 notre vin effervescent p\u00e9tillant de la ligne Neo Vino \u2013 fruit\u00e9, frais et \u00e9l\u00e9gant, parfait pour les ap\u00e9ritifs et les occasions festives.","og_url":"https:\/\/decanali.ch\/fr\/produit\/neo-perle-75cl\/","og_site_name":"Cave de Canali","article_publisher":"https:\/\/www.facebook.com\/biodynamischeWeineDemeter\/?locale=de_DE","article_modified_time":"2025-05-29T10:24:50+00:00","og_image":[{"width":842,"height":1191,"url":"https:\/\/decanali.ch\/wp-content\/uploads\/2025\/04\/0000013337_5-Photoroom-e1744894162655.png","type":"image\/png"}],"twitter_card":"summary_large_image","twitter_misc":{"Dur\u00e9e de lecture estim\u00e9e":"2 minutes"},"schema":{"@context":"https:\/\/schema.org","@graph":[{"@type":"WebPage","@id":"https:\/\/decanali.ch\/fr\/produit\/neo-perle-75cl\/","url":"https:\/\/decanali.ch\/fr\/produit\/neo-perle-75cl\/","name":"Neo Perl\u00e9 (75cl) - Cave de Canali -","isPartOf":{"@id":"https:\/\/decanali.ch\/#website"},"primaryImageOfPage":{"@id":"https:\/\/decanali.ch\/fr\/produit\/neo-perle-75cl\/#primaryimage"},"image":{"@id":"https:\/\/decanali.ch\/fr\/produit\/neo-perle-75cl\/#primaryimage"},"thumbnailUrl":"https:\/\/decanali.ch\/wp-content\/uploads\/2025\/04\/0000013337_5-Photoroom-e1744894162655.png","datePublished":"2025-04-14T11:28:48+00:00","dateModified":"2025-05-29T10:24:50+00:00","description":"Neo Perl\u00e9 \u2013 notre vin effervescent p\u00e9tillant de la ligne Neo Vino \u2013 fruit\u00e9, frais et \u00e9l\u00e9gant, parfait pour les ap\u00e9ritifs et les occasions festives.","breadcrumb":{"@id":"https:\/\/decanali.ch\/fr\/produit\/neo-perle-75cl\/#breadcrumb"},"inLanguage":"fr-FR","potentialAction":[{"@type":"ReadAction","target":["https:\/\/decanali.ch\/fr\/produit\/neo-perle-75cl\/"]}]},{"@type":"ImageObject","inLanguage":"fr-FR","@id":"https:\/\/decanali.ch\/fr\/produit\/neo-perle-75cl\/#primaryimage","url":"https:\/\/decanali.ch\/wp-content\/uploads\/2025\/04\/0000013337_5-Photoroom-e1744894162655.png","contentUrl":"https:\/\/decanali.ch\/wp-content\/uploads\/2025\/04\/0000013337_5-Photoroom-e1744894162655.png","width":842,"height":1191},{"@type":"BreadcrumbList","@id":"https:\/\/decanali.ch\/fr\/produit\/neo-perle-75cl\/#breadcrumb","itemListElement":[{"@type":"ListItem","position":1,"name":"Startseite","item":"https:\/\/decanali.ch\/fr\/"},{"@type":"ListItem","position":2,"name":"Boutique de vin","item":"https:\/\/decanali.ch\/fr\/?page_id=24602"},{"@type":"ListItem","position":3,"name":"Neo Perl\u00e9 (75cl)"}]},{"@type":"WebSite","@id":"https:\/\/decanali.ch\/#website","url":"https:\/\/decanali.ch\/","name":"De Canali","description":"Weingut \/ Weinberg \/ Weinshop in Salgesch","publisher":{"@id":"https:\/\/decanali.ch\/#organization"},"potentialAction":[{"@type":"SearchAction","target":{"@type":"EntryPoint","urlTemplate":"https:\/\/decanali.ch\/?s={search_term_string}"},"query-input":{"@type":"PropertyValueSpecification","valueRequired":true,"valueName":"search_term_string"}}],"inLanguage":"fr-FR"},{"@type":"Organization","@id":"https:\/\/decanali.ch\/#organization","name":"De Canali GmbH","url":"https:\/\/decanali.ch\/","logo":{"@type":"ImageObject","inLanguage":"fr-FR","@id":"https:\/\/decanali.ch\/#\/schema\/logo\/image\/","url":"https:\/\/decanali.ch\/wp-content\/uploads\/2021\/03\/decanali-1-e1714062460794.png","contentUrl":"https:\/\/decanali.ch\/wp-content\/uploads\/2021\/03\/decanali-1-e1714062460794.png","width":340,"height":156,"caption":"De Canali GmbH"},"image":{"@id":"https:\/\/decanali.ch\/#\/schema\/logo\/image\/"},"sameAs":["https:\/\/www.facebook.com\/biodynamischeWeineDemeter\/?locale=de_DE","https:\/\/www.instagram.com\/accounts\/login\/?next=httpswww.instagram.comde_canali_weingut&is_from_rle"]}]}},"_links":{"self":[{"href":"https:\/\/decanali.ch\/fr\/wp-json\/wp\/v2\/product\/26107","targetHints":{"allow":["GET"]}}],"collection":[{"href":"https:\/\/decanali.ch\/fr\/wp-json\/wp\/v2\/product"}],"about":[{"href":"https:\/\/decanali.ch\/fr\/wp-json\/wp\/v2\/types\/product"}],"wp:featuredmedia":[{"embeddable":true,"href":"https:\/\/decanali.ch\/fr\/wp-json\/wp\/v2\/media\/26111"}],"wp:attachment":[{"href":"https:\/\/decanali.ch\/fr\/wp-json\/wp\/v2\/media?parent=26107"}],"wp:term":[{"taxonomy":"product_brand","embeddable":true,"href":"https:\/\/decanali.ch\/fr\/wp-json\/wp\/v2\/product_brand?post=26107"},{"taxonomy":"product_cat","embeddable":true,"href":"https:\/\/decanali.ch\/fr\/wp-json\/wp\/v2\/product_cat?post=26107"},{"taxonomy":"product_tag","embeddable":true,"href":"https:\/\/decanali.ch\/fr\/wp-json\/wp\/v2\/product_tag?post=26107"}],"curies":[{"name":"wp","href":"https:\/\/api.w.org\/{rel}","templated":true}]}}