{"id":26114,"date":"2025-04-14T14:13:06","date_gmt":"2025-04-14T12:13:06","guid":{"rendered":"https:\/\/decanali.ch\/?post_type=product&#038;p=26114"},"modified":"2025-05-29T11:23:53","modified_gmt":"2025-05-29T09:23:53","slug":"assemblage-carlo-75cl-demeter","status":"publish","type":"product","link":"https:\/\/decanali.ch\/fr\/produit\/assemblage-carlo-75cl-demeter\/","title":{"rendered":"Assemblage \u00ab\u00a0Carlo\u00a0\u00bb  (75cl) demeter"},"content":{"rendered":"<p data-start=\"48\" data-end=\"403\"><em data-start=\"48\" data-end=\"190\">D\u00e9couvrez l\u2019Assemblage Carlo*, un vin qui s\u00e9duit non seulement par sa qualit\u00e9 exceptionnelle, mais qui d\u00e9ploie \u00e9galement un impact durable.<\/em><\/p>\n<p data-start=\"48\" data-end=\"403\"><br data-start=\"191\" data-end=\"194\" \/>Avec chaque bouteille de ce vin exclusif, vous soutenez le mouvement Slow Food et contribuez activement \u00e0 promouvoir les valeurs d\u2019une agriculture respectueuse de l\u2019environnement et d\u2019un artisanat authentique.<\/p>\n<p data-start=\"405\" data-end=\"677\">L\u2019Assemblage Carlo incarne le meilleur de la nature \u2013 \u00e9labor\u00e9 avec soin, dans le respect des sols, des vignes et des personnes qui en prennent soin. Ce vin est bien plus qu\u2019un plaisir gustatif : il symbolise la durabilit\u00e9, la biodiversit\u00e9 et un avenir \u00e9quitable pour tous.<\/p>\n<p data-start=\"679\" data-end=\"796\">Pour chaque bouteille vendue, nous reversons CHF 4.\u2013 \u00e0 Slow Food afin de soutenir le monde de la viticulture durable.<\/p>\n<p data-start=\"798\" data-end=\"863\"><strong data-start=\"798\" data-end=\"863\">Chaque bouteille compte. Chaque gorg\u00e9e est un acte conscient.<\/strong><\/p>\n<p data-start=\"865\" data-end=\"1255\">L\u2019Assemblage Carlo est une raret\u00e9 en \u00e9dition limit\u00e9e issue de notre cave biodynamique. Cette noble cuv\u00e9e rouge, compos\u00e9e de raisins soigneusement s\u00e9lectionn\u00e9s \u00e0 la main, allie caract\u00e8re et \u00e9l\u00e9gance. Produite \u00e0 seulement 1&rsquo;000 exemplaires, elle porte fi\u00e8rement les labels Demeter et Bio Suisse, t\u00e9moignant de notre engagement en faveur d\u2019une agriculture durable et respectueuse de la nature.<\/p>\n<p data-start=\"1257\" data-end=\"1469\"><strong data-start=\"1257\" data-end=\"1280\">Profil aromatique :<\/strong><br data-start=\"1280\" data-end=\"1283\" \/>Le bouquet r\u00e9v\u00e8le une complexit\u00e9 envo\u00fbtante de baies noires, de cerises et de fines notes \u00e9pic\u00e9es. De subtils ar\u00f4mes d\u2019herbes et de d\u00e9licates nuances fum\u00e9es viennent parfaire l\u2019ensemble.<\/p>\n<p data-start=\"1471\" data-end=\"1700\"><strong data-start=\"1471\" data-end=\"1486\">En bouche :<\/strong><br data-start=\"1486\" data-end=\"1489\" \/>Une belle harmonie s\u2019exprime entre l\u2019intensit\u00e9 fruit\u00e9e et la douceur des tanins. Les ar\u00f4mes de fruits sont soutenus par une agr\u00e9able fra\u00eecheur et de l\u00e9g\u00e8res touches bois\u00e9es qui apportent profondeur et structure.<\/p>\n<p data-start=\"1702\" data-end=\"1857\"><strong data-start=\"1702\" data-end=\"1714\">Finale :<\/strong><br data-start=\"1714\" data-end=\"1717\" \/>La finale est longue et \u00e9l\u00e9gante, marqu\u00e9e par une persistance fruit\u00e9e et une fine note min\u00e9rale qui souligne le caract\u00e8re durable de ce vin.<\/p>\n<p data-start=\"1859\" data-end=\"2083\"><strong data-start=\"1859\" data-end=\"1876\">Polyvalence :<\/strong><br data-start=\"1876\" data-end=\"1879\" \/>L\u2019Assemblage Carlo accompagne \u00e0 merveille les fromages affin\u00e9s, les plats de viande cors\u00e9s ou un noble steak de b\u0153uf. Parfait pour des occasions sp\u00e9ciales ou comme cadeau raffin\u00e9 pour les amateurs de vin.<\/p>\n<p data-start=\"2085\" data-end=\"2105\"><em data-start=\"2085\" data-end=\"2105\">Vin de Pays Suisse<\/em><\/p>\n<p><img loading=\"lazy\" decoding=\"async\" class=\"alignnone wp-image-25249\" src=\"https:\/\/decanali.ch\/wp-content\/uploads\/2016\/04\/Demeter-Biodynamisch-Rudolf-Steiner-de-Canali-Salgesch.png\" alt=\"\" width=\"215\" height=\"100\" \/>\u00a0 <img loading=\"lazy\" decoding=\"async\" class=\"alignnone wp-image-25590\" src=\"https:\/\/decanali.ch\/wp-content\/uploads\/2021\/07\/Slow-Wine-slow-food-bio-biologisch-dynamisch-demeter-1-300x203.jpg\" alt=\"\" width=\"148\" height=\"100\" srcset=\"https:\/\/decanali.ch\/wp-content\/uploads\/2021\/07\/Slow-Wine-slow-food-bio-biologisch-dynamisch-demeter-1-300x203.jpg 300w, https:\/\/decanali.ch\/wp-content\/uploads\/2021\/07\/Slow-Wine-slow-food-bio-biologisch-dynamisch-demeter-1.jpg 411w\" sizes=\"auto, (max-width: 148px) 100vw, 148px\" \/> <img loading=\"lazy\" decoding=\"async\" class=\"alignnone wp-image-26058\" src=\"https:\/\/decanali.ch\/wp-content\/uploads\/2025\/03\/Bio-Suisse-300x210.png\" alt=\"\" width=\"143\" height=\"100\" srcset=\"https:\/\/decanali.ch\/wp-content\/uploads\/2025\/03\/Bio-Suisse-300x210.png 300w, https:\/\/decanali.ch\/wp-content\/uploads\/2025\/03\/Bio-Suisse.png 400w\" sizes=\"auto, (max-width: 143px) 100vw, 143px\" \/><\/p>\n","protected":false},"excerpt":{"rendered":"<p>D\u00e9couvrez l\u2019Assemblage Carlo*, un vin qui s\u00e9duit non seulement par sa qualit\u00e9 exceptionnelle, mais qui d\u00e9ploie \u00e9galement un impact durable. Avec chaque bouteille de ce vin exclusif, vous soutenez le mouvement Slow Food et contribuez activement \u00e0 promouvoir les valeurs d\u2019une agriculture respectueuse de l\u2019environnement et d\u2019un artisanat authentique. L\u2019Assemblage Carlo incarne le meilleur de [&hellip;]<\/p>\n","protected":false},"featured_media":26152,"template":"","meta":{"_exactmetrics_skip_tracking":false,"_exactmetrics_sitenote_active":false,"_exactmetrics_sitenote_note":"","_exactmetrics_sitenote_category":0},"product_brand":[],"product_cat":[109,22],"product_tag":[102,104,103,101,43,44,46,75,47,48],"class_list":{"0":"post-26114","1":"product","2":"type-product","3":"status-publish","4":"has-post-thumbnail","6":"product_cat-vins-demeter-fr","7":"product_cat-vins-rouges","8":"product_tag-bio-weine-fr","9":"product_tag-biodynamisch-fr","10":"product_tag-biologisch-fr","11":"product_tag-biologisch-dynamisch","12":"product_tag-de-canali-fr","13":"product_tag-demeter-fr","14":"product_tag-salgesch-fr","15":"product_tag-vins-cina","16":"product_tag-weine-fr","17":"product_tag-weine-salgesch-fr","19":"first","20":"instock","21":"shipping-taxable","22":"purchasable","23":"product-type-variable"},"yoast_head":"<!-- This site is optimized with the Yoast SEO plugin v27.4 - https:\/\/yoast.com\/product\/yoast-seo-wordpress\/ -->\n<title>Assemblage &quot;Carlo&quot; (75cl) demeter - Cave de Canali - Vin Rouge Biodynamique<\/title>\n<meta name=\"description\" content=\"Assemblage Carlo \u2013 notre nouveau vin &quot;Demeter&quot; en \u00e9dition limit\u00e9e. CHF 4.\u2013 par bouteille pour Slow Food. Un plaisir engag\u00e9.\" \/>\n<meta name=\"robots\" content=\"index, follow, max-snippet:-1, max-image-preview:large, max-video-preview:-1\" \/>\n<link rel=\"canonical\" href=\"https:\/\/decanali.ch\/fr\/produit\/assemblage-carlo-75cl-demeter\/\" \/>\n<meta property=\"og:locale\" content=\"fr_FR\" \/>\n<meta property=\"og:type\" content=\"article\" \/>\n<meta property=\"og:title\" content=\"Assemblage &quot;Carlo&quot; (75cl) demeter - Cave de Canali - Vin Rouge Biodynamique\" \/>\n<meta property=\"og:description\" content=\"Assemblage Carlo \u2013 notre nouveau vin &quot;Demeter&quot; en \u00e9dition limit\u00e9e. CHF 4.\u2013 par bouteille pour Slow Food. Un plaisir engag\u00e9.\" \/>\n<meta property=\"og:url\" content=\"https:\/\/decanali.ch\/fr\/produit\/assemblage-carlo-75cl-demeter\/\" \/>\n<meta property=\"og:site_name\" content=\"Cave de Canali\" \/>\n<meta property=\"article:publisher\" content=\"https:\/\/www.facebook.com\/biodynamischeWeineDemeter\/?locale=de_DE\" \/>\n<meta property=\"article:modified_time\" content=\"2025-05-29T09:23:53+00:00\" \/>\n<meta property=\"og:image\" content=\"https:\/\/decanali.ch\/wp-content\/uploads\/2025\/04\/Carlo-ohne-Hintergrund-Photoroom.png\" \/>\n\t<meta property=\"og:image:width\" content=\"1329\" \/>\n\t<meta property=\"og:image:height\" content=\"2000\" \/>\n\t<meta property=\"og:image:type\" content=\"image\/png\" \/>\n<meta name=\"twitter:card\" content=\"summary_large_image\" \/>\n<meta name=\"twitter:label1\" content=\"Dur\u00e9e de lecture estim\u00e9e\" \/>\n\t<meta name=\"twitter:data1\" content=\"3 minutes\" \/>\n<script type=\"application\/ld+json\" class=\"yoast-schema-graph\">{\"@context\":\"https:\\\/\\\/schema.org\",\"@graph\":[{\"@type\":\"WebPage\",\"@id\":\"https:\\\/\\\/decanali.ch\\\/fr\\\/produit\\\/assemblage-carlo-75cl-demeter\\\/\",\"url\":\"https:\\\/\\\/decanali.ch\\\/fr\\\/produit\\\/assemblage-carlo-75cl-demeter\\\/\",\"name\":\"Assemblage \\\"Carlo\\\" (75cl) demeter - Cave de Canali - Vin Rouge Biodynamique\",\"isPartOf\":{\"@id\":\"https:\\\/\\\/decanali.ch\\\/#website\"},\"primaryImageOfPage\":{\"@id\":\"https:\\\/\\\/decanali.ch\\\/fr\\\/produit\\\/assemblage-carlo-75cl-demeter\\\/#primaryimage\"},\"image\":{\"@id\":\"https:\\\/\\\/decanali.ch\\\/fr\\\/produit\\\/assemblage-carlo-75cl-demeter\\\/#primaryimage\"},\"thumbnailUrl\":\"https:\\\/\\\/decanali.ch\\\/wp-content\\\/uploads\\\/2025\\\/04\\\/Carlo-ohne-Hintergrund-Photoroom.png\",\"datePublished\":\"2025-04-14T12:13:06+00:00\",\"dateModified\":\"2025-05-29T09:23:53+00:00\",\"description\":\"Assemblage Carlo \u2013 notre nouveau vin \\\"Demeter\\\" en \u00e9dition limit\u00e9e. CHF 4.\u2013 par bouteille pour Slow Food. Un plaisir engag\u00e9.\",\"breadcrumb\":{\"@id\":\"https:\\\/\\\/decanali.ch\\\/fr\\\/produit\\\/assemblage-carlo-75cl-demeter\\\/#breadcrumb\"},\"inLanguage\":\"fr-FR\",\"potentialAction\":[{\"@type\":\"ReadAction\",\"target\":[\"https:\\\/\\\/decanali.ch\\\/fr\\\/produit\\\/assemblage-carlo-75cl-demeter\\\/\"]}]},{\"@type\":\"ImageObject\",\"inLanguage\":\"fr-FR\",\"@id\":\"https:\\\/\\\/decanali.ch\\\/fr\\\/produit\\\/assemblage-carlo-75cl-demeter\\\/#primaryimage\",\"url\":\"https:\\\/\\\/decanali.ch\\\/wp-content\\\/uploads\\\/2025\\\/04\\\/Carlo-ohne-Hintergrund-Photoroom.png\",\"contentUrl\":\"https:\\\/\\\/decanali.ch\\\/wp-content\\\/uploads\\\/2025\\\/04\\\/Carlo-ohne-Hintergrund-Photoroom.png\",\"width\":1329,\"height\":2000},{\"@type\":\"BreadcrumbList\",\"@id\":\"https:\\\/\\\/decanali.ch\\\/fr\\\/produit\\\/assemblage-carlo-75cl-demeter\\\/#breadcrumb\",\"itemListElement\":[{\"@type\":\"ListItem\",\"position\":1,\"name\":\"Startseite\",\"item\":\"https:\\\/\\\/decanali.ch\\\/fr\\\/\"},{\"@type\":\"ListItem\",\"position\":2,\"name\":\"Boutique de vin\",\"item\":\"https:\\\/\\\/decanali.ch\\\/fr\\\/?page_id=24602\"},{\"@type\":\"ListItem\",\"position\":3,\"name\":\"Assemblage &#8222;Carlo&#8220; (75cl) demeter\"}]},{\"@type\":\"WebSite\",\"@id\":\"https:\\\/\\\/decanali.ch\\\/#website\",\"url\":\"https:\\\/\\\/decanali.ch\\\/\",\"name\":\"De Canali\",\"description\":\"Weingut \\\/ Weinberg \\\/ Weinshop in Salgesch\",\"publisher\":{\"@id\":\"https:\\\/\\\/decanali.ch\\\/#organization\"},\"potentialAction\":[{\"@type\":\"SearchAction\",\"target\":{\"@type\":\"EntryPoint\",\"urlTemplate\":\"https:\\\/\\\/decanali.ch\\\/?s={search_term_string}\"},\"query-input\":{\"@type\":\"PropertyValueSpecification\",\"valueRequired\":true,\"valueName\":\"search_term_string\"}}],\"inLanguage\":\"fr-FR\"},{\"@type\":\"Organization\",\"@id\":\"https:\\\/\\\/decanali.ch\\\/#organization\",\"name\":\"De Canali GmbH\",\"url\":\"https:\\\/\\\/decanali.ch\\\/\",\"logo\":{\"@type\":\"ImageObject\",\"inLanguage\":\"fr-FR\",\"@id\":\"https:\\\/\\\/decanali.ch\\\/#\\\/schema\\\/logo\\\/image\\\/\",\"url\":\"https:\\\/\\\/decanali.ch\\\/wp-content\\\/uploads\\\/2021\\\/03\\\/decanali-1-e1714062460794.png\",\"contentUrl\":\"https:\\\/\\\/decanali.ch\\\/wp-content\\\/uploads\\\/2021\\\/03\\\/decanali-1-e1714062460794.png\",\"width\":340,\"height\":156,\"caption\":\"De Canali GmbH\"},\"image\":{\"@id\":\"https:\\\/\\\/decanali.ch\\\/#\\\/schema\\\/logo\\\/image\\\/\"},\"sameAs\":[\"https:\\\/\\\/www.facebook.com\\\/biodynamischeWeineDemeter\\\/?locale=de_DE\",\"https:\\\/\\\/www.instagram.com\\\/accounts\\\/login\\\/?next=httpswww.instagram.comde_canali_weingut&is_from_rle\"]}]}<\/script>\n<!-- \/ Yoast SEO plugin. -->","yoast_head_json":{"title":"Assemblage \"Carlo\" (75cl) demeter - Cave de Canali - Vin Rouge Biodynamique","description":"Assemblage Carlo \u2013 notre nouveau vin \"Demeter\" en \u00e9dition limit\u00e9e. CHF 4.\u2013 par bouteille pour Slow Food. Un plaisir engag\u00e9.","robots":{"index":"index","follow":"follow","max-snippet":"max-snippet:-1","max-image-preview":"max-image-preview:large","max-video-preview":"max-video-preview:-1"},"canonical":"https:\/\/decanali.ch\/fr\/produit\/assemblage-carlo-75cl-demeter\/","og_locale":"fr_FR","og_type":"article","og_title":"Assemblage \"Carlo\" (75cl) demeter - Cave de Canali - Vin Rouge Biodynamique","og_description":"Assemblage Carlo \u2013 notre nouveau vin \"Demeter\" en \u00e9dition limit\u00e9e. CHF 4.\u2013 par bouteille pour Slow Food. Un plaisir engag\u00e9.","og_url":"https:\/\/decanali.ch\/fr\/produit\/assemblage-carlo-75cl-demeter\/","og_site_name":"Cave de Canali","article_publisher":"https:\/\/www.facebook.com\/biodynamischeWeineDemeter\/?locale=de_DE","article_modified_time":"2025-05-29T09:23:53+00:00","og_image":[{"width":1329,"height":2000,"url":"https:\/\/decanali.ch\/wp-content\/uploads\/2025\/04\/Carlo-ohne-Hintergrund-Photoroom.png","type":"image\/png"}],"twitter_card":"summary_large_image","twitter_misc":{"Dur\u00e9e de lecture estim\u00e9e":"3 minutes"},"schema":{"@context":"https:\/\/schema.org","@graph":[{"@type":"WebPage","@id":"https:\/\/decanali.ch\/fr\/produit\/assemblage-carlo-75cl-demeter\/","url":"https:\/\/decanali.ch\/fr\/produit\/assemblage-carlo-75cl-demeter\/","name":"Assemblage \"Carlo\" (75cl) demeter - Cave de Canali - Vin Rouge Biodynamique","isPartOf":{"@id":"https:\/\/decanali.ch\/#website"},"primaryImageOfPage":{"@id":"https:\/\/decanali.ch\/fr\/produit\/assemblage-carlo-75cl-demeter\/#primaryimage"},"image":{"@id":"https:\/\/decanali.ch\/fr\/produit\/assemblage-carlo-75cl-demeter\/#primaryimage"},"thumbnailUrl":"https:\/\/decanali.ch\/wp-content\/uploads\/2025\/04\/Carlo-ohne-Hintergrund-Photoroom.png","datePublished":"2025-04-14T12:13:06+00:00","dateModified":"2025-05-29T09:23:53+00:00","description":"Assemblage Carlo \u2013 notre nouveau vin \"Demeter\" en \u00e9dition limit\u00e9e. CHF 4.\u2013 par bouteille pour Slow Food. Un plaisir engag\u00e9.","breadcrumb":{"@id":"https:\/\/decanali.ch\/fr\/produit\/assemblage-carlo-75cl-demeter\/#breadcrumb"},"inLanguage":"fr-FR","potentialAction":[{"@type":"ReadAction","target":["https:\/\/decanali.ch\/fr\/produit\/assemblage-carlo-75cl-demeter\/"]}]},{"@type":"ImageObject","inLanguage":"fr-FR","@id":"https:\/\/decanali.ch\/fr\/produit\/assemblage-carlo-75cl-demeter\/#primaryimage","url":"https:\/\/decanali.ch\/wp-content\/uploads\/2025\/04\/Carlo-ohne-Hintergrund-Photoroom.png","contentUrl":"https:\/\/decanali.ch\/wp-content\/uploads\/2025\/04\/Carlo-ohne-Hintergrund-Photoroom.png","width":1329,"height":2000},{"@type":"BreadcrumbList","@id":"https:\/\/decanali.ch\/fr\/produit\/assemblage-carlo-75cl-demeter\/#breadcrumb","itemListElement":[{"@type":"ListItem","position":1,"name":"Startseite","item":"https:\/\/decanali.ch\/fr\/"},{"@type":"ListItem","position":2,"name":"Boutique de vin","item":"https:\/\/decanali.ch\/fr\/?page_id=24602"},{"@type":"ListItem","position":3,"name":"Assemblage &#8222;Carlo&#8220; (75cl) demeter"}]},{"@type":"WebSite","@id":"https:\/\/decanali.ch\/#website","url":"https:\/\/decanali.ch\/","name":"De Canali","description":"Weingut \/ Weinberg \/ Weinshop in Salgesch","publisher":{"@id":"https:\/\/decanali.ch\/#organization"},"potentialAction":[{"@type":"SearchAction","target":{"@type":"EntryPoint","urlTemplate":"https:\/\/decanali.ch\/?s={search_term_string}"},"query-input":{"@type":"PropertyValueSpecification","valueRequired":true,"valueName":"search_term_string"}}],"inLanguage":"fr-FR"},{"@type":"Organization","@id":"https:\/\/decanali.ch\/#organization","name":"De Canali GmbH","url":"https:\/\/decanali.ch\/","logo":{"@type":"ImageObject","inLanguage":"fr-FR","@id":"https:\/\/decanali.ch\/#\/schema\/logo\/image\/","url":"https:\/\/decanali.ch\/wp-content\/uploads\/2021\/03\/decanali-1-e1714062460794.png","contentUrl":"https:\/\/decanali.ch\/wp-content\/uploads\/2021\/03\/decanali-1-e1714062460794.png","width":340,"height":156,"caption":"De Canali GmbH"},"image":{"@id":"https:\/\/decanali.ch\/#\/schema\/logo\/image\/"},"sameAs":["https:\/\/www.facebook.com\/biodynamischeWeineDemeter\/?locale=de_DE","https:\/\/www.instagram.com\/accounts\/login\/?next=httpswww.instagram.comde_canali_weingut&is_from_rle"]}]}},"_links":{"self":[{"href":"https:\/\/decanali.ch\/fr\/wp-json\/wp\/v2\/product\/26114","targetHints":{"allow":["GET"]}}],"collection":[{"href":"https:\/\/decanali.ch\/fr\/wp-json\/wp\/v2\/product"}],"about":[{"href":"https:\/\/decanali.ch\/fr\/wp-json\/wp\/v2\/types\/product"}],"wp:featuredmedia":[{"embeddable":true,"href":"https:\/\/decanali.ch\/fr\/wp-json\/wp\/v2\/media\/26152"}],"wp:attachment":[{"href":"https:\/\/decanali.ch\/fr\/wp-json\/wp\/v2\/media?parent=26114"}],"wp:term":[{"taxonomy":"product_brand","embeddable":true,"href":"https:\/\/decanali.ch\/fr\/wp-json\/wp\/v2\/product_brand?post=26114"},{"taxonomy":"product_cat","embeddable":true,"href":"https:\/\/decanali.ch\/fr\/wp-json\/wp\/v2\/product_cat?post=26114"},{"taxonomy":"product_tag","embeddable":true,"href":"https:\/\/decanali.ch\/fr\/wp-json\/wp\/v2\/product_tag?post=26114"}],"curies":[{"name":"wp","href":"https:\/\/api.w.org\/{rel}","templated":true}]}}