{"id":26120,"date":"2025-04-16T14:38:14","date_gmt":"2025-04-16T12:38:14","guid":{"rendered":"https:\/\/decanali.ch\/?post_type=product&#038;p=26120"},"modified":"2025-05-29T11:57:21","modified_gmt":"2025-05-29T09:57:21","slug":"petite-arvine-75cl","status":"publish","type":"product","link":"https:\/\/decanali.ch\/fr\/produit\/petite-arvine-75cl\/","title":{"rendered":"Petite Arvine (75cl)"},"content":{"rendered":"<p data-start=\"81\" data-end=\"381\"><strong data-start=\"81\" data-end=\"101\">La Petite Arvine<\/strong> est un c\u00e9page blanc traditionnel originaire du Valais. Mentionn\u00e9 pour la premi\u00e8re fois au XVIIe si\u00e8cle, il est aujourd\u2019hui consid\u00e9r\u00e9 comme l\u2019un des c\u00e9pages les plus embl\u00e9matiques de la r\u00e9gion. Il est particuli\u00e8rement appr\u00e9ci\u00e9 pour son aromatique fra\u00eeche et son \u00e9l\u00e9gance min\u00e9rale.<\/p>\n<p data-start=\"383\" data-end=\"665\"><strong data-start=\"383\" data-end=\"406\">Profil aromatique :<\/strong><br data-start=\"406\" data-end=\"409\" \/>\u00c9lev\u00e9e en cuve inox, notre Petite Arvine s\u00e9duit par un bouquet clair et frais, marqu\u00e9 par des notes de pamplemousse, de citron vert et de pomme verte. De subtils accents floraux et une touche saline lui conf\u00e8rent une l\u00e9g\u00e8ret\u00e9 alpine et une belle pr\u00e9cision.<\/p>\n<p data-start=\"667\" data-end=\"929\"><strong data-start=\"667\" data-end=\"682\">En bouche :<\/strong><br data-start=\"682\" data-end=\"685\" \/>En bouche, le vin se montre vif et sans d\u00e9tour. L\u2019acidit\u00e9 juteuse et la structure droite mettent en valeur les ar\u00f4mes d\u2019agrumes et soulignent parfaitement la salinit\u00e9 typique du c\u00e9page. Un vin blanc sec, \u00e9l\u00e9gant, alliant fra\u00eecheur et structure.<\/p>\n<p data-start=\"931\" data-end=\"1052\"><strong data-start=\"931\" data-end=\"943\">Finale :<\/strong><br data-start=\"943\" data-end=\"946\" \/>La finale est fra\u00eeche et persistante, port\u00e9e par une min\u00e9ralit\u00e9 discr\u00e8te et une l\u00e9g\u00e8re amertume citronn\u00e9e.<\/p>\n<p data-start=\"1054\" data-end=\"1288\">Notre Petite Arvine \u00e9lev\u00e9e en cuve inox est un vin puriste et droit, id\u00e9al avec des fruits de mer, des hu\u00eetres, du fromage de ch\u00e8vre ou un plat estival l\u00e9ger \u2013 une expression authentique du terroir valaisan dans sa forme la plus pure.<\/p>\n<p><img loading=\"lazy\" decoding=\"async\" class=\"alignnone wp-image-25589\" src=\"https:\/\/decanali.ch\/wp-content\/uploads\/2021\/07\/Slow-Wine-slow-food-bio-biologisch-dynamisch-demeter-1-300x203.jpg\" alt=\"\" width=\"148\" height=\"100\" srcset=\"https:\/\/decanali.ch\/wp-content\/uploads\/2021\/07\/Slow-Wine-slow-food-bio-biologisch-dynamisch-demeter-1-300x203.jpg 300w, https:\/\/decanali.ch\/wp-content\/uploads\/2021\/07\/Slow-Wine-slow-food-bio-biologisch-dynamisch-demeter-1.jpg 411w\" sizes=\"auto, (max-width: 148px) 100vw, 148px\" \/><\/p>\n","protected":false},"excerpt":{"rendered":"<p>La Petite Arvine est un c\u00e9page blanc traditionnel originaire du Valais. Mentionn\u00e9 pour la premi\u00e8re fois au XVIIe si\u00e8cle, il est aujourd\u2019hui consid\u00e9r\u00e9 comme l\u2019un des c\u00e9pages les plus embl\u00e9matiques de la r\u00e9gion. Il est particuli\u00e8rement appr\u00e9ci\u00e9 pour son aromatique fra\u00eeche et son \u00e9l\u00e9gance min\u00e9rale. Profil aromatique :\u00c9lev\u00e9e en cuve inox, notre Petite Arvine s\u00e9duit [&hellip;]<\/p>\n","protected":false},"featured_media":26148,"template":"","meta":{"_exactmetrics_skip_tracking":false,"_exactmetrics_sitenote_active":false,"_exactmetrics_sitenote_note":"","_exactmetrics_sitenote_category":0},"product_brand":[],"product_cat":[23],"product_tag":[],"class_list":{"0":"post-26120","1":"product","2":"type-product","3":"status-publish","4":"has-post-thumbnail","6":"product_cat-vins-blancs","8":"first","9":"instock","10":"shipping-taxable","11":"purchasable","12":"product-type-simple"},"yoast_head":"<!-- This site is optimized with the Yoast SEO plugin v27.4 - https:\/\/yoast.com\/product\/yoast-seo-wordpress\/ -->\n<title>Petite Arvine &quot;Deborah&quot; - Cave de Canali - Vin Blanc \u00c9lev\u00e9 en F\u00fbt de Cerisier<\/title>\n<meta name=\"description\" content=\"Petite Arvine \u2013 agrumes vifs, \u00e9l\u00e9gance alpine, finale pr\u00e9cise. Parfaite avec poissons et fruits de mer.\" \/>\n<meta name=\"robots\" content=\"index, follow, max-snippet:-1, max-image-preview:large, max-video-preview:-1\" \/>\n<link rel=\"canonical\" href=\"https:\/\/decanali.ch\/fr\/produit\/petite-arvine-75cl\/\" \/>\n<meta property=\"og:locale\" content=\"fr_FR\" \/>\n<meta property=\"og:type\" content=\"article\" \/>\n<meta property=\"og:title\" content=\"Petite Arvine &quot;Deborah&quot; - Cave de Canali - Vin Blanc \u00c9lev\u00e9 en F\u00fbt de Cerisier\" \/>\n<meta property=\"og:description\" content=\"Petite Arvine \u2013 agrumes vifs, \u00e9l\u00e9gance alpine, finale pr\u00e9cise. Parfaite avec poissons et fruits de mer.\" \/>\n<meta property=\"og:url\" content=\"https:\/\/decanali.ch\/fr\/produit\/petite-arvine-75cl\/\" \/>\n<meta property=\"og:site_name\" content=\"Cave de Canali\" \/>\n<meta property=\"article:publisher\" content=\"https:\/\/www.facebook.com\/biodynamischeWeineDemeter\/?locale=de_DE\" \/>\n<meta property=\"article:modified_time\" content=\"2025-05-29T09:57:21+00:00\" \/>\n<meta property=\"og:image\" content=\"https:\/\/decanali.ch\/wp-content\/uploads\/2025\/04\/Petite-Arvine-Photoroom.png\" \/>\n\t<meta property=\"og:image:width\" content=\"1329\" \/>\n\t<meta property=\"og:image:height\" content=\"2000\" \/>\n\t<meta property=\"og:image:type\" content=\"image\/png\" \/>\n<meta name=\"twitter:card\" content=\"summary_large_image\" \/>\n<meta name=\"twitter:label1\" content=\"Dur\u00e9e de lecture estim\u00e9e\" \/>\n\t<meta name=\"twitter:data1\" content=\"2 minutes\" \/>\n<script type=\"application\/ld+json\" class=\"yoast-schema-graph\">{\"@context\":\"https:\\\/\\\/schema.org\",\"@graph\":[{\"@type\":\"WebPage\",\"@id\":\"https:\\\/\\\/decanali.ch\\\/fr\\\/produit\\\/petite-arvine-75cl\\\/\",\"url\":\"https:\\\/\\\/decanali.ch\\\/fr\\\/produit\\\/petite-arvine-75cl\\\/\",\"name\":\"Petite Arvine \\\"Deborah\\\" - Cave de Canali - Vin Blanc \u00c9lev\u00e9 en F\u00fbt de Cerisier\",\"isPartOf\":{\"@id\":\"https:\\\/\\\/decanali.ch\\\/#website\"},\"primaryImageOfPage\":{\"@id\":\"https:\\\/\\\/decanali.ch\\\/fr\\\/produit\\\/petite-arvine-75cl\\\/#primaryimage\"},\"image\":{\"@id\":\"https:\\\/\\\/decanali.ch\\\/fr\\\/produit\\\/petite-arvine-75cl\\\/#primaryimage\"},\"thumbnailUrl\":\"https:\\\/\\\/decanali.ch\\\/wp-content\\\/uploads\\\/2025\\\/04\\\/Petite-Arvine-Photoroom.png\",\"datePublished\":\"2025-04-16T12:38:14+00:00\",\"dateModified\":\"2025-05-29T09:57:21+00:00\",\"description\":\"Petite Arvine \u2013 agrumes vifs, \u00e9l\u00e9gance alpine, finale pr\u00e9cise. Parfaite avec poissons et fruits de mer.\",\"breadcrumb\":{\"@id\":\"https:\\\/\\\/decanali.ch\\\/fr\\\/produit\\\/petite-arvine-75cl\\\/#breadcrumb\"},\"inLanguage\":\"fr-FR\",\"potentialAction\":[{\"@type\":\"ReadAction\",\"target\":[\"https:\\\/\\\/decanali.ch\\\/fr\\\/produit\\\/petite-arvine-75cl\\\/\"]}]},{\"@type\":\"ImageObject\",\"inLanguage\":\"fr-FR\",\"@id\":\"https:\\\/\\\/decanali.ch\\\/fr\\\/produit\\\/petite-arvine-75cl\\\/#primaryimage\",\"url\":\"https:\\\/\\\/decanali.ch\\\/wp-content\\\/uploads\\\/2025\\\/04\\\/Petite-Arvine-Photoroom.png\",\"contentUrl\":\"https:\\\/\\\/decanali.ch\\\/wp-content\\\/uploads\\\/2025\\\/04\\\/Petite-Arvine-Photoroom.png\",\"width\":1329,\"height\":2000},{\"@type\":\"BreadcrumbList\",\"@id\":\"https:\\\/\\\/decanali.ch\\\/fr\\\/produit\\\/petite-arvine-75cl\\\/#breadcrumb\",\"itemListElement\":[{\"@type\":\"ListItem\",\"position\":1,\"name\":\"Startseite\",\"item\":\"https:\\\/\\\/decanali.ch\\\/fr\\\/\"},{\"@type\":\"ListItem\",\"position\":2,\"name\":\"Boutique de vin\",\"item\":\"https:\\\/\\\/decanali.ch\\\/fr\\\/?page_id=24602\"},{\"@type\":\"ListItem\",\"position\":3,\"name\":\"Petite Arvine (75cl)\"}]},{\"@type\":\"WebSite\",\"@id\":\"https:\\\/\\\/decanali.ch\\\/#website\",\"url\":\"https:\\\/\\\/decanali.ch\\\/\",\"name\":\"De Canali\",\"description\":\"Weingut \\\/ Weinberg \\\/ Weinshop in Salgesch\",\"publisher\":{\"@id\":\"https:\\\/\\\/decanali.ch\\\/#organization\"},\"potentialAction\":[{\"@type\":\"SearchAction\",\"target\":{\"@type\":\"EntryPoint\",\"urlTemplate\":\"https:\\\/\\\/decanali.ch\\\/?s={search_term_string}\"},\"query-input\":{\"@type\":\"PropertyValueSpecification\",\"valueRequired\":true,\"valueName\":\"search_term_string\"}}],\"inLanguage\":\"fr-FR\"},{\"@type\":\"Organization\",\"@id\":\"https:\\\/\\\/decanali.ch\\\/#organization\",\"name\":\"De Canali GmbH\",\"url\":\"https:\\\/\\\/decanali.ch\\\/\",\"logo\":{\"@type\":\"ImageObject\",\"inLanguage\":\"fr-FR\",\"@id\":\"https:\\\/\\\/decanali.ch\\\/#\\\/schema\\\/logo\\\/image\\\/\",\"url\":\"https:\\\/\\\/decanali.ch\\\/wp-content\\\/uploads\\\/2021\\\/03\\\/decanali-1-e1714062460794.png\",\"contentUrl\":\"https:\\\/\\\/decanali.ch\\\/wp-content\\\/uploads\\\/2021\\\/03\\\/decanali-1-e1714062460794.png\",\"width\":340,\"height\":156,\"caption\":\"De Canali GmbH\"},\"image\":{\"@id\":\"https:\\\/\\\/decanali.ch\\\/#\\\/schema\\\/logo\\\/image\\\/\"},\"sameAs\":[\"https:\\\/\\\/www.facebook.com\\\/biodynamischeWeineDemeter\\\/?locale=de_DE\",\"https:\\\/\\\/www.instagram.com\\\/accounts\\\/login\\\/?next=httpswww.instagram.comde_canali_weingut&is_from_rle\"]}]}<\/script>\n<!-- \/ Yoast SEO plugin. -->","yoast_head_json":{"title":"Petite Arvine \"Deborah\" - Cave de Canali - Vin Blanc \u00c9lev\u00e9 en F\u00fbt de Cerisier","description":"Petite Arvine \u2013 agrumes vifs, \u00e9l\u00e9gance alpine, finale pr\u00e9cise. Parfaite avec poissons et fruits de mer.","robots":{"index":"index","follow":"follow","max-snippet":"max-snippet:-1","max-image-preview":"max-image-preview:large","max-video-preview":"max-video-preview:-1"},"canonical":"https:\/\/decanali.ch\/fr\/produit\/petite-arvine-75cl\/","og_locale":"fr_FR","og_type":"article","og_title":"Petite Arvine \"Deborah\" - Cave de Canali - Vin Blanc \u00c9lev\u00e9 en F\u00fbt de Cerisier","og_description":"Petite Arvine \u2013 agrumes vifs, \u00e9l\u00e9gance alpine, finale pr\u00e9cise. Parfaite avec poissons et fruits de mer.","og_url":"https:\/\/decanali.ch\/fr\/produit\/petite-arvine-75cl\/","og_site_name":"Cave de Canali","article_publisher":"https:\/\/www.facebook.com\/biodynamischeWeineDemeter\/?locale=de_DE","article_modified_time":"2025-05-29T09:57:21+00:00","og_image":[{"width":1329,"height":2000,"url":"https:\/\/decanali.ch\/wp-content\/uploads\/2025\/04\/Petite-Arvine-Photoroom.png","type":"image\/png"}],"twitter_card":"summary_large_image","twitter_misc":{"Dur\u00e9e de lecture estim\u00e9e":"2 minutes"},"schema":{"@context":"https:\/\/schema.org","@graph":[{"@type":"WebPage","@id":"https:\/\/decanali.ch\/fr\/produit\/petite-arvine-75cl\/","url":"https:\/\/decanali.ch\/fr\/produit\/petite-arvine-75cl\/","name":"Petite Arvine \"Deborah\" - Cave de Canali - Vin Blanc \u00c9lev\u00e9 en F\u00fbt de Cerisier","isPartOf":{"@id":"https:\/\/decanali.ch\/#website"},"primaryImageOfPage":{"@id":"https:\/\/decanali.ch\/fr\/produit\/petite-arvine-75cl\/#primaryimage"},"image":{"@id":"https:\/\/decanali.ch\/fr\/produit\/petite-arvine-75cl\/#primaryimage"},"thumbnailUrl":"https:\/\/decanali.ch\/wp-content\/uploads\/2025\/04\/Petite-Arvine-Photoroom.png","datePublished":"2025-04-16T12:38:14+00:00","dateModified":"2025-05-29T09:57:21+00:00","description":"Petite Arvine \u2013 agrumes vifs, \u00e9l\u00e9gance alpine, finale pr\u00e9cise. Parfaite avec poissons et fruits de mer.","breadcrumb":{"@id":"https:\/\/decanali.ch\/fr\/produit\/petite-arvine-75cl\/#breadcrumb"},"inLanguage":"fr-FR","potentialAction":[{"@type":"ReadAction","target":["https:\/\/decanali.ch\/fr\/produit\/petite-arvine-75cl\/"]}]},{"@type":"ImageObject","inLanguage":"fr-FR","@id":"https:\/\/decanali.ch\/fr\/produit\/petite-arvine-75cl\/#primaryimage","url":"https:\/\/decanali.ch\/wp-content\/uploads\/2025\/04\/Petite-Arvine-Photoroom.png","contentUrl":"https:\/\/decanali.ch\/wp-content\/uploads\/2025\/04\/Petite-Arvine-Photoroom.png","width":1329,"height":2000},{"@type":"BreadcrumbList","@id":"https:\/\/decanali.ch\/fr\/produit\/petite-arvine-75cl\/#breadcrumb","itemListElement":[{"@type":"ListItem","position":1,"name":"Startseite","item":"https:\/\/decanali.ch\/fr\/"},{"@type":"ListItem","position":2,"name":"Boutique de vin","item":"https:\/\/decanali.ch\/fr\/?page_id=24602"},{"@type":"ListItem","position":3,"name":"Petite Arvine (75cl)"}]},{"@type":"WebSite","@id":"https:\/\/decanali.ch\/#website","url":"https:\/\/decanali.ch\/","name":"De Canali","description":"Weingut \/ Weinberg \/ Weinshop in Salgesch","publisher":{"@id":"https:\/\/decanali.ch\/#organization"},"potentialAction":[{"@type":"SearchAction","target":{"@type":"EntryPoint","urlTemplate":"https:\/\/decanali.ch\/?s={search_term_string}"},"query-input":{"@type":"PropertyValueSpecification","valueRequired":true,"valueName":"search_term_string"}}],"inLanguage":"fr-FR"},{"@type":"Organization","@id":"https:\/\/decanali.ch\/#organization","name":"De Canali GmbH","url":"https:\/\/decanali.ch\/","logo":{"@type":"ImageObject","inLanguage":"fr-FR","@id":"https:\/\/decanali.ch\/#\/schema\/logo\/image\/","url":"https:\/\/decanali.ch\/wp-content\/uploads\/2021\/03\/decanali-1-e1714062460794.png","contentUrl":"https:\/\/decanali.ch\/wp-content\/uploads\/2021\/03\/decanali-1-e1714062460794.png","width":340,"height":156,"caption":"De Canali GmbH"},"image":{"@id":"https:\/\/decanali.ch\/#\/schema\/logo\/image\/"},"sameAs":["https:\/\/www.facebook.com\/biodynamischeWeineDemeter\/?locale=de_DE","https:\/\/www.instagram.com\/accounts\/login\/?next=httpswww.instagram.comde_canali_weingut&is_from_rle"]}]}},"_links":{"self":[{"href":"https:\/\/decanali.ch\/fr\/wp-json\/wp\/v2\/product\/26120","targetHints":{"allow":["GET"]}}],"collection":[{"href":"https:\/\/decanali.ch\/fr\/wp-json\/wp\/v2\/product"}],"about":[{"href":"https:\/\/decanali.ch\/fr\/wp-json\/wp\/v2\/types\/product"}],"wp:featuredmedia":[{"embeddable":true,"href":"https:\/\/decanali.ch\/fr\/wp-json\/wp\/v2\/media\/26148"}],"wp:attachment":[{"href":"https:\/\/decanali.ch\/fr\/wp-json\/wp\/v2\/media?parent=26120"}],"wp:term":[{"taxonomy":"product_brand","embeddable":true,"href":"https:\/\/decanali.ch\/fr\/wp-json\/wp\/v2\/product_brand?post=26120"},{"taxonomy":"product_cat","embeddable":true,"href":"https:\/\/decanali.ch\/fr\/wp-json\/wp\/v2\/product_cat?post=26120"},{"taxonomy":"product_tag","embeddable":true,"href":"https:\/\/decanali.ch\/fr\/wp-json\/wp\/v2\/product_tag?post=26120"}],"curies":[{"name":"wp","href":"https:\/\/api.w.org\/{rel}","templated":true}]}}