{"id":26331,"date":"2026-01-10T14:42:00","date_gmt":"2026-01-10T13:42:00","guid":{"rendered":"https:\/\/decanali.ch\/?post_type=product&#038;p=26331"},"modified":"2026-03-26T22:24:47","modified_gmt":"2026-03-26T21:24:47","slug":"wine-dine-walliser-fruehlingserwachen-18-april-2026-eich-lu","status":"publish","type":"product","link":"https:\/\/decanali.ch\/fr\/produit\/wine-dine-walliser-fruehlingserwachen-18-april-2026-eich-lu\/","title":{"rendered":"Wine &#038; Dine \u00ab\u00a0Walliser Fr\u00fchlingserwachen\u00a0\u00bb &#8211; 18. April 2026 (Eich, LU)"},"content":{"rendered":"<p data-start=\"1523\" data-end=\"1672\">Erleben Sie den Fr\u00fchling mit allen Sinnen! Unser Familienbetrieb De Canali l\u00e4dt Sie zu einem besonderen Tag voller Wein, Genuss und Biodynamik ein.<\/p>\n<p data-start=\"1674\" data-end=\"1938\"><strong data-start=\"1674\" data-end=\"1710\">Teil 1 \u2013 Degustation (ab 14h00):<\/strong><br data-start=\"1710\" data-end=\"1713\" \/>Starten Sie den Nachmittag mit einer reinen Wein-Degustation unserer biodynamischen Salgescher Weine. Authentisch, ehrlich und mit viel Liebe zum Detail \u2013 der perfekte Einstieg in das Fr\u00fchlingserwachen.<\/p>\n<p data-start=\"1940\" data-end=\"2174\"><strong data-start=\"1940\" data-end=\"1976\">Teil 2 \u2013 Wine &amp; Dine (ab 18h00):<\/strong><br data-start=\"1976\" data-end=\"1979\" \/>Am Abend geniessen Sie unsere Walliser Weine begleitet von einem saisonalen, stimmigen Men\u00fc, das den Geschmack der Weine optimal unterst\u00fctzt. Ein Erlebnis f\u00fcr alle Sinne \u2013 pers\u00f6nlich, nah, famili\u00e4r.<\/p>\n<ul data-start=\"2199\" data-end=\"2317\">\n<li data-start=\"2199\" data-end=\"2228\">\n<p data-start=\"2201\" data-end=\"2228\"><strong data-start=\"2201\" data-end=\"2217\">Degustation:<\/strong> CHF 14.-<\/p>\n<\/li>\n<li data-start=\"2229\" data-end=\"2258\">\n<p data-start=\"2231\" data-end=\"2258\"><strong data-start=\"2231\" data-end=\"2247\">Wine &amp; Dine:<\/strong> CHF 49.-<\/p>\n<\/li>\n<li data-start=\"2259\" data-end=\"2317\">\n<p data-start=\"2261\" data-end=\"2317\"><strong data-start=\"2261\" data-end=\"2306\">Ganztags-Package:<\/strong> CHF 59.-<\/p>\n<\/li>\n<\/ul>\n<p data-start=\"2319\" data-end=\"2455\">Erlebe Momente voller Geschichten aus dem Keller und \u00fcber die Biodynamik \u2013 und lassen Sie mit uns den Fr\u00fchling im Glas erwachen!<\/p>\n","protected":false},"excerpt":{"rendered":"<p>Erleben Sie den Fr\u00fchling mit allen Sinnen! Unser Familienbetrieb De Canali l\u00e4dt Sie zu einem besonderen Tag voller Wein, Genuss und Biodynamik ein. Teil 1 \u2013 Degustation (ab 14h00):Starten Sie den Nachmittag mit einer reinen Wein-Degustation unserer biodynamischen Salgescher Weine. Authentisch, ehrlich und mit viel Liebe zum Detail \u2013 der perfekte Einstieg in das Fr\u00fchlingserwachen. [&hellip;]<\/p>\n","protected":false},"featured_media":26341,"template":"","meta":{"_exactmetrics_skip_tracking":false,"_exactmetrics_sitenote_active":false,"_exactmetrics_sitenote_note":"","_exactmetrics_sitenote_category":0},"product_brand":[],"product_cat":[115,78],"product_tag":[33,31,81,106,37,82,32,86,36,85],"class_list":{"0":"post-26331","1":"product","2":"type-product","3":"status-publish","4":"has-post-thumbnail","6":"product_cat-erlebnisse","7":"product_cat-geschenk-und-degustationssets","8":"product_tag-bio","9":"product_tag-biodynamisch","10":"product_tag-biologisch","11":"product_tag-biologisch-dynamisch-2","12":"product_tag-de-canali","13":"product_tag-decanali","14":"product_tag-demeter","15":"product_tag-natuerlich","16":"product_tag-salgesch","17":"product_tag-vegan","19":"first","20":"instock","21":"shipping-taxable","22":"purchasable","23":"product-type-variable"},"yoast_head":"<!-- This site is optimized with the Yoast SEO plugin v27.4 - https:\/\/yoast.com\/product\/yoast-seo-wordpress\/ -->\n<title>Wine &amp; Dine &quot;Walliser Fr\u00fchlingserwachen&quot; - 18. April 2026 (Eich, LU) - Cave de Canali<\/title>\n<meta name=\"description\" content=\"Wine &amp; Dine am 18. April 2026 in Eich (LU): Fr\u00fchlingsmen\u00fc &amp; Demeter-Weine von De Canali, festlich serviert mit Walliser Charme. Anmeldung erforderlich.\" \/>\n<meta name=\"robots\" content=\"index, follow, max-snippet:-1, max-image-preview:large, max-video-preview:-1\" \/>\n<link rel=\"canonical\" href=\"https:\/\/decanali.ch\/produkt\/wine-dine-walliser-fruehlingserwachen-18-april-2026-eich-lu\/\" \/>\n<meta property=\"og:locale\" content=\"fr_FR\" \/>\n<meta property=\"og:type\" content=\"article\" \/>\n<meta property=\"og:title\" content=\"Wine &amp; Dine &quot;Walliser Fr\u00fchlingserwachen&quot; - 18. April 2026 (Eich, LU) - Cave de Canali\" \/>\n<meta property=\"og:description\" content=\"Wine &amp; Dine am 18. April 2026 in Eich (LU): Fr\u00fchlingsmen\u00fc &amp; Demeter-Weine von De Canali, festlich serviert mit Walliser Charme. Anmeldung erforderlich.\" \/>\n<meta property=\"og:url\" content=\"https:\/\/decanali.ch\/produkt\/wine-dine-walliser-fruehlingserwachen-18-april-2026-eich-lu\/\" \/>\n<meta property=\"og:site_name\" content=\"Cave de Canali\" \/>\n<meta property=\"article:publisher\" content=\"https:\/\/www.facebook.com\/biodynamischeWeineDemeter\/?locale=de_DE\" \/>\n<meta property=\"article:modified_time\" content=\"2026-03-26T21:24:47+00:00\" \/>\n<meta property=\"og:image\" content=\"https:\/\/decanali.ch\/wp-content\/uploads\/2026\/01\/IMG-20260110-WA0411.jpg\" \/>\n\t<meta property=\"og:image:width\" content=\"1137\" \/>\n\t<meta property=\"og:image:height\" content=\"786\" \/>\n\t<meta property=\"og:image:type\" content=\"image\/jpeg\" \/>\n<meta name=\"twitter:card\" content=\"summary_large_image\" \/>\n<meta name=\"twitter:label1\" content=\"Dur\u00e9e de lecture estim\u00e9e\" \/>\n\t<meta name=\"twitter:data1\" content=\"1 minute\" \/>\n<script type=\"application\/ld+json\" class=\"yoast-schema-graph\">{\"@context\":\"https:\\\/\\\/schema.org\",\"@graph\":[{\"@type\":\"WebPage\",\"@id\":\"https:\\\/\\\/decanali.ch\\\/produkt\\\/wine-dine-walliser-fruehlingserwachen-18-april-2026-eich-lu\\\/\",\"url\":\"https:\\\/\\\/decanali.ch\\\/produkt\\\/wine-dine-walliser-fruehlingserwachen-18-april-2026-eich-lu\\\/\",\"name\":\"Wine & Dine \\\"Walliser Fr\u00fchlingserwachen\\\" - 18. April 2026 (Eich, LU) - Cave de Canali\",\"isPartOf\":{\"@id\":\"https:\\\/\\\/decanali.ch\\\/#website\"},\"primaryImageOfPage\":{\"@id\":\"https:\\\/\\\/decanali.ch\\\/produkt\\\/wine-dine-walliser-fruehlingserwachen-18-april-2026-eich-lu\\\/#primaryimage\"},\"image\":{\"@id\":\"https:\\\/\\\/decanali.ch\\\/produkt\\\/wine-dine-walliser-fruehlingserwachen-18-april-2026-eich-lu\\\/#primaryimage\"},\"thumbnailUrl\":\"https:\\\/\\\/decanali.ch\\\/wp-content\\\/uploads\\\/2026\\\/01\\\/IMG-20260110-WA0411.jpg\",\"datePublished\":\"2026-01-10T13:42:00+00:00\",\"dateModified\":\"2026-03-26T21:24:47+00:00\",\"description\":\"Wine & Dine am 18. April 2026 in Eich (LU): Fr\u00fchlingsmen\u00fc & Demeter-Weine von De Canali, festlich serviert mit Walliser Charme. Anmeldung erforderlich.\",\"breadcrumb\":{\"@id\":\"https:\\\/\\\/decanali.ch\\\/produkt\\\/wine-dine-walliser-fruehlingserwachen-18-april-2026-eich-lu\\\/#breadcrumb\"},\"inLanguage\":\"fr-FR\",\"potentialAction\":[{\"@type\":\"ReadAction\",\"target\":[\"https:\\\/\\\/decanali.ch\\\/produkt\\\/wine-dine-walliser-fruehlingserwachen-18-april-2026-eich-lu\\\/\"]}]},{\"@type\":\"ImageObject\",\"inLanguage\":\"fr-FR\",\"@id\":\"https:\\\/\\\/decanali.ch\\\/produkt\\\/wine-dine-walliser-fruehlingserwachen-18-april-2026-eich-lu\\\/#primaryimage\",\"url\":\"https:\\\/\\\/decanali.ch\\\/wp-content\\\/uploads\\\/2026\\\/01\\\/IMG-20260110-WA0411.jpg\",\"contentUrl\":\"https:\\\/\\\/decanali.ch\\\/wp-content\\\/uploads\\\/2026\\\/01\\\/IMG-20260110-WA0411.jpg\",\"width\":1137,\"height\":786},{\"@type\":\"BreadcrumbList\",\"@id\":\"https:\\\/\\\/decanali.ch\\\/produkt\\\/wine-dine-walliser-fruehlingserwachen-18-april-2026-eich-lu\\\/#breadcrumb\",\"itemListElement\":[{\"@type\":\"ListItem\",\"position\":1,\"name\":\"Startseite\",\"item\":\"https:\\\/\\\/decanali.ch\\\/fr\\\/\"},{\"@type\":\"ListItem\",\"position\":2,\"name\":\"Boutique de vin\",\"item\":\"https:\\\/\\\/decanali.ch\\\/fr\\\/?page_id=24602\"},{\"@type\":\"ListItem\",\"position\":3,\"name\":\"Wine &#038; Dine &#8222;Walliser Fr\u00fchlingserwachen&#8220; &#8211; 18. April 2026 (Eich, LU)\"}]},{\"@type\":\"WebSite\",\"@id\":\"https:\\\/\\\/decanali.ch\\\/#website\",\"url\":\"https:\\\/\\\/decanali.ch\\\/\",\"name\":\"De Canali\",\"description\":\"Weingut \\\/ Weinberg \\\/ Weinshop in Salgesch\",\"publisher\":{\"@id\":\"https:\\\/\\\/decanali.ch\\\/#organization\"},\"potentialAction\":[{\"@type\":\"SearchAction\",\"target\":{\"@type\":\"EntryPoint\",\"urlTemplate\":\"https:\\\/\\\/decanali.ch\\\/?s={search_term_string}\"},\"query-input\":{\"@type\":\"PropertyValueSpecification\",\"valueRequired\":true,\"valueName\":\"search_term_string\"}}],\"inLanguage\":\"fr-FR\"},{\"@type\":\"Organization\",\"@id\":\"https:\\\/\\\/decanali.ch\\\/#organization\",\"name\":\"De Canali GmbH\",\"url\":\"https:\\\/\\\/decanali.ch\\\/\",\"logo\":{\"@type\":\"ImageObject\",\"inLanguage\":\"fr-FR\",\"@id\":\"https:\\\/\\\/decanali.ch\\\/#\\\/schema\\\/logo\\\/image\\\/\",\"url\":\"https:\\\/\\\/decanali.ch\\\/wp-content\\\/uploads\\\/2021\\\/03\\\/decanali-1-e1714062460794.png\",\"contentUrl\":\"https:\\\/\\\/decanali.ch\\\/wp-content\\\/uploads\\\/2021\\\/03\\\/decanali-1-e1714062460794.png\",\"width\":340,\"height\":156,\"caption\":\"De Canali GmbH\"},\"image\":{\"@id\":\"https:\\\/\\\/decanali.ch\\\/#\\\/schema\\\/logo\\\/image\\\/\"},\"sameAs\":[\"https:\\\/\\\/www.facebook.com\\\/biodynamischeWeineDemeter\\\/?locale=de_DE\",\"https:\\\/\\\/www.instagram.com\\\/accounts\\\/login\\\/?next=httpswww.instagram.comde_canali_weingut&is_from_rle\"]}]}<\/script>\n<!-- \/ Yoast SEO plugin. -->","yoast_head_json":{"title":"Wine & Dine \"Walliser Fr\u00fchlingserwachen\" - 18. April 2026 (Eich, LU) - Cave de Canali","description":"Wine & Dine am 18. April 2026 in Eich (LU): Fr\u00fchlingsmen\u00fc & Demeter-Weine von De Canali, festlich serviert mit Walliser Charme. Anmeldung erforderlich.","robots":{"index":"index","follow":"follow","max-snippet":"max-snippet:-1","max-image-preview":"max-image-preview:large","max-video-preview":"max-video-preview:-1"},"canonical":"https:\/\/decanali.ch\/produkt\/wine-dine-walliser-fruehlingserwachen-18-april-2026-eich-lu\/","og_locale":"fr_FR","og_type":"article","og_title":"Wine & Dine \"Walliser Fr\u00fchlingserwachen\" - 18. April 2026 (Eich, LU) - Cave de Canali","og_description":"Wine & Dine am 18. April 2026 in Eich (LU): Fr\u00fchlingsmen\u00fc & Demeter-Weine von De Canali, festlich serviert mit Walliser Charme. Anmeldung erforderlich.","og_url":"https:\/\/decanali.ch\/produkt\/wine-dine-walliser-fruehlingserwachen-18-april-2026-eich-lu\/","og_site_name":"Cave de Canali","article_publisher":"https:\/\/www.facebook.com\/biodynamischeWeineDemeter\/?locale=de_DE","article_modified_time":"2026-03-26T21:24:47+00:00","og_image":[{"width":1137,"height":786,"url":"https:\/\/decanali.ch\/wp-content\/uploads\/2026\/01\/IMG-20260110-WA0411.jpg","type":"image\/jpeg"}],"twitter_card":"summary_large_image","twitter_misc":{"Dur\u00e9e de lecture estim\u00e9e":"1 minute"},"schema":{"@context":"https:\/\/schema.org","@graph":[{"@type":"WebPage","@id":"https:\/\/decanali.ch\/produkt\/wine-dine-walliser-fruehlingserwachen-18-april-2026-eich-lu\/","url":"https:\/\/decanali.ch\/produkt\/wine-dine-walliser-fruehlingserwachen-18-april-2026-eich-lu\/","name":"Wine & Dine \"Walliser Fr\u00fchlingserwachen\" - 18. April 2026 (Eich, LU) - Cave de Canali","isPartOf":{"@id":"https:\/\/decanali.ch\/#website"},"primaryImageOfPage":{"@id":"https:\/\/decanali.ch\/produkt\/wine-dine-walliser-fruehlingserwachen-18-april-2026-eich-lu\/#primaryimage"},"image":{"@id":"https:\/\/decanali.ch\/produkt\/wine-dine-walliser-fruehlingserwachen-18-april-2026-eich-lu\/#primaryimage"},"thumbnailUrl":"https:\/\/decanali.ch\/wp-content\/uploads\/2026\/01\/IMG-20260110-WA0411.jpg","datePublished":"2026-01-10T13:42:00+00:00","dateModified":"2026-03-26T21:24:47+00:00","description":"Wine & Dine am 18. April 2026 in Eich (LU): Fr\u00fchlingsmen\u00fc & Demeter-Weine von De Canali, festlich serviert mit Walliser Charme. Anmeldung erforderlich.","breadcrumb":{"@id":"https:\/\/decanali.ch\/produkt\/wine-dine-walliser-fruehlingserwachen-18-april-2026-eich-lu\/#breadcrumb"},"inLanguage":"fr-FR","potentialAction":[{"@type":"ReadAction","target":["https:\/\/decanali.ch\/produkt\/wine-dine-walliser-fruehlingserwachen-18-april-2026-eich-lu\/"]}]},{"@type":"ImageObject","inLanguage":"fr-FR","@id":"https:\/\/decanali.ch\/produkt\/wine-dine-walliser-fruehlingserwachen-18-april-2026-eich-lu\/#primaryimage","url":"https:\/\/decanali.ch\/wp-content\/uploads\/2026\/01\/IMG-20260110-WA0411.jpg","contentUrl":"https:\/\/decanali.ch\/wp-content\/uploads\/2026\/01\/IMG-20260110-WA0411.jpg","width":1137,"height":786},{"@type":"BreadcrumbList","@id":"https:\/\/decanali.ch\/produkt\/wine-dine-walliser-fruehlingserwachen-18-april-2026-eich-lu\/#breadcrumb","itemListElement":[{"@type":"ListItem","position":1,"name":"Startseite","item":"https:\/\/decanali.ch\/fr\/"},{"@type":"ListItem","position":2,"name":"Boutique de vin","item":"https:\/\/decanali.ch\/fr\/?page_id=24602"},{"@type":"ListItem","position":3,"name":"Wine &#038; Dine &#8222;Walliser Fr\u00fchlingserwachen&#8220; &#8211; 18. April 2026 (Eich, LU)"}]},{"@type":"WebSite","@id":"https:\/\/decanali.ch\/#website","url":"https:\/\/decanali.ch\/","name":"De Canali","description":"Weingut \/ Weinberg \/ Weinshop in Salgesch","publisher":{"@id":"https:\/\/decanali.ch\/#organization"},"potentialAction":[{"@type":"SearchAction","target":{"@type":"EntryPoint","urlTemplate":"https:\/\/decanali.ch\/?s={search_term_string}"},"query-input":{"@type":"PropertyValueSpecification","valueRequired":true,"valueName":"search_term_string"}}],"inLanguage":"fr-FR"},{"@type":"Organization","@id":"https:\/\/decanali.ch\/#organization","name":"De Canali GmbH","url":"https:\/\/decanali.ch\/","logo":{"@type":"ImageObject","inLanguage":"fr-FR","@id":"https:\/\/decanali.ch\/#\/schema\/logo\/image\/","url":"https:\/\/decanali.ch\/wp-content\/uploads\/2021\/03\/decanali-1-e1714062460794.png","contentUrl":"https:\/\/decanali.ch\/wp-content\/uploads\/2021\/03\/decanali-1-e1714062460794.png","width":340,"height":156,"caption":"De Canali GmbH"},"image":{"@id":"https:\/\/decanali.ch\/#\/schema\/logo\/image\/"},"sameAs":["https:\/\/www.facebook.com\/biodynamischeWeineDemeter\/?locale=de_DE","https:\/\/www.instagram.com\/accounts\/login\/?next=httpswww.instagram.comde_canali_weingut&is_from_rle"]}]}},"_links":{"self":[{"href":"https:\/\/decanali.ch\/fr\/wp-json\/wp\/v2\/product\/26331","targetHints":{"allow":["GET"]}}],"collection":[{"href":"https:\/\/decanali.ch\/fr\/wp-json\/wp\/v2\/product"}],"about":[{"href":"https:\/\/decanali.ch\/fr\/wp-json\/wp\/v2\/types\/product"}],"wp:featuredmedia":[{"embeddable":true,"href":"https:\/\/decanali.ch\/fr\/wp-json\/wp\/v2\/media\/26341"}],"wp:attachment":[{"href":"https:\/\/decanali.ch\/fr\/wp-json\/wp\/v2\/media?parent=26331"}],"wp:term":[{"taxonomy":"product_brand","embeddable":true,"href":"https:\/\/decanali.ch\/fr\/wp-json\/wp\/v2\/product_brand?post=26331"},{"taxonomy":"product_cat","embeddable":true,"href":"https:\/\/decanali.ch\/fr\/wp-json\/wp\/v2\/product_cat?post=26331"},{"taxonomy":"product_tag","embeddable":true,"href":"https:\/\/decanali.ch\/fr\/wp-json\/wp\/v2\/product_tag?post=26331"}],"curies":[{"name":"wp","href":"https:\/\/api.w.org\/{rel}","templated":true}]}}