{"id":26384,"date":"2026-03-26T10:57:36","date_gmt":"2026-03-26T09:57:36","guid":{"rendered":"https:\/\/decanali.ch\/?post_type=product&#038;p=26384"},"modified":"2026-03-26T11:04:59","modified_gmt":"2026-03-26T10:04:59","slug":"workshop-wildgruen-weingenuss-edition-2026-30-mai-2026","status":"publish","type":"product","link":"https:\/\/decanali.ch\/fr\/produit\/workshop-wildgruen-weingenuss-edition-2026-30-mai-2026\/","title":{"rendered":"Workshop \u201eWildgr\u00fcn &#038; Weingenuss\u201c Edition 2026 \u2013 30. Mai 2026"},"content":{"rendered":"<div class=\"av-special-heading av-r7ek3o-2619da0b22205dcc5bb89f0643e2b7fa av-special-heading-h2 avia-builder-el-5 el_before_av_textblock avia-builder-el-first \">\n<h3 data-section-id=\"gtq4y7\" data-start=\"179\" data-end=\"212\">Kr\u00e4uterduft &amp; Gaumenschmaus<\/h3>\n<p data-start=\"214\" data-end=\"504\">Der Fr\u00fchling liegt in der Luft \u2013 und wir holen ihn direkt auf den Teller.<\/p>\n<p data-start=\"214\" data-end=\"504\">Nach dem grossartigen Erfolg der Edition 2025 f\u00fchren wir diesen besonderen Workshop nun als j\u00e4hrliche Tradition weiter \u2013 gemeinsam mit der <a href=\"https:\/\/www.godswaergjistubu.ch\/krauterwanderungen\/\">Godsw\u00e4rgjistubu in Albinen<\/a> und der Wildkr\u00e4uterexpertin Hannelore Tsokhim.<\/p>\n<p data-start=\"506\" data-end=\"687\">In diesem Workshop entdecken wir gemeinsam die Welt der wilden Kr\u00e4uter, verarbeiten sie zu feinen Gerichten und geniessen dazu unsere biodynamischen, demeter-zertifizierten Weine.<\/p>\n<p data-start=\"689\" data-end=\"735\">Frisch. Regional. Mit viel Liebe zubereitet.<\/p>\n<p data-start=\"737\" data-end=\"896\">Das Besondere: Alle Teilnehmenden nehmen nicht nur neue kulinarische Eindr\u00fccke mit nach Hause, sondern auch ein sorgf\u00e4ltig zusammengestelltes Rezeptb\u00fcchlein.<\/p>\n<p data-start=\"898\" data-end=\"950\">Seien Sie dabei, wenn aus Wiese purer Genuss wird.<\/p>\n<p data-start=\"1296\" data-end=\"1502\"><strong data-start=\"1296\" data-end=\"1306\">Datum:<\/strong> Samstag, 30. Mai 2026<br data-start=\"1331\" data-end=\"1334\" \/><strong data-start=\"1334\" data-end=\"1343\">Zeit:<\/strong> 09:00 \u2013 ca. 13:00 Uhr<br data-start=\"1365\" data-end=\"1368\" \/><strong data-start=\"1368\" data-end=\"1376\">Ort:<\/strong> Kellerei De Canali, Varenstrasse 34, Salgesch<br data-start=\"1448\" data-end=\"1451\" \/><strong data-start=\"1451\" data-end=\"1461\">Preis:<\/strong> CHF 85.-<\/p>\n<\/div>\n","protected":false},"excerpt":{"rendered":"<p>Kr\u00e4uterduft &amp; Gaumenschmaus Der Fr\u00fchling liegt in der Luft \u2013 und wir holen ihn direkt auf den Teller. Nach dem grossartigen Erfolg der Edition 2025 f\u00fchren wir diesen besonderen Workshop nun als j\u00e4hrliche Tradition weiter \u2013 gemeinsam mit der Godsw\u00e4rgjistubu in Albinen und der Wildkr\u00e4uterexpertin Hannelore Tsokhim. In diesem Workshop entdecken wir gemeinsam die Welt [&hellip;]<\/p>\n","protected":false},"featured_media":26379,"template":"","meta":{"_exactmetrics_skip_tracking":false,"_exactmetrics_sitenote_active":false,"_exactmetrics_sitenote_note":"","_exactmetrics_sitenote_category":0},"product_brand":[],"product_cat":[115,78],"product_tag":[33,31,81,106,37,82,32,120,86,36,85,119],"class_list":{"0":"post-26384","1":"product","2":"type-product","3":"status-publish","4":"has-post-thumbnail","6":"product_cat-erlebnisse","7":"product_cat-geschenk-und-degustationssets","8":"product_tag-bio","9":"product_tag-biodynamisch","10":"product_tag-biologisch","11":"product_tag-biologisch-dynamisch-2","12":"product_tag-de-canali","13":"product_tag-decanali","14":"product_tag-demeter","15":"product_tag-erlebnisse","16":"product_tag-natuerlich","17":"product_tag-salgesch","18":"product_tag-vegan","19":"product_tag-wine-dine","21":"first","22":"instock","23":"virtual","24":"purchasable","25":"product-type-simple"},"yoast_head":"<!-- This site is optimized with the Yoast SEO plugin v27.4 - https:\/\/yoast.com\/product\/yoast-seo-wordpress\/ -->\n<title>Workshop \u201eWildgr\u00fcn &amp; Weingenuss\u201c Edition 2026 \u2013 30. Mai 2026 - Cave de Canali<\/title>\n<meta name=\"description\" content=\"Ein kulinarischer Morgen rund um wilde Kr\u00e4uter, gemeinsames Kochen und biodynamische Demeter-Weine in Zusammenarbeit mit der Godsw\u00e4rgjistubu (Albinen).\" \/>\n<meta name=\"robots\" content=\"index, follow, max-snippet:-1, max-image-preview:large, max-video-preview:-1\" \/>\n<link rel=\"canonical\" href=\"https:\/\/decanali.ch\/produkt\/workshop-wildgruen-weingenuss-edition-2026-30-mai-2026\/\" \/>\n<meta property=\"og:locale\" content=\"fr_FR\" \/>\n<meta property=\"og:type\" content=\"article\" \/>\n<meta property=\"og:title\" content=\"Workshop \u201eWildgr\u00fcn &amp; Weingenuss\u201c Edition 2026 \u2013 30. Mai 2026 - Cave de Canali\" \/>\n<meta property=\"og:description\" content=\"Ein kulinarischer Morgen rund um wilde Kr\u00e4uter, gemeinsames Kochen und biodynamische Demeter-Weine in Zusammenarbeit mit der Godsw\u00e4rgjistubu (Albinen).\" \/>\n<meta property=\"og:url\" content=\"https:\/\/decanali.ch\/produkt\/workshop-wildgruen-weingenuss-edition-2026-30-mai-2026\/\" \/>\n<meta property=\"og:site_name\" content=\"Cave de Canali\" \/>\n<meta property=\"article:publisher\" content=\"https:\/\/www.facebook.com\/biodynamischeWeineDemeter\/?locale=de_DE\" \/>\n<meta property=\"article:modified_time\" content=\"2026-03-26T10:04:59+00:00\" \/>\n<meta property=\"og:image\" content=\"https:\/\/decanali.ch\/wp-content\/uploads\/2026\/03\/ChatGPT-Image-14.-Maerz-2026-15_17_48.png\" \/>\n\t<meta property=\"og:image:width\" content=\"1536\" \/>\n\t<meta property=\"og:image:height\" content=\"1024\" \/>\n\t<meta property=\"og:image:type\" content=\"image\/png\" \/>\n<meta name=\"twitter:card\" content=\"summary_large_image\" \/>\n<meta name=\"twitter:label1\" content=\"Dur\u00e9e de lecture estim\u00e9e\" \/>\n\t<meta name=\"twitter:data1\" content=\"1 minute\" \/>\n<script type=\"application\/ld+json\" class=\"yoast-schema-graph\">{\"@context\":\"https:\\\/\\\/schema.org\",\"@graph\":[{\"@type\":\"WebPage\",\"@id\":\"https:\\\/\\\/decanali.ch\\\/produkt\\\/workshop-wildgruen-weingenuss-edition-2026-30-mai-2026\\\/\",\"url\":\"https:\\\/\\\/decanali.ch\\\/produkt\\\/workshop-wildgruen-weingenuss-edition-2026-30-mai-2026\\\/\",\"name\":\"Workshop \u201eWildgr\u00fcn & Weingenuss\u201c Edition 2026 \u2013 30. Mai 2026 - Cave de Canali\",\"isPartOf\":{\"@id\":\"https:\\\/\\\/decanali.ch\\\/#website\"},\"primaryImageOfPage\":{\"@id\":\"https:\\\/\\\/decanali.ch\\\/produkt\\\/workshop-wildgruen-weingenuss-edition-2026-30-mai-2026\\\/#primaryimage\"},\"image\":{\"@id\":\"https:\\\/\\\/decanali.ch\\\/produkt\\\/workshop-wildgruen-weingenuss-edition-2026-30-mai-2026\\\/#primaryimage\"},\"thumbnailUrl\":\"https:\\\/\\\/decanali.ch\\\/wp-content\\\/uploads\\\/2026\\\/03\\\/ChatGPT-Image-14.-Maerz-2026-15_17_48.png\",\"datePublished\":\"2026-03-26T09:57:36+00:00\",\"dateModified\":\"2026-03-26T10:04:59+00:00\",\"description\":\"Ein kulinarischer Morgen rund um wilde Kr\u00e4uter, gemeinsames Kochen und biodynamische Demeter-Weine in Zusammenarbeit mit der Godsw\u00e4rgjistubu (Albinen).\",\"breadcrumb\":{\"@id\":\"https:\\\/\\\/decanali.ch\\\/produkt\\\/workshop-wildgruen-weingenuss-edition-2026-30-mai-2026\\\/#breadcrumb\"},\"inLanguage\":\"fr-FR\",\"potentialAction\":[{\"@type\":\"ReadAction\",\"target\":[\"https:\\\/\\\/decanali.ch\\\/produkt\\\/workshop-wildgruen-weingenuss-edition-2026-30-mai-2026\\\/\"]}]},{\"@type\":\"ImageObject\",\"inLanguage\":\"fr-FR\",\"@id\":\"https:\\\/\\\/decanali.ch\\\/produkt\\\/workshop-wildgruen-weingenuss-edition-2026-30-mai-2026\\\/#primaryimage\",\"url\":\"https:\\\/\\\/decanali.ch\\\/wp-content\\\/uploads\\\/2026\\\/03\\\/ChatGPT-Image-14.-Maerz-2026-15_17_48.png\",\"contentUrl\":\"https:\\\/\\\/decanali.ch\\\/wp-content\\\/uploads\\\/2026\\\/03\\\/ChatGPT-Image-14.-Maerz-2026-15_17_48.png\",\"width\":1536,\"height\":1024},{\"@type\":\"BreadcrumbList\",\"@id\":\"https:\\\/\\\/decanali.ch\\\/produkt\\\/workshop-wildgruen-weingenuss-edition-2026-30-mai-2026\\\/#breadcrumb\",\"itemListElement\":[{\"@type\":\"ListItem\",\"position\":1,\"name\":\"Startseite\",\"item\":\"https:\\\/\\\/decanali.ch\\\/fr\\\/\"},{\"@type\":\"ListItem\",\"position\":2,\"name\":\"Boutique de vin\",\"item\":\"https:\\\/\\\/decanali.ch\\\/fr\\\/?page_id=24602\"},{\"@type\":\"ListItem\",\"position\":3,\"name\":\"Workshop \u201eWildgr\u00fcn &#038; Weingenuss\u201c Edition 2026 \u2013 30. Mai 2026\"}]},{\"@type\":\"WebSite\",\"@id\":\"https:\\\/\\\/decanali.ch\\\/#website\",\"url\":\"https:\\\/\\\/decanali.ch\\\/\",\"name\":\"De Canali\",\"description\":\"Weingut \\\/ Weinberg \\\/ Weinshop in Salgesch\",\"publisher\":{\"@id\":\"https:\\\/\\\/decanali.ch\\\/#organization\"},\"potentialAction\":[{\"@type\":\"SearchAction\",\"target\":{\"@type\":\"EntryPoint\",\"urlTemplate\":\"https:\\\/\\\/decanali.ch\\\/?s={search_term_string}\"},\"query-input\":{\"@type\":\"PropertyValueSpecification\",\"valueRequired\":true,\"valueName\":\"search_term_string\"}}],\"inLanguage\":\"fr-FR\"},{\"@type\":\"Organization\",\"@id\":\"https:\\\/\\\/decanali.ch\\\/#organization\",\"name\":\"De Canali GmbH\",\"url\":\"https:\\\/\\\/decanali.ch\\\/\",\"logo\":{\"@type\":\"ImageObject\",\"inLanguage\":\"fr-FR\",\"@id\":\"https:\\\/\\\/decanali.ch\\\/#\\\/schema\\\/logo\\\/image\\\/\",\"url\":\"https:\\\/\\\/decanali.ch\\\/wp-content\\\/uploads\\\/2021\\\/03\\\/decanali-1-e1714062460794.png\",\"contentUrl\":\"https:\\\/\\\/decanali.ch\\\/wp-content\\\/uploads\\\/2021\\\/03\\\/decanali-1-e1714062460794.png\",\"width\":340,\"height\":156,\"caption\":\"De Canali GmbH\"},\"image\":{\"@id\":\"https:\\\/\\\/decanali.ch\\\/#\\\/schema\\\/logo\\\/image\\\/\"},\"sameAs\":[\"https:\\\/\\\/www.facebook.com\\\/biodynamischeWeineDemeter\\\/?locale=de_DE\",\"https:\\\/\\\/www.instagram.com\\\/accounts\\\/login\\\/?next=httpswww.instagram.comde_canali_weingut&is_from_rle\"]}]}<\/script>\n<!-- \/ Yoast SEO plugin. -->","yoast_head_json":{"title":"Workshop \u201eWildgr\u00fcn & Weingenuss\u201c Edition 2026 \u2013 30. Mai 2026 - Cave de Canali","description":"Ein kulinarischer Morgen rund um wilde Kr\u00e4uter, gemeinsames Kochen und biodynamische Demeter-Weine in Zusammenarbeit mit der Godsw\u00e4rgjistubu (Albinen).","robots":{"index":"index","follow":"follow","max-snippet":"max-snippet:-1","max-image-preview":"max-image-preview:large","max-video-preview":"max-video-preview:-1"},"canonical":"https:\/\/decanali.ch\/produkt\/workshop-wildgruen-weingenuss-edition-2026-30-mai-2026\/","og_locale":"fr_FR","og_type":"article","og_title":"Workshop \u201eWildgr\u00fcn & Weingenuss\u201c Edition 2026 \u2013 30. Mai 2026 - Cave de Canali","og_description":"Ein kulinarischer Morgen rund um wilde Kr\u00e4uter, gemeinsames Kochen und biodynamische Demeter-Weine in Zusammenarbeit mit der Godsw\u00e4rgjistubu (Albinen).","og_url":"https:\/\/decanali.ch\/produkt\/workshop-wildgruen-weingenuss-edition-2026-30-mai-2026\/","og_site_name":"Cave de Canali","article_publisher":"https:\/\/www.facebook.com\/biodynamischeWeineDemeter\/?locale=de_DE","article_modified_time":"2026-03-26T10:04:59+00:00","og_image":[{"width":1536,"height":1024,"url":"https:\/\/decanali.ch\/wp-content\/uploads\/2026\/03\/ChatGPT-Image-14.-Maerz-2026-15_17_48.png","type":"image\/png"}],"twitter_card":"summary_large_image","twitter_misc":{"Dur\u00e9e de lecture estim\u00e9e":"1 minute"},"schema":{"@context":"https:\/\/schema.org","@graph":[{"@type":"WebPage","@id":"https:\/\/decanali.ch\/produkt\/workshop-wildgruen-weingenuss-edition-2026-30-mai-2026\/","url":"https:\/\/decanali.ch\/produkt\/workshop-wildgruen-weingenuss-edition-2026-30-mai-2026\/","name":"Workshop \u201eWildgr\u00fcn & Weingenuss\u201c Edition 2026 \u2013 30. Mai 2026 - Cave de Canali","isPartOf":{"@id":"https:\/\/decanali.ch\/#website"},"primaryImageOfPage":{"@id":"https:\/\/decanali.ch\/produkt\/workshop-wildgruen-weingenuss-edition-2026-30-mai-2026\/#primaryimage"},"image":{"@id":"https:\/\/decanali.ch\/produkt\/workshop-wildgruen-weingenuss-edition-2026-30-mai-2026\/#primaryimage"},"thumbnailUrl":"https:\/\/decanali.ch\/wp-content\/uploads\/2026\/03\/ChatGPT-Image-14.-Maerz-2026-15_17_48.png","datePublished":"2026-03-26T09:57:36+00:00","dateModified":"2026-03-26T10:04:59+00:00","description":"Ein kulinarischer Morgen rund um wilde Kr\u00e4uter, gemeinsames Kochen und biodynamische Demeter-Weine in Zusammenarbeit mit der Godsw\u00e4rgjistubu (Albinen).","breadcrumb":{"@id":"https:\/\/decanali.ch\/produkt\/workshop-wildgruen-weingenuss-edition-2026-30-mai-2026\/#breadcrumb"},"inLanguage":"fr-FR","potentialAction":[{"@type":"ReadAction","target":["https:\/\/decanali.ch\/produkt\/workshop-wildgruen-weingenuss-edition-2026-30-mai-2026\/"]}]},{"@type":"ImageObject","inLanguage":"fr-FR","@id":"https:\/\/decanali.ch\/produkt\/workshop-wildgruen-weingenuss-edition-2026-30-mai-2026\/#primaryimage","url":"https:\/\/decanali.ch\/wp-content\/uploads\/2026\/03\/ChatGPT-Image-14.-Maerz-2026-15_17_48.png","contentUrl":"https:\/\/decanali.ch\/wp-content\/uploads\/2026\/03\/ChatGPT-Image-14.-Maerz-2026-15_17_48.png","width":1536,"height":1024},{"@type":"BreadcrumbList","@id":"https:\/\/decanali.ch\/produkt\/workshop-wildgruen-weingenuss-edition-2026-30-mai-2026\/#breadcrumb","itemListElement":[{"@type":"ListItem","position":1,"name":"Startseite","item":"https:\/\/decanali.ch\/fr\/"},{"@type":"ListItem","position":2,"name":"Boutique de vin","item":"https:\/\/decanali.ch\/fr\/?page_id=24602"},{"@type":"ListItem","position":3,"name":"Workshop \u201eWildgr\u00fcn &#038; Weingenuss\u201c Edition 2026 \u2013 30. Mai 2026"}]},{"@type":"WebSite","@id":"https:\/\/decanali.ch\/#website","url":"https:\/\/decanali.ch\/","name":"De Canali","description":"Weingut \/ Weinberg \/ Weinshop in Salgesch","publisher":{"@id":"https:\/\/decanali.ch\/#organization"},"potentialAction":[{"@type":"SearchAction","target":{"@type":"EntryPoint","urlTemplate":"https:\/\/decanali.ch\/?s={search_term_string}"},"query-input":{"@type":"PropertyValueSpecification","valueRequired":true,"valueName":"search_term_string"}}],"inLanguage":"fr-FR"},{"@type":"Organization","@id":"https:\/\/decanali.ch\/#organization","name":"De Canali GmbH","url":"https:\/\/decanali.ch\/","logo":{"@type":"ImageObject","inLanguage":"fr-FR","@id":"https:\/\/decanali.ch\/#\/schema\/logo\/image\/","url":"https:\/\/decanali.ch\/wp-content\/uploads\/2021\/03\/decanali-1-e1714062460794.png","contentUrl":"https:\/\/decanali.ch\/wp-content\/uploads\/2021\/03\/decanali-1-e1714062460794.png","width":340,"height":156,"caption":"De Canali GmbH"},"image":{"@id":"https:\/\/decanali.ch\/#\/schema\/logo\/image\/"},"sameAs":["https:\/\/www.facebook.com\/biodynamischeWeineDemeter\/?locale=de_DE","https:\/\/www.instagram.com\/accounts\/login\/?next=httpswww.instagram.comde_canali_weingut&is_from_rle"]}]}},"_links":{"self":[{"href":"https:\/\/decanali.ch\/fr\/wp-json\/wp\/v2\/product\/26384","targetHints":{"allow":["GET"]}}],"collection":[{"href":"https:\/\/decanali.ch\/fr\/wp-json\/wp\/v2\/product"}],"about":[{"href":"https:\/\/decanali.ch\/fr\/wp-json\/wp\/v2\/types\/product"}],"wp:featuredmedia":[{"embeddable":true,"href":"https:\/\/decanali.ch\/fr\/wp-json\/wp\/v2\/media\/26379"}],"wp:attachment":[{"href":"https:\/\/decanali.ch\/fr\/wp-json\/wp\/v2\/media?parent=26384"}],"wp:term":[{"taxonomy":"product_brand","embeddable":true,"href":"https:\/\/decanali.ch\/fr\/wp-json\/wp\/v2\/product_brand?post=26384"},{"taxonomy":"product_cat","embeddable":true,"href":"https:\/\/decanali.ch\/fr\/wp-json\/wp\/v2\/product_cat?post=26384"},{"taxonomy":"product_tag","embeddable":true,"href":"https:\/\/decanali.ch\/fr\/wp-json\/wp\/v2\/product_tag?post=26384"}],"curies":[{"name":"wp","href":"https:\/\/api.w.org\/{rel}","templated":true}]}}