{"id":26394,"date":"2026-03-26T11:41:18","date_gmt":"2026-03-26T10:41:18","guid":{"rendered":"https:\/\/decanali.ch\/?post_type=product&#038;p=26394"},"modified":"2026-03-26T11:55:24","modified_gmt":"2026-03-26T10:55:24","slug":"keller-kino-six-inches-of-soil-30-mai-2026","status":"publish","type":"product","link":"https:\/\/decanali.ch\/fr\/produit\/keller-kino-six-inches-of-soil-30-mai-2026\/","title":{"rendered":"Kino im Keller \u2013 \u201eSix Inches of Soil\u201c (E \/ d) &#8211; 30. Mai 2026"},"content":{"rendered":"<p data-section-id=\"gtq4y7\" data-start=\"179\" data-end=\"212\">Wir verwandeln unsere Kellerei f\u00fcr einen besonderen Abend in einen Kino-Raum und zeigen im Rahmen von <a href=\"https:\/\/pop-up.filmefuerdieerde.org\/\">\u201eFilme f\u00fcr die Erde\u201c \u2013 Pop-Up Kino den Film <em data-start=\"208\" data-end=\"230\">\u201eSix Inches of Soil\u201c<\/em> <\/a>zum Thema regenerative Landwirtschaft. <em>(In englischer Sprache mit deutschen Untertiteln)<\/em><\/p>\n<div class=\"text-base my-auto mx-auto [--thread-content-margin:var(--thread-content-margin-xs,calc(var(--spacing)*4))] @w-sm\/main:[--thread-content-margin:var(--thread-content-margin-sm,calc(var(--spacing)*6))] @w-lg\/main:[--thread-content-margin:var(--thread-content-margin-lg,calc(var(--spacing)*16))] px-(--thread-content-margin)\">\n<div class=\"[--thread-content-max-width:40rem] @w-lg\/main:[--thread-content-max-width:48rem] mx-auto max-w-(--thread-content-max-width) flex-1 group\/turn-messages focus-visible:outline-hidden relative flex w-full min-w-0 flex-col agent-turn\">\n<div class=\"flex max-w-full flex-col gap-4 grow\">\n<div class=\"min-h-8 text-message relative flex w-full flex-col items-end gap-2 text-start break-words whitespace-normal outline-none keyboard-focused:focus-ring [.text-message+&amp;]:mt-1\" dir=\"auto\" data-message-author-role=\"assistant\" data-message-id=\"b3fda393-8dd4-4f39-8803-f458b284c2f7\" data-message-model-slug=\"gpt-5-mini\">\n<div class=\"flex w-full flex-col gap-1 empty:hidden\">\n<p data-start=\"271\" data-end=\"682\">Der Film begleitet junge Landwirt:innen in Grossbritannien, die sich f\u00fcr eine neue, zukunftsf\u00e4hige Landwirtschaft einsetzen \u2013 eine Landwirtschaft, die den Boden nicht ausbeutet, sondern aufbaut, belebt und regeneriert. Im Zentrum stehen gesunde B\u00f6den, geschlossene Kreisl\u00e4ufe, Biodiversit\u00e4t und die Frage, wie wir Nahrung so produzieren k\u00f6nnen, dass sie langfristig Leben f\u00f6rdert statt Ressourcen zu ersch\u00f6pfen.<\/p>\n<p data-start=\"684\" data-end=\"1106\">Diese Themen sind auch f\u00fcr uns als Demeter-Kellerei zentral. Unsere Arbeit basiert auf einem tiefen Verst\u00e4ndnis von Natur als lebendigem Organismus: Wir pflegen unsere Reben im Einklang mit den nat\u00fcrlichen Kreisl\u00e4ufen, f\u00f6rdern die Bodenfruchtbarkeit und tragen Verantwortung gegen\u00fcber kommenden Generationen. Was der Film zeigt, ist f\u00fcr uns keine Vision in der Ferne, sondern gelebter Alltag im Weinberg und im Keller.<\/p>\n<p data-start=\"1108\" data-end=\"1283\">Der Abend soll Raum schaffen f\u00fcr Inspiration, Austausch und neue Perspektiven \u2013 eingebettet in eine entspannte Atmosph\u00e4re in unserer Kellerei und begleitet von unseren Weinen.<\/p>\n<p data-start=\"1285\" data-end=\"1405\">Freut euch auf eindr\u00fcckliche Bilder, spannende Impulse und einen Abend, der verbindet \u2013 Film, Landwirtschaft und Genuss. <a href=\"https:\/\/www.youtube.com\/watch?v=OaJl0yQ7ufQ\">Schau dir hier den Trailer zum Film an.<\/a><\/p>\n<div class=\"markdown prose dark:prose-invert w-full wrap-break-word light markdown-new-styling\">\n<p data-start=\"1461\" data-end=\"1493\" data-is-last-node=\"\" data-is-only-node=\"\"><strong>Datum:<\/strong> Samstag, 30. Mai 2026<br data-start=\"1331\" data-end=\"1334\" \/><strong>Zeit:<\/strong> T\u00fcr\u00f6ffnung um 17:00<br data-start=\"1365\" data-end=\"1368\" \/><strong>Ort:<\/strong> Kellerei De Canali, Varenstrasse 34, Salgesch<br data-start=\"1448\" data-end=\"1451\" \/><strong>Preis:<\/strong> Kollekte f\u00fcr \u00ab\u00a0Filme f\u00fcr die Erde\u00a0\u00bb\u00a0 \/\u00a0 CHF 15.- f\u00fcr Wein &amp; Popcorn<\/p>\n<\/div>\n<\/div>\n<\/div>\n<\/div>\n<\/div>\n<\/div>\n","protected":false},"excerpt":{"rendered":"<p>Wir verwandeln unsere Kellerei f\u00fcr einen besonderen Abend in einen Kino-Raum und zeigen im Rahmen von \u201eFilme f\u00fcr die Erde\u201c \u2013 Pop-Up Kino den Film \u201eSix Inches of Soil\u201c zum Thema regenerative Landwirtschaft. (In englischer Sprache mit deutschen Untertiteln) Der Film begleitet junge Landwirt:innen in Grossbritannien, die sich f\u00fcr eine neue, zukunftsf\u00e4hige Landwirtschaft einsetzen \u2013 [&hellip;]<\/p>\n","protected":false},"featured_media":26400,"template":"","meta":{"_exactmetrics_skip_tracking":false,"_exactmetrics_sitenote_active":false,"_exactmetrics_sitenote_note":"","_exactmetrics_sitenote_category":0},"product_brand":[],"product_cat":[115,78],"product_tag":[33,31,81,106,37,82,32,86,36,85],"class_list":{"0":"post-26394","1":"product","2":"type-product","3":"status-publish","4":"has-post-thumbnail","6":"product_cat-erlebnisse","7":"product_cat-geschenk-und-degustationssets","8":"product_tag-bio","9":"product_tag-biodynamisch","10":"product_tag-biologisch","11":"product_tag-biologisch-dynamisch-2","12":"product_tag-de-canali","13":"product_tag-decanali","14":"product_tag-demeter","15":"product_tag-natuerlich","16":"product_tag-salgesch","17":"product_tag-vegan","19":"first","20":"instock","21":"shipping-taxable","22":"purchasable","23":"product-type-variable"},"yoast_head":"<!-- This site is optimized with the Yoast SEO plugin v27.4 - https:\/\/yoast.com\/product\/yoast-seo-wordpress\/ -->\n<title>Kino im Keller \u2013 \u201eSix Inches of Soil\u201c (E \/ d) - 30. Mai 2026 - Cave de Canali<\/title>\n<meta name=\"description\" content=\"Kino-Abend in der Demeter-Kellerei Salgesch: \u201eSix Inches of Soil\u201c \u00fcber regenerative Landwirtschaft, begleitet von Wein, Popcorn und Austausch.\" \/>\n<meta name=\"robots\" content=\"index, follow, max-snippet:-1, max-image-preview:large, max-video-preview:-1\" \/>\n<link rel=\"canonical\" href=\"https:\/\/decanali.ch\/produkt\/keller-kino-six-inches-of-soil-30-mai-2026\/\" \/>\n<meta property=\"og:locale\" content=\"fr_FR\" \/>\n<meta property=\"og:type\" content=\"article\" \/>\n<meta property=\"og:title\" content=\"Kino im Keller \u2013 \u201eSix Inches of Soil\u201c (E \/ d) - 30. Mai 2026 - Cave de Canali\" \/>\n<meta property=\"og:description\" content=\"Kino-Abend in der Demeter-Kellerei Salgesch: \u201eSix Inches of Soil\u201c \u00fcber regenerative Landwirtschaft, begleitet von Wein, Popcorn und Austausch.\" \/>\n<meta property=\"og:url\" content=\"https:\/\/decanali.ch\/produkt\/keller-kino-six-inches-of-soil-30-mai-2026\/\" \/>\n<meta property=\"og:site_name\" content=\"Cave de Canali\" \/>\n<meta property=\"article:publisher\" content=\"https:\/\/www.facebook.com\/biodynamischeWeineDemeter\/?locale=de_DE\" \/>\n<meta property=\"article:modified_time\" content=\"2026-03-26T10:55:24+00:00\" \/>\n<meta property=\"og:image\" content=\"https:\/\/decanali.ch\/wp-content\/uploads\/2026\/03\/MV5BYzBiNjRkOTAtNTAxNS00YTcwLWEzMWItYzE5YTIxNGZlMzFmXkEyXkFqcGc@._V1_-1-774x1030.jpg\" \/>\n\t<meta property=\"og:image:width\" content=\"774\" \/>\n\t<meta property=\"og:image:height\" content=\"1030\" \/>\n\t<meta property=\"og:image:type\" content=\"image\/jpeg\" \/>\n<meta name=\"twitter:card\" content=\"summary_large_image\" \/>\n<script type=\"application\/ld+json\" class=\"yoast-schema-graph\">{\"@context\":\"https:\\\/\\\/schema.org\",\"@graph\":[{\"@type\":\"WebPage\",\"@id\":\"https:\\\/\\\/decanali.ch\\\/produkt\\\/keller-kino-six-inches-of-soil-30-mai-2026\\\/\",\"url\":\"https:\\\/\\\/decanali.ch\\\/produkt\\\/keller-kino-six-inches-of-soil-30-mai-2026\\\/\",\"name\":\"Kino im Keller \u2013 \u201eSix Inches of Soil\u201c (E \\\/ d) - 30. Mai 2026 - Cave de Canali\",\"isPartOf\":{\"@id\":\"https:\\\/\\\/decanali.ch\\\/#website\"},\"primaryImageOfPage\":{\"@id\":\"https:\\\/\\\/decanali.ch\\\/produkt\\\/keller-kino-six-inches-of-soil-30-mai-2026\\\/#primaryimage\"},\"image\":{\"@id\":\"https:\\\/\\\/decanali.ch\\\/produkt\\\/keller-kino-six-inches-of-soil-30-mai-2026\\\/#primaryimage\"},\"thumbnailUrl\":\"https:\\\/\\\/decanali.ch\\\/wp-content\\\/uploads\\\/2026\\\/03\\\/MV5BYzBiNjRkOTAtNTAxNS00YTcwLWEzMWItYzE5YTIxNGZlMzFmXkEyXkFqcGc@._V1_-1-scaled.jpg\",\"datePublished\":\"2026-03-26T10:41:18+00:00\",\"dateModified\":\"2026-03-26T10:55:24+00:00\",\"description\":\"Kino-Abend in der Demeter-Kellerei Salgesch: \u201eSix Inches of Soil\u201c \u00fcber regenerative Landwirtschaft, begleitet von Wein, Popcorn und Austausch.\",\"breadcrumb\":{\"@id\":\"https:\\\/\\\/decanali.ch\\\/produkt\\\/keller-kino-six-inches-of-soil-30-mai-2026\\\/#breadcrumb\"},\"inLanguage\":\"fr-FR\",\"potentialAction\":[{\"@type\":\"ReadAction\",\"target\":[\"https:\\\/\\\/decanali.ch\\\/produkt\\\/keller-kino-six-inches-of-soil-30-mai-2026\\\/\"]}]},{\"@type\":\"ImageObject\",\"inLanguage\":\"fr-FR\",\"@id\":\"https:\\\/\\\/decanali.ch\\\/produkt\\\/keller-kino-six-inches-of-soil-30-mai-2026\\\/#primaryimage\",\"url\":\"https:\\\/\\\/decanali.ch\\\/wp-content\\\/uploads\\\/2026\\\/03\\\/MV5BYzBiNjRkOTAtNTAxNS00YTcwLWEzMWItYzE5YTIxNGZlMzFmXkEyXkFqcGc@._V1_-1-scaled.jpg\",\"contentUrl\":\"https:\\\/\\\/decanali.ch\\\/wp-content\\\/uploads\\\/2026\\\/03\\\/MV5BYzBiNjRkOTAtNTAxNS00YTcwLWEzMWItYzE5YTIxNGZlMzFmXkEyXkFqcGc@._V1_-1-scaled.jpg\",\"width\":1924,\"height\":2560},{\"@type\":\"BreadcrumbList\",\"@id\":\"https:\\\/\\\/decanali.ch\\\/produkt\\\/keller-kino-six-inches-of-soil-30-mai-2026\\\/#breadcrumb\",\"itemListElement\":[{\"@type\":\"ListItem\",\"position\":1,\"name\":\"Startseite\",\"item\":\"https:\\\/\\\/decanali.ch\\\/fr\\\/\"},{\"@type\":\"ListItem\",\"position\":2,\"name\":\"Boutique de vin\",\"item\":\"https:\\\/\\\/decanali.ch\\\/fr\\\/?page_id=24602\"},{\"@type\":\"ListItem\",\"position\":3,\"name\":\"Kino im Keller \u2013 \u201eSix Inches of Soil\u201c (E \\\/ d) &#8211; 30. Mai 2026\"}]},{\"@type\":\"WebSite\",\"@id\":\"https:\\\/\\\/decanali.ch\\\/#website\",\"url\":\"https:\\\/\\\/decanali.ch\\\/\",\"name\":\"De Canali\",\"description\":\"Weingut \\\/ Weinberg \\\/ Weinshop in Salgesch\",\"publisher\":{\"@id\":\"https:\\\/\\\/decanali.ch\\\/#organization\"},\"potentialAction\":[{\"@type\":\"SearchAction\",\"target\":{\"@type\":\"EntryPoint\",\"urlTemplate\":\"https:\\\/\\\/decanali.ch\\\/?s={search_term_string}\"},\"query-input\":{\"@type\":\"PropertyValueSpecification\",\"valueRequired\":true,\"valueName\":\"search_term_string\"}}],\"inLanguage\":\"fr-FR\"},{\"@type\":\"Organization\",\"@id\":\"https:\\\/\\\/decanali.ch\\\/#organization\",\"name\":\"De Canali GmbH\",\"url\":\"https:\\\/\\\/decanali.ch\\\/\",\"logo\":{\"@type\":\"ImageObject\",\"inLanguage\":\"fr-FR\",\"@id\":\"https:\\\/\\\/decanali.ch\\\/#\\\/schema\\\/logo\\\/image\\\/\",\"url\":\"https:\\\/\\\/decanali.ch\\\/wp-content\\\/uploads\\\/2021\\\/03\\\/decanali-1-e1714062460794.png\",\"contentUrl\":\"https:\\\/\\\/decanali.ch\\\/wp-content\\\/uploads\\\/2021\\\/03\\\/decanali-1-e1714062460794.png\",\"width\":340,\"height\":156,\"caption\":\"De Canali GmbH\"},\"image\":{\"@id\":\"https:\\\/\\\/decanali.ch\\\/#\\\/schema\\\/logo\\\/image\\\/\"},\"sameAs\":[\"https:\\\/\\\/www.facebook.com\\\/biodynamischeWeineDemeter\\\/?locale=de_DE\",\"https:\\\/\\\/www.instagram.com\\\/accounts\\\/login\\\/?next=httpswww.instagram.comde_canali_weingut&is_from_rle\"]}]}<\/script>\n<!-- \/ Yoast SEO plugin. -->","yoast_head_json":{"title":"Kino im Keller \u2013 \u201eSix Inches of Soil\u201c (E \/ d) - 30. Mai 2026 - Cave de Canali","description":"Kino-Abend in der Demeter-Kellerei Salgesch: \u201eSix Inches of Soil\u201c \u00fcber regenerative Landwirtschaft, begleitet von Wein, Popcorn und Austausch.","robots":{"index":"index","follow":"follow","max-snippet":"max-snippet:-1","max-image-preview":"max-image-preview:large","max-video-preview":"max-video-preview:-1"},"canonical":"https:\/\/decanali.ch\/produkt\/keller-kino-six-inches-of-soil-30-mai-2026\/","og_locale":"fr_FR","og_type":"article","og_title":"Kino im Keller \u2013 \u201eSix Inches of Soil\u201c (E \/ d) - 30. Mai 2026 - Cave de Canali","og_description":"Kino-Abend in der Demeter-Kellerei Salgesch: \u201eSix Inches of Soil\u201c \u00fcber regenerative Landwirtschaft, begleitet von Wein, Popcorn und Austausch.","og_url":"https:\/\/decanali.ch\/produkt\/keller-kino-six-inches-of-soil-30-mai-2026\/","og_site_name":"Cave de Canali","article_publisher":"https:\/\/www.facebook.com\/biodynamischeWeineDemeter\/?locale=de_DE","article_modified_time":"2026-03-26T10:55:24+00:00","og_image":[{"width":774,"height":1030,"url":"https:\/\/decanali.ch\/wp-content\/uploads\/2026\/03\/MV5BYzBiNjRkOTAtNTAxNS00YTcwLWEzMWItYzE5YTIxNGZlMzFmXkEyXkFqcGc@._V1_-1-774x1030.jpg","type":"image\/jpeg"}],"twitter_card":"summary_large_image","schema":{"@context":"https:\/\/schema.org","@graph":[{"@type":"WebPage","@id":"https:\/\/decanali.ch\/produkt\/keller-kino-six-inches-of-soil-30-mai-2026\/","url":"https:\/\/decanali.ch\/produkt\/keller-kino-six-inches-of-soil-30-mai-2026\/","name":"Kino im Keller \u2013 \u201eSix Inches of Soil\u201c (E \/ d) - 30. Mai 2026 - Cave de Canali","isPartOf":{"@id":"https:\/\/decanali.ch\/#website"},"primaryImageOfPage":{"@id":"https:\/\/decanali.ch\/produkt\/keller-kino-six-inches-of-soil-30-mai-2026\/#primaryimage"},"image":{"@id":"https:\/\/decanali.ch\/produkt\/keller-kino-six-inches-of-soil-30-mai-2026\/#primaryimage"},"thumbnailUrl":"https:\/\/decanali.ch\/wp-content\/uploads\/2026\/03\/MV5BYzBiNjRkOTAtNTAxNS00YTcwLWEzMWItYzE5YTIxNGZlMzFmXkEyXkFqcGc@._V1_-1-scaled.jpg","datePublished":"2026-03-26T10:41:18+00:00","dateModified":"2026-03-26T10:55:24+00:00","description":"Kino-Abend in der Demeter-Kellerei Salgesch: \u201eSix Inches of Soil\u201c \u00fcber regenerative Landwirtschaft, begleitet von Wein, Popcorn und Austausch.","breadcrumb":{"@id":"https:\/\/decanali.ch\/produkt\/keller-kino-six-inches-of-soil-30-mai-2026\/#breadcrumb"},"inLanguage":"fr-FR","potentialAction":[{"@type":"ReadAction","target":["https:\/\/decanali.ch\/produkt\/keller-kino-six-inches-of-soil-30-mai-2026\/"]}]},{"@type":"ImageObject","inLanguage":"fr-FR","@id":"https:\/\/decanali.ch\/produkt\/keller-kino-six-inches-of-soil-30-mai-2026\/#primaryimage","url":"https:\/\/decanali.ch\/wp-content\/uploads\/2026\/03\/MV5BYzBiNjRkOTAtNTAxNS00YTcwLWEzMWItYzE5YTIxNGZlMzFmXkEyXkFqcGc@._V1_-1-scaled.jpg","contentUrl":"https:\/\/decanali.ch\/wp-content\/uploads\/2026\/03\/MV5BYzBiNjRkOTAtNTAxNS00YTcwLWEzMWItYzE5YTIxNGZlMzFmXkEyXkFqcGc@._V1_-1-scaled.jpg","width":1924,"height":2560},{"@type":"BreadcrumbList","@id":"https:\/\/decanali.ch\/produkt\/keller-kino-six-inches-of-soil-30-mai-2026\/#breadcrumb","itemListElement":[{"@type":"ListItem","position":1,"name":"Startseite","item":"https:\/\/decanali.ch\/fr\/"},{"@type":"ListItem","position":2,"name":"Boutique de vin","item":"https:\/\/decanali.ch\/fr\/?page_id=24602"},{"@type":"ListItem","position":3,"name":"Kino im Keller \u2013 \u201eSix Inches of Soil\u201c (E \/ d) &#8211; 30. Mai 2026"}]},{"@type":"WebSite","@id":"https:\/\/decanali.ch\/#website","url":"https:\/\/decanali.ch\/","name":"De Canali","description":"Weingut \/ Weinberg \/ Weinshop in Salgesch","publisher":{"@id":"https:\/\/decanali.ch\/#organization"},"potentialAction":[{"@type":"SearchAction","target":{"@type":"EntryPoint","urlTemplate":"https:\/\/decanali.ch\/?s={search_term_string}"},"query-input":{"@type":"PropertyValueSpecification","valueRequired":true,"valueName":"search_term_string"}}],"inLanguage":"fr-FR"},{"@type":"Organization","@id":"https:\/\/decanali.ch\/#organization","name":"De Canali GmbH","url":"https:\/\/decanali.ch\/","logo":{"@type":"ImageObject","inLanguage":"fr-FR","@id":"https:\/\/decanali.ch\/#\/schema\/logo\/image\/","url":"https:\/\/decanali.ch\/wp-content\/uploads\/2021\/03\/decanali-1-e1714062460794.png","contentUrl":"https:\/\/decanali.ch\/wp-content\/uploads\/2021\/03\/decanali-1-e1714062460794.png","width":340,"height":156,"caption":"De Canali GmbH"},"image":{"@id":"https:\/\/decanali.ch\/#\/schema\/logo\/image\/"},"sameAs":["https:\/\/www.facebook.com\/biodynamischeWeineDemeter\/?locale=de_DE","https:\/\/www.instagram.com\/accounts\/login\/?next=httpswww.instagram.comde_canali_weingut&is_from_rle"]}]}},"_links":{"self":[{"href":"https:\/\/decanali.ch\/fr\/wp-json\/wp\/v2\/product\/26394","targetHints":{"allow":["GET"]}}],"collection":[{"href":"https:\/\/decanali.ch\/fr\/wp-json\/wp\/v2\/product"}],"about":[{"href":"https:\/\/decanali.ch\/fr\/wp-json\/wp\/v2\/types\/product"}],"wp:featuredmedia":[{"embeddable":true,"href":"https:\/\/decanali.ch\/fr\/wp-json\/wp\/v2\/media\/26400"}],"wp:attachment":[{"href":"https:\/\/decanali.ch\/fr\/wp-json\/wp\/v2\/media?parent=26394"}],"wp:term":[{"taxonomy":"product_brand","embeddable":true,"href":"https:\/\/decanali.ch\/fr\/wp-json\/wp\/v2\/product_brand?post=26394"},{"taxonomy":"product_cat","embeddable":true,"href":"https:\/\/decanali.ch\/fr\/wp-json\/wp\/v2\/product_cat?post=26394"},{"taxonomy":"product_tag","embeddable":true,"href":"https:\/\/decanali.ch\/fr\/wp-json\/wp\/v2\/product_tag?post=26394"}],"curies":[{"name":"wp","href":"https:\/\/api.w.org\/{rel}","templated":true}]}}